{"id":400,"date":"2018-11-04T00:00:00","date_gmt":"2018-11-04T04:00:00","guid":{"rendered":"http:\/\/egyptianwisdomcenter.org\/an-overview-of-the-egyptian-musical-heritage\/"},"modified":"2023-01-03T00:37:38","modified_gmt":"2023-01-03T05:37:38","slug":"an-overview-of-the-egyptian-musical-heritage-2","status":"publish","type":"page","link":"https:\/\/egyptianwisdomcenter.org\/fr\/un-apercu-du-patrimoine-musical-egyptien-2\/","title":{"rendered":"Un aper\u00e7u du patrimoine musical \u00e9gyptien"},"content":{"rendered":"<h2 style=\"text-align: center;\"><span style=\"color: #ff0000;\">Un aper\u00e7u du patrimoine musical \u00e9gyptien<\/span><\/h2>\n<p>&nbsp;<\/p>\n<p>L\u2019histoire arch\u00e9ologique et traditionnelle \u00e9gyptienne de la musique est beaucoup plus abondante que dans tout autre pays. Les reliefs muraux des temples et des tombeaux de l&#039;\u00c9gypte ancienne repr\u00e9sentent de nombreux types et formes d&#039;instruments de musique, les techniques dans lesquelles ces instruments devaient \u00eatre jou\u00e9s et accord\u00e9s, le jeu d&#039;ensemble et bien plus encore.<\/p>\n<p>Ces sc\u00e8nes musicales montrent visiblement les mains du harpiste frappant certaines cordes,<\/p>\n<p><a href=\"http:\/\/egyptianwisdomcenter.org\/wp-content\/uploads\/2019\/02\/emus-ch1-photo1-96c.jpg\"><img decoding=\"async\" class=\"size-full wp-image-1381 aligncenter\" src=\"http:\/\/egyptianwisdomcenter.org\/wp-content\/uploads\/2019\/02\/emus-ch1-photo1-96c.jpg\" alt=\"\" width=\"192\" height=\"216\" \/><\/a><\/p>\n<p>et les joueurs d&#039;instruments \u00e0 vent jouant certains accords ensemble.<\/p>\n<p><a href=\"http:\/\/egyptianwisdomcenter.org\/wp-content\/uploads\/2019\/02\/emus-ch1-photo2-96c.jpg\"><img decoding=\"async\" class=\"size-full wp-image-1390 aligncenter\" src=\"http:\/\/egyptianwisdomcenter.org\/wp-content\/uploads\/2019\/02\/emus-ch1-photo2-96c.jpg\" alt=\"\" width=\"192\" height=\"152\" \/><\/a><\/p>\n<p>Les distances des frettes du luth montrent clairement que les intervalles et \u00e9chelles correspondants peuvent \u00eatre mesur\u00e9s et calcul\u00e9s. [Une analyse d\u00e9taill\u00e9e est pr\u00e9sent\u00e9e dans un chapitre ult\u00e9rieur de ce livre.]<\/p>\n<p><a href=\"http:\/\/egyptianwisdomcenter.org\/wp-content\/uploads\/2019\/02\/emus-ch1-photo3-96c.jpg\"><img decoding=\"async\" class=\"size-full wp-image-1391 aligncenter\" src=\"http:\/\/egyptianwisdomcenter.org\/wp-content\/uploads\/2019\/02\/emus-ch1-photo3-96c.jpg\" alt=\"\" width=\"240\" height=\"157\" \/><\/a><\/p>\n<p>Les positions des mains des harpistes sur les cordes indiquent clairement des rapports tels que la Quinte, la Quinte et l&#039;Octave, r\u00e9v\u00e9lant une connaissance incontestable des lois qui r\u00e9gissent l&#039;harmonie musicale.<\/p>\n<p>Le jeu des instruments de musique est \u00e9galement repr\u00e9sent\u00e9 comme \u00e9tant contr\u00f4l\u00e9 par les mouvements des mains du chef d&#039;orchestre, qui nous aident \u00e9galement \u00e0 identifier certaines tonalit\u00e9s, intervalles et fonctions du son, comme le montre la gauche dans la repr\u00e9sentation ci-dessous.<\/p>\n<p><a href=\"http:\/\/egyptianwisdomcenter.org\/wp-content\/uploads\/2019\/02\/emus-ch1-photo4-96c.jpg\"><img loading=\"lazy\" decoding=\"async\" class=\"size-full wp-image-1392 aligncenter\" src=\"http:\/\/egyptianwisdomcenter.org\/wp-content\/uploads\/2019\/02\/emus-ch1-photo4-96c.jpg\" alt=\"\" width=\"240\" height=\"167\" \/><\/a><\/p>\n<p>Les intervalles de Quatri\u00e8me, Cinqui\u00e8me et Octave \u00e9taient les plus courants dans les repr\u00e9sentations \u00e9gyptiennes anciennes. Curt Sachs [dans son livre, <em>Histoire des instruments de musique<\/em>] a d\u00e9couvert que sur 17 harpistes repr\u00e9sent\u00e9s sur des \u0153uvres d&#039;art \u00e9gyptiennes (avec suffisamment de r\u00e9alisme et de distinction pour \u00eatre des enregistrements fiables), sept frappent un accord de quatri\u00e8me, cinq un accord de cinqui\u00e8me et cinq un accord d&#039;octave.<\/p>\n<p>L&#039;octave \u00e0 huit termes s&#039;appelait Harmonia ou gamme d&#039;octacorde harmonique et \u00e9tait d\u00e9crite dans les premiers \u00e9crits grecs comme l&#039;octacorde dorien, structur\u00e9e sur la base de l&#039;octave, de la quatri\u00e8me et de la cinqui\u00e8me, les trois intervalles de consonnes. Ces trois intervalles de consonnes se rapportent aux trois saisons du calendrier \u00e9gyptien antique, comme nous le verrons plus loin dans le livre.<\/p>\n<p>Les harpes les plus fr\u00e9quemment repr\u00e9sent\u00e9es avaient sept cordes et, selon l&#039;\u00e9tude de Curt Sachs sur les instruments \u00e9gyptiens, les \u00c9gyptiens accordaient leurs harpes selon la m\u00eame s\u00e9rie diatonique d&#039;intervalles.<\/p>\n<p>&gt;&gt; L&#039;une des deux harpes trouv\u00e9es repr\u00e9sent\u00e9es dans la tombe de Rams\u00e8s III poss\u00e8de 13 cordes, alors que si la corde la plus longue repr\u00e9sentait pros-lambanomenos, ou D, les 12 cordes restantes seraient plus que <span style=\"text-decoration: underline;\"><strong>fournir tous les tons, demi-tons et quarts de tons des genres diatoniques, chromatiques et enharmoniques dans l&#039;\u00e9tendue d&#039;une octave.<\/strong><\/span><\/p>\n<p><a href=\"http:\/\/egyptianwisdomcenter.org\/wp-content\/uploads\/2019\/02\/harp.png\" rel=\"attachment wp-att-308\"><img loading=\"lazy\" decoding=\"async\" class=\"size-full wp-image-308 aligncenter\" src=\"http:\/\/egyptianwisdomcenter.org\/wp-content\/uploads\/2019\/02\/harp.png\" alt=\"harpe\" width=\"188\" height=\"185\" \/><\/a><\/p>\n<p>En plus des nombreuses repr\u00e9sentations de sc\u00e8nes musicales repr\u00e9sent\u00e9es dans les temples et les tombeaux de toutes les p\u00e9riodes de l&#039;histoire dynastique de l&#039;\u00c9gypte, nous avons \u00e9galement acc\u00e8s \u00e0 des centaines d&#039;instruments de musique \u00e9gyptiens anciens qui ont \u00e9t\u00e9 r\u00e9cup\u00e9r\u00e9s dans leurs tombes. Ces instruments \u00e9gyptiens sont d\u00e9sormais r\u00e9partis dans les mus\u00e9es et collections priv\u00e9es du monde entier.<\/p>\n<p>Les sc\u00e8nes musicales repr\u00e9sent\u00e9es dans les tombes \u00e9gyptiennes antiques, ainsi que les instruments trouv\u00e9s dans l&#039;Ancien et le Moyen Empire, indiquent les rapports entre les cordes ouvertes de la harpe et les frettes dens\u00e9ment ordonn\u00e9es sur les longs manches des instruments \u00e0 cordes, ainsi que les mesures entre les des trous pour les doigts dans les instruments \u00e0 vent qui r\u00e9v\u00e8lent\/confirment que\u00a0:<\/p>\n<p style=\"padding-left: 30px;\">un. plusieurs types de gammes musicales \u00e9taient connues\/utilis\u00e9es.<\/p>\n<p style=\"padding-left: 30px;\">b. les \u00e9cailles \u00e0 gradins \u00e9troits \u00e9taient courantes d\u00e8s la plus ancienne histoire \u00e9gyptienne connue (il y a plus de 5 000 ans).<\/p>\n<p style=\"padding-left: 30px;\">c. les techniques de jeu et d&#039;accordage des instruments \u00e0 cordes fournissaient le jeu d&#039;instruments en solo et en accords.<\/p>\n<p style=\"padding-left: 30px;\">d. les techniques de jeu des instruments \u00e0 vent fournissaient de petits incr\u00e9ments et l&#039;effet d&#039;orgue.<\/p>\n<p style=\"padding-left: 30px;\">e. la m\u00e9thode cyclique (de haut en bas) et la m\u00e9thode de r\u00e9glage par division \u00e9taient utilis\u00e9es.<\/p>\n<p>Les anciens \u00c9gyptiens \u00e9taient\/sont c\u00e9l\u00e8bres dans le monde entier pour leur ma\u00eetrise des techniques de jeu de leurs instruments de musique. L\u2019habilet\u00e9 des \u00c9gyptiens, dans l\u2019usage de ces instruments, fut affirm\u00e9e par Ath\u00e9n\u00e9e, qui affirma (dans ses textes [iv, 25]) que \u00ab<strong><em>les Grecs et les \u00ab barbares \u00bb ont appris la musique aupr\u00e8s des \u00c9gyptiens.<\/em><\/strong>.&#8221;<\/p>\n<p>Apr\u00e8s la disparition de l\u2019\u00e8re pharaonique de l\u2019\u00c9gypte ancienne, l\u2019\u00c9gypte est rest\u00e9e le centre d\u2019apprentissage de la musique pour les pays arabis\u00e9s\/islamis\u00e9s.<\/p>\n<p><a href=\"http:\/\/egyptianwisdomcenter.org\/wp-content\/uploads\/2019\/02\/emus-ch1-photo6-96c.jpg\"><img loading=\"lazy\" decoding=\"async\" class=\"size-full wp-image-1393 aligncenter\" src=\"http:\/\/egyptianwisdomcenter.org\/wp-content\/uploads\/2019\/02\/emus-ch1-photo6-96c.jpg\" alt=\"\" width=\"240\" height=\"167\" \/><\/a><\/p>\n<p>Toutes ces d\u00e9couvertes, ainsi que les premiers \u00e9crits des historiens sur le patrimoine musical \u00e9gyptien, ainsi que les traditions des habitants modernes du Nil, corroborent le cas le plus authentique de l\u2019histoire musicale de l\u2019\u00c9gypte ancienne.<\/p>\n<p>Malheureusement, une grande partie de ces preuves CLAIREMENT \u00c9GYPTIENNES ont \u00e9t\u00e9 d\u00e9form\u00e9es \u00e0 maintes reprises tout au long de l\u2019histoire par les universitaires occidentaux. Au sujet de l\u2019\u00c9gypte ancienne, pratiquement tous les acad\u00e9miciens occidentaux \u00e9prouvent du m\u00e9pris et de l\u2019envie envers cette grande civilisation. L&#039;acad\u00e9micien occidental typique : 1) d\u00e9crit les \u00c9gyptiens comme \u00e9tant tr\u00e8s conservateurs, qui n&#039;ont pas chang\u00e9 ni \u00e9volu\u00e9 et qui n&#039;avaient pas d&#039;imagination, etc. ; et 2) d\u00e9crire les r\u00e9alisations de l&#039;\u00c9gypte ancienne comme ayant \u00e9t\u00e9 emprunt\u00e9es\/vol\u00e9es\/copi\u00e9es \u00e0 des non-\u00c9gyptiens. Il est irrationnel que quiconque utilise simultan\u00e9ment ces arguments contradictoires.<\/p>\n<p>Le fait est que les \u00c9gyptiens (anciens et baladis) sont remarquablement traditionalistes \u00e0 l&#039;exc\u00e8s, comme l&#039;attestent TOUS les premiers historiens, comme H\u00e9rodote, qui, dans <em>Les histoires<\/em>, Livre Deux, 79, d\u00e9clare :<\/p>\n<p style=\"padding-left: 30px;\"><strong><em>\u00ab Les \u00c9gyptiens s\u2019en tiennent \u00e0 leurs coutumes indig\u00e8nes et n\u2019en adoptent jamais de l\u2019\u00e9tranger.<\/em><\/strong>.&#8221;<\/p>\n<p>H\u00e9rodote, dans <em>Les histoires<\/em>, Livre Deux, 91, d\u00e9clare \u00e9galement :<\/p>\n<p style=\"padding-left: 30px;\">&#8220;<strong><em>Les \u00c9gyptiens ne veulent pas adopter les coutumes grecques, ni, pour parler g\u00e9n\u00e9ralement, celles de tout autre pays.<\/em><\/strong>.&#8221;<\/p>\n<p>&nbsp;<\/p>\n<p><strong>[Un extrait de<\/strong> <span style=\"color: #ff0000;\"><strong>Le syst\u00e8me musical \u00e9gyptien antique durable, th\u00e9orie et pratique\u00a0: deuxi\u00e8me \u00e9dition par Moustafa Gadalla<\/strong><\/span>]<br \/>\n<a href=\"https:\/\/egyptianwisdomcenter.org\/fr\/produit\/instruments-de-musique-egyptiens-2\/\"><strong><span style=\"color: #0000ff;\">https:\/\/egyptianwisdomcenter.org\/product\/instruments-de-musique-egyptiens\/<\/span><\/strong><\/a><\/p>\n<p><img decoding=\"async\" class=\"aligncenter\" src=\"https:\/\/egyptianwisdomcenter.org\/wp-content\/uploads\/2023\/01\/instruments-de-musique-egyptiens-2.jpg\" \/><\/p>\n<p style=\"text-align: center;\"><a href=\"https:\/\/egyptianwisdomcenter.org\/fr\/produit\/instruments-de-musique-egyptiens-2\/\"><strong><span style=\"color: #0000ff;\">https:\/\/egyptianwisdomcenter.org\/product\/instruments-de-musique-egyptiens\/<\/span><\/strong><\/a><\/p>\n<div dir=\"auto\"><\/div>","protected":false},"excerpt":{"rendered":"<p>An Overview Of The Egyptian Musical Heritage &nbsp; The archaeological and traditional Egyptian history of music is much more abundant than in [&hellip;]<\/p>","protected":false},"author":3,"featured_media":0,"parent":0,"menu_order":0,"comment_status":"closed","ping_status":"closed","template":"","meta":{"footnotes":""},"class_list":["post-400","page","type-page","status-publish","hentry"],"aioseo_notices":[],"_links":{"self":[{"href":"https:\/\/egyptianwisdomcenter.org\/fr\/wp-json\/wp\/v2\/pages\/400","targetHints":{"allow":["GET"]}}],"collection":[{"href":"https:\/\/egyptianwisdomcenter.org\/fr\/wp-json\/wp\/v2\/pages"}],"about":[{"href":"https:\/\/egyptianwisdomcenter.org\/fr\/wp-json\/wp\/v2\/types\/page"}],"author":[{"embeddable":true,"href":"https:\/\/egyptianwisdomcenter.org\/fr\/wp-json\/wp\/v2\/users\/3"}],"replies":[{"embeddable":true,"href":"https:\/\/egyptianwisdomcenter.org\/fr\/wp-json\/wp\/v2\/comments?post=400"}],"version-history":[{"count":0,"href":"https:\/\/egyptianwisdomcenter.org\/fr\/wp-json\/wp\/v2\/pages\/400\/revisions"}],"wp:attachment":[{"href":"https:\/\/egyptianwisdomcenter.org\/fr\/wp-json\/wp\/v2\/media?parent=400"}],"curies":[{"name":"wp","href":"https:\/\/api.w.org\/{rel}","templated":true}]}}