{"id":421,"date":"2018-11-04T00:00:00","date_gmt":"2018-11-04T04:00:00","guid":{"rendered":"http:\/\/egyptianwisdomcenter.org\/the-cycle-of-fifths-and-the-egyptian-musical-measuring-unit\/"},"modified":"2023-01-03T00:40:33","modified_gmt":"2023-01-03T05:40:33","slug":"the-cycle-of-fifths-and-the-egyptian-musical-measuring-unit-2","status":"publish","type":"page","link":"https:\/\/egyptianwisdomcenter.org\/fr\/le-cycle-des-quintes-et-lunite-de-mesure-musicale-egyptienne-2\/","title":{"rendered":"Le cycle des quintes et l&#039;unit\u00e9 de mesure musicale \u00e9gyptienne"},"content":{"rendered":"<h2 style=\"text-align: center;\"><span style=\"color: #0000ff;\">Le cycle des quintes et l&#039;unit\u00e9 de mesure musicale \u00e9gyptienne<\/span><\/h2>\n<p>&nbsp;<\/p>\n<h3><span style=\"color: #ff0000;\"><strong>1. Panta (Tous) est un d\u00e9riv\u00e9 de Pente (Cinq)<\/strong><\/span><\/h3>\n<p>Les anciens \u00c9gyptiens exprimaient leur connaissance de tous les sujets sous forme d\u2019histoires, comme l\u2019ont not\u00e9 tous les premiers historiens grecs et romains. L\u2019histoire d\u2019Isis et d\u2019Osiris \u00e9tait le mod\u00e8le \u00e9gyptien utilis\u00e9 pour expliquer toutes les facettes de la connaissance.<\/p>\n<p>Le r\u00f4le d&#039;Isis et d&#039;Osiris, en ce qui concerne les trois saisons rythmiques \u00e9gyptiennes, est mieux d\u00e9crit dans <em>Diodore de Sicile <\/em>[Livre I, 11. 5-6]<i>:<\/i><\/p>\n<p style=\"padding-left: 30px;\"><strong><em>Ces deux neteru (dieux), qu&#039;ils d\u00e9tiennent, r\u00e9gulent l&#039;univers entier, donnant \u00e0 la fois nourriture et croissance \u00e0 toutes choses au moyen d&#039;un syst\u00e8me de trois saisons qui compl\u00e8tent le cycle complet par un mouvement inobservable. . . et ces saisons, bien que dans la nature les plus oppos\u00e9es les unes aux autres, compl\u00e8tent le cycle de l&#039;ann\u00e9e dans la plus compl\u00e8te harmonie.<\/em><\/strong><\/p>\n<p>Pour les \u00c9gyptiens, Isis et Osiris r\u00e9gulaient la musique des sph\u00e8res. Les harmonies universelles se jouent entre ces deux symboles universels primitifs masculins et f\u00e9minins d&#039;Isis et d&#039;Osiris, dont le mariage c\u00e9leste a produit le fils Horus.<\/p>\n<p>Plutarque a \u00e9crit sur la signification num\u00e9rique de la triade \u00e9gyptienne Isis<strong>, <\/strong>Osiris et Horus dans <em>Moralia Vol. V<\/em>\u00a0que les anciens \u00c9gyptiens assimilaient le nombre deux \u00e0 Isis, trois \u00e0 Osiris et cinq \u00e0 Horus.<\/p>\n<p style=\"padding-left: 30px;\"><strong><em>Trois (Osiris) est le premier nombre impair parfait : quatre est un carr\u00e9 dont le c\u00f4t\u00e9 est le nombre pair deux (Isis) ; mais cinq (Horus) est \u00e0 certains \u00e9gards semblable \u00e0 son p\u00e8re, et \u00e0 certains \u00e9gards \u00e0 sa m\u00e8re, \u00e9tant compos\u00e9 de trois et deux. Et panta (tout) est un d\u00e9riv\u00e9 de pente (cinq), et ils parlent de compter comme de \u00ab compter par cinq \u00bb.<\/em><\/strong><\/p>\n<p>La signification et la fonction du chiffre cinq, dans l\u2019\u00c9gypte ancienne, sont indiqu\u00e9es par la mani\u00e8re dont il \u00e9tait \u00e9crit. Le nombre cinq dans l\u2019\u00c9gypte ancienne s\u2019\u00e9crivait sous la forme de deux II au-dessus de trois III (ou parfois sous la forme d\u2019une \u00e9toile \u00e0 cinq branches). En d\u2019autres termes, le num\u00e9ro cinq (le fils \u2013 Horus) est le r\u00e9sultat de la relation entre le num\u00e9ro deux (la m\u00e8re \u2013 Isis) et le num\u00e9ro trois (le p\u00e8re \u2013 Osiris).<\/p>\n<p>Musicalement, le rapport\/rapport de 2:3 sur la corde vibrante et sur le clavier d\u00e9termine la vibration de la Cinqui\u00e8me Parfaite, s&#039;\u00e9tendant sur cinq intervalles (comme indiqu\u00e9 ici).<\/p>\n<p><a href=\"http:\/\/egyptianwisdomcenter.org\/wp-content\/uploads\/2019\/02\/fifth-octave.png\"><img decoding=\"async\" class=\"size-full wp-image-339 aligncenter\" src=\"http:\/\/egyptianwisdomcenter.org\/wp-content\/uploads\/2019\/02\/fifth-octave.png\" alt=\"\" width=\"213\" height=\"158\" \/><\/a><\/p>\n<p><a href=\"http:\/\/egyptianwisdomcenter.org\/wp-content\/uploads\/2019\/02\/musical-scale.png\"><img fetchpriority=\"high\" decoding=\"async\" class=\"size-full wp-image-320 aligncenter\" src=\"http:\/\/egyptianwisdomcenter.org\/wp-content\/uploads\/2019\/02\/musical-scale.png\" alt=\"\" width=\"336\" height=\"192\" \/><\/a><\/p>\n<p>Sur un monoaccord, le son de la quinte naturelle est produit lorsque la corde est maintenue enfonc\u00e9e en un point qui divise la corde dans un rapport de 2:3 (comme illustr\u00e9 ci-dessus).<\/p>\n<p>L&#039;intervalle de la Quinte offre l&#039;harmonie la plus forte possible entre deux tons diff\u00e9rents. C&#039;est le premier intervalle harmonique auquel se rapportent tous les autres intervalles harmoniques.<\/p>\n<p>Plutarque a soulign\u00e9 l&#039;importance de la Cinqui\u00e8me pour les \u00c9gyptiens, dans son <em>Moralia Vol. V<\/em>:<\/p>\n<p style=\"padding-left: 30px;\"><strong><em>Et panta (tout) est un d\u00e9riv\u00e9 de pente (cinq), et ils [les \u00c9gyptiens] parlent de compter comme de \u00ab compter par cinq \u00bb.<\/em><\/strong><\/p>\n<p>&nbsp;<\/p>\n<h3><span style=\"color: #ff0000;\"><strong>2. Progression de la quinte harmonique<\/strong><\/span><\/h3>\n<p>Les anciens \u00c9gyptiens comptaient \u00ab par cinq \u00bb, et la progression la plus forte et la plus naturelle d\u2019une harmonie \u00e0 l\u2019autre est le r\u00e9sultat d\u2019un tel d\u00e9veloppement.<\/p>\n<p>Toutes les gammes musicales sont g\u00e9n\u00e9r\u00e9es par la progression de la Cinqui\u00e8me. La forme\/relation de cette premi\u00e8re consonance est la premi\u00e8re Cinqui\u00e8me \u00e9tablie par le mariage c\u00e9leste d&#039;Isis et Osiris. Ils devenaient \u00e0 leur tour un mod\u00e8le \u00e0 former, par une succession de relations similaires, selon une progression g\u00e9om\u00e9trique.<\/p>\n<p>Les sept tons de la gamme diatonique (<em>Faire, R\u00e9, Mi, Fa, Sol, La, Si<\/em>) sont le r\u00e9sultat de trois progressions de Quintes. Pour simplifier les choses, nous illustrerons les trois progressions de la Quinte au clavier, comme suit :<\/p>\n<p><a href=\"http:\/\/egyptianwisdomcenter.org\/wp-content\/uploads\/2019\/02\/fifth-progression.png\"><img decoding=\"async\" class=\"size-full wp-image-340 aligncenter\" src=\"http:\/\/egyptianwisdomcenter.org\/wp-content\/uploads\/2019\/02\/fifth-progression.png\" alt=\"\" width=\"451\" height=\"191\" \/><\/a><\/p>\n<p style=\"padding-left: 30px;\"><strong>1. <\/strong>Si nous commen\u00e7ons par n&#039;importe quelle note de musique, disons le milieu <em>C<\/em> (Do), en tant que g\u00e9n\u00e9rateur, puis trouvez ses deux quintes r\u00e9ciproques, comme indiqu\u00e9 ci-dessus (<em>F<\/em> et <em>g<\/em>):<\/p>\n<p style=\"padding-left: 30px;\"><strong>2. <\/strong>La deuxi\u00e8me progression (de <em>F<\/em> et <em>g<\/em>) g\u00e9n\u00e8re deux cinqui\u00e8mes r\u00e9ciproques suppl\u00e9mentaires (<em>B <\/em>et <em>D<\/em>), des deux cinqui\u00e8mes ci-dessus. Cela donne l\u2019\u00e9chelle pentatonique.<\/p>\n<p><a href=\"http:\/\/egyptianwisdomcenter.org\/wp-content\/uploads\/2019\/02\/2nd-progression.png\"><img loading=\"lazy\" decoding=\"async\" class=\"size-full wp-image-341 aligncenter\" src=\"http:\/\/egyptianwisdomcenter.org\/wp-content\/uploads\/2019\/02\/2nd-progression.png\" alt=\"\" width=\"199\" height=\"88\" \/><\/a><\/p>\n<p style=\"padding-left: 30px;\"><strong>3. <\/strong>Troisi\u00e8me progression (de <em>B<\/em> et <em>D<\/em>) : en ajoutant deux quintes r\u00e9ciproques suppl\u00e9mentaires (<em>E <\/em>et <em>UN<\/em>), l&#039;\u00e9chelle heptatonique est obtenue.<\/p>\n<p><a href=\"http:\/\/egyptianwisdomcenter.org\/wp-content\/uploads\/2019\/02\/3rd-progression.png\"><img loading=\"lazy\" decoding=\"async\" class=\"size-full wp-image-342 aligncenter\" src=\"http:\/\/egyptianwisdomcenter.org\/wp-content\/uploads\/2019\/02\/3rd-progression.png\" alt=\"\" width=\"197\" height=\"87\" \/><\/a><\/p>\n<p>L&#039;\u00e9chelle diatonique est ainsi form\u00e9e de sept termes adjacents quelconques d&#039;une s\u00e9rie g\u00e9om\u00e9trique, r\u00e9gis par la constante 3\/2 ou 2\/3 \u2013 la proportion de la Cinqui\u00e8me Parfaite. Les sept tonalit\u00e9s musicales naturelles sont donc obtenues \u00e0 partir de l&#039;op\u00e9ration g\u00e9n\u00e9rative qui s&#039;\u00e9tend trois fois, mais pas plus.<\/p>\n<p>Pour illustrer le cycle des quintes cons\u00e9cutives, qui produisent la gamme diatonique sur le clavier, imaginons que les tons le long de la ligne sup\u00e9rieure (EBFCGDA) forment un cercle avec le ton <em>C<\/em>-le ton du g\u00e9n\u00e9rateur dans notre cas-en haut. Le r\u00e9sultat sera le diagramme commun connu sous le nom de Cycle\/Cercle des Cinqui\u00e8mes, comme indiqu\u00e9 ici. De la note <em>C<\/em> (Do), on progresse trois fois dans chaque sens, pour atteindre les sept tons de la gamme diatonique.<\/p>\n<p><a href=\"http:\/\/egyptianwisdomcenter.org\/wp-content\/uploads\/2019\/02\/fifth-cycle.png\"><img loading=\"lazy\" decoding=\"async\" class=\"size-full wp-image-343 aligncenter\" src=\"http:\/\/egyptianwisdomcenter.org\/wp-content\/uploads\/2019\/02\/fifth-cycle.png\" alt=\"\" width=\"178\" height=\"164\" \/><\/a><\/p>\n<p>La progression harmonique le long du cycle des Quintes parfaites est la plus naturelle, et une succession d&#039;harmonies qui ne sont pas dans ce rapport a le caract\u00e8re d&#039;un retard ou d&#039;une suspension de cette progression naturelle. D&#039;une seule Quinte donn\u00e9e d\u00e9coule tout le syst\u00e8me musical, qui doit naturellement \u00eatre dans la m\u00eame proportion que le premier. Il n\u2019y a eu aucune modification de cette proportion ni substitution \u00e0 une autre.<\/p>\n<p>Comme indiqu\u00e9 pr\u00e9c\u00e9demment, les \u00c9gyptiens comprenaient que le chiffre 2 (repr\u00e9sent\u00e9 par Isis) et le chiffre 3 (repr\u00e9sent\u00e9 par Osiris) r\u00e9gulaient l&#039;univers entier, y compris la musique.<\/p>\n<p>Toutes les relations d&#039;intervalle peuvent \u00eatre r\u00e9duites \u00e0 3<sup>X<\/sup>:2<sup>oui<\/sup> ou 2<sup>X<\/sup>:3<sup>oui<\/sup>. Voici trois exemples pour illustrer un tel fait\u00a0:<\/p>\n<p style=\"padding-left: 30px;\">\u2022 Le ton parfait = 8:9 = 2<sup>3<\/sup>:3<sup>2<\/sup><br \/>\nC\u2019est aussi le rapport musical parfait, car c\u2019est le rapport entre les r\u00e9ciproques de 2 et 3 \u00e0 leurs puissances r\u00e9ciproques de 3 et 2.<\/p>\n<p style=\"padding-left: 30px;\">\u2022 L&#039;intervalle, <em>reflux<\/em>, tel que d\u00e9termin\u00e9 en termes de vibrations par seconde, est 65536\/59049, ce qui \u00e9quivaut \u00e0 2<sup>16<\/sup>\/3<sup>10<\/sup>.<\/p>\n<p style=\"padding-left: 30px;\">\u2022 L&#039;intervalle, disons 384 cents, tel que d\u00e9termin\u00e9 par les vibrations par seconde, est 8\u00a0192\/6\u00a0561 = 2.<sup>13<\/sup>\/3<sup>8<\/sup>.<\/p>\n<p>La progression par les quintes pour atteindre les sept tons de la gamme diatonique, comme illustr\u00e9 sur une illustration ant\u00e9rieure sous le clavier, nous montre que les quintes g\u00e9n\u00e9r\u00e9es (auto-produites) ne co\u00efncident jamais avec les octaves en progression.<\/p>\n<p>Le clavier, cependant, ne peut pas nous donner la v\u00e9ritable repr\u00e9sentation de la relation entre la progression des quintes et des octaves. Il faut donc suivre l&#039;exemple montr\u00e9 sur l&#039;illustration mono-accord pr\u00e9c\u00e9dente o\u00f9 il est montr\u00e9 que la Quinte Parfaite est produite par 2\/3 de la longueur totale de la corde et l&#039;octave \u00e0 la \u00bd de sa longueur.<\/p>\n<p>Une progression par Cinqui\u00e8mes Parfaites signifiera trouver la Cinqui\u00e8me Parfaite suivante aux 2\/3 des 2\/3 d&#039;origine de la longueur, etc. Il est facile de voir que tout progr\u00e8s en Quintes signifie multiplier par le rapport 2:3 par lui-m\u00eame, et aucune puissance de 3 ne peut jamais co\u00efncider avec une puissance de 2, ce que requiert l&#039;octave.<\/p>\n<p>Nous continuons \u00e0 nous d\u00e9velopper par cinqui\u00e8mes dans les deux sens (haut et bas de l&#039;\u00e9chelle). Les transpositions successives de la gamme produisent de nombreux di\u00e8ses et b\u00e9mols, dispos\u00e9s par quintes. Le cycle des Perfect Fifths autoproduits est trac\u00e9 le long de sa longueur\/circonf\u00e9rence : la corde est imagin\u00e9e comme \u00e9tant boucl\u00e9e sous la forme d&#039;un cercle.<\/p>\n<p>Il a \u00e9t\u00e9 constat\u00e9 qu&#039;apr\u00e8s 53 quintes naturelles, toute nouvelle quinte co\u00efncide opportun\u00e9ment avec une quinte existante ant\u00e9rieure. L&#039;incr\u00e9ment entre les 53 quintes naturelles \u00e9tait\/est appel\u00e9 un <em>virgule<\/em>. Ainsi, les \u00c9gyptiens d\u00e9finissaient le syst\u00e8me de tons, en r\u00e9f\u00e9rence au Cercle des Quintes, sur la base de l&#039;unit\u00e9 de mesure connue sous le nom de <em>virgule<\/em>, en subdivisant l&#039;octave en 53 pas \u00e9gaux. Ce <em>virgule<\/em> a une valeur de 22,6415 cents. (UN <em>cent<\/em> est une unit\u00e9 standard pour mesurer les intervalles musicaux. Une octave \u00e9quivaut \u00e0 1\u00a0200 cents.)<\/p>\n<p>Il est int\u00e9ressant de noter que les trait\u00e9s europ\u00e9ens du Moyen \u00c2ge font r\u00e9f\u00e9rence \u00e0 cette virgule particuli\u00e8re de 22,6415 centimes comme un <em>\u00ab Virgule arabe \u00bb<\/em>, m\u00eame si aucune documentation \u00e9crite arabe dans le monde arabis\u00e9 ne l&#039;a jamais mentionn\u00e9 ou utilis\u00e9, sauf pour le peuple arabophone d&#039;\u00c9gypte. En tant que tel, il ne peut s\u2019agir que d\u2019une virgule \u00e9gyptienne.<\/p>\n<p>L&#039;analyse des instruments \u00e9gyptiens anciens est coh\u00e9rente avec les multiples de la virgule \u00e9gyptienne [voir les chapitres sous Les instruments de musique \u00e9gyptiens, plus loin dans ce livre].<\/p>\n<p>Nous mesurons les distances en pouces et en centim\u00e8tres. Nous mesurons le poids en livres, grammes et kilogrammes. En musique, l&#039;Occident au 19<sup>\u00e8me<\/sup> si\u00e8cle a d\u00e9cid\u00e9 d&#039;utiliser des unit\u00e9s standard pour mesurer les intervalles musicaux. Leur choix s&#039;est port\u00e9 sur le cent, o\u00f9 une octave = 1 200 cents.<\/p>\n<p>Le syst\u00e8me \u00e9gyptien depuis ses d\u00e9buts a utilis\u00e9 le syst\u00e8me musical <em>virgule<\/em> cela \u00e9quivaut \u00e0 22,6415 cents et sa valeur d&#039;un tiers de 7,55 cents l&#039;appelle buk el-nunu, ce qui signifie le <em>la bouche de b\u00e9b\u00e9<\/em> comme le rapportent les premiers \u00e9crivains grecs.<\/p>\n<p>L\u2019utilisation de ces incr\u00e9ments discrets \u00ab uniques \u00bb de la virgule \u00e9gyptienne et du buk-nunu a \u00e9t\u00e9 prouv\u00e9e de mani\u00e8re coh\u00e9rente dans tous les instruments \u00e9gyptiens anciens.<\/p>\n<p>Dans les distances entre les trous des instruments \u00e0 vent.<\/p>\n<p><a href=\"http:\/\/egyptianwisdomcenter.org\/wp-content\/uploads\/2019\/02\/emus-ch1-photo2-96c.jpg\"><img loading=\"lazy\" decoding=\"async\" class=\"size-full wp-image-1481 aligncenter\" src=\"http:\/\/egyptianwisdomcenter.org\/wp-content\/uploads\/2019\/02\/emus-ch1-photo2-96c.jpg\" alt=\"\" width=\"192\" height=\"152\" \/><\/a><\/p>\n<p>Dans les distances entre les frettes des instruments \u00e0 cordes.<\/p>\n<p><a href=\"http:\/\/egyptianwisdomcenter.org\/wp-content\/uploads\/2019\/02\/frets2.png\"><img loading=\"lazy\" decoding=\"async\" class=\"size-full wp-image-395 aligncenter\" src=\"http:\/\/egyptianwisdomcenter.org\/wp-content\/uploads\/2019\/02\/frets2.png\" alt=\"\" width=\"357\" height=\"124\" \/><\/a><\/p>\n<p>Dans les rapports entre les longueurs des cordes de harpe.<\/p>\n<p><a href=\"http:\/\/egyptianwisdomcenter.org\/wp-content\/uploads\/2019\/02\/harper.png\"><img loading=\"lazy\" decoding=\"async\" class=\"size-full wp-image-384 aligncenter\" src=\"http:\/\/egyptianwisdomcenter.org\/wp-content\/uploads\/2019\/02\/harper.png\" alt=\"\" width=\"194\" height=\"257\" \/><\/a><\/p>\n<p>Chaque virgule \u00e9gyptienne se compose de trois parties \u00e9gales, que les \u00c9gyptiens appelaient\/appelaient <strong>buk-nunu<\/strong>-c&#039;est-\u00e0-dire le <em>bouche du b\u00e9b\u00e9<\/em>. C&#039;\u00e9tait\/est un terme \u00e9gyptien et non arabe (la bouche d&#039;un b\u00e9b\u00e9 en arabe signifie <em>Fam El Radee-a<\/em>). Il est \u00e0 noter que la division en tiers est coh\u00e9rente avec la notion de Cinqui\u00e8me, puisque les 2\/3 d&#039;une virgule sont la Cinqui\u00e8me \u00e0 l&#039;int\u00e9rieur de la virgule.<\/p>\n<p>Les trois <strong>buk-nunu<\/strong> entre une virgule doivent \u00eatre consid\u00e9r\u00e9s comme le Trois-en-Un \u2013 le concept \u00e9gyptien de la trinit\u00e9 [pour en savoir plus sur ce sujet, consultez <em>Cosmologie \u00e9gyptienne\u00a0: l&#039;univers anim\u00e9<\/em>, du m\u00eame auteur].<\/p>\n<p>La taille de <strong>buk-nunu<\/strong> est directement li\u00e9 au calendrier \u00e9gyptien antique tr\u00e8s particulier, comme nous le verrons dans le prochain chapitre.<\/p>\n<p>&nbsp;<\/p>\n<div dir=\"auto\">\n<div>\n<p style=\"padding-left: 30px;\"><strong style=\"font-size: 16px;\">[Un extrait de <span style=\"color: #ff0000;\">Le syst\u00e8me musical, la th\u00e9orie et la pratique de l\u2019\u00c9gypte ancienne<\/span>: Deuxi\u00e8me \u00e9dition de Moustafa Gadalla]<br \/>\n<a href=\"https:\/\/egyptianwisdomcenter.org\/fr\/produit\/instruments-de-musique-egyptiens-2\/\"><span style=\"color: #0000ff;\">https:\/\/egyptianwisdomcenter.org\/product\/instruments-de-musique-egyptiens\/<\/span><\/a><\/strong><\/p>\n<p style=\"padding-left: 30px;\"><strong style=\"font-size: 16px;\"><br \/>\n<\/strong><img decoding=\"async\" class=\"aligncenter\" src=\"https:\/\/egyptianwisdomcenter.org\/wp-content\/uploads\/2023\/01\/instruments-de-musique-egyptiens-2.jpg\" \/><\/p>\n<\/div>\n<p style=\"padding-left: 30px;\"><a href=\"https:\/\/egyptianwisdomcenter.org\/fr\/produit\/instruments-de-musique-egyptiens-2\/\"><strong style=\"font-size: 16px;\"><span style=\"color: #0000ff;\">https:\/\/egyptianwisdomcenter.org\/product\/instruments-de-musique-egyptiens\/<\/span><\/strong><\/a><\/p>\n<\/div>","protected":false},"excerpt":{"rendered":"<p>The Cycle Of Fifths And The Egyptian Musical Measuring Unit &nbsp; 1. Panta (All) Is A Derivative Of Pente (Five) The Ancient [&hellip;]<\/p>","protected":false},"author":3,"featured_media":0,"parent":0,"menu_order":0,"comment_status":"closed","ping_status":"closed","template":"","meta":{"footnotes":""},"class_list":["post-421","page","type-page","status-publish","hentry"],"aioseo_notices":[],"_links":{"self":[{"href":"https:\/\/egyptianwisdomcenter.org\/fr\/wp-json\/wp\/v2\/pages\/421","targetHints":{"allow":["GET"]}}],"collection":[{"href":"https:\/\/egyptianwisdomcenter.org\/fr\/wp-json\/wp\/v2\/pages"}],"about":[{"href":"https:\/\/egyptianwisdomcenter.org\/fr\/wp-json\/wp\/v2\/types\/page"}],"author":[{"embeddable":true,"href":"https:\/\/egyptianwisdomcenter.org\/fr\/wp-json\/wp\/v2\/users\/3"}],"replies":[{"embeddable":true,"href":"https:\/\/egyptianwisdomcenter.org\/fr\/wp-json\/wp\/v2\/comments?post=421"}],"version-history":[{"count":0,"href":"https:\/\/egyptianwisdomcenter.org\/fr\/wp-json\/wp\/v2\/pages\/421\/revisions"}],"wp:attachment":[{"href":"https:\/\/egyptianwisdomcenter.org\/fr\/wp-json\/wp\/v2\/media?parent=421"}],"curies":[{"name":"wp","href":"https:\/\/api.w.org\/{rel}","templated":true}]}}