{"id":429,"date":"2018-11-04T00:00:00","date_gmt":"2018-11-04T04:00:00","guid":{"rendered":"http:\/\/egyptianwisdomcenter.org\/the-all-encompassing-capacities-of-ancient-egyptian-harps\/"},"modified":"2023-01-03T00:41:51","modified_gmt":"2023-01-03T05:41:51","slug":"the-all-encompassing-capacities-of-ancient-egyptian-harps-2","status":"publish","type":"page","link":"https:\/\/egyptianwisdomcenter.org\/fr\/les-capacites-globales-des-harpes-egyptiennes-anciennes-2\/","title":{"rendered":"Les capacit\u00e9s globales des harpes \u00e9gyptiennes antiques"},"content":{"rendered":"<h2 style=\"text-align: center;\"><span style=\"color: #ff0000;\">Les capacit\u00e9s globales des harpes \u00e9gyptiennes antiques<\/span><\/h2>\n<p>&nbsp;<\/p>\n<p>Les harpes \u00e9gyptiennes antiques variaient consid\u00e9rablement en termes de forme, de taille et de nombre de cordes. Ils sont repr\u00e9sent\u00e9s dans les peintures anciennes avec 4, 6, 7, 8, 9, 10, 11, 12, 14, 17, 20, 21 et 22 cordes.<\/p>\n<p><a href=\"http:\/\/egyptianwisdomcenter.org\/wp-content\/uploads\/2019\/02\/emus-ch15-photo4-96c.jpg\"><img decoding=\"async\" class=\"size-full wp-image-1406 aligncenter\" src=\"http:\/\/egyptianwisdomcenter.org\/wp-content\/uploads\/2019\/02\/emus-ch15-photo4-96c.jpg\" alt=\"\" width=\"259\" height=\"168\" \/><\/a><\/p>\n<p><a href=\"http:\/\/egyptianwisdomcenter.org\/wp-content\/uploads\/2019\/02\/emus-ch15-photo5-96c.jpg\"><img fetchpriority=\"high\" decoding=\"async\" class=\"size-full wp-image-1407 aligncenter\" src=\"http:\/\/egyptianwisdomcenter.org\/wp-content\/uploads\/2019\/02\/emus-ch15-photo5-96c.jpg\" alt=\"\" width=\"259\" height=\"196\" \/><\/a><\/p>\n<p><a href=\"http:\/\/egyptianwisdomcenter.org\/wp-content\/uploads\/2019\/02\/emus-ch15-photo6-96c.jpg\"><img decoding=\"async\" class=\"wp-image-1408 aligncenter\" src=\"http:\/\/egyptianwisdomcenter.org\/wp-content\/uploads\/2019\/02\/emus-ch15-photo6-96c.jpg\" alt=\"\" width=\"181\" height=\"254\" \/><\/a><\/p>\n<div>\n<p>Il y avait essentiellement deux types de harpes :<\/p>\n<p style=\"padding-left: 30px;\"><strong>1. <\/strong>La petite harpe portative (d&#039;\u00e9paule) (arche peu profonde). Les harpes d&#039;\u00e9paule se trouvent en grand nombre dans les mus\u00e9es du monde entier. Comme tous les instruments de ce genre, ils disposaient d&#039;un r\u00e9glage pouvant \u00eatre d\u00e9plac\u00e9 d&#039;avant en arri\u00e8re et de haut en bas ou vice versa. C&#039;\u00e9tait une sorte de tige de suspension pour les cordes, qui permettait un accordage rapide sur diff\u00e9rentes hauteurs.<\/p>\n<p style=\"padding-left: 30px;\"><a href=\"https:\/\/emus.pressbooks.com\/wp-content\/uploads\/sites\/42623\/2015\/11\/portable-harp.png\"><img loading=\"lazy\" decoding=\"async\" class=\"aligncenter wp-image-800 size-full\" src=\"http:\/\/egyptianwisdomcenter.org\/wp-content\/uploads\/2019\/02\/portable-harp-e1484696124557.png\" width=\"136\" height=\"190\" \/><\/a><\/p>\n<p style=\"padding-left: 30px;\"><strong>2. <\/strong>La plus grande harpe arqu\u00e9e (\u00e0 arc) ou harpe angulaire. Il existe plusieurs variantes des grandes harpes en \u00c9gypte, notamment dans leurs structures et leurs tailles, en fonction du support de corde et s&#039;il se trouve en haut ou en bas, et si le r\u00e9sonateur est droit ou courb\u00e9. [Ci-ci, une sc\u00e8ne du tombeau d&#039;Amenemhet, Beni Hassan, 12<sup>\u00e8me<\/sup> Dynastie.]<\/p>\n<p style=\"padding-left: 30px;\"><a href=\"https:\/\/emus.pressbooks.com\/wp-content\/uploads\/sites\/42623\/2015\/11\/bow-harp.png\"><img loading=\"lazy\" decoding=\"async\" class=\"aligncenter wp-image-801 size-full\" src=\"http:\/\/egyptianwisdomcenter.org\/wp-content\/uploads\/2019\/02\/bow-harp-e1484696139970.png\" width=\"138\" height=\"160\" \/><\/a><\/p>\n<p>Il n&#039;y a pratiquement aucune diff\u00e9rence entre l&#039;arc (arche) et la harpe angulaire, en ce qui concerne leur son.<\/p>\n<p>La grande vari\u00e9t\u00e9 des harpes \u00e9gyptiennes antiques r\u00e9v\u00e8le la richesse de leurs capacit\u00e9s de production musicale. L&#039;aper\u00e7u suivant est bas\u00e9 uniquement sur le rapport entre les cha\u00eenes ouvertes.<\/p>\n<p>&gt; Il convient de noter que de nombreuses sonorit\u00e9s musicales plus petites peuvent \u00eatre obtenues par la technique de jeu \u00e0 une main, comme indiqu\u00e9 pr\u00e9c\u00e9demment.<\/p>\n<p style=\"padding-left: 30px;\"><strong>1. <\/strong>Avec des harpes de 4 \u00e0 22 cordes, certaines harpes auraient \u00e9t\u00e9 capables de produire une large gamme de notes sur plusieurs octaves. Le rapport entre le plus court et le plus long est de 1:3 \u00e0 1:4 (soit 1 \u00e0 2 octaves). Avec la technique de jeu \u00e0 une main [voir section pr\u00e9c\u00e9dente], des possibilit\u00e9s illimit\u00e9es de diff\u00e9rentes tonalit\u00e9s et octaves peuvent \u00eatre obtenues.<\/p>\n<p style=\"padding-left: 30px;\"><strong>2. <\/strong>Les intervalles de Quatri\u00e8me, Cinqui\u00e8me et Octave \u00e9taient les plus courants dans les repr\u00e9sentations \u00e9gyptiennes anciennes. Curt Sachs [dans son livre, <em>Histoire des instruments de musique<\/em>] a d\u00e9couvert que sur 17 harpistes repr\u00e9sent\u00e9s sur des \u0153uvres d&#039;art \u00e9gyptiennes avec suffisamment de r\u00e9alisme et de distinction pour \u00eatre des enregistrements fiables, sept frappent un accord de quatri\u00e8me, cinq un accord de cinqui\u00e8me et cinq un accord d&#039;octave.<\/p>\n<p style=\"padding-left: 30px;\"><strong>3. <\/strong>Le rapport entre la corde la plus courte et la plus longue de plusieurs harpes \u00e9gyptiennes antiques est d&#039;environ 2:3. Comme cet intervalle est divis\u00e9 entre cinq cordes, la gamme fournirait une gamme de tons compris entre les demi-tons et les tons complets. Sur les harpes \u00e0 dix cordes, cela donnerait un intervalle moyen d&#039;un demi-ton (mineur) (90 cents = 4 virgules).<\/p>\n<p style=\"padding-left: 30px;\"><strong>4. <\/strong>L&#039;une des deux harpes trouv\u00e9es dans la tombe de Rams\u00e8s III poss\u00e8de 13 cordes, o\u00f9 si la corde la plus longue repr\u00e9sente <em>avantages-lambanomenos<\/em>, ou <em>D<\/em>, les 12 cordes restantes feraient plus que fournir tous les tons, demi-tons et quarts de ton des genres diatoniques, chromatiques et enharmoniques, dans l&#039;\u00e9tendue d&#039;une octave.<\/p>\n<p><a href=\"http:\/\/egyptianwisdomcenter.org\/wp-content\/uploads\/2019\/02\/emus-ch15-photo13-96c.jpg\"><img loading=\"lazy\" decoding=\"async\" class=\"size-full wp-image-1416 aligncenter\" src=\"http:\/\/egyptianwisdomcenter.org\/wp-content\/uploads\/2019\/02\/emus-ch15-photo13-96c.jpg\" alt=\"\" width=\"300\" height=\"172\" \/><\/a><\/p>\n<p style=\"padding-left: 30px;\">L&#039;accordage de cette harpe \u00e0 13 cordes permet de fournir les quatre t\u00e9tracordes, <em>hypaton, m\u00e9son, synemmenon<\/em>, et <em>diezeugnenon<\/em>, avec <em>proslambanomenos<\/em> au fond:<\/p>\n<p style=\"padding-left: 30px;\"><a href=\"http:\/\/egyptianwisdomcenter.org\/wp-content\/uploads\/2019\/02\/scale.png\" rel=\"attachment wp-att-385\"><img loading=\"lazy\" decoding=\"async\" class=\"aligncenter size-medium wp-image-385\" src=\"http:\/\/egyptianwisdomcenter.org\/wp-content\/uploads\/2019\/02\/scale-300x51.png\" alt=\"\u00e9chelle\" width=\"300\" height=\"51\" \/><\/a><\/p>\n<p style=\"padding-left: 30px;\"><strong>5. <\/strong>Les harpes les plus fr\u00e9quemment repr\u00e9sent\u00e9es avaient sept cordes et, selon l&#039;\u00e9tude de Curt Sachs sur les instruments \u00e9gyptiens, les \u00c9gyptiens accordaient leurs harpes selon la m\u00eame s\u00e9rie diatonique d&#039;intervalles.<\/p>\n<p style=\"padding-left: 30px;\"><strong>6. <\/strong>Une harpe \u00e9gyptienne antique \u00e0 20 cordes [trouv\u00e9e \u00e0 Louxor (Th\u00e8bes)] semble avoir eu une gamme pentatonique s&#039;\u00e9tendant sur quatre octaves. Et la harpe \u00e0 21 cordes [au Mus\u00e9e de Paris] avait probablement le m\u00eame ordre d&#039;intervalles, avec en plus la tonique en haut.<\/p>\n<p>&nbsp;<\/p>\n<p style=\"padding-left: 30px;\"><strong style=\"font-size: 16px;\">[Un extrait de <span style=\"color: #ff0000;\">Le syst\u00e8me musical, la th\u00e9orie et la pratique de l\u2019\u00c9gypte ancienne<\/span>: Deuxi\u00e8me \u00e9dition de Moustafa Gadalla]<br \/>\n<a href=\"https:\/\/egyptianwisdomcenter.org\/fr\/produit\/instruments-de-musique-egyptiens-2\/\"><span style=\"color: #0000ff;\">https:\/\/egyptianwisdomcenter.org\/product\/instruments-de-musique-egyptiens\/<\/span><\/a><\/strong><\/p>\n<p style=\"padding-left: 30px;\"><strong style=\"font-size: 16px;\"><br \/>\n<\/strong><img decoding=\"async\" class=\"aligncenter\" src=\"https:\/\/egyptianwisdomcenter.org\/wp-content\/uploads\/2023\/01\/instruments-de-musique-egyptiens-2.jpg\" \/><\/p>\n<\/div>\n<p style=\"padding-left: 30px;\"><a href=\"https:\/\/egyptianwisdomcenter.org\/fr\/produit\/instruments-de-musique-egyptiens-2\/\"><strong style=\"font-size: 16px;\"><span style=\"color: #0000ff;\">https:\/\/egyptianwisdomcenter.org\/product\/instruments-de-musique-egyptiens\/<\/span><\/strong><\/a><\/p>\n<div dir=\"auto\"><\/div>\n<div dir=\"auto\"><\/div>","protected":false},"excerpt":{"rendered":"<p>The All-Encompassing Capacities Of Ancient Egyptian Harps &nbsp; The Ancient Egyptian harps varied greatly in form, size, and the number of their [&hellip;]<\/p>","protected":false},"author":3,"featured_media":0,"parent":0,"menu_order":0,"comment_status":"closed","ping_status":"closed","template":"","meta":{"footnotes":""},"class_list":["post-429","page","type-page","status-publish","hentry"],"aioseo_notices":[],"_links":{"self":[{"href":"https:\/\/egyptianwisdomcenter.org\/fr\/wp-json\/wp\/v2\/pages\/429","targetHints":{"allow":["GET"]}}],"collection":[{"href":"https:\/\/egyptianwisdomcenter.org\/fr\/wp-json\/wp\/v2\/pages"}],"about":[{"href":"https:\/\/egyptianwisdomcenter.org\/fr\/wp-json\/wp\/v2\/types\/page"}],"author":[{"embeddable":true,"href":"https:\/\/egyptianwisdomcenter.org\/fr\/wp-json\/wp\/v2\/users\/3"}],"replies":[{"embeddable":true,"href":"https:\/\/egyptianwisdomcenter.org\/fr\/wp-json\/wp\/v2\/comments?post=429"}],"version-history":[{"count":0,"href":"https:\/\/egyptianwisdomcenter.org\/fr\/wp-json\/wp\/v2\/pages\/429\/revisions"}],"wp:attachment":[{"href":"https:\/\/egyptianwisdomcenter.org\/fr\/wp-json\/wp\/v2\/media?parent=429"}],"curies":[{"name":"wp","href":"https:\/\/api.w.org\/{rel}","templated":true}]}}