{"id":437,"date":"2018-11-04T00:00:00","date_gmt":"2018-11-04T04:00:00","guid":{"rendered":"http:\/\/egyptianwisdomcenter.org\/the-musical-orchestras\/"},"modified":"2023-01-03T00:42:56","modified_gmt":"2023-01-03T05:42:56","slug":"the-musical-orchestras-2","status":"publish","type":"page","link":"https:\/\/egyptianwisdomcenter.org\/fr\/les-orchestres-musicaux-2\/","title":{"rendered":"Les orchestres musicaux"},"content":{"rendered":"<h2 style=\"text-align: center;\"><span style=\"color: #ff0000;\"><strong>L&#039;Orchestre Musical<\/strong><\/span><\/h2>\n<p>&nbsp;<\/p>\n<p>Les instruments de musique diff\u00e8rent par leur \u00e9tendue, la vari\u00e9t\u00e9 de la force d&#039;une seule note, la valeur de l&#039;accent, la valeur de survie, la vitesse d&#039;articulation d&#039;une note r\u00e9p\u00e9t\u00e9e et le nombre de notes que chaque instrument peut jouer \u00e0 la fois. En tant que tel, une vari\u00e9t\u00e9 d\u2019instruments \u00e9taient utilis\u00e9s par les \u00c9gyptiens de l\u2019Antiquit\u00e9 pour fournir un syst\u00e8me\/une gamme compl\u00e8te de sons musicaux.<\/p>\n<p>Il convient de noter que l\u2019aper\u00e7u des instruments de musique de l\u2019\u00c9gypte ancienne dans ce livre se limite aux instruments comparables aux instruments actuels. Certains instruments des anciens \u00c9gyptiens diff\u00e8rent trop de la classification actuelle pour \u00eatre class\u00e9s dans l\u2019un d\u2019entre eux.<\/p>\n<p>Les groupes musicaux \u00e9taient vari\u00e9s, dans l&#039;Egypte ancienne. Des ensembles de plus en plus petits \u00e9taient utilis\u00e9s \u00e0 diverses fins, comme en t\u00e9moignent les sc\u00e8nes musicales repr\u00e9sent\u00e9es dans les b\u00e2timents de l&#039;\u00c9gypte ancienne. Il ressort suffisamment clairement des sculptures des anciens \u00c9gyptiens que leurs musiciens connaissaient la triple symphonie : l&#039;harmonie des instruments, des voix et des voix et des instruments. Le jeu des instruments de musique \u00e9tait contr\u00f4l\u00e9 par les mouvements des mains des chefs d&#039;orchestre (chironomides). Leurs signes de main montrent une vari\u00e9t\u00e9 de jeu : unisson, accord, polyphonie, etc., comme indiqu\u00e9 pr\u00e9c\u00e9demment.<\/p>\n<p>L&#039;orchestre\/ensemble \u00e9gyptien se composait g\u00e9n\u00e9ralement de quatre groupes d&#039;instruments\u00a0:<\/p>\n<p style=\"padding-left: 30px;\"><strong>1. <\/strong>Instruments \u00e0 cordes \u00e0 cordes ouvertes, comme le trigonon, la lyre, la harpe, etc. [Voir chapitre 15.]<\/p>\n<p style=\"padding-left: 30px;\"><strong>2. <\/strong>Instruments \u00e0 cordes avec des cordes arr\u00eat\u00e9es sur un manche, comme le tanboura, la guitare, le oud\/luth, etc. [Voir chapitre 15.]<\/p>\n<p style=\"padding-left: 30px;\"><strong>3. <\/strong>Instruments \u00e0 vent comme la fl\u00fbte, la fl\u00fbte, etc. [Voir chapitre 16.]<\/p>\n<p style=\"padding-left: 30px;\"><strong>4. <\/strong>Instruments \u00e0 percussion comme les tambours, les battants, les cloches, etc. [Voir le chapitre 17.]<\/p>\n<p>Le chironomide pr\u00e9sidait l&#039;ensemble musical et, par une s\u00e9rie de gestes, d\u00e9terminait la hauteur et les intervalles sur lesquels les musiciens basaient leur interpr\u00e9tation. Les d\u00e9tails de cet examen sont rapport\u00e9s dans une \u00e9tude sp\u00e9ciale [H. Hickmann, <em>La chironomie dans l&#039;Egypte ancienne<\/em>, Magazine de la langue \u00e9gyptienne et de l&#039;antiquit\u00e9 83, 2, 1958.].<\/p>\n<div>\n<p>Des variations symphoniques et polyphoniques sont repr\u00e9sent\u00e9es dans des sc\u00e8nes musicales de b\u00e2timents \u00e9gyptiens antiques de l&#039;Ancien Empire (il y a 4 500 ans), avec un metteur en sc\u00e8ne guidant l&#039;ensemble au moyen de gestes visibles. Un ou plusieurs chironomides ont \u00e9t\u00e9 repr\u00e9sent\u00e9s pour signifier le type de performance. Il convient de noter que repr\u00e9senter plus d\u2019un chironomide pour un seul instrument est symbolique de l\u2019action pr\u00e9vue dans la repr\u00e9sentation artistique de l\u2019\u00c9gypte ancienne.<\/p>\n<\/div>\n<p>Les chironomides \u00e9gyptiens ont guid\u00e9 les musiciens de trois mani\u00e8res diff\u00e9rentes, pour fournir des tonalit\u00e9s simples, doubles et triples, comme suit\u00a0:<\/p>\n<p style=\"text-align: left;\"><strong>1. <\/strong>Les chironomides indiquent des signes de main identiques\u00a0; ainsi le(s) musicien(s) jouent \u00e0 l&#039;unisson.<\/p>\n<p><a href=\"http:\/\/egyptianwisdomcenter.org\/wp-content\/uploads\/2019\/02\/chironomids.png\" rel=\"attachment wp-att-366\"><img decoding=\"async\" class=\"aligncenter size-medium wp-image-366\" src=\"http:\/\/egyptianwisdomcenter.org\/wp-content\/uploads\/2019\/02\/chironomids-300x150.png\" alt=\"chironomides\" width=\"300\" height=\"150\" \/><\/a><\/p>\n<p><strong>2. <\/strong>Les chironomides indiquent diff\u00e9rents signes de la main\u00a0; ainsi les musiciens jouent un accord. Voici deux exemples\u00a0:<\/p>\n<p style=\"padding-left: 30px;\"><strong>un.<\/strong> Dans la tombe de Ti [Saqqarah, Ancien Empire], nous avons deux chironomides illustr\u00e9s donnant des signaux manuels diff\u00e9rents pour un seul instrument (harpe), repr\u00e9sentant deux sons diff\u00e9rents ; c&#039;est-\u00e0-dire d\u00e9peignant un exemple de polyphonie.<\/p>\n<p style=\"padding-left: 30px;\"><a href=\"http:\/\/egyptianwisdomcenter.org\/wp-content\/uploads\/2019\/02\/hand-signals-1.png\"><img decoding=\"async\" class=\"size-full wp-image-761 aligncenter\" src=\"http:\/\/egyptianwisdomcenter.org\/wp-content\/uploads\/2019\/02\/hand-signals-1.png\" alt=\"\" width=\"233\" height=\"180\" \/><\/a><\/p>\n<p style=\"padding-left: 30px;\">Cette repr\u00e9sentation de deux chironomides est r\u00e9v\u00e9latrice d&#039;une double tonalit\u00e9, qui peut \u00eatre cons\u00e9cutive ou simultan\u00e9e.<\/p>\n<p style=\"padding-left: 30px;\"><strong>b.<\/strong> Jouer un accord avec trois tons diff\u00e9rents est repr\u00e9sent\u00e9 [ci-dessous] dans la tombe de Nencheftka [5<sup>\u00e8me<\/sup> Dynastie, Saqqarah, maintenant au Mus\u00e9e du Caire]. Trois signaux manuels diff\u00e9rents sont montr\u00e9s par les chironomides repr\u00e9sent\u00e9s.<\/p>\n<p style=\"padding-left: 30px;\"><a href=\"http:\/\/egyptianwisdomcenter.org\/wp-content\/uploads\/2019\/02\/playing-chord.png\"><img decoding=\"async\" class=\"size-full wp-image-780 aligncenter\" src=\"http:\/\/egyptianwisdomcenter.org\/wp-content\/uploads\/2019\/02\/playing-chord.png\" alt=\"\" width=\"400\" height=\"113\" \/><\/a><\/p>\n<p style=\"padding-left: 30px;\">Un autre exemple de polyphonie compos\u00e9e de trois tons diff\u00e9rents est pr\u00e9sent\u00e9 dans une sc\u00e8ne musicale tir\u00e9e d&#039;un relief du tombeau de Nekauhor [Saqqara, 5<sup>\u00e8me<\/sup> Dynastie, actuellement au Metropolitan Museum of Art, New York].<\/p>\n<p>&nbsp;<\/p>\n<div dir=\"auto\">\n<div>\n<p style=\"padding-left: 30px;\"><strong style=\"font-size: 16px;\">[Un extrait de <span style=\"color: #ff0000;\">Le syst\u00e8me musical, la th\u00e9orie et la pratique de l\u2019\u00c9gypte ancienne<\/span>: Deuxi\u00e8me \u00e9dition de Moustafa Gadalla]<br \/>\n<a href=\"https:\/\/egyptianwisdomcenter.org\/fr\/produit\/instruments-de-musique-egyptiens-2\/\"><span style=\"color: #0000ff;\">https:\/\/egyptianwisdomcenter.org\/product\/instruments-de-musique-egyptiens\/<\/span><\/a><\/strong><\/p>\n<p style=\"padding-left: 30px;\"><strong style=\"font-size: 16px;\"><br \/>\n<\/strong><img decoding=\"async\" class=\"aligncenter\" src=\"https:\/\/egyptianwisdomcenter.org\/wp-content\/uploads\/2023\/01\/instruments-de-musique-egyptiens-2.jpg\" \/><\/p>\n<\/div>\n<p style=\"padding-left: 30px;\"><a href=\"https:\/\/egyptianwisdomcenter.org\/fr\/produit\/instruments-de-musique-egyptiens-2\/\"><strong style=\"font-size: 16px;\"><span style=\"color: #0000ff;\">https:\/\/egyptianwisdomcenter.org\/product\/instruments-de-musique-egyptiens\/<\/span><\/strong><\/a><\/p>\n<\/div>","protected":false},"excerpt":{"rendered":"<p>The Musical Orchestra &nbsp; Musical instruments differ in compass, the variety of\u00a0 strength\u00a0 of\u00a0 a\u00a0 single\u00a0 note,\u00a0 accent\u00a0 value,\u00a0 survival value, the [&hellip;]<\/p>","protected":false},"author":3,"featured_media":0,"parent":0,"menu_order":0,"comment_status":"closed","ping_status":"closed","template":"","meta":{"footnotes":""},"class_list":["post-437","page","type-page","status-publish","hentry"],"aioseo_notices":[],"_links":{"self":[{"href":"https:\/\/egyptianwisdomcenter.org\/fr\/wp-json\/wp\/v2\/pages\/437","targetHints":{"allow":["GET"]}}],"collection":[{"href":"https:\/\/egyptianwisdomcenter.org\/fr\/wp-json\/wp\/v2\/pages"}],"about":[{"href":"https:\/\/egyptianwisdomcenter.org\/fr\/wp-json\/wp\/v2\/types\/page"}],"author":[{"embeddable":true,"href":"https:\/\/egyptianwisdomcenter.org\/fr\/wp-json\/wp\/v2\/users\/3"}],"replies":[{"embeddable":true,"href":"https:\/\/egyptianwisdomcenter.org\/fr\/wp-json\/wp\/v2\/comments?post=437"}],"version-history":[{"count":0,"href":"https:\/\/egyptianwisdomcenter.org\/fr\/wp-json\/wp\/v2\/pages\/437\/revisions"}],"wp:attachment":[{"href":"https:\/\/egyptianwisdomcenter.org\/fr\/wp-json\/wp\/v2\/media?parent=437"}],"curies":[{"name":"wp","href":"https:\/\/api.w.org\/{rel}","templated":true}]}}