{"id":441,"date":"2018-11-04T00:00:00","date_gmt":"2018-11-04T04:00:00","guid":{"rendered":"http:\/\/egyptianwisdomcenter.org\/the-rhythmic-timing\/"},"modified":"2023-10-20T10:31:22","modified_gmt":"2023-10-20T14:31:22","slug":"the-rhythmic-timing-2","status":"publish","type":"page","link":"https:\/\/egyptianwisdomcenter.org\/fr\/le-timing-rythmique-2\/","title":{"rendered":"Le timing rythmique"},"content":{"rendered":"<h2 style=\"text-align: center;\"><span style=\"color: #ff0000;\">Le timing rythmique<\/span><\/h2>\n<p>&nbsp;<\/p>\n<p>L&#039;effet \u00e9motionnel de la musique d\u00e9pend en grande partie du type de rythme qu&#039;elle utilise. Rythme signifie flux : un mouvement qui monte et recule en intensit\u00e9. Le flux du rythme prend de nombreuses formes en musique. Une grande partie de la couleur et de la personnalit\u00e9 de la musique vient de son rythme. Cela peut \u00eatre le contraste entre des impulsions fortes et faibles, des valeurs de notes longues et courtes, des tonalit\u00e9s graves et aigu\u00ebs, lentes ou rapides, r\u00e9guli\u00e8res ou in\u00e9gales, avec des accents fr\u00e9quents ou peu fr\u00e9quents. Les combinaisons de ces \u00e9l\u00e9ments donnent au rythme son caract\u00e8re.<\/p>\n<p>En plus de la performance musicale, le timing rythmique s&#039;applique \u00e9galement \u00e0\u00a0: la musique\/les mots\/les phrases d\u00e9pendent de la sensation et de la m\u00e9moire\u00a0; car il faut non seulement sentir les sons au moment o\u00f9 ils frappent l&#039;instrument, mais encore se souvenir de ceux qui ont \u00e9t\u00e9 frapp\u00e9s auparavant, afin de pouvoir les comparer entre eux. L&#039;\u00e9l\u00e9ment temporel s\u00e9parant les tons cons\u00e9cutifs est le facteur organisateur de l&#039;audition, du ressenti et de la compr\u00e9hension de l&#039;intention de la musique ou des mots\/phrases prononc\u00e9s.<\/p>\n<p>Le rythme de l&#039;\u00eatre humain est principalement li\u00e9 au pouls cardiaque. Le rythme a un effet sur le c\u0153ur et se mesure \u00e9galement \u00e0 celui-ci. Nous avons une horloge int\u00e9gr\u00e9e \u2013 le pouls \u2013 dont la fr\u00e9quence normale est d&#039;environ 72 battements par minute. [Voir aussi la relation entre le nombre 72 et buk-nunu earler dans le texte.] C&#039;est \u00e0 cette aune que l&#039;on juge les \u00e9v\u00e9nements rapides ou lents \u2013 leur tempo. Lorsque le tempo musical varie par rapport au pouls cardiaque (plus rapide ou plus lent), cela provoque une excitation anormale.<\/p>\n<p>Musique plus lente = calme, douceur, chagrin<br \/>\nRythme plus rapide = bonheur, joie, vitalit\u00e9<\/p>\n<p>Les nombres 2 et 3 sont les nombres d&#039;Isis et d&#039;Osiris, les r\u00e9gulateurs de l&#039;univers entier, comme indiqu\u00e9 pr\u00e9c\u00e9demment. Ainsi, pratiquement toute organisation rythmique repose sur l\u2019un des deux sch\u00e9mas g\u00e9n\u00e9raux suivants : le binaire \u2013 fort, altern\u00e9 avec un temps faible, ou le ternaire \u2013 fort, suivi de deux temps faibles. L\u2019un ou l\u2019autre de ces types sous-tend la trame rythmique de chaque composition. Le rythme binaire ou ternaire sous-jacent est appel\u00e9 rythme fondamental. Les subdivisions de ces battements qui apparaissent dans le cadre g\u00e9n\u00e9ral sont appel\u00e9es rythme subsidiaire.<\/p>\n<p>Les nombres 2 et 3 sont li\u00e9s au rythme respiratoire naturel et se refl\u00e8tent donc dans la m\u00e9thode binaire et ternaire de mesure du temps dans l&#039;interpr\u00e9tation musicale. Lorsqu\u2019une personne dort tranquillement, le temps entre l\u2019expiration et l\u2019inspiration est deux fois plus long que celui entre l\u2019inspiration et l\u2019expiration. C&#039;est l&#039;id\u00e9e derri\u00e8re toutes les formes musicales. Le va-et-vient et l\u2019alternance de tension et de relaxation r\u00e9gissent toutes les manifestations ult\u00e9rieures.<\/p>\n<p>Battre la mesure en musique est tr\u00e8s important, car si un musicien (et non un percussionniste) perd la mesure, la musique sonne mal et l&#039;oreille a tendance \u00e0 cesser d&#039;\u00e9couter et \u00e0 d\u00e9river. Beat est la pulsation constante. Il agit comme une r\u00e8gle gr\u00e2ce \u00e0 laquelle nous pouvons mesurer la dur\u00e9e d\u2019une note et le temps entre les notes. Le battement du temps peut \u00eatre effectu\u00e9 de l&#039;une des mani\u00e8res suivantes\u00a0:<\/p>\n<p style=\"padding-left: 30px;\"><strong>1. <\/strong>Les musiciens apprennent \u00e0 garder le temps \u00e0 l\u2019aide de syllabes onomatop\u00e9es \u2013 tranquillement. La correspondance entre syllabes et notes de musique rend cette m\u00e9thode de chronom\u00e9trage tr\u00e8s naturelle.<\/p>\n<p style=\"padding-left: 30px;\">Chanter sur\/avec de la musique suit le m\u00eame sch\u00e9ma et peut \u00eatre accompli de deux mani\u00e8res\u00a0: 1) en utilisant certaines syllabes pendant la dur\u00e9e de la note et\/ou pour le temps entre les notes\u00a0; 2) soit une r\u00e9currence paire ou alternative de nombres, en comptant pour soi.<\/p>\n<p style=\"padding-left: 30px;\">Habituellement, deux tailles de syllabes sont utilis\u00e9es : courte et longue \u2013 c&#039;est-\u00e0-dire une voyelle longue\/plus longue, dans un rapport de 2:1. Ces deux \u00e9l\u00e9ments de base sont utilis\u00e9s dans de nombreuses variations pour les mesures variables \u2013 la s\u00e9quence de temps et de silences contenue dans chaque segment temporel.<\/p>\n<p style=\"padding-left: 30px;\"><strong>2. <\/strong>Les coups de pieds sont repr\u00e9sent\u00e9s dans les sc\u00e8nes musicales de l\u2019\u00c9gypte ancienne [montr\u00e9es \u00e0 l\u2019extr\u00eame droite ci-dessous] comme m\u00e9thode de mesure du temps.<\/p>\n<p style=\"padding-left: 30px;\"><a href=\"http:\/\/egyptianwisdomcenter.org\/wp-content\/uploads\/2019\/02\/footstamping.png\"><img fetchpriority=\"high\" decoding=\"async\" class=\"size-full wp-image-781 aligncenter\" src=\"http:\/\/egyptianwisdomcenter.org\/wp-content\/uploads\/2019\/02\/footstamping.png\" alt=\"\" width=\"306\" height=\"166\" \/><\/a><\/p>\n<p style=\"padding-left: 30px;\"><strong>3. <\/strong>Dans de nombreuses repr\u00e9sentations musicales des b\u00e2timents de l&#039;\u00c9gypte ancienne, les musiciens sont accompagn\u00e9s par une personne qui applaudit ou utilise des claquettes pour maintenir les musiciens dans le rythme.<\/p>\n<p><a href=\"http:\/\/egyptianwisdomcenter.org\/wp-content\/uploads\/2019\/02\/emus-ch12-photo1-96c.jpg\"><img decoding=\"async\" class=\"size-full wp-image-1396 aligncenter\" src=\"http:\/\/egyptianwisdomcenter.org\/wp-content\/uploads\/2019\/02\/emus-ch12-photo1-96c.jpg\" alt=\"\" width=\"278\" height=\"162\" \/><\/a><\/p>\n<p style=\"padding-left: 30px;\">\u00a0<strong>4. <\/strong>Les \u00c9gyptiens utilisaient\/utilisaient les mod\u00e8les de tambours de petits tambours \u00e0 main, le tambour \u00e0 gobelet (<em>tabla \/ darabukkah<\/em>), le tambour sur cadre (<em>riqq<\/em> ou <em>le goudron<\/em>), ou la paire de timbales (naqqar<em>\u00e0<\/em>) pour r\u00e9gler l&#039;heure.<\/p>\n<p><img decoding=\"async\" class=\"aligncenter\" src=\"https:\/\/scontent-iad3-1.xx.fbcdn.net\/v\/t1.0-9\/44223955_2171266219610740_1798531977700179968_n.jpg?_nc_cat=101&amp;_nc_ht=scontent-iad3-1.xx&amp;oh=892e3250502f62e8e76c85ad3d367372&amp;oe=5C6E89BC\" alt=\"Aucun texte alternatif automatique disponible.\" \/><\/p>\n<p><a href=\"http:\/\/egyptianwisdomcenter.org\/wp-content\/uploads\/2019\/02\/emus-ch12-photo2-96c.jpg\"><img decoding=\"async\" class=\"size-full wp-image-1397 aligncenter\" src=\"http:\/\/egyptianwisdomcenter.org\/wp-content\/uploads\/2019\/02\/emus-ch12-photo2-96c.jpg\" alt=\"\" width=\"144\" height=\"212\" \/><\/a><\/p>\n<p><a href=\"http:\/\/egyptianwisdomcenter.org\/wp-content\/uploads\/2019\/02\/emus-ch12-photo3-96c.jpg\"><img loading=\"lazy\" decoding=\"async\" class=\"size-full wp-image-1398 aligncenter\" src=\"http:\/\/egyptianwisdomcenter.org\/wp-content\/uploads\/2019\/02\/emus-ch12-photo3-96c.jpg\" alt=\"\" width=\"227\" height=\"244\" \/><\/a><\/p>\n<p><img decoding=\"async\" class=\"aligncenter\" src=\"http:\/\/egyptianwisdomcenter.org\/wp-content\/uploads\/2019\/02\/44197045_2171267232943972_6908814371493773312_n.jpg\" alt=\"Aucun texte alternatif automatique disponible.\" \/><\/p>\n<p style=\"padding-left: 30px;\"><strong>5. <\/strong>Les pratiques \u00e9gyptiennes classiques comportaient deux types de rythmes fonctionnant en combinaison\u00a0: <strong>silencieux et audible<\/strong>.<\/p>\n<p style=\"padding-left: 60px;\">\u2022 <strong>Des gestes silencieux<\/strong> \u00e9taient utilis\u00e9s dans l&#039;\u00c9gypte ancienne, de diverses mani\u00e8res, en donnant des signaux, tels que : lever l&#039;avant-bras, tourner la paume vers le haut ou vers le bas, et \u00e9tirer ou doubler les doigts ; une main tendue en partie avec le pouce et l&#039;index formant un cercle et les autres doigts tenus avec raideur, tandis que l&#039;autre main est pos\u00e9e sur l&#039;oreille ou sur le genou dans une position d\u00e9tendue, la paume vers le haut ou vers le bas. Le pouce peut \u00eatre lev\u00e9 ou pli\u00e9 contre l\u2019index.<\/p>\n<p style=\"padding-left: 30px;\"><a href=\"http:\/\/egyptianwisdomcenter.org\/wp-content\/uploads\/2019\/02\/time-beating.png\"><img loading=\"lazy\" decoding=\"async\" class=\"size-full wp-image-786 aligncenter\" src=\"http:\/\/egyptianwisdomcenter.org\/wp-content\/uploads\/2019\/02\/time-beating.png\" alt=\"\" width=\"397\" height=\"147\" \/><\/a><\/p>\n<p style=\"padding-left: 60px;\">En effectuant ces mouvements, les mains alternaient d&#039;un membre \u00e0 l&#039;autre avec la main droite ; la main gauche ; et les deux mains.<\/p>\n<p style=\"padding-left: 60px;\">Les doigts aussi alternaient. En temps double, les quatre parties d&#039;une p\u00e9riode \u00e9taient d\u00e9sign\u00e9es en pointant d&#039;abord avec le petit doigt et en ajoutant successivement l&#039;annulaire, le majeur et l&#039;index.<\/p>\n<p><a href=\"http:\/\/egyptianwisdomcenter.org\/wp-content\/uploads\/2019\/02\/emus-ch12-photo4-96c.jpg\"><img loading=\"lazy\" decoding=\"async\" class=\"size-full wp-image-1399 aligncenter\" src=\"http:\/\/egyptianwisdomcenter.org\/wp-content\/uploads\/2019\/02\/emus-ch12-photo4-96c.jpg\" alt=\"\" width=\"295\" height=\"163\" \/><\/a><\/p>\n<p><a href=\"http:\/\/egyptianwisdomcenter.org\/wp-content\/uploads\/2019\/02\/emus-ch12-photo5-96c.jpg\"><img loading=\"lazy\" decoding=\"async\" class=\"size-full wp-image-1400 aligncenter\" src=\"http:\/\/egyptianwisdomcenter.org\/wp-content\/uploads\/2019\/02\/emus-ch12-photo5-96c.jpg\" alt=\"\" width=\"288\" height=\"210\" \/><\/a><\/p>\n<p><a href=\"http:\/\/egyptianwisdomcenter.org\/wp-content\/uploads\/2019\/02\/emus-ch12-photo6-96c.jpg\"><img loading=\"lazy\" decoding=\"async\" class=\"size-full wp-image-1401 aligncenter\" src=\"http:\/\/egyptianwisdomcenter.org\/wp-content\/uploads\/2019\/02\/emus-ch12-photo6-96c.jpg\" alt=\"\" width=\"288\" height=\"76\" \/><\/a><\/p>\n<div>\n<p style=\"padding-left: 60px;\">\u2022 <strong>Battements audibles<\/strong> ont \u00e9galement \u00e9t\u00e9 assur\u00e9s en claquant des doigts ; gifler (comme sur la cuisse) avec la main droite ou avec la main gauche ; ou gifler avec les deux mains.<\/p>\n<p style=\"padding-left: 60px;\">Dans le tombeau d&#039;Amenemhet \u00e0 Louxor (Th\u00e8bes), dat\u00e9 ca. Vers 1500 avant notre \u00e8re, on y voit un chef d&#039;orchestre debout devant et face aux interpr\u00e8tes, martelant la mesure avec son talon droit et claquant ses pouces et ses index.<\/p>\n<p style=\"padding-left: 60px;\"><a href=\"http:\/\/egyptianwisdomcenter.org\/wp-content\/uploads\/2019\/02\/conductor.png\"><img loading=\"lazy\" decoding=\"async\" class=\"size-full wp-image-791 aligncenter\" src=\"http:\/\/egyptianwisdomcenter.org\/wp-content\/uploads\/2019\/02\/conductor.png\" alt=\"\" width=\"110\" height=\"172\" \/><\/a><\/p>\n<p><a href=\"http:\/\/egyptianwisdomcenter.org\/wp-content\/uploads\/2019\/02\/emus-ch12-photo7-96c.jpg\"><img loading=\"lazy\" decoding=\"async\" class=\"wp-image-1402 aligncenter\" src=\"http:\/\/egyptianwisdomcenter.org\/wp-content\/uploads\/2019\/02\/emus-ch12-photo7-96c.jpg\" alt=\"\" width=\"240\" height=\"213\" \/><\/a><\/p>\n<\/div>\n<p>&nbsp;<\/p>\n<div dir=\"auto\">\n<div>\n<p style=\"padding-left: 30px;\"><strong style=\"font-size: 16px;\">[Un extrait de <span style=\"color: #ff0000;\">Le syst\u00e8me musical, la th\u00e9orie et la pratique de l\u2019\u00c9gypte ancienne<\/span>: Deuxi\u00e8me \u00e9dition de Moustafa Gadalla]<br \/>\n<a href=\"https:\/\/egyptianwisdomcenter.org\/fr\/produit\/instruments-de-musique-egyptiens-2\/\"><span style=\"color: #0000ff;\">https:\/\/egyptianwisdomcenter.org\/product\/instruments-de-musique-egyptiens\/<\/span><\/a><\/strong><\/p>\n<p style=\"padding-left: 30px;\"><strong style=\"font-size: 16px;\"><br \/>\n<\/strong><img decoding=\"async\" class=\"aligncenter\" src=\"https:\/\/egyptianwisdomcenter.org\/wp-content\/uploads\/2023\/01\/instruments-de-musique-egyptiens-2.jpg\" \/><\/p>\n<\/div>\n<p style=\"padding-left: 30px;\"><a href=\"https:\/\/egyptianwisdomcenter.org\/fr\/produit\/instruments-de-musique-egyptiens-2\/\"><strong style=\"font-size: 16px;\"><span style=\"color: #0000ff;\">https:\/\/egyptianwisdomcenter.org\/product\/instruments-de-musique-egyptiens\/<\/span><\/strong><\/a><\/p>\n<\/div>","protected":false},"excerpt":{"rendered":"<p>The Rhythmic Timing &nbsp; The emotional effect of music depends largely upon the type of rhythm that it employs. Rhythm means flow: [&hellip;]<\/p>","protected":false},"author":3,"featured_media":0,"parent":0,"menu_order":0,"comment_status":"closed","ping_status":"closed","template":"","meta":{"footnotes":""},"class_list":["post-441","page","type-page","status-publish","hentry"],"aioseo_notices":[],"_links":{"self":[{"href":"https:\/\/egyptianwisdomcenter.org\/fr\/wp-json\/wp\/v2\/pages\/441","targetHints":{"allow":["GET"]}}],"collection":[{"href":"https:\/\/egyptianwisdomcenter.org\/fr\/wp-json\/wp\/v2\/pages"}],"about":[{"href":"https:\/\/egyptianwisdomcenter.org\/fr\/wp-json\/wp\/v2\/types\/page"}],"author":[{"embeddable":true,"href":"https:\/\/egyptianwisdomcenter.org\/fr\/wp-json\/wp\/v2\/users\/3"}],"replies":[{"embeddable":true,"href":"https:\/\/egyptianwisdomcenter.org\/fr\/wp-json\/wp\/v2\/comments?post=441"}],"version-history":[{"count":1,"href":"https:\/\/egyptianwisdomcenter.org\/fr\/wp-json\/wp\/v2\/pages\/441\/revisions"}],"predecessor-version":[{"id":68344,"href":"https:\/\/egyptianwisdomcenter.org\/fr\/wp-json\/wp\/v2\/pages\/441\/revisions\/68344"}],"wp:attachment":[{"href":"https:\/\/egyptianwisdomcenter.org\/fr\/wp-json\/wp\/v2\/media?parent=441"}],"curies":[{"name":"wp","href":"https:\/\/api.w.org\/{rel}","templated":true}]}}