{"id":44956,"date":"2019-04-13T20:00:24","date_gmt":"2019-04-14T00:00:24","guid":{"rendered":"http:\/\/egyptianwisdomcenter.org\/ba-the-migrant-bird\/"},"modified":"2023-02-13T17:41:20","modified_gmt":"2023-02-13T22:41:20","slug":"ba-the-migrant-bird","status":"publish","type":"page","link":"https:\/\/egyptianwisdomcenter.org\/fr\/ba-the-migrant-bird\/","title":{"rendered":"Ba, l&#039;oiseau migrateur"},"content":{"rendered":"<h2 style=\"text-align: center;\"><span style=\"color: #ff0000;\"><strong>Ba, l&#039;oiseau migrateur<\/strong><\/span><\/h2>\n<p>&nbsp;<\/p>\n<p style=\"padding-left: 30px;\">The Ba is one of the metaphysical components of the human (and other) beings.<\/p>\n<p style=\"padding-left: 30px;\">Le Ba est immortel. Lorsque le Ba s&#039;en va, le corps meurt. Le Ba est repr\u00e9sent\u00e9 comme un oiseau \u00e0 t\u00eate humaine, ce qui est \u00e0 l&#039;oppos\u00e9 de la repr\u00e9sentation normale de <em>neteru <\/em>(dieux, d\u00e9esses) comme des corps humains \u00e0 t\u00eate d&#039;animal, c&#039;est-\u00e0-dire comme l&#039;aspect divin du terrestre. Le Ba peut \u00eatre repr\u00e9sent\u00e9 comme une cigogne ou comme un faucon. La cigogne est connue pour son instinct de migration et de retour au pays. La cigogne est connue dans le monde entier comme l\u2019oiseau qui transporte les nouveau-n\u00e9s dans leurs nouvelles familles. La cigogne retourne \u00e0 son propre nid avec une pr\u00e9cision constante \u2013 c&#039;est pourquoi l&#039;oiseau migrateur par excellence est l&#039;oiseau choisi pour l&#039;\u00e2me. \u00ab Ba \u00bb est g\u00e9n\u00e9ralement traduit par \u00ab \u00e2me \u00bb.<\/p>\n<p><span style=\"color: #ff0000;\"><strong>Bennu\/Benben<\/strong><\/span><\/p>\n<p>Bennu est repr\u00e9sent\u00e9 comme un oiseau volant, comme un h\u00e9ron et une cigogne composites, ou comme un composite de faucon et de cigogne.<\/p>\n<p>La cigogne est connue pour son instinct de migration et de retour au pays, et est \u00e9galement connue dans le monde entier comme l&#039;oiseau qui transporte les nouveau-n\u00e9s dans leurs nouvelles familles.<\/p>\n<p>Bennu, sous forme de cigogne, apporte une nouvelle vie.<\/p>\n<p>La cigogne retourne \u00e0 son propre nid avec une pr\u00e9cision constante. Un oiseau migrateur est donc le choix parfait pour repr\u00e9senter l&#039;\u00e2me retournant \u00e0 la Source.<\/p>\n<p>A la Source, Bennu est repr\u00e9sent\u00e9 perch\u00e9 sur Benben, symbole de la colline primitive.<\/p>\n<p>\u00c0 cet \u00e9gard, Bennu est le Ph\u00e9nix qui rena\u00eet des cendres de Benben pour commencer une autre vie.<\/p>\n<p>C&#039;est un cycle continu de production et de retour \u00e0 la Source.<\/p>\n<p><a href=\"http:\/\/egyptianwisdomcenter.org\/wp-content\/uploads\/2019\/02\/ed-ch9-photo6-96c.jpg\"><img fetchpriority=\"high\" decoding=\"async\" class=\"size-medium wp-image-902 aligncenter\" src=\"http:\/\/egyptianwisdomcenter.org\/wp-content\/uploads\/2019\/02\/ed-ch9-photo6-96c-300x195.jpg\" alt=\"\" width=\"300\" height=\"195\"><\/a><\/p>\n<p>Bennu, en tant que tel, est un symbole de r\u00e9surrection, et il existait des formules expliquant au d\u00e9funt comment devenir Bennu.<\/p>\n<p><a href=\"http:\/\/egyptianwisdomcenter.org\/wp-content\/uploads\/2019\/02\/ed-ch9-photo7-96c.jpg\"><img decoding=\"async\" class=\"size-medium wp-image-903 aligncenter\" src=\"http:\/\/egyptianwisdomcenter.org\/wp-content\/uploads\/2019\/02\/ed-ch9-photo7-96c-300x224.jpg\" alt=\"\" width=\"300\" height=\"224\"><\/a><\/p>\n<p>Osiris repr\u00e9sente le divin sous une forme mortelle qui vit, meurt et rena\u00eet. C&#039;est donc que l&#039;\u00e2me d&#039;Osiris habite l&#039;oiseau Bennu, que l&#039;on retrouve toujours \u00e0 proximit\u00e9 des sc\u00e8nes de r\u00e9surrection.<\/p>\n<p>Chaque personne d\u00e9c\u00e9d\u00e9e est Osiris, qui ressuscitera et rena\u00eetra.<\/p>\n<p>Car Bennu conduira tout le monde comme Osiris ressuscit\u00e9 \u2013 \u00e9tant Horus et ses disciples \u2013 vers la Source.<\/p>\n<p><a href=\"http:\/\/egyptianwisdomcenter.org\/wp-content\/uploads\/2019\/02\/ed-ch9-photo8-96c.jpg\"><img decoding=\"async\" class=\"size-medium wp-image-904 aligncenter\" src=\"http:\/\/egyptianwisdomcenter.org\/wp-content\/uploads\/2019\/02\/ed-ch9-photo8-96c-300x260.jpg\" alt=\"\" width=\"300\" height=\"260\"><\/a><\/p>\n<p>&nbsp;<\/p>\n<p><span style=\"color: #ff0000;\"><strong>[Un extrait de <\/strong><\/span><strong>Divinit\u00e9s \u00e9gyptiennes : Tous ceux qui sont l&#039;UN, 2e \u00e9dition par Moustafa Gadalla<\/strong><span style=\"color: #ff0000;\"><strong>]<br \/>\n<a href=\"https:\/\/egyptianwisdomcenter.org\/fr\/produit\/divinites-egyptiennes-tous-ceux-qui-sont-un-2e-edition\/\"><span style=\"color: #0000ff;\">https:\/\/egyptianwisdomcenter.org\/product\/egyptian-divinities-the-all-who-are-the-one-2nd-edition\/<\/span><\/a><\/strong><\/span><\/p>\n<p><img decoding=\"async\" class=\"aligncenter\" src=\"https:\/\/books2read-prod.s3.amazonaws.com\/CACHE\/images\/ubl_book_images\/book_display_image_qOuT56H\/40d95446cc17340ec7b02939eaa44c10\"><\/p>\n<div dir=\"auto\">\n<div dir=\"auto\">\n<p style=\"text-align: center;\"><a href=\"https:\/\/egyptianwisdomcenter.org\/fr\/produit\/divinites-egyptiennes-tous-ceux-qui-sont-un-2e-edition\/\"><strong><span style=\"color: #ff0000;\"><span style=\"color: #0000ff;\">https:\/\/egyptianwisdomcenter.org\/product\/egyptian-divinities-the-all-who-are-the-one-2nd-edition\/<\/span><\/span><\/strong><\/a><\/p>\n<\/div>\n<\/div>","protected":false},"excerpt":{"rendered":"<p>Ba, The Migrant Bird &nbsp; The Ba is one of the metaphysical components of the human (and other) beings. The Ba is [&hellip;]<\/p>","protected":false},"author":3,"featured_media":0,"parent":0,"menu_order":0,"comment_status":"closed","ping_status":"closed","template":"","meta":{"footnotes":""},"class_list":["post-44956","page","type-page","status-publish","hentry"],"aioseo_notices":[],"_links":{"self":[{"href":"https:\/\/egyptianwisdomcenter.org\/fr\/wp-json\/wp\/v2\/pages\/44956","targetHints":{"allow":["GET"]}}],"collection":[{"href":"https:\/\/egyptianwisdomcenter.org\/fr\/wp-json\/wp\/v2\/pages"}],"about":[{"href":"https:\/\/egyptianwisdomcenter.org\/fr\/wp-json\/wp\/v2\/types\/page"}],"author":[{"embeddable":true,"href":"https:\/\/egyptianwisdomcenter.org\/fr\/wp-json\/wp\/v2\/users\/3"}],"replies":[{"embeddable":true,"href":"https:\/\/egyptianwisdomcenter.org\/fr\/wp-json\/wp\/v2\/comments?post=44956"}],"version-history":[{"count":0,"href":"https:\/\/egyptianwisdomcenter.org\/fr\/wp-json\/wp\/v2\/pages\/44956\/revisions"}],"wp:attachment":[{"href":"https:\/\/egyptianwisdomcenter.org\/fr\/wp-json\/wp\/v2\/media?parent=44956"}],"curies":[{"name":"wp","href":"https:\/\/api.w.org\/{rel}","templated":true}]}}