{"id":45130,"date":"2019-04-13T20:06:49","date_gmt":"2019-04-14T00:06:49","guid":{"rendered":"http:\/\/egyptianwisdomcenter.org\/ancient-egyptian-settlements-throughout-the-world\/"},"modified":"2023-02-07T10:39:48","modified_gmt":"2023-02-07T15:39:48","slug":"ancient-egyptian-settlements-throughout-the-world","status":"publish","type":"page","link":"https:\/\/egyptianwisdomcenter.org\/fr\/anciennes-colonies-egyptiennes-a-travers-le-monde\/","title":{"rendered":"Colonies \u00e9gyptiennes antiques \u00e0 travers le monde"},"content":{"rendered":"<h2 style=\"text-align: center;\"><span style=\"color: #ff0000;\"><strong>Colonies \u00e9gyptiennes antiques \u00e0 travers le monde<\/strong><\/span><\/h2>\n<p>&nbsp;<\/p>\n<p>L&#039;\u00c9gypte \u00e9tait le pays le plus dominant, le plus peupl\u00e9 et le plus c\u00e9l\u00e8bre du monde antique, comme l&#039;affirmait Diodore, <em>Livre I<\/em>, [31, 6-9]:<\/p>\n<p style=\"padding-left: 30px;\"><strong><em><span style=\"text-decoration: underline;\">En termes de densit\u00e9 de population, l&#039;\u00c9gypte surpassait de loin toutes les r\u00e9gions connues du monde habit\u00e9, et m\u00eame de nos jours, elle est consid\u00e9r\u00e9e comme sans \u00e9gal.<\/span> . . .<\/em><\/strong><br \/>\n<strong><em>. . La population totale, disent-ils, \u00e9tait autrefois d&#039;environ sept millions d&#039;habitants et ce chiffre n&#039;a pas diminu\u00e9 jusqu&#039;\u00e0 nos jours.<\/em><\/strong><\/p>\n<p>H\u00e9rodote affirmait que 20 000 villes peupl\u00e9es existaient en \u00c9gypte sous le r\u00e8gne d&#039;Amasis. Diodore rapporte qu&#039;il y avait 18 000 grands villages et villes et que, sous Ptol\u00e9m\u00e9e Lagus, ils repr\u00e9sentaient plus de 30 000 habitants. Jos\u00e8phe a estim\u00e9 la population. sous le r\u00e8gne de Vespasien, \u00e0 7,5 millions dans la vall\u00e9e du Nil, en plus de la population d&#039;Alexandrie (qui \u00e9tait d&#039;environ 800 000 habitants).<\/p>\n<p>\u00c0 premi\u00e8re vue, l\u2019\u00c9gypte ancienne semble isol\u00e9e et distincte du reste du monde ; isol\u00e9 par les d\u00e9serts qui bordent l&#039;\u00e9troite vall\u00e9e du Nil. Pourtant, les \u00c9gyptiens \u00e9taient en contact constant avec d\u2019autres pays. Des \u00e9crivains classiques tels que Plutarque, H\u00e9rodote et Diodore ont racont\u00e9 comment l\u2019\u00c9gypte ancienne poss\u00e9dait des colonies pacifiques \u00e0 travers le monde. Diodore de Sicile, <em>Livre I<\/em>, [29, 5], d\u00e9clare\u00a0:<\/p>\n<p style=\"padding-left: 30px;\"><strong><em>En g\u00e9n\u00e9ral, les \u00c9gyptiens disent que leurs anc\u00eatres envoy\u00e8rent de nombreuses colonies dans plusieurs parties du monde habit\u00e9, en raison de la pr\u00e9\u00e9minence de leurs anciens rois et de leur population excessive ;<\/em><\/strong><\/p>\n<p>Diodore, <em>Livre I<\/em>, [28, 1-4], parle \u00e9galement de quelques colonies \u00e9gyptiennes paisibles qui lui furent signal\u00e9es en Asie et en Europe :<\/p>\n<p style=\"padding-left: 30px;\"><strong><em>. . . <span style=\"text-decoration: underline;\">un grand nombre de colonies \u00e9taient r\u00e9parties depuis l&#039;Egypte sur tout le monde habit\u00e9<\/span>. \u00c0 Babylone, par exemple, les colons \u00e9taient dirig\u00e9s par B\u00e9lus, consid\u00e9r\u00e9 comme le fils de Pos\u00e9idon et de Libye. . . . .<\/em><\/strong><br \/>\n<strong><em>. . . . . On dit aussi que ceux qui partirent avec Danaos <span style=\"text-decoration: underline;\">d&#039;Egypte, s&#039;installa dans ce qui est pratiquement la plus ancienne ville de Gr\u00e8ce, Argos<\/span>, et que la nation des Colchies dans le Pont et celle des Juifs, qui s&#039;\u00e9tend entre l&#039;Arabie et la Syrie, ont \u00e9t\u00e9 fond\u00e9es comme colonies par certains \u00e9migr\u00e9s de leur pays. . . . .<\/em><\/strong><\/p>\n<p>Les colons \u00e9gyptiens d&#039;Asie et d&#039;Europe, en raison de leur \u00e9minence, ont jou\u00e9 un r\u00f4le majeur dans le pays de leurs nouvelles colonies. Diodore, <em>Livre I<\/em>, [28,6-7], discute du r\u00f4le important des colons \u00e9gyptiens en tant que dirigeants de ces nouvelles colonies\u00a0:<\/p>\n<p style=\"padding-left: 30px;\"><strong><em>De plus, certains des dirigeants d\u2019Ath\u00e8nes \u00e9taient \u00e0 l\u2019origine \u00e9gyptiens, disent-ils. Petes, [appel\u00e9 Peteus dans Iliade 2. 552.] par exemple, le p\u00e8re de ce M\u00e9nesth\u00e9e qui prit part \u00e0 l&#039;exp\u00e9dition contre Troie, \u00e9tant manifestement \u00e9gyptien, obtint plus tard la citoyennet\u00e9 d&#039;Ath\u00e8nes et la royaut\u00e9.<\/em><\/strong><\/p>\n<p>Diodore, <em>Livre I<\/em>, [29, 1-5], d\u00e9clare \u00e9galement\u00a0:<\/p>\n<p style=\"padding-left: 30px;\"><strong><em>De la m\u00eame mani\u00e8re, continuent-ils, <span style=\"text-decoration: underline;\">\u00c9rechth\u00e9e, qui \u00e9tait \u00e9gyptien de naissance, devint \u00e9galement roi d&#039;Ath\u00e8nes.<\/span>. . . . \u00c9rechth\u00e9e, en raison de ses liens raciaux avec l&#039;\u00c9gypte, apporta de l\u00e0 \u00e0 Ath\u00e8nes une grande quantit\u00e9 de c\u00e9r\u00e9ales, et en retour, ceux qui avaient b\u00e9n\u00e9fici\u00e9 de cette aide firent leur bienfaiteur roi.<span style=\"text-decoration: underline;\"> Apr\u00e8s avoir acc\u00e9d\u00e9 au tr\u00f4ne, il institua les rites initiatiques de D\u00e9m\u00e9ter \u00e0 Eleusis et \u00e9tablit les myst\u00e8res, transf\u00e9rant leur rituel d&#039;Egypte. . . . . Et leurs sacrifices ainsi que leurs c\u00e9r\u00e9monies antiques sont observ\u00e9s par les Ath\u00e9niens de la m\u00eame mani\u00e8re que par les Egyptiens.<\/span>. . . . .<\/em><\/strong><br \/>\n<strong><em>. . . . . charg\u00e9 des c\u00e9r\u00e9monies religieuses les plus importantes de l&#039;Attique\u00a0; les pastophoroi \u00e9taient ces pr\u00eatres \u00e9gyptiens qui portaient en processions de petits sanctuaires des dieux. Ils sont \u00e9galement les seuls Grecs \u00e0 ne jurer que par Isis, et ils ressemblent beaucoup aux \u00c9gyptiens tant par leur apparence que par leurs mani\u00e8res.<\/em><\/strong><\/p>\n<p>H\u00e9rodote [500 avant notre \u00e8re] a d\u00e9clar\u00e9 qu&#039;il venait d&#039;Halicarnassus, une ville dorienne. Il a clairement \u00e9nonc\u00e9 le lien entre les Doriens et l&#039;\u00c9gypte dans <em>Les Histoires, tome 6<\/em>, [articles 53 \u00e0 55]\u00a0:<\/p>\n<p style=\"padding-left: 30px;\"><strong><em>[53] . . . si l&#039;on retra\u00e7ait, g\u00e9n\u00e9ration par g\u00e9n\u00e9ration, la lign\u00e9e de Dana\u00e9, fille d&#039;Acrisius, les chefs des Doriens se r\u00e9v\u00e9leraient \u00eatre de v\u00e9ritables \u00c9gyptiens de naissance.<\/em><\/strong><\/p>\n<p style=\"padding-left: 30px;\"><strong><em>[55] On a assez parl\u00e9 de tout cela. D&#039;autres ont expliqu\u00e9 comment et par quelles r\u00e9alisations ils sont devenus rois des Doriens, bien qu&#039;ils soient \u00c9gyptiens, et je n&#039;entrerai donc pas dans les d\u00e9tails. J&#039;enregistrerai des choses que d&#039;autres n&#039;ont pas capt\u00e9es.<\/em><\/strong><\/p>\n<p>H\u00e9rodote, dans [55] ci-dessus, a d\u00e9clar\u00e9 qu&#039;un tel fait \u00e9tait de notori\u00e9t\u00e9 publique \u00e0 son \u00e9poque [500 avant notre \u00e8re] et ne n\u00e9cessitait aucune \u00e9laboration. D&#039;autres liens entre les Doriens et les \u00c9gyptiens ont \u00e9t\u00e9 \u00e9voqu\u00e9s \u00e0 plusieurs reprises par H\u00e9rodote, comme dans <em>Les Histoires, Livre 2<\/em>, [article 91].<\/p>\n<p>Enfin, il convient de noter que les archives de l\u2019\u00c9gypte ancienne (ainsi que celles d\u2019autres r\u00e9gions) contiennent d\u2019innombrables noms de lieux dans le monde qui ne sont pas reconnaissables \u00e0 notre \u00e9poque. Les noms de lieux, de groupes ethniques et de pays ne cessent de changer. Les noms des pays europ\u00e9ens d\u2019il y a \u00e0 peine 100 ans, par exemple, sont m\u00e9connaissables pour la plupart des Europ\u00e9ens d\u2019aujourd\u2019hui. Finalement, lorsque ces documents dispara\u00eetront dans quelques si\u00e8cles, les noms de ces pays seront totalement m\u00e9connaissables.<\/p>\n<p>Dans de nombreux endroits dans le monde, il existe des r\u00e9f\u00e9rences \u00e0 des personnes bronz\u00e9es\/\u00e0 la peau brune qui ont apport\u00e9 l\u2019illumination \u00e0 des r\u00e9gions du monde entier. Ils sont d\u00e9crits comme suit\u00a0:<\/p>\n<ol>\n<li>D&#039;origine et de caract\u00e9ristiques \u00ab orientales \u00bb.<\/li>\n<li>Des gens peu belliqueux qui se sont install\u00e9s pacifiquement parmi la population locale.<\/li>\n<li>Tr\u00e8s avanc\u00e9 en m\u00e9tallurgie et fabriquait de grandes quantit\u00e9s de produits m\u00e9talliques.<\/li>\n<li>Tr\u00e8s organis\u00e9 et tr\u00e8s dou\u00e9 en gestion.<\/li>\n<li>Tr\u00e8s avanc\u00e9 dans l\u2019agriculture par temps sec, l\u2019irrigation, etc.<\/li>\n<li>Constructeurs et artisans exp\u00e9riment\u00e9s ayant construit des tombes m\u00e9galithiques, etc.<\/li>\n<li>Des gens tr\u00e8s religieux qui avaient des croyances animistes.<\/li>\n<\/ol>\n<p>Les descriptions ci-dessus ne peuvent s\u2019appliquer qu\u2019\u00e0 un seul pays : l\u2019\u00c9gypte. En combinant les traditions orales, l\u2019ethno-histoire et les preuves arch\u00e9ologiques (datation des principaux \u00e9tablissements, tombes, activit\u00e9s mini\u00e8res, etc.) de tous les peuples du bassin m\u00e9diterran\u00e9en, on peut voir que les nouveaux arrivants civilis\u00e9s ne pouvaient provenir que de la vall\u00e9e du Nil.<\/p>\n<p>L&#039;immigration en provenance d&#039;\u00c9gypte s&#039;est produite en plusieurs vagues. C\u2019\u00e9tait \u00e9troitement li\u00e9 aux \u00e9v\u00e9nements de l\u2019\u00c9gypte ancienne. Certains sont partis \u00e0 une \u00e9poque prosp\u00e8re pour poursuivre des relations d\u2019affaires. La majorit\u00e9 est partie dans des moments de stress.<\/p>\n<p>&nbsp;<\/p>\n<p><strong><span style=\"color: #ff0000;\">[Un extrait de <\/span>L&#039;\u00c9gypte ancienne : la culture r\u00e9v\u00e9l\u00e9e, deuxi\u00e8me \u00e9dition par Moustafa Gadalla<span style=\"color: #ff0000;\">]<br \/>\n<a href=\"https:\/\/egyptianwisdomcenter.org\/fr\/produit\/la-culture-de-legypte-ancienne-revelee-2\/\"><span style=\"color: #0000ff;\">https:\/\/egyptianwisdomcenter.org\/product\/la-culture-de-legypte-ancienne-revelee\/<\/span><\/a><\/span><\/strong><\/p>\n<p style=\"text-align: center;\"><img decoding=\"async\" class=\"aligncenter\" src=\"https:\/\/egyptianwisdomcenter.org\/wp-content\/uploads\/2023\/01\/la-culture-de-l-egypte-ancienne-revelee-4.jpg\"><\/p>\n<p style=\"text-align: center;\"><a href=\"https:\/\/egyptianwisdomcenter.org\/fr\/produit\/la-culture-de-legypte-ancienne-revelee-2\/\"><strong><span style=\"color: #ff0000;\"><span style=\"color: #0000ff;\">https:\/\/egyptianwisdomcenter.org\/product\/la-culture-de-legypte-ancienne-revelee\/<\/span><\/span><\/strong><\/a><\/p>\n<hr>\n<p><strong><span style=\"color: #000000;\">Le romani \u00e9gyptien : l&#039;essence de l&#039;Hispanie, 2e \u00e9dition par Moustafa Gadalla<\/span><\/strong><br \/>\n<a href=\"https:\/\/egyptianwisdomcenter.org\/fr\/produit\/roman-egyptien-lessence-de-lhispanie-2e-edition\/\"><span style=\"color: #0000ff;\"><strong>https:\/\/egyptianwisdomcenter.org\/product\/egyptian-romany-the-essence-of-hispania-2nd-edition\/<\/strong><\/span><\/a><\/p>\n<p><img decoding=\"async\" class=\"aligncenter\" src=\"https:\/\/books2read-prod.s3.amazonaws.com\/CACHE\/images\/ubl_book_images\/book_display_image_qaPDJrL\/0f50e50083bd15df18e00383d25e0605\"><\/p>\n<div dir=\"auto\">\n<div dir=\"auto\">\n<p style=\"text-align: center;\"><a href=\"https:\/\/egyptianwisdomcenter.org\/fr\/produit\/roman-egyptien-lessence-de-lhispanie-2e-edition\/\"><span style=\"color: #0000ff;\"><strong>https:\/\/egyptianwisdomcenter.org\/product\/egyptian-romany-the-essence-of-hispania-2nd-edition\/<\/strong><\/span><\/a><\/p>\n<\/div>\n<\/div>","protected":false},"excerpt":{"rendered":"<p>Ancient Egyptian Settlements Throughout The World &nbsp; Egypt was the most dominant, populous, and famed country in the ancient world, as affirmed [&hellip;]<\/p>","protected":false},"author":3,"featured_media":0,"parent":0,"menu_order":0,"comment_status":"closed","ping_status":"closed","template":"","meta":{"footnotes":""},"class_list":["post-45130","page","type-page","status-publish","hentry"],"aioseo_notices":[],"_links":{"self":[{"href":"https:\/\/egyptianwisdomcenter.org\/fr\/wp-json\/wp\/v2\/pages\/45130","targetHints":{"allow":["GET"]}}],"collection":[{"href":"https:\/\/egyptianwisdomcenter.org\/fr\/wp-json\/wp\/v2\/pages"}],"about":[{"href":"https:\/\/egyptianwisdomcenter.org\/fr\/wp-json\/wp\/v2\/types\/page"}],"author":[{"embeddable":true,"href":"https:\/\/egyptianwisdomcenter.org\/fr\/wp-json\/wp\/v2\/users\/3"}],"replies":[{"embeddable":true,"href":"https:\/\/egyptianwisdomcenter.org\/fr\/wp-json\/wp\/v2\/comments?post=45130"}],"version-history":[{"count":0,"href":"https:\/\/egyptianwisdomcenter.org\/fr\/wp-json\/wp\/v2\/pages\/45130\/revisions"}],"wp:attachment":[{"href":"https:\/\/egyptianwisdomcenter.org\/fr\/wp-json\/wp\/v2\/media?parent=45130"}],"curies":[{"name":"wp","href":"https:\/\/api.w.org\/{rel}","templated":true}]}}