{"id":465,"date":"2018-11-04T00:00:00","date_gmt":"2018-11-04T04:00:00","guid":{"rendered":"http:\/\/egyptianwisdomcenter.org\/the-way-of-horus-christ\/"},"modified":"2023-01-03T00:49:09","modified_gmt":"2023-01-03T05:49:09","slug":"the-way-of-horus-christ-2","status":"publish","type":"page","link":"https:\/\/egyptianwisdomcenter.org\/fr\/le-chemin-dhorus-christ-2\/","title":{"rendered":"La voie d&#039;Horus\/Christ"},"content":{"rendered":"<h2 style=\"text-align: center;\"><span style=\"color: #ff0000;\">La voie d&#039;Horus\/Christ<\/span><\/h2>\n<p>&nbsp;<\/p>\n<p>Horus d\u00e9clare, dans <em>L&#039;\u00c9gyptien<\/em> <em>Livre de Sortir par la Lumi\u00e8re<\/em> (appel\u00e9 \u00e0 tort <em>L&#039;\u00c9gyptien<\/em> <em>Livre des morts<\/em>) [c. 78]:\u00a0<em>&quot;<strong>Je suis Horus en gloire<\/strong>\u00bb\u00a0; <span style=\"text-decoration: underline;\">&quot;<strong>Je suis le Seigneur de la Lumi\u00e8re<\/strong><\/span>\u00bb\u00a0; &quot;<strong>Je suis le vainqueur. . . Je suis l&#039;h\u00e9ritier du temps sans fin<\/strong>\u00bb\u00a0; &quot;<strong>Je suis celui qui conna\u00eet les chemins du ciel<\/strong>.\u00bb<\/em><\/p>\n<p>Les versets \u00e9gyptiens ci-dessus ont \u00e9t\u00e9 repris plus tard dans les paroles de J\u00e9sus : \u00ab<strong><em><span style=\"text-decoration: underline;\">je suis la lumi\u00e8re de<\/span> le monde<\/em><\/strong>&quot; et encore, &quot;<span style=\"text-decoration: underline;\"><strong><em>Je suis le chemin, la v\u00e9rit\u00e9 et la vie<\/em><\/strong>.<\/span>\u00bb<\/p>\n<p>Horus, dans la langue \u00e9gyptienne ancienne, signifie <em>Celui qui est au-dessus<\/em>. En tant que tel, Horus repr\u00e9sente le principe divin r\u00e9alis\u00e9. Horus est la personnification du but de tous les enseignements initi\u00e9s et est toujours repr\u00e9sent\u00e9 comme accompagnant l&#039;\u00e2me r\u00e9alis\u00e9e jusqu&#039;\u00e0 la Source.<\/p>\n<p>Dans l\u2019all\u00e9gorie \u00e9gyptienne antique, Horus a donn\u00e9 vie \u00e0 Osiris. Le jour du jugement dernier, Horus montre le chemin vers Osiris. Il agit comme m\u00e9diateur entre le d\u00e9funt et Osiris, le P\u00e8re. Tous les \u00c9gyptiens voulaient\/veulent qu&#039;Horus leur redonne la vie (une fois morts).<\/p>\n<p><a href=\"http:\/\/egyptianwisdomcenter.org\/wp-content\/uploads\/2019\/02\/dua.png\"><img decoding=\"async\" class=\"size-full wp-image-583 aligncenter\" src=\"http:\/\/egyptianwisdomcenter.org\/wp-content\/uploads\/2019\/02\/dua.png\" alt=\"\" width=\"248\" height=\"201\" \/><\/a><\/p>\n<p>De m\u00eame dans le christianisme, le motif chr\u00e9tien \u00e9tait\/est bas\u00e9 sur la n\u00e9cessit\u00e9 d\u2019un m\u00e9diateur et d\u2019un fils de Dieu en tant que berger tout-puissant et sauveur engendr\u00e9 vivant parmi l\u2019homme ordinaire.<\/p>\n<p>Mod\u00e8le de l\u2019existence terrestre, Horus est repr\u00e9sent\u00e9 sous plusieurs formes et aspects pour correspondre aux \u00e9tapes du processus de spiritualisation.<\/p>\n<p>&nbsp;<\/p>\n<p><strong><span style=\"color: #ff0000;\">[Un extrait de <\/span>Racines \u00e9gyptiennes antiques du christianisme, 2e \u00e9dition<span style=\"color: #ff0000;\"> par Moustafa Gadalla]<br \/>\n<a href=\"https:\/\/egyptianwisdomcenter.org\/fr\/produit\/ancienne-egypte-les-racines-du-christianisme-2\/\"><span style=\"color: #0000ff;\">https:\/\/egyptianwisdomcenter.org\/product\/ancienne-egypte-les-racines-du-christianisme\/<\/span><\/a><br \/>\n<\/span><\/strong><\/p>\n<p><img decoding=\"async\" class=\"aligncenter\" src=\"https:\/\/egyptianwisdomcenter.org\/wp-content\/uploads\/2023\/01\/ancienne-egypte-les-racines-du-christianisme-2.jpg\" \/><\/p>\n<p style=\"text-align: center;\"><a href=\"https:\/\/egyptianwisdomcenter.org\/fr\/produit\/ancienne-egypte-les-racines-du-christianisme-2\/\"><strong><span style=\"color: #ff0000;\"><span style=\"color: #0000ff;\">https:\/\/egyptianwisdomcenter.org\/product\/ancienne-egypte-les-racines-du-christianisme\/<\/span><\/span><\/strong><\/a><\/p>\n<div dir=\"auto\"><\/div>","protected":false},"excerpt":{"rendered":"<p>The Way Of Horus\/Christ &nbsp; Horus declares, in The Egyptian Book of Coming Forth by Light (incorrectly known as The Egyptian Book [&hellip;]<\/p>","protected":false},"author":3,"featured_media":0,"parent":0,"menu_order":0,"comment_status":"closed","ping_status":"closed","template":"","meta":{"footnotes":""},"class_list":["post-465","page","type-page","status-publish","hentry"],"aioseo_notices":[],"_links":{"self":[{"href":"https:\/\/egyptianwisdomcenter.org\/fr\/wp-json\/wp\/v2\/pages\/465","targetHints":{"allow":["GET"]}}],"collection":[{"href":"https:\/\/egyptianwisdomcenter.org\/fr\/wp-json\/wp\/v2\/pages"}],"about":[{"href":"https:\/\/egyptianwisdomcenter.org\/fr\/wp-json\/wp\/v2\/types\/page"}],"author":[{"embeddable":true,"href":"https:\/\/egyptianwisdomcenter.org\/fr\/wp-json\/wp\/v2\/users\/3"}],"replies":[{"embeddable":true,"href":"https:\/\/egyptianwisdomcenter.org\/fr\/wp-json\/wp\/v2\/comments?post=465"}],"version-history":[{"count":0,"href":"https:\/\/egyptianwisdomcenter.org\/fr\/wp-json\/wp\/v2\/pages\/465\/revisions"}],"wp:attachment":[{"href":"https:\/\/egyptianwisdomcenter.org\/fr\/wp-json\/wp\/v2\/media?parent=465"}],"curies":[{"name":"wp","href":"https:\/\/api.w.org\/{rel}","templated":true}]}}