{"id":469,"date":"2018-11-04T00:00:00","date_gmt":"2018-11-04T04:00:00","guid":{"rendered":"http:\/\/egyptianwisdomcenter.org\/isis-rises-lady-of-assumption\/"},"modified":"2023-01-03T00:52:13","modified_gmt":"2023-01-03T05:52:13","slug":"isis-rises-lady-of-assumption-2","status":"publish","type":"page","link":"https:\/\/egyptianwisdomcenter.org\/fr\/isis-se-leve-dame-de-lhypothese-2\/","title":{"rendered":"Isis Rises - Dame de l&#039;Assomption"},"content":{"rendered":"<h2 style=\"text-align: center;\"><span style=\"color: #ff0000;\">Isis Rises - Dame de l&#039;Assomption<\/span><\/h2>\n<p>&nbsp;<\/p>\n<p>Dans une histoire \u00e9gyptienne typique, Isis a fini de pleurer sur son \u00e2me s\u0153ur Osiris vers la mi-ao\u00fbt, ce qui signifie qu&#039;Isis a pleur\u00e9 toutes les larmes qu&#039;elle avait. C&#039;est \u00e0 cette \u00e9poque que les \u00c9gyptiens (anciens et modernes) organisent une f\u00eate signifiant la derni\u00e8re larme d&#039;Isis qui provoquera le pic du niveau des inondations. C&#039;est lors de cette c\u00e9l\u00e9bration que les \u00c9gyptiens jettent \u00e0 l&#039;eau une effigie d&#039;Isis, pour symboliser qu&#039;Isis s&#039;est noy\u00e9e dans ses propres larmes. Incroyablement, l\u2019\u00c9glise a adopt\u00e9 exactement la m\u00eame date pour repr\u00e9senter l\u2019ascension de la \u00ab Vierge Marie \u00bb au ciel comme jour de l\u2019Assomption, qui est d\u00e9finie comme :<\/p>\n<p style=\"padding-left: 30px;\"><strong><em>Le dogme de l&#039;enl\u00e8vement du corps et de l&#039;\u00e2me de la Vierge Marie (Auset est \u00e9galement vierge) au ciel apr\u00e8s sa mort.<\/em><\/strong><\/p>\n<p>L\u2019\u00c9glise orthodoxe c\u00e9l\u00e8bre le jour de l\u2019Assomption le 15 ao\u00fbt, exactement le m\u00eame jour o\u00f9 les \u00c9gyptiens d\u2019aujourd\u2019hui c\u00e9l\u00e8brent la fin de la saison des pluies en \u00c9thiopie.<\/p>\n<p>En plus des c\u00e9l\u00e9brations gouvernementales officielles, les \u00c9gyptiens Baladi organisent un mouled appel\u00e9 <em>Sitena Meriam <\/em>(signification <em>Notre-Dame M\u00e9riam<\/em>). Il ne s&#039;agit pas d&#039;une \u00ab f\u00eate chr\u00e9tienne \u00bb. Le festival dure la semaine d&#039;octave \u00e9gyptienne typique (8 jours). Le dernier jour de la c\u00e9l\u00e9bration est le 16 Mesoree (22 ao\u00fbt).<\/p>\n<p>Un autre titre pour ce festival est <strong><em>Mari\u00e9e du Nil<\/em><\/strong>, unissant Isis \u00e0 Osiris. Isis a immerg\u00e9 \u2013 comme symbole de la terre \u2013 dans le corps de son mari \u2013 un symbole d&#039;eau. Cette unification est une autre application parfaite du concept de mariage int\u00e9rieur qui impr\u00e8gne les traditions \u00e9gyptiennes antiques (et plus tard soufies).<\/p>\n<p><strong>=&gt; <span style=\"text-decoration: underline;\">Il convient de noter que du 3 juillet (d\u00e9but de la mont\u00e9e des eaux du Nil) au 22 ao\u00fbt, il y a 50 jours, une autre Pentec\u00f4te.<\/span><\/strong><\/p>\n<p>&nbsp;<\/p>\n<p><span style=\"color: #ff0000;\"><strong>[Un extrait de <\/strong><\/span><strong>Racines \u00e9gyptiennes antiques du christianisme, 2e \u00e9dition par Moustafa Gadalla<\/strong><span style=\"color: #ff0000;\"><strong>]<br \/>\n<a href=\"https:\/\/egyptianwisdomcenter.org\/fr\/produit\/ancienne-egypte-les-racines-du-christianisme-2\/\"><span style=\"color: #0000ff;\">https:\/\/egyptianwisdomcenter.org\/product\/ancienne-egypte-les-racines-du-christianisme\/<\/span><\/a><br \/>\n<\/strong><\/span><\/p>\n<p><img decoding=\"async\" class=\"aligncenter\" src=\"https:\/\/egyptianwisdomcenter.org\/wp-content\/uploads\/2023\/01\/ancienne-egypte-les-racines-du-christianisme-2.jpg\" \/><\/p>\n<p style=\"text-align: center;\"><a href=\"https:\/\/egyptianwisdomcenter.org\/fr\/produit\/ancienne-egypte-les-racines-du-christianisme-2\/\"><span style=\"color: #ff0000;\"><strong><span style=\"color: #0000ff;\">https:\/\/egyptianwisdomcenter.org\/product\/ancienne-egypte-les-racines-du-christianisme\/<\/span><\/strong><\/span><\/a><\/p>\n<div dir=\"auto\"><\/div>","protected":false},"excerpt":{"rendered":"<p>Isis Rises &#8212; Lady Of Assumption &nbsp; In typical Egyptian story form, Isis finished her crying over her soul mate Osiris\u00a0 in [&hellip;]<\/p>","protected":false},"author":3,"featured_media":0,"parent":0,"menu_order":0,"comment_status":"closed","ping_status":"closed","template":"","meta":{"footnotes":""},"class_list":["post-469","page","type-page","status-publish","hentry"],"aioseo_notices":[],"_links":{"self":[{"href":"https:\/\/egyptianwisdomcenter.org\/fr\/wp-json\/wp\/v2\/pages\/469","targetHints":{"allow":["GET"]}}],"collection":[{"href":"https:\/\/egyptianwisdomcenter.org\/fr\/wp-json\/wp\/v2\/pages"}],"about":[{"href":"https:\/\/egyptianwisdomcenter.org\/fr\/wp-json\/wp\/v2\/types\/page"}],"author":[{"embeddable":true,"href":"https:\/\/egyptianwisdomcenter.org\/fr\/wp-json\/wp\/v2\/users\/3"}],"replies":[{"embeddable":true,"href":"https:\/\/egyptianwisdomcenter.org\/fr\/wp-json\/wp\/v2\/comments?post=469"}],"version-history":[{"count":0,"href":"https:\/\/egyptianwisdomcenter.org\/fr\/wp-json\/wp\/v2\/pages\/469\/revisions"}],"wp:attachment":[{"href":"https:\/\/egyptianwisdomcenter.org\/fr\/wp-json\/wp\/v2\/media?parent=469"}],"curies":[{"name":"wp","href":"https:\/\/api.w.org\/{rel}","templated":true}]}}