{"id":470,"date":"2018-11-04T00:00:00","date_gmt":"2018-11-04T04:00:00","guid":{"rendered":"http:\/\/egyptianwisdomcenter.org\/transfiguration-of-horus-a-new-alpha\/"},"modified":"2023-01-03T00:53:08","modified_gmt":"2023-01-03T05:53:08","slug":"transfiguration-of-horus-a-new-alpha-2","status":"publish","type":"page","link":"https:\/\/egyptianwisdomcenter.org\/fr\/transfiguration-dhorus-un-nouvel-alpha-2\/","title":{"rendered":"Transfiguration d&#039;Horus \u2013 Un nouvel Alpha"},"content":{"rendered":"<h2 style=\"text-align: center;\"><span style=\"color: #ff0000;\">Transfiguration d&#039;Horus \u2013 Un nouvel Alpha<\/span><\/h2>\n<p>&nbsp;<\/p>\n<p>Cinquante jours apr\u00e8s la premi\u00e8re larme d&#039;Isis (le 17 juin), le 6 ao\u00fbt, les anciens \u00c9gyptiens c\u00e9l\u00e9braient la r\u00e9apparition d&#039;Osiris sous la forme d&#039;Horus ressuscit\u00e9. Cela a \u00e9t\u00e9 confirm\u00e9 par Plutarque dans son <em>Moralia, Vol. V <\/em>(372,52B):<\/p>\n<p style=\"padding-left: 30px;\"><strong><em>\u00ab Dans les hymnes sacr\u00e9s d&#039;Osiris, on invoque celui qui est cach\u00e9 dans les bras du Soleil ; et le trente du mois d&#039;\u00c9piphi <\/em><\/strong>[6 ao\u00fbt]<strong><em> ils c\u00e9l\u00e8brent l&#039;anniversaire des Yeux d&#039;Horus, au moment o\u00f9 la Lune et le Soleil sont en ligne droite parfaite, puisqu&#039;ils consid\u00e8rent non seulement la Lune mais aussi le Soleil comme l&#039;\u0153il et la lumi\u00e8re d&#039;Horus.<\/em><\/strong><\/p>\n<p>Ceci est identique \u00e0 la revendication des chr\u00e9tiens ult\u00e9rieurs concernant la transfiguration de J\u00e9sus, c\u00e9l\u00e9br\u00e9e par l&#039;\u00c9glise orthodoxe le 6 ao\u00fbt. Cette f\u00eate comm\u00e9more la \u00ab r\u00e9v\u00e9lation de la divinit\u00e9 de J\u00e9sus \u00e0 Pierre, Jacques et Jean \u00bb.<\/p>\n<p>Cette tradition \u00e9gyptienne antique se poursuit, camoufl\u00e9e dans le Mouled d&#039;El-Desouki, dans la ville de Desouk, sur la rive est du bras ouest du Nil. El Desouki est affectueusement surnomm\u00e9 Abu-el-e-nane (des deux yeux), tout comme <em>Horus, l&#039;Ancien aux Deux Yeux<\/em>.<\/p>\n<p><a href=\"http:\/\/egyptianwisdomcenter.org\/wp-content\/uploads\/2019\/02\/em-ch9-3-72c.jpg\"><img decoding=\"async\" class=\"size-full wp-image-698 aligncenter\" src=\"http:\/\/egyptianwisdomcenter.org\/wp-content\/uploads\/2019\/02\/em-ch9-3-72c.jpg\" alt=\"\" width=\"76\" height=\"177\" \/><\/a><\/p>\n<p>Les deux yeux d&#039;Horus mentionn\u00e9s par Plutarque sont le soleil et la lune, symboles de ses parents, Isis et Osiris. Comme indiqu\u00e9 pr\u00e9c\u00e9demment, Isis repr\u00e9sente le principe solaire dans l&#039;univers et Osiris repr\u00e9sente le principe lunaire dans l&#039;univers.<\/p>\n<p>Ce moulage est reconnu par les meilleurs actes magiques (divinationaux) d&#039;Egypte, qui correspondent \u00e0 la c\u00e9l\u00e9bration chr\u00e9tienne post\u00e9rieure dont le th\u00e8me principal est la \u00ab r\u00e9v\u00e9lation de la divinit\u00e9 (de J\u00e9sus) \u00bb.<\/p>\n<p>&nbsp;<\/p>\n<div dir=\"auto\">\n<p><strong><span style=\"color: #ff0000;\">[Un extrait de <\/span>Racines \u00e9gyptiennes antiques du christianisme, 2e \u00e9dition<span style=\"color: #ff0000;\"> par Moustafa Gadalla]<br \/>\n<a href=\"https:\/\/egyptianwisdomcenter.org\/fr\/produit\/ancienne-egypte-les-racines-du-christianisme-2\/\"><span style=\"color: #0000ff;\">https:\/\/egyptianwisdomcenter.org\/product\/ancienne-egypte-les-racines-du-christianisme\/<\/span><\/a><br \/>\n<\/span><\/strong><\/p>\n<p><img decoding=\"async\" class=\"aligncenter\" src=\"https:\/\/egyptianwisdomcenter.org\/wp-content\/uploads\/2023\/01\/ancienne-egypte-les-racines-du-christianisme-2.jpg\" \/><\/p>\n<p style=\"text-align: center;\"><a href=\"https:\/\/egyptianwisdomcenter.org\/fr\/produit\/ancienne-egypte-les-racines-du-christianisme-2\/\"><strong><span style=\"color: #ff0000;\"><span style=\"color: #0000ff;\">https:\/\/egyptianwisdomcenter.org\/product\/ancienne-egypte-les-racines-du-christianisme\/<\/span><\/span><\/strong><\/a><\/p>\n<div dir=\"auto\"><\/div>\n<\/div>","protected":false},"excerpt":{"rendered":"<p>Transfiguration Of Horus &#8212; A New Alpha &nbsp; Fifty days after Isis\u2019 first teardrop (on 17 June), on 6 August, the Ancient [&hellip;]<\/p>","protected":false},"author":3,"featured_media":0,"parent":0,"menu_order":0,"comment_status":"closed","ping_status":"closed","template":"","meta":{"footnotes":""},"class_list":["post-470","page","type-page","status-publish","hentry"],"aioseo_notices":[],"_links":{"self":[{"href":"https:\/\/egyptianwisdomcenter.org\/fr\/wp-json\/wp\/v2\/pages\/470","targetHints":{"allow":["GET"]}}],"collection":[{"href":"https:\/\/egyptianwisdomcenter.org\/fr\/wp-json\/wp\/v2\/pages"}],"about":[{"href":"https:\/\/egyptianwisdomcenter.org\/fr\/wp-json\/wp\/v2\/types\/page"}],"author":[{"embeddable":true,"href":"https:\/\/egyptianwisdomcenter.org\/fr\/wp-json\/wp\/v2\/users\/3"}],"replies":[{"embeddable":true,"href":"https:\/\/egyptianwisdomcenter.org\/fr\/wp-json\/wp\/v2\/comments?post=470"}],"version-history":[{"count":0,"href":"https:\/\/egyptianwisdomcenter.org\/fr\/wp-json\/wp\/v2\/pages\/470\/revisions"}],"wp:attachment":[{"href":"https:\/\/egyptianwisdomcenter.org\/fr\/wp-json\/wp\/v2\/media?parent=470"}],"curies":[{"name":"wp","href":"https:\/\/api.w.org\/{rel}","templated":true}]}}