{"id":4925,"date":"2019-03-03T12:35:39","date_gmt":"2019-03-03T17:35:39","guid":{"rendered":"http:\/\/egyptianwisdomcenter.org\/un-apercu-du-patrimoine-musical-egyptien\/"},"modified":"2023-01-07T08:25:35","modified_gmt":"2023-01-07T13:25:35","slug":"un-apercu-du-patrimoine-musical-egyptien","status":"publish","type":"page","link":"https:\/\/egyptianwisdomcenter.org\/fr\/un-apercu-du-patrimoine-musical-egyptien\/","title":{"rendered":"Un Aper\u00e7u Du Patrimoine Musical \u00c9gyptien"},"content":{"rendered":"<h2 style=\"text-align: center;\"><span style=\"color: #ff0000;\">Un Aper\u00e7u Du Patrimoine Musical \u00c9gyptien<\/span><\/h2>\n<p>&nbsp;<\/p>\n<p style=\"margin: 0in; margin-bottom: .0001pt; text-align: justify;\"><span lang=\"FR\">L\u2019histoire de la musique traditionnelle et arch\u00e9ologique est beaucoup plus abondante que dans n\u2019importe quel autre pays. Les bas-reliefs des temples et des tombes antiques illustrent de nombreux types et formes d\u2019instruments de musique, les techniques employ\u00e9es pour les accorder et les utiliser, les orchestres en train de jouer et beaucoup, beaucoup plus.<\/span><\/p>\n<p>Ces sc\u00e8nes musicales montraient clairement les mains du joueur de harpe pin\u00e7ant certaines cordes<\/p>\n<p><a href=\"https:\/\/pressbooks.com\/app\/uploads\/sites\/42624\/2015\/12\/emus-ch1-photo1-96c.jpg\"><img decoding=\"async\" class=\"size-full wp-image-695 aligncenter\" src=\"https:\/\/pressbooks.com\/app\/uploads\/sites\/42624\/2015\/12\/emus-ch1-photo1-96c.jpg\" alt=\"\" width=\"192\" height=\"216\" \/><\/a><\/p>\n<p>et les joueurs d\u2019instruments \u00e0 vent formant certains accords.<\/p>\n<p><a href=\"https:\/\/pressbooks.com\/app\/uploads\/sites\/42624\/2015\/12\/emus-ch1-photo2-96c.jpg\"><img decoding=\"async\" class=\"size-full wp-image-696 aligncenter\" src=\"https:\/\/pressbooks.com\/app\/uploads\/sites\/42624\/2015\/12\/emus-ch1-photo2-96c.jpg\" alt=\"\" width=\"192\" height=\"152\" \/><\/a><\/p>\n<p>La distance entre les frettes d\u2019un luth indique clairement que les intervalles et les gammes correspondants peuvent \u00eatre mesur\u00e9s et calcul\u00e9s.<\/p>\n<p><a href=\"https:\/\/pressbooks.com\/app\/uploads\/sites\/42624\/2015\/12\/emus-ch1-photo3-96c.jpg\"><img decoding=\"async\" class=\"size-full wp-image-697 aligncenter\" src=\"https:\/\/pressbooks.com\/app\/uploads\/sites\/42624\/2015\/12\/emus-ch1-photo3-96c.jpg\" alt=\"\" width=\"240\" height=\"157\" \/><\/a><\/p>\n<p>La position des mains du harpiste sur les cordes montre les rapports tels que la quarte, la quinte et l\u2019octave, ce qui r\u00e9v\u00e8le une connaissance indiscutable des lois gouvernant l\u2019harmonie musicale.<\/p>\n<p>Le jeu des instruments \u00e9tait guid\u00e9 par le mouvement des mains du chef d\u2019orchestre; cela nous permet d\u2019identifier certains tons, certains intervalles et certaines fonctions des sons, comme indiqu\u00e9 sur la gauche dans la repr\u00e9sentation ci-dessous.<\/p>\n<p><a href=\"https:\/\/pressbooks.com\/app\/uploads\/sites\/42624\/2015\/12\/emus-ch1-photo4-96c.jpg\"><img loading=\"lazy\" decoding=\"async\" class=\"size-full wp-image-698 aligncenter\" src=\"https:\/\/pressbooks.com\/app\/uploads\/sites\/42624\/2015\/12\/emus-ch1-photo4-96c.jpg\" alt=\"\" width=\"240\" height=\"167\" \/><\/a><\/p>\n<p>Les rapports de quarte, de quinte et d\u2019octave \u00e9taient les plus courants dans les repr\u00e9sentations de l\u2019\u00c9gypte antique. Curt Sachs, dans son livre <em>Histoire des instruments de musique<\/em><em>, <\/em><em>observa que sur 17 harpistes illustr\u00e9s sur des \u0153uvres d\u2019art (avec suffisamment de r\u00e9alisme et de pr\u00e9cision pour que les informations soient fiables), 7 jouent une quarte, 5 une quinte et 5 une octave.<\/em><\/p>\n<p>Les harpes les plus fr\u00e9quemment illustr\u00e9es avaient 7 cordes et selon les travaux d\u2019\u00e9tude de Curt Sachs concernant les instruments de musique \u00e9gyptiens, les joueurs accordaient leur harpe dans la m\u00eame s\u00e9rie de gammes diatoniques.<\/p>\n<p>L\u2019une des deux harpes repr\u00e9sent\u00e9es sur la tombe de Rams\u00e8s III [voir ci-dessous] comprend 13 cordes\u2009; si la plus longue repr\u00e9sentait proslambanomenos (ou R\u00e9), les 12 autres cordes suffiraient amplement \u00e0 <span style=\"text-decoration: underline;\"><strong>fournir tous les tons,<\/strong> <\/span><strong><span style=\"text-decoration: underline;\">demi-tons, et quarts de ton des genres diatoniques, chromatiques et enharmoniques, dans l\u2019\u00e9tendue d\u2019une octave<\/span>.<\/strong><\/p>\n<p>&nbsp;<\/p>\n<p><a href=\"https:\/\/aemi.pressbooks.com\/wp-content\/uploads\/sites\/42624\/2015\/12\/harp-1.png\"><img loading=\"lazy\" decoding=\"async\" class=\"size-full wp-image-284 aligncenter\" src=\"https:\/\/aemi.pressbooks.com\/wp-content\/uploads\/sites\/42624\/2015\/12\/harp-1.png\" alt=\"harpe\" width=\"165\" height=\"168\" \/><\/a><\/p>\n<p>En plus des nombreuses sc\u00e8nes musicales illustr\u00e9es dans les temples et les tombes pendant toute l\u2019histoire des dynasties d\u2019\u00c9gypte, nous avons aussi acc\u00e8s \u00e0 des centaines d\u2019instruments de musique de l\u2019\u00c9gypte antique qui ont \u00e9t\u00e9 r\u00e9cup\u00e9r\u00e9s des tombes. Ils se trouvent d\u00e9sormais dans les mus\u00e9es et les collections priv\u00e9es du monde entier.<\/p>\n<p>La plupart de ces instruments furent retrouv\u00e9s dans les tombes, soigneusement envelopp\u00e9s individuellement dans des linges avant d\u2019\u00eatre pos\u00e9s dans les tombes.<\/p>\n<p>Toutes ces d\u00e9couvertes, s\u2019ajoutant aux \u00e9crits historiques sur l\u2019h\u00e9ritage musical \u00e9gyptien et aux traditions des habitants contemporains du Nil, se conjuguent pour fournir l\u2019exemple le plus authentique de l\u2019histoire de la musique de l\u2019ancienne \u00c9gypte.<\/p>\n<p><a href=\"https:\/\/pressbooks.com\/app\/uploads\/sites\/42624\/2015\/12\/emus-ch1-photo6-96c.jpg\"><img loading=\"lazy\" decoding=\"async\" class=\"size-full wp-image-699 aligncenter\" src=\"https:\/\/pressbooks.com\/app\/uploads\/sites\/42624\/2015\/12\/emus-ch1-photo6-96c.jpg\" alt=\"\" width=\"240\" height=\"167\" \/><\/a><\/p>\n<p>Malheureusement, grand nombre de ces preuves CLAIREMENT \u00c9GYPTIENNES ont \u00e9t\u00e9 d\u00e9form\u00e9es \u00e0 maintes reprises au fil de l\u2019histoire par les acad\u00e9miciens occidentaux. La grande civilisation de l\u2019ancienne \u00c9gypte inspire m\u00e9pris et jalousie de la part de la tr\u00e8s grande majorit\u00e9 des acad\u00e9miciens occidentaux. L\u2019acad\u00e9micien occidental typique n\u2019h\u00e9sitera pas: 1) \u00e0 d\u00e9crire les \u00c9gyptiens comme un peuple tr\u00e8s conservateur qui n\u2019a jamais chang\u00e9 ni \u00e9volu\u00e9, et qui n\u2019avait pas d\u2019imagination, etc.\u00a0; et simultan\u00e9ment 2) \u00e0 d\u00e9crire les r\u00e9alisations des anciens \u00c9gyptiens comme des accomplissements emprunt\u00e9s\/d\u00e9rob\u00e9s\/copi\u00e9s \u00e0 des peuples non \u00e9gyptiens. Utiliser simultan\u00e9ment ces arguments contradictoires est totalement irrationnel.<\/p>\n<p>Le fait est que les \u00c9gyptiens (anciens et baladis) font preuve d\u2019un remarquable sens de la tradition pouss\u00e9 jusqu\u2019\u00e0 l\u2019exc\u00e8s, comme en t\u00e9moignent TOUS les premiers historiens, tels qu\u2019H\u00e9rodote, qui, dans <em>Les histoires,<\/em> <em>Livre II<\/em>, 79, d\u00e9clare:<\/p>\n<p style=\"padding-left: 30px;\"><em><strong>\u00abContents des chansons qu\u2019ils tiennent de leurs p\u00e8res, ils [les \u00c9gyptiens] n\u2019y en ajoutent point d\u2019autres\u00bb<\/strong><\/em><em>.<\/em><\/p>\n<p>H\u00e9rodote d\u00e9clare \u00e9galement dans les <em>Histoires, Livre II<\/em>, 91:<\/p>\n<p style=\"padding-left: 30px;\"><em><strong>\u00abLes \u00c9gyptiens ont un grand \u00e9loignement pour les coutumes des Grecs, en un mot pour celles de tous les autres hommes\u00bb<\/strong><\/em><em>.<\/em><\/p>\n<p>&nbsp;<\/p>\n<p><span style=\"color: #ff0000;\"><strong>[ Un extrait de<\/strong> <strong>Instruments de Musique \u00c9gyptiens par Moustafa Gadalla]<\/strong><\/span><\/p>\n<p><span style=\"color: #0000ff;\"><strong>https:\/\/egyptianwisdomcenter.org\/product\/instruments-de-musique-egyptiens\/<\/strong><\/span><\/p>\n<p><img decoding=\"async\" class=\"aligncenter\" src=\"https:\/\/books2read-prod.s3.amazonaws.com\/CACHE\/images\/ubl_book_images\/book_display_image_PnlXAdS\/7e9d4fa7964995f1804bca552139e9e0\" \/><\/p>\n<p class=\"tw-data-text tw-text-large XcVN5d tw-ta\" dir=\"ltr\" style=\"text-align: center;\" data-placeholder=\"Translation\"><span style=\"color: #0000ff;\"><strong>https:\/\/egyptianwisdomcenter.org\/product\/instruments-de-musique-egyptiens\/<\/strong><\/span><\/p>","protected":false},"excerpt":{"rendered":"<p>Un Aper\u00e7u Du Patrimoine Musical \u00c9gyptien &nbsp; L\u2019histoire de la musique traditionnelle et arch\u00e9ologique est beaucoup plus abondante que dans n\u2019importe quel [&hellip;]<\/p>","protected":false},"author":3,"featured_media":0,"parent":0,"menu_order":0,"comment_status":"closed","ping_status":"closed","template":"","meta":{"footnotes":""},"class_list":["post-4925","page","type-page","status-publish","hentry"],"aioseo_notices":[],"_links":{"self":[{"href":"https:\/\/egyptianwisdomcenter.org\/fr\/wp-json\/wp\/v2\/pages\/4925","targetHints":{"allow":["GET"]}}],"collection":[{"href":"https:\/\/egyptianwisdomcenter.org\/fr\/wp-json\/wp\/v2\/pages"}],"about":[{"href":"https:\/\/egyptianwisdomcenter.org\/fr\/wp-json\/wp\/v2\/types\/page"}],"author":[{"embeddable":true,"href":"https:\/\/egyptianwisdomcenter.org\/fr\/wp-json\/wp\/v2\/users\/3"}],"replies":[{"embeddable":true,"href":"https:\/\/egyptianwisdomcenter.org\/fr\/wp-json\/wp\/v2\/comments?post=4925"}],"version-history":[{"count":0,"href":"https:\/\/egyptianwisdomcenter.org\/fr\/wp-json\/wp\/v2\/pages\/4925\/revisions"}],"wp:attachment":[{"href":"https:\/\/egyptianwisdomcenter.org\/fr\/wp-json\/wp\/v2\/media?parent=4925"}],"curies":[{"name":"wp","href":"https:\/\/api.w.org\/{rel}","templated":true}]}}