{"id":52753,"date":"2019-09-12T16:48:40","date_gmt":"2019-09-12T20:48:40","guid":{"rendered":"http:\/\/egyptianwisdomcenter.org\/?page_id=52753"},"modified":"2023-10-17T04:53:12","modified_gmt":"2023-10-17T08:53:12","slug":"podcasts-en","status":"publish","type":"page","link":"https:\/\/egyptianwisdomcenter.org\/fr\/podcasts-en\/","title":{"rendered":"Podcasts en anglais"},"content":{"rendered":"<h4>\u00c9coutez gratuitement des \u00e9chantillons de podcasts de chapitres de livres de Moustafa Gadalla<\/h4>\n<p><a href=\"https:\/\/egyptianwisdomcenter.org\/podcasts-es\/\">Podcasts espagnols<\/a> | <a href=\"https:\/\/egyptianwisdomcenter.org\/podcasts-ru\/\">Podcasts russes<\/a> | <a href=\"https:\/\/egyptianwisdomcenter.org\/podcasts-de\/\">Podcasts allemands<\/a> | <a href=\"https:\/\/egyptianwisdomcenter.org\/podcasts-fr\/\">Podcasts fran\u00e7ais<\/a><\/p>\n<!-- Widget Shortcode --><div id=\"rpwe_widget-2\" class=\"widget rpwe_widget recent-posts-extended widget-shortcode area-arbitrary\"><h2 class=\"widgettitle\">Podcast en anglais<\/h2><div  class=\"rpwe-block\"><ul class=\"rpwe-ul\"><li class=\"rpwe-li rpwe-clearfix\"><a class=\"rpwe-img\" href=\"https:\/\/egyptianwisdomcenter.org\/fr\/facts-and-fictions-about-the-egyptian-pharaoh\/\" target=\"_self\"><img loading=\"lazy\" class=\"rpwe-alignleft rpwe-thumb\" src=\"https:\/\/egyptianwisdomcenter.org\/wp-content\/uploads\/2019\/09\/cover-53-45x60.jpg\" alt=\"Facts and Fictions About The Egyptian Pharaoh\" height=\"60\" width=\"45\" decoding=\"async\"><\/a><h3 class=\"rpwe-title\"><a href=\"https:\/\/egyptianwisdomcenter.org\/fr\/facts-and-fictions-about-the-egyptian-pharaoh\/\" target=\"_self\">Facts and Fictions About The Egyptian Pharaoh<\/a><\/h3><time class=\"rpwe-time published\" datetime=\"2019-09-09T10:31:07-04:00\">9 septembre 2019<\/time><div class=\"rpwe-summary\">Ce podcast abordera le sujet du r\u00f4le du Pharaon dans l&#039;Egypte ancienne \u2014 un chapitre du livre de Moustafa Gadalla [\u2026]<a href=\"https:\/\/egyptianwisdomcenter.org\/fr\/facts-and-fictions-about-the-egyptian-pharaoh\/\" class=\"more-link\">En savoir plus &quot;<\/a><\/div><\/li><li class=\"rpwe-li rpwe-clearfix\"><a class=\"rpwe-img\" href=\"https:\/\/egyptianwisdomcenter.org\/fr\/isis-mary-mother-of-god\/\" target=\"_self\"><img loading=\"lazy\" class=\"rpwe-alignleft rpwe-thumb\" src=\"https:\/\/egyptianwisdomcenter.org\/wp-content\/uploads\/2019\/09\/cover_isis-225x338-225x338-200x300-45x60.jpg\" alt=\"Isis\/Mary : Mother of God\" height=\"60\" width=\"45\" decoding=\"async\"><\/a><h3 class=\"rpwe-title\"><a href=\"https:\/\/egyptianwisdomcenter.org\/fr\/isis-mary-mother-of-god\/\" target=\"_self\">Isis\/Mary : Mother of God<\/a><\/h3><time class=\"rpwe-time published\" datetime=\"2019-09-05T16:07:19-04:00\">5 septembre 2019<\/time><div class=\"rpwe-summary\">Ce podcast abordera le sujet des incroyables similitudes entre le r\u00e9cit all\u00e9gorique \u00e9gyptien d\u2019Isis et celui de la Vierge [\u2026]<a href=\"https:\/\/egyptianwisdomcenter.org\/fr\/isis-mary-mother-of-god\/\" class=\"more-link\">En savoir plus &quot;<\/a><\/div><\/li><li class=\"rpwe-li rpwe-clearfix\"><a class=\"rpwe-img\" href=\"https:\/\/egyptianwisdomcenter.org\/fr\/monotheism-and-polytheism-in-ancient-egypt-2\/\" target=\"_self\"><img loading=\"lazy\" class=\"rpwe-alignleft rpwe-thumb\" src=\"https:\/\/egyptianwisdomcenter.org\/wp-content\/uploads\/2019\/09\/divinities-45x60.jpg\" alt=\"Monotheism and Polytheism in Ancient Egypt\" height=\"60\" width=\"45\" decoding=\"async\"><\/a><h3 class=\"rpwe-title\"><a href=\"https:\/\/egyptianwisdomcenter.org\/fr\/monotheism-and-polytheism-in-ancient-egypt-2\/\" target=\"_self\">Monotheism and Polytheism in Ancient Egypt<\/a><\/h3><time class=\"rpwe-time published\" datetime=\"2019-09-09T14:39:13-04:00\">9 septembre 2019<\/time><div class=\"rpwe-summary\">Ce podcast couvrira le sujet du monoth\u00e9isme et du polyth\u00e9isme dans l&#039;\u00c9gypte ancienne \u2014 il s&#039;agit de deux chapitres du livre de Moustafa Gadalla Divinit\u00e9s \u00e9gyptiennes : le [\u2026]<a href=\"https:\/\/egyptianwisdomcenter.org\/fr\/monotheism-and-polytheism-in-ancient-egypt-2\/\" class=\"more-link\">En savoir plus &quot;<\/a><\/div><\/li><li class=\"rpwe-li rpwe-clearfix\"><a class=\"rpwe-img\" href=\"https:\/\/egyptianwisdomcenter.org\/fr\/moses-and-akhenaton-pod\/\" target=\"_self\"><img loading=\"lazy\" class=\"rpwe-alignleft rpwe-thumb\" src=\"https:\/\/egyptianwisdomcenter.org\/wp-content\/uploads\/2019\/09\/cover-65-45x60.jpg\" alt=\"Mo\u00efse et Akh\u00e9naton\" height=\"60\" width=\"45\" decoding=\"async\"><\/a><h3 class=\"rpwe-title\"><a href=\"https:\/\/egyptianwisdomcenter.org\/fr\/moses-and-akhenaton-pod\/\" target=\"_self\">Mo\u00efse et Akh\u00e9naton<\/a><\/h3><time class=\"rpwe-time published\" datetime=\"2019-09-09T15:07:11-04:00\">9 septembre 2019<\/time><div class=\"rpwe-summary\">Ce podcast abordera le sujet des incroyables similitudes entre les r\u00e9cits bibliques de Mo\u00efse et les r\u00e9cits historiques d&#039;Akhenaton [\u2026]<a href=\"https:\/\/egyptianwisdomcenter.org\/fr\/moses-and-akhenaton-pod\/\" class=\"more-link\">En savoir plus &quot;<\/a><\/div><\/li><li class=\"rpwe-li rpwe-clearfix\"><a class=\"rpwe-img\" href=\"https:\/\/egyptianwisdomcenter.org\/fr\/pictorial-symbolism-in-ancient-egypt\/\" target=\"_self\"><img loading=\"lazy\" class=\"rpwe-alignleft rpwe-thumb\" src=\"https:\/\/egyptianwisdomcenter.org\/wp-content\/uploads\/2019\/09\/divinities-45x60.jpg\" alt=\"Pictorial Symbolism in Ancient Egypt\" height=\"60\" width=\"45\" decoding=\"async\"><\/a><h3 class=\"rpwe-title\"><a href=\"https:\/\/egyptianwisdomcenter.org\/fr\/pictorial-symbolism-in-ancient-egypt\/\" target=\"_self\">Pictorial Symbolism in Ancient Egypt<\/a><\/h3><time class=\"rpwe-time published\" datetime=\"2019-09-05T17:11:11-04:00\">5 septembre 2019<\/time><div class=\"rpwe-summary\">Ce podcast abordera le sujet du symbolisme pictural dans l&#039;\u00c9gypte ancienne \u2014 un chapitre du livre de Moustafa Gadalla Divinit\u00e9s \u00e9gyptiennes : le [\u2026]<a href=\"https:\/\/egyptianwisdomcenter.org\/fr\/pictorial-symbolism-in-ancient-egypt\/\" class=\"more-link\">En savoir plus &quot;<\/a><\/div><\/li><li class=\"rpwe-li rpwe-clearfix\"><a class=\"rpwe-img\" href=\"https:\/\/egyptianwisdomcenter.org\/fr\/the-egyptian-alphabetical-and-imagery-writing-modes\/\" target=\"_self\"><img loading=\"lazy\" class=\"rpwe-alignleft rpwe-thumb\" src=\"https:\/\/egyptianwisdomcenter.org\/wp-content\/uploads\/2019\/02\/cover-eu-225x338-225x338-45x60.jpg\" alt=\"Les modes d\u2019\u00e9criture \u00e9gyptiens alphab\u00e9tiques et imag\u00e9s\" height=\"60\" width=\"45\" decoding=\"async\"><\/a><h3 class=\"rpwe-title\"><a href=\"https:\/\/egyptianwisdomcenter.org\/fr\/the-egyptian-alphabetical-and-imagery-writing-modes\/\" target=\"_self\">Les modes d\u2019\u00e9criture \u00e9gyptiens alphab\u00e9tiques et imag\u00e9s<\/a><\/h3><time class=\"rpwe-time published\" datetime=\"2019-08-28T15:40:26-04:00\">28 ao\u00fbt 2019<\/time><div class=\"rpwe-summary\">Ce podcast donne un aper\u00e7u rapide des modes d&#039;\u00e9criture dans l&#039;\u00c9gypte ancienne : la forme alphab\u00e9tique de l&#039;\u00e9criture et l&#039;imagerie picturale [\u2026]<a href=\"https:\/\/egyptianwisdomcenter.org\/fr\/the-egyptian-alphabetical-and-imagery-writing-modes\/\" class=\"more-link\">En savoir plus &quot;<\/a><\/div><\/li><li class=\"rpwe-li rpwe-clearfix\"><a class=\"rpwe-img\" href=\"https:\/\/egyptianwisdomcenter.org\/fr\/the-egyptian-creation-process-accounts\/\" target=\"_self\"><img loading=\"lazy\" class=\"rpwe-alignleft rpwe-thumb\" src=\"https:\/\/egyptianwisdomcenter.org\/wp-content\/uploads\/2019\/09\/cover-53-45x60.jpg\" alt=\"Les comptes du processus de cr\u00e9ation \u00e9gyptien\" height=\"60\" width=\"45\" decoding=\"async\"><\/a><h3 class=\"rpwe-title\"><a href=\"https:\/\/egyptianwisdomcenter.org\/fr\/the-egyptian-creation-process-accounts\/\" target=\"_self\">Les comptes du processus de cr\u00e9ation \u00e9gyptien<\/a><\/h3><time class=\"rpwe-time published\" datetime=\"2019-09-24T14:34:28-04:00\">24 septembre 2019<\/time><div class=\"rpwe-summary\">Ce podcast couvrira le sujet des r\u00e9cits du processus de cr\u00e9ation \u00e9gyptien \u2014 un extrait du livre de Moustafa Gadalla Cosmologie \u00e9gyptienne Le [\u2026]<a href=\"https:\/\/egyptianwisdomcenter.org\/fr\/the-egyptian-creation-process-accounts\/\" class=\"more-link\">En savoir plus &quot;<\/a><\/div><\/li><li class=\"rpwe-li rpwe-clearfix\"><a class=\"rpwe-img\" href=\"https:\/\/egyptianwisdomcenter.org\/fr\/the-incredible-remote-age-of-ancient-egypt-the-incredible-remote-age-of-ancient-egypt\/\" target=\"_self\"><img loading=\"lazy\" class=\"rpwe-alignleft rpwe-thumb\" src=\"https:\/\/egyptianwisdomcenter.org\/wp-content\/uploads\/2019\/09\/AECR-45x60.jpg\" alt=\"The Incredible Remote Age of Ancient Egypt\" height=\"60\" width=\"45\" decoding=\"async\"><\/a><h3 class=\"rpwe-title\"><a href=\"https:\/\/egyptianwisdomcenter.org\/fr\/the-incredible-remote-age-of-ancient-egypt-the-incredible-remote-age-of-ancient-egypt\/\" target=\"_self\">The Incredible Remote Age of Ancient Egypt<\/a><\/h3><time class=\"rpwe-time published\" datetime=\"2019-09-05T16:49:00-04:00\">5 septembre 2019<\/time><div class=\"rpwe-summary\">Ce podcast abordera le sujet de l&#039;\u00e9poque tr\u00e8s recul\u00e9e de l&#039;\u00c9gypte ancienne \u2014 un chapitre du livre de Moustafa Gadalla Ancient [\u2026]<a href=\"https:\/\/egyptianwisdomcenter.org\/fr\/the-incredible-remote-age-of-ancient-egypt-the-incredible-remote-age-of-ancient-egypt\/\" class=\"more-link\">En savoir plus &quot;<\/a><\/div><\/li><li class=\"rpwe-li rpwe-clearfix\"><a class=\"rpwe-img\" href=\"https:\/\/egyptianwisdomcenter.org\/fr\/the-masonic-powers-of-egyptian-architecture\/\" target=\"_self\"><img loading=\"lazy\" class=\"rpwe-alignleft rpwe-thumb\" src=\"https:\/\/egyptianwisdomcenter.org\/wp-content\/uploads\/2019\/09\/cover-47-45x60.jpg\" alt=\"The Masonic Powers of Egyptian Architecture\" height=\"60\" width=\"45\" decoding=\"async\"><\/a><h3 class=\"rpwe-title\"><a href=\"https:\/\/egyptianwisdomcenter.org\/fr\/the-masonic-powers-of-egyptian-architecture\/\" target=\"_self\">The Masonic Powers of Egyptian Architecture<\/a><\/h3><time class=\"rpwe-time published\" datetime=\"2019-09-09T15:18:28-04:00\">9 septembre 2019<\/time><div class=\"rpwe-summary\">Ce podcast abordera le sujet des pouvoirs ma\u00e7onniques de l&#039;architecture \u00e9gyptienne antique. Consultez le livre de Moustafa Gadalla : L&#039;\u00c9gypte ancienne [\u2026]<a href=\"https:\/\/egyptianwisdomcenter.org\/fr\/the-masonic-powers-of-egyptian-architecture\/\" class=\"more-link\">En savoir plus &quot;<\/a><\/div><\/li><li class=\"rpwe-li rpwe-clearfix\"><a class=\"rpwe-img\" href=\"https:\/\/egyptianwisdomcenter.org\/fr\/the-writings-on-the-egyptian-walls\/\" target=\"_self\"><img loading=\"lazy\" class=\"rpwe-alignleft rpwe-thumb\" src=\"https:\/\/egyptianwisdomcenter.org\/wp-content\/uploads\/2019\/02\/cover-metlang-225x338-225x338-45x60.jpg\" alt=\"Les \u00e9crits sur les murs \u00e9gyptiens\" height=\"60\" width=\"45\" decoding=\"async\"><\/a><h3 class=\"rpwe-title\"><a href=\"https:\/\/egyptianwisdomcenter.org\/fr\/the-writings-on-the-egyptian-walls\/\" target=\"_self\">Les \u00e9crits sur les murs \u00e9gyptiens<\/a><\/h3><time class=\"rpwe-time published\" datetime=\"2019-08-29T22:34:29-04:00\">29 ao\u00fbt 2019<\/time><div class=\"rpwe-summary\">Ce podcast abordera le sujet des \u00e9crits et des repr\u00e9sentations sur les murs \u00e9gyptiens des temples, des tombeaux, etc. Pour des informations d\u00e9taill\u00e9es [\u2026]<a href=\"https:\/\/egyptianwisdomcenter.org\/fr\/the-writings-on-the-egyptian-walls\/\" class=\"more-link\">En savoir plus &quot;<\/a><\/div><\/li><\/ul><\/div><!-- Generated by http:\/\/wordpress.org\/plugins\/recent-posts-widget-extended\/ --><\/div><!-- \/Widget Shortcode -->","protected":false},"excerpt":{"rendered":"<p>Listen to free Podcast Samples of Chapters from Books By Moustafa Gadalla Spanish Podcasts | Russian Podcasts | German Podcasts | French [&hellip;]<\/p>","protected":false},"author":3,"featured_media":0,"parent":0,"menu_order":0,"comment_status":"closed","ping_status":"closed","template":"","meta":{"footnotes":""},"class_list":["post-52753","page","type-page","status-publish","hentry"],"aioseo_notices":[],"_links":{"self":[{"href":"https:\/\/egyptianwisdomcenter.org\/fr\/wp-json\/wp\/v2\/pages\/52753","targetHints":{"allow":["GET"]}}],"collection":[{"href":"https:\/\/egyptianwisdomcenter.org\/fr\/wp-json\/wp\/v2\/pages"}],"about":[{"href":"https:\/\/egyptianwisdomcenter.org\/fr\/wp-json\/wp\/v2\/types\/page"}],"author":[{"embeddable":true,"href":"https:\/\/egyptianwisdomcenter.org\/fr\/wp-json\/wp\/v2\/users\/3"}],"replies":[{"embeddable":true,"href":"https:\/\/egyptianwisdomcenter.org\/fr\/wp-json\/wp\/v2\/comments?post=52753"}],"version-history":[{"count":6,"href":"https:\/\/egyptianwisdomcenter.org\/fr\/wp-json\/wp\/v2\/pages\/52753\/revisions"}],"predecessor-version":[{"id":68299,"href":"https:\/\/egyptianwisdomcenter.org\/fr\/wp-json\/wp\/v2\/pages\/52753\/revisions\/68299"}],"wp:attachment":[{"href":"https:\/\/egyptianwisdomcenter.org\/fr\/wp-json\/wp\/v2\/media?parent=52753"}],"curies":[{"name":"wp","href":"https:\/\/api.w.org\/{rel}","templated":true}]}}