{"id":58,"date":"2020-04-17T20:49:15","date_gmt":"2020-04-17T20:49:15","guid":{"rendered":"http:\/\/isisrisesoperetta.com\/?page_id=58"},"modified":"2025-03-19T16:25:52","modified_gmt":"2025-03-19T20:25:52","slug":"operetta","status":"publish","type":"page","link":"https:\/\/egyptianwisdomcenter.org\/fr\/operette\/","title":{"rendered":"Op\u00e9rette"},"content":{"rendered":"<p style=\"margin-top: 25px; margin-left: 10px; font-size: 16px; font-weight: bold;\"><a href=\"https:\/\/egyptianwisdomcenter.org\/fr\/operette\/\">\u00c0 propos<\/a> | <a href=\"\/fr\/production-team\/\">\u00c9quipe de production<\/a> | <a href=\"\/fr\/trailer\/\">Bande-annonce<\/a> | <a href=\"https:\/\/egyptianwisdomcenter.org\/fr\/licence-de-droits\/\">Rights &amp; Licensing<\/a> | <a href=\"https:\/\/egyptianwisdomcenter.org\/fr\/the-scenes\/scene-1\/\">acte 1<\/a> | <a href=\"https:\/\/egyptianwisdomcenter.org\/fr\/the-scenes\/scene-2\/\">Acte 2<\/a> | <a href=\"https:\/\/egyptianwisdomcenter.org\/fr\/the-scenes\/scene-3\/\">Acte 3<\/a> | <a href=\"https:\/\/egyptianwisdomcenter.org\/fr\/the-scenes\/scene-4\/\">Acte 4<\/a> | <a href=\"https:\/\/egyptianwisdomcenter.org\/fr\/the-scenes\/scene-5\/\">Acte 5<\/a> | <a href=\"https:\/\/egyptianwisdomcenter.org\/fr\/the-scenes\/scene-6\/\">Acte 6<\/a> | <a href=\"https:\/\/egyptianwisdomcenter.org\/fr\/isis-rises-operetta-free-book\/\">Free Book<\/a><\/p>\n<h1>Overview (Isis Rises Operetta)<\/h1>\n<p><img fetchpriority=\"high\" decoding=\"async\" class=\"size-medium wp-image-51 aligncenter\" src=\"https:\/\/egyptianwisdomcenter.org\/wp-content\/uploads\/2020\/04\/IsisBlue-cropped-259x300.jpg\" alt=\"Statue d&#039;or de l&#039;Iside\" width=\"259\" height=\"300\" \/><\/p>\n<p>Isis Rises Operetta is a mesmerizing, wordless musical operetta to cross all boundaries in the world. It relates the allegorical story of the trials, tribulations, tragedy and triumph of Isis as the archetypal Goddess of all women\u2014through acting, interpretive dancing, lyrical dancing, projection and special lighting effects, all portrayed in an Ancient Egyptian setting.<\/p>\n<p>Tous les morceaux de musique sont interpr\u00e9t\u00e9s avec des instruments de musique \u00e9gyptiens anciens avec une composition musicale ancienne. Tous les types de danses de l\u2019op\u00e9rette sont \u00e9galement repr\u00e9sentatifs de celles de l\u2019\u00c9gypte ancienne. L&#039;op\u00e9rette Isis contient plusieurs danses de diff\u00e9rents types. Ils varient d&#039;une danse de type ballet \u00e0 une danse ind\u00e9pendante en passant par des mouvements rythm\u00e9s.<\/p>\n<p>Les spectateurs vivront toute la gamme des \u00e9motions puissantes suscit\u00e9es par un d\u00e9fil\u00e9 spectaculaire de musique, de couleurs, de lumi\u00e8re et de divertissement. Il remplira les c\u0153urs et les esprits de tous les peuples et de tous les \u00e2ges d\u2019une joie et d\u2019un amour absolus.<\/p>\n<p>L&#039;op\u00e9rette aidera les spectateurs \u00e0 d\u00e9couvrir et \u00e0 renforcer les multiples qualit\u00e9s de la D\u00e9esse int\u00e9rieure.<\/p>\n<p>La netert (d\u00e9esse) \u00e9gyptienne Isis est la patronne dont la sollicitude s&#039;\u00e9tend \u00e0 l&#039;ensemble des besoins humains. Elle est devenue la grande et bienfaisante Netert (d\u00e9esse) et m\u00e8re, dont l&#039;influence et l&#039;amour ont impr\u00e9gn\u00e9 tout le ciel, la terre et l&#039;autre monde ; et elle est devenue la personnification de la grande puissance f\u00e9minine et cr\u00e9atrice qui a con\u00e7u et donn\u00e9 naissance \u00e0 chaque cr\u00e9ature et \u00eatre vivant, depuis les divinit\u00e9s du ciel jusqu&#039;\u00e0 l&#039;homme sur terre et aux insectes sur terre.<\/p>\n<p>L&#039;Op\u00e9rette est compos\u00e9e de six sc\u00e8nes pour correspondre \u00e0 la relation d&#039;Isis avec ce nombre, repr\u00e9sentant la Terre M\u00e8re symbolis\u00e9e par le cube\/bo\u00eete. \u00c0 la fin du sixi\u00e8me acte, le spectacle montre la symbolique de sortir des sentiers battus.<\/p>\n<p>&nbsp;<\/p>\n<style>body,.content-inner{background:#FCD701 !important;<\/style>","protected":false},"excerpt":{"rendered":"<p>About | Production Team | Trailer | Rights &amp; Licensing | Act 1 | Act 2 | Act 3 | Act 4 [&hellip;]<\/p>","protected":false},"author":3,"featured_media":0,"parent":0,"menu_order":0,"comment_status":"closed","ping_status":"closed","template":"page-templates\/page_fullwidth.php","meta":{"footnotes":""},"class_list":["post-58","page","type-page","status-publish","hentry"],"aioseo_notices":[],"_links":{"self":[{"href":"https:\/\/egyptianwisdomcenter.org\/fr\/wp-json\/wp\/v2\/pages\/58","targetHints":{"allow":["GET"]}}],"collection":[{"href":"https:\/\/egyptianwisdomcenter.org\/fr\/wp-json\/wp\/v2\/pages"}],"about":[{"href":"https:\/\/egyptianwisdomcenter.org\/fr\/wp-json\/wp\/v2\/types\/page"}],"author":[{"embeddable":true,"href":"https:\/\/egyptianwisdomcenter.org\/fr\/wp-json\/wp\/v2\/users\/3"}],"replies":[{"embeddable":true,"href":"https:\/\/egyptianwisdomcenter.org\/fr\/wp-json\/wp\/v2\/comments?post=58"}],"version-history":[{"count":11,"href":"https:\/\/egyptianwisdomcenter.org\/fr\/wp-json\/wp\/v2\/pages\/58\/revisions"}],"predecessor-version":[{"id":69573,"href":"https:\/\/egyptianwisdomcenter.org\/fr\/wp-json\/wp\/v2\/pages\/58\/revisions\/69573"}],"wp:attachment":[{"href":"https:\/\/egyptianwisdomcenter.org\/fr\/wp-json\/wp\/v2\/media?parent=58"}],"curies":[{"name":"wp","href":"https:\/\/api.w.org\/{rel}","templated":true}]}}