{"id":68537,"date":"2020-04-30T00:22:11","date_gmt":"2020-04-30T00:22:11","guid":{"rendered":"http:\/\/isisrisesoperetta.com\/?page_id=89"},"modified":"2024-03-19T12:52:09","modified_gmt":"2024-03-19T16:52:09","slug":"scene-2","status":"publish","type":"page","link":"https:\/\/egyptianwisdomcenter.org\/fr\/the-scenes\/scene-2\/","title":{"rendered":"Acte 2"},"content":{"rendered":"<p style=\"margin-top: 25px; margin-left: 10px; font-size: 16px; font-weight: bold;\"><a href=\"https:\/\/egyptianwisdomcenter.org\/fr\/operette\/\">\u00c0 propos<\/a> | <a href=\"\/fr\/production-team\/\">\u00c9quipe de production<\/a> | <a href=\"\/fr\/trailer\/\">Bande-annonce<\/a> | <a href=\"\/fr\/product\/isis-rises-operetta\/\">Achat vid\u00e9o<\/a> | <a href=\"https:\/\/egyptianwisdomcenter.org\/fr\/licence-de-droits\/\">Rights &amp; Licensing<\/a> | <a href=\"https:\/\/egyptianwisdomcenter.org\/fr\/the-scenes\/scene-1\/\">acte 1<\/a> | <a href=\"https:\/\/egyptianwisdomcenter.org\/fr\/the-scenes\/scene-2\/\">Acte 2<\/a> | <a href=\"https:\/\/egyptianwisdomcenter.org\/fr\/the-scenes\/scene-3\/\">Acte 3<\/a> | <a href=\"https:\/\/egyptianwisdomcenter.org\/fr\/the-scenes\/scene-4\/\">Acte 4<\/a> | <a href=\"https:\/\/egyptianwisdomcenter.org\/fr\/the-scenes\/scene-5\/\">Acte 5<\/a> | <a href=\"https:\/\/egyptianwisdomcenter.org\/fr\/the-scenes\/scene-6\/\">Acte 6<\/a> | <a href=\"https:\/\/egyptianwisdomcenter.org\/fr\/isis-rises-operetta-free-book\/\">Free Book<\/a><\/p>\n<h1>Isis Rises Operetta &#8211; Act 2<\/h1>\n<div class=\"gmail_default\">\n<div class=\"gmail_default\">\n<h3><span style=\"color: #ff0000;\">R\u00e9sum\u00e9 de l&#039;acte 2 \u2013 Hors de la bouche des b\u00e9b\u00e9s !<\/span><\/h3>\n<p><span style=\"font-weight: 400;\">a- Isis est assise au coin le plus \u00e9loign\u00e9 de la sc\u00e8ne, fatigu\u00e9e et d\u00e9courag\u00e9e tandis que cinq jeunes enfants jouent\/dansent sur le ton de \u00ab Yamama Byda \u00bb [une chanson folklorique des enfants \u00e9gyptiens sur la colombe blanche].\u00a0\u00a0<\/span><\/p>\n<p><span style=\"font-weight: 400;\">b- Les enfants ont remarqu\u00e9 les tristes conditions d&#039;Isis. Ils ont arr\u00eat\u00e9 de jouer, d\u00e9sol\u00e9s pour Isis en deuil. Ils se sont approch\u00e9s d&#039;elle pour lui demander ce qui n&#039;allait pas ?!<\/span><\/p>\n<p><span style=\"font-weight: 400;\">c- Isis leur a dit qu&#039;elle cherchait d\u00e9sesp\u00e9r\u00e9ment Osiris perdu. Elle leur a demand\u00e9 s&#039;ils savaient quelque chose sur l&#039;endroit o\u00f9 se trouvait Osiris ?<\/span><\/p>\n<p><span style=\"font-weight: 400;\">d- Ils lui ont dit de le trouver dans un arbre et lui ont indiqu\u00e9 sa direction. L&#039;\u00e9cran de sc\u00e8ne montre un arbre magnifique !<\/span><\/p>\n<p><span style=\"font-weight: 400;\">e-Isis a remerci\u00e9 les enfants et leur a fait signe avant de partir pour suivre la direction qu&#039;ils avaient donn\u00e9e.<\/span><\/p>\n<p><span style=\"font-weight: 400;\">f- Les enfants se sont remis \u00e0 jouer.<\/span><\/p>\n<\/div>\n<p>&nbsp;<\/p>\n<p>&nbsp;<\/p>\n<p><span style=\"font-weight: 400;\">Osiris int\u00e9gr\u00e9 dans un arbre \u00e0 feuilles persistantes<\/span><\/p>\n<p><img fetchpriority=\"high\" decoding=\"async\" class=\"alignnone size-full wp-image-315\" src=\"http:\/\/isisrisesoperetta.com\/wp-content\/uploads\/2022\/02\/embedded-into-evergreen-tree.png\" alt=\"\" width=\"289\" height=\"179\" \/><\/p>\n<\/div>\n<style>body,.content-inner{background:#FCD701 !important;<\/style>","protected":false},"excerpt":{"rendered":"<p>About | Production Team | Trailer | Video Purchase | Rights &amp; Licensing | Act 1 | Act 2 | Act 3 [&hellip;]<\/p>","protected":false},"author":3,"featured_media":0,"parent":68534,"menu_order":0,"comment_status":"closed","ping_status":"closed","template":"","meta":{"footnotes":""},"class_list":["post-68537","page","type-page","status-publish","hentry"],"aioseo_notices":[],"_links":{"self":[{"href":"https:\/\/egyptianwisdomcenter.org\/fr\/wp-json\/wp\/v2\/pages\/68537","targetHints":{"allow":["GET"]}}],"collection":[{"href":"https:\/\/egyptianwisdomcenter.org\/fr\/wp-json\/wp\/v2\/pages"}],"about":[{"href":"https:\/\/egyptianwisdomcenter.org\/fr\/wp-json\/wp\/v2\/types\/page"}],"author":[{"embeddable":true,"href":"https:\/\/egyptianwisdomcenter.org\/fr\/wp-json\/wp\/v2\/users\/3"}],"replies":[{"embeddable":true,"href":"https:\/\/egyptianwisdomcenter.org\/fr\/wp-json\/wp\/v2\/comments?post=68537"}],"version-history":[{"count":10,"href":"https:\/\/egyptianwisdomcenter.org\/fr\/wp-json\/wp\/v2\/pages\/68537\/revisions"}],"predecessor-version":[{"id":69067,"href":"https:\/\/egyptianwisdomcenter.org\/fr\/wp-json\/wp\/v2\/pages\/68537\/revisions\/69067"}],"up":[{"embeddable":true,"href":"https:\/\/egyptianwisdomcenter.org\/fr\/wp-json\/wp\/v2\/pages\/68534"}],"wp:attachment":[{"href":"https:\/\/egyptianwisdomcenter.org\/fr\/wp-json\/wp\/v2\/media?parent=68537"}],"curies":[{"name":"wp","href":"https:\/\/api.w.org\/{rel}","templated":true}]}}