{"id":68538,"date":"2020-04-30T00:22:57","date_gmt":"2020-04-30T00:22:57","guid":{"rendered":"http:\/\/isisrisesoperetta.com\/?page_id=91"},"modified":"2024-03-19T12:52:13","modified_gmt":"2024-03-19T16:52:13","slug":"scene-3","status":"publish","type":"page","link":"https:\/\/egyptianwisdomcenter.org\/fr\/the-scenes\/scene-3\/","title":{"rendered":"Acte 3"},"content":{"rendered":"<p style=\"margin-top: 25px; margin-left: 10px; font-size: 16px; font-weight: bold;\"><a href=\"https:\/\/egyptianwisdomcenter.org\/fr\/operette\/\">\u00c0 propos<\/a> | <a href=\"\/fr\/production-team\/\">\u00c9quipe de production<\/a> | <a href=\"\/fr\/trailer\/\">Bande-annonce<\/a> | <a href=\"\/fr\/product\/isis-rises-operetta\/\">Achat vid\u00e9o<\/a> | <a href=\"https:\/\/egyptianwisdomcenter.org\/fr\/licence-de-droits\/\">Rights &amp; Licensing<\/a> | <a href=\"https:\/\/egyptianwisdomcenter.org\/fr\/the-scenes\/scene-1\/\">acte 1<\/a> | <a href=\"https:\/\/egyptianwisdomcenter.org\/fr\/the-scenes\/scene-2\/\">Acte 2<\/a> | <a href=\"https:\/\/egyptianwisdomcenter.org\/fr\/the-scenes\/scene-3\/\">Acte 3<\/a> | <a href=\"https:\/\/egyptianwisdomcenter.org\/fr\/the-scenes\/scene-4\/\">Acte 4<\/a> | <a href=\"https:\/\/egyptianwisdomcenter.org\/fr\/the-scenes\/scene-5\/\">Acte 5<\/a> | <a href=\"https:\/\/egyptianwisdomcenter.org\/fr\/the-scenes\/scene-6\/\">Acte 6<\/a> | <a href=\"https:\/\/egyptianwisdomcenter.org\/fr\/isis-rises-operetta-free-book\/\">Free Book<\/a><\/p>\n<h1>Isis Rises Operetta &#8211; Act 3<\/h1>\n<div>\n<h3><span style=\"color: #ff0000;\">R\u00e9sum\u00e9 de l&#039;acte 3 \u2013 L&#039;arbre sacr\u00e9 de la vie<\/span><\/h3>\n<\/div>\n<div class=\"gmail_default\">\n<div class=\"gmail_default\">\n<div class=\"gmail_default\">\n<p><span style=\"font-weight: 400;\">a- L&#039;\u00e9cran de sc\u00e8ne montre le d\u00e9cor alors qu&#039;Isis s&#039;approche de l&#039;arbre dont les enfants lui ont parl\u00e9.<\/span><\/p>\n<p><span style=\"font-weight: 400;\">b- Isis se dirige vers l&#039;Arbre et croise un groupe de danseurs repr\u00e9sentant des servantes balayant rituellement le sol autour de l&#039;arbre avec des branches d&#039;arbre.<\/span><\/p>\n<p><span style=\"font-weight: 400;\">c- Apr\u00e8s 1 \u00e0 2 minutes, Isis rejoint les jeunes filles dans leur danse rituelle de nettoyage.<\/span><\/p>\n<p><span style=\"font-weight: 400;\">d- Quelques minutes plus tard, Isis ne pouvait plus attendre et elle s&#039;\u00e9loigna des danseuses et se dirigea vers l&#039;arbre.<\/span><\/p>\n<p><span style=\"font-weight: 400;\">e- Tr\u00e8s soigneusement, elle a touch\u00e9 l&#039;arbre avec son index \u2013 un \u00e9clair \u00e9clate et la sc\u00e8ne s&#039;assombrit pendant une seconde. Oui, l&#039;Arbre contient le Corps d&#039;Osiris. Isis est ravie et elle serre l\u2019Arbre dans ses bras \u2013 en fait, elle serre Osiris dans ses bras.<\/span><\/p>\n<p><span style=\"font-weight: 400;\">f- Sur le ton[pas de paroles] de Lama Bada Yatathana, Isis danse comme un arbre vivant dans la brise.<\/span><\/p>\n<p><span style=\"font-weight: 400;\">g- Ayant retrouv\u00e9 Isis, la pleine lune appara\u00eet dans le ciel car Osiris symbolise <\/span><i><span style=\"font-weight: 400;\">La lune<\/span><\/i><span style=\"font-weight: 400;\"> \u2013 dont la lumi\u00e8re est le reflet de la lumi\u00e8re du soleil \u2013 comme symbolis\u00e9 par Isis !<\/span><\/p>\n<p><span style=\"font-weight: 400;\">Mais cette Pleine Lune est sp\u00e9ciale car c\u2019est une Lune Bleue \u2013 une occasion rare !<\/span><\/p>\n<p><span style=\"font-weight: 400;\">h- Les sept jeunes filles dansent au clair de lune [symbole d&#039;Osiris] \u2014 la Danse de la Fertilit\u00e9.<\/span><\/p>\n<p><span style=\"font-weight: 400;\">i- Les lumi\u00e8res sont tamis\u00e9es et l&#039;\u00e9cran affiche un aper\u00e7u de l&#039;itin\u00e9raire de voyage d&#039;Isis et du corps d&#039;Osiris [apr\u00e8s avoir retir\u00e9 l&#039;arbre environnant] - du site de l&#039;arbre au rivage, \u00e0 travers les eaux libres de la mer M\u00e9diterran\u00e9e et de retour en \u00c9gypte. \u2014 dans les marais entre la ville de Damiette et le lac Manzala.<\/span><\/p>\n<p>&nbsp;<\/p>\n<p><span style=\"font-weight: 400;\">Osiris int\u00e9gr\u00e9 dans un arbre \u00e0 feuilles persistantes<br \/>\n<\/span><\/p>\n<p><img fetchpriority=\"high\" decoding=\"async\" class=\"alignnone size-full wp-image-315\" src=\"http:\/\/isisrisesoperetta.com\/wp-content\/uploads\/2022\/02\/embedded-into-evergreen-tree.png\" alt=\"\" width=\"289\" height=\"179\" \/><\/p>\n<p>La danse de la lune avec des tambourins en forme de lune<\/p>\n<p><img decoding=\"async\" class=\"alignnone size-full wp-image-316\" src=\"http:\/\/isisrisesoperetta.com\/wp-content\/uploads\/2022\/02\/moon-dance.png\" alt=\"\" width=\"227\" height=\"244\" \/><\/p>\n<p><img decoding=\"async\" class=\"alignnone wp-image-319\" src=\"http:\/\/isisrisesoperetta.com\/wp-content\/uploads\/2022\/02\/moon-dance-2.png\" alt=\"\" width=\"219\" height=\"322\" \/><\/p>\n<p><img loading=\"lazy\" decoding=\"async\" class=\"alignnone size-full wp-image-320\" src=\"http:\/\/isisrisesoperetta.com\/wp-content\/uploads\/2022\/02\/moon-dance-3.png\" alt=\"\" width=\"256\" height=\"232\" \/><\/p>\n<\/div>\n<p><img loading=\"lazy\" decoding=\"async\" class=\"size-large wp-image-857\" src=\"https:\/\/egyptianwisdomcenter.org\/wp-content\/uploads\/2023\/08\/STB_2986_web-1024x683.jpg\" alt=\"\" width=\"1024\" height=\"683\" \/><\/p>\n<p><img loading=\"lazy\" decoding=\"async\" class=\"size-large wp-image-858\" src=\"https:\/\/egyptianwisdomcenter.org\/wp-content\/uploads\/2023\/08\/STB_3007_web-1024x683.jpg\" alt=\"\" width=\"1024\" height=\"683\" \/><\/p>\n<p><img loading=\"lazy\" decoding=\"async\" class=\"size-large wp-image-859\" src=\"https:\/\/egyptianwisdomcenter.org\/wp-content\/uploads\/2023\/08\/STB_3011_web-1024x683.jpg\" alt=\"\" width=\"1024\" height=\"683\" \/><\/p>\n<p><img loading=\"lazy\" decoding=\"async\" class=\"size-large wp-image-860\" src=\"https:\/\/egyptianwisdomcenter.org\/wp-content\/uploads\/2023\/08\/STB_3026_web-1024x683.jpg\" alt=\"\" width=\"1024\" height=\"683\" \/><\/p>\n<p><img loading=\"lazy\" decoding=\"async\" class=\"size-large wp-image-861\" src=\"https:\/\/egyptianwisdomcenter.org\/wp-content\/uploads\/2023\/08\/STB_3096_web-1024x683.jpg\" alt=\"\" width=\"1024\" height=\"683\" \/><\/p>\n<p><img loading=\"lazy\" decoding=\"async\" class=\"size-large wp-image-862\" src=\"https:\/\/egyptianwisdomcenter.org\/wp-content\/uploads\/2023\/08\/STB_3104_web-1024x683.jpg\" alt=\"\" width=\"1024\" height=\"683\" \/><\/p>\n<p><img loading=\"lazy\" decoding=\"async\" class=\"size-large wp-image-863\" src=\"https:\/\/egyptianwisdomcenter.org\/wp-content\/uploads\/2023\/08\/STB_3177_web-1024x683.jpg\" alt=\"\" width=\"1024\" height=\"683\" \/><\/p>\n<p><img loading=\"lazy\" decoding=\"async\" class=\"size-large wp-image-864\" src=\"https:\/\/egyptianwisdomcenter.org\/wp-content\/uploads\/2023\/08\/STB_3190_web-1024x683.jpg\" alt=\"\" width=\"1024\" height=\"683\" \/><\/p>\n<p><img loading=\"lazy\" decoding=\"async\" class=\"size-large wp-image-865\" src=\"https:\/\/egyptianwisdomcenter.org\/wp-content\/uploads\/2023\/08\/STB_3325_web-1024x683.jpg\" alt=\"\" width=\"1024\" height=\"683\" \/><\/p>\n<p><img loading=\"lazy\" decoding=\"async\" class=\"size-large wp-image-866\" src=\"https:\/\/egyptianwisdomcenter.org\/wp-content\/uploads\/2023\/08\/STB_2837_web-1024x683.jpg\" alt=\"\" width=\"1024\" height=\"683\" \/><\/p>\n<p><img loading=\"lazy\" decoding=\"async\" class=\"size-large wp-image-867\" src=\"https:\/\/egyptianwisdomcenter.org\/wp-content\/uploads\/2023\/08\/STB_2975_web-1024x683.jpg\" alt=\"\" width=\"1024\" height=\"683\" \/><\/p>\n<p><img loading=\"lazy\" decoding=\"async\" class=\"size-large wp-image-869\" src=\"https:\/\/egyptianwisdomcenter.org\/wp-content\/uploads\/2023\/08\/STB_2045_web-1024x683.jpg\" alt=\"\" width=\"1024\" height=\"683\" \/><\/p>\n<p><img loading=\"lazy\" decoding=\"async\" class=\"size-large wp-image-870\" src=\"https:\/\/egyptianwisdomcenter.org\/wp-content\/uploads\/2023\/08\/STB_2093_web-1024x683.jpg\" alt=\"\" width=\"1024\" height=\"683\" \/><\/p>\n<p><img loading=\"lazy\" decoding=\"async\" class=\"size-large wp-image-872\" src=\"https:\/\/egyptianwisdomcenter.org\/wp-content\/uploads\/2023\/08\/STB_0857_web-683x1024.jpg\" alt=\"\" width=\"683\" height=\"1024\" \/><\/p>\n<p><img loading=\"lazy\" decoding=\"async\" class=\"size-large wp-image-874\" src=\"https:\/\/egyptianwisdomcenter.org\/wp-content\/uploads\/2023\/08\/STB_1199_web-1-1024x683.jpg\" alt=\"\" width=\"1024\" height=\"683\" \/><\/p>\n<p><img loading=\"lazy\" decoding=\"async\" class=\"size-large wp-image-875\" src=\"https:\/\/egyptianwisdomcenter.org\/wp-content\/uploads\/2023\/08\/STB_1554_web-1024x683.jpg\" alt=\"\" width=\"1024\" height=\"683\" \/><\/p>\n<p><img loading=\"lazy\" decoding=\"async\" class=\"size-large wp-image-876\" src=\"https:\/\/egyptianwisdomcenter.org\/wp-content\/uploads\/2023\/08\/STB_1773_web-1024x683.jpg\" alt=\"\" width=\"1024\" height=\"683\" \/><\/p>\n<\/div>\n<\/div>\n<style>body,.content-inner{background:#FCD701 !important;<\/style>","protected":false},"excerpt":{"rendered":"<p>About | Production Team | Trailer | Video Purchase | Rights &amp; Licensing | Act 1 | Act 2 | Act 3 [&hellip;]<\/p>","protected":false},"author":3,"featured_media":0,"parent":68534,"menu_order":0,"comment_status":"closed","ping_status":"closed","template":"page-templates\/page_fullwidth.php","meta":{"footnotes":""},"class_list":["post-68538","page","type-page","status-publish","hentry"],"aioseo_notices":[],"_links":{"self":[{"href":"https:\/\/egyptianwisdomcenter.org\/fr\/wp-json\/wp\/v2\/pages\/68538","targetHints":{"allow":["GET"]}}],"collection":[{"href":"https:\/\/egyptianwisdomcenter.org\/fr\/wp-json\/wp\/v2\/pages"}],"about":[{"href":"https:\/\/egyptianwisdomcenter.org\/fr\/wp-json\/wp\/v2\/types\/page"}],"author":[{"embeddable":true,"href":"https:\/\/egyptianwisdomcenter.org\/fr\/wp-json\/wp\/v2\/users\/3"}],"replies":[{"embeddable":true,"href":"https:\/\/egyptianwisdomcenter.org\/fr\/wp-json\/wp\/v2\/comments?post=68538"}],"version-history":[{"count":6,"href":"https:\/\/egyptianwisdomcenter.org\/fr\/wp-json\/wp\/v2\/pages\/68538\/revisions"}],"predecessor-version":[{"id":69068,"href":"https:\/\/egyptianwisdomcenter.org\/fr\/wp-json\/wp\/v2\/pages\/68538\/revisions\/69068"}],"up":[{"embeddable":true,"href":"https:\/\/egyptianwisdomcenter.org\/fr\/wp-json\/wp\/v2\/pages\/68534"}],"wp:attachment":[{"href":"https:\/\/egyptianwisdomcenter.org\/fr\/wp-json\/wp\/v2\/media?parent=68538"}],"curies":[{"name":"wp","href":"https:\/\/api.w.org\/{rel}","templated":true}]}}