{"id":68539,"date":"2020-04-30T00:23:13","date_gmt":"2020-04-30T00:23:13","guid":{"rendered":"http:\/\/isisrisesoperetta.com\/?page_id=93"},"modified":"2024-03-19T12:52:17","modified_gmt":"2024-03-19T16:52:17","slug":"scene-4","status":"publish","type":"page","link":"https:\/\/egyptianwisdomcenter.org\/fr\/the-scenes\/scene-4\/","title":{"rendered":"Acte 4"},"content":{"rendered":"<p style=\"margin-top: 25px; margin-left: 10px; font-size: 16px; font-weight: bold;\"><a href=\"https:\/\/egyptianwisdomcenter.org\/fr\/operette\/\">\u00c0 propos<\/a> | <a href=\"\/fr\/production-team\/\">\u00c9quipe de production<\/a> | <a href=\"\/fr\/trailer\/\">Bande-annonce<\/a> | <a href=\"\/fr\/product\/isis-rises-operetta\/\">Achat vid\u00e9o<\/a> | <a href=\"https:\/\/egyptianwisdomcenter.org\/fr\/licence-de-droits\/\">Rights &amp; Licensing<\/a> | <a href=\"https:\/\/egyptianwisdomcenter.org\/fr\/the-scenes\/scene-1\/\">acte 1<\/a> | <a href=\"https:\/\/egyptianwisdomcenter.org\/fr\/the-scenes\/scene-2\/\">Acte 2<\/a> | <a href=\"https:\/\/egyptianwisdomcenter.org\/fr\/the-scenes\/scene-3\/\">Acte 3<\/a> | <a href=\"https:\/\/egyptianwisdomcenter.org\/fr\/the-scenes\/scene-4\/\">Acte 4<\/a> | <a href=\"https:\/\/egyptianwisdomcenter.org\/fr\/the-scenes\/scene-5\/\">Acte 5<\/a> | <a href=\"https:\/\/egyptianwisdomcenter.org\/fr\/the-scenes\/scene-6\/\">Acte 6<\/a> | <a href=\"https:\/\/egyptianwisdomcenter.org\/fr\/isis-rises-operetta-free-book\/\">Free Book<\/a><\/p>\n<h1>Isis Rises Operetta &#8211; Act 4<\/h1>\n<div>\n<h3><span style=\"color: #ff0000;\">R\u00e9sum\u00e9 de l&#039;acte 4 \u2013 L&#039;Immacul\u00e9e Conception d&#039;Horus<\/span><\/h3>\n<\/div>\n<div class=\"gmail_default\">\n<div class=\"gmail_default\">\n<div class=\"gmail_default\">\n<div class=\"gmail_default\">\n<p><span style=\"font-weight: 400;\">a- La sc\u00e8ne se d\u00e9roule dans les marais pour se cacher des forces mal\u00e9fiques de Seth et de ses complices. Le corps sans vie d&#039;Osiris [dans le coma] repose sur une jet\u00e9e \u00e9gyptienne typique sous la forme d&#039;un lion.<\/span><\/p>\n<p><span style=\"font-weight: 400;\">b- Isis touche la poitrine d&#039;Osiris et sent un l\u00e9ger pouls. Elle commence alors \u00e0 supplier Osiris de ressusciter. Osiris tente de r\u00e9pondre mais ne parvient pas \u00e0 reprendre conscience !\u00a0<\/span><\/p>\n<p><span style=\"font-weight: 400;\">c- A d\u00e9faut de le r\u00e9veiller, Isis a \u00e9clat\u00e9 en pleurant sur lui !<\/span><\/p>\n<p><span style=\"font-weight: 400;\">d- Isis a d\u00e9cid\u00e9 que si elle ne parvenait pas \u00e0 r\u00e9veiller Osiris, elle devait trouver un moyen d&#039;avoir son enfant. Isis s&#039;est transform\u00e9e en vautour \u2013 a ouvert ses ailes et s&#039;est expos\u00e9e \u00e0 ses graines [spermes].<\/span><\/p>\n<p><span style=\"font-weight: 400;\">[Il convient de noter que les vautours s&#039;accouplent \u2014 non pas par contact direct avec les m\u00e2les \u2014 mais en s&#039;exposant \u00e0 distance aux m\u00e2les \u2014 dans une danse rituelle.]<\/span><\/p>\n<p><span style=\"font-weight: 400;\">e \u2013 Trois \u00e9clairs sont visibles dans le ciel \u00e9toil\u00e9 \u2013 r\u00e9v\u00e9lateurs de la conception immacul\u00e9e d\u2019Horus \u2013 Isis est enceinte !<\/span><\/p>\n<p><span style=\"font-weight: 400;\">La force cosmique responsable de son impr\u00e9gnation \u00e9tait <\/span><i><span style=\"font-weight: 400;\">MesseH. l&#039;\u00e9toile crocodile<\/span><\/i><span style=\"font-weight: 400;\">, selon le sort 148 des textes de cercueil\u00a0:<\/span><\/p>\n<p><b><i>L&#039;\u00e9toile crocodile (MeSSeH) frappe\u2026 Isis se r\u00e9veille enceinte de la graine d&#039;Osiris, \u00e0 savoir Horus.<\/i><\/b><\/p>\n<p><span style=\"font-weight: 400;\">f- La sc\u00e8ne est sombre alors qu&#039;on entend les cris du nouveau-n\u00e9 Horus ; suivi du zaghareed de c\u00e9l\u00e9bration typiquement \u00e9gyptien !<\/span><\/p>\n<p><span style=\"font-weight: 400;\">g- Isis et son nouveau-n\u00e9 sont entour\u00e9s de danseurs ex\u00e9cutant une danse de c\u00e9l\u00e9bration jubilatoire.<\/span><\/p>\n<p><span style=\"font-weight: 400;\">h- Des silhouettes sombres apparaissent au loin \u2013 et attaquent bient\u00f4t en essayant de voler le nouveau-n\u00e9 Horus.<\/span><\/p>\n<p><span style=\"font-weight: 400;\">i- Un groupe de sept femmes \u2013 chacune portant un bandeau de couleur rouge auquel \u00e9tait attach\u00e9 un scorpion \u2013 prot\u00e9geait Isis et Horus et repoussait les forces obscures dans une performance rituelle.<\/span><\/p>\n<p><span style=\"font-weight: 400;\">\u00a0Ce bandeau particulier est r\u00e9v\u00e9lateur d\u2019un mode de protection \u2013 du nouveau-n\u00e9 !<\/span><\/p>\n<p>&nbsp;<\/p>\n<p>&nbsp;<\/p>\n<p>&nbsp;<\/p>\n<p>&nbsp;<\/p>\n<p><span style=\"font-weight: 400;\">Suppliant Osiris de se lever\/de se r\u00e9veiller \u2013 sur un lit \u00e9gyptien typique.<br \/>\n<\/span><\/p>\n<p><img fetchpriority=\"high\" decoding=\"async\" class=\"alignnone size-medium wp-image-324\" src=\"http:\/\/isisrisesoperetta.com\/wp-content\/uploads\/2022\/02\/begging-arise-awaken-300x184.png\" alt=\"\" width=\"300\" height=\"184\" \/><\/p>\n<p>Conception immacul\u00e9e de vautour \u2013 portant des ailes de vautour.<br \/>\n<img decoding=\"async\" class=\"alignnone size-full wp-image-325\" src=\"http:\/\/isisrisesoperetta.com\/wp-content\/uploads\/2022\/02\/immaculate-vulture-conception.png\" alt=\"\" width=\"298\" height=\"119\" \/><br \/>\nConception immacul\u00e9e du vautour \u2014 Les spermatozo\u00efdes\/graines d&#039;Osiris sont montr\u00e9s en train d&#039;impr\u00e9gner la femelle vautour.<\/p>\n<p><img decoding=\"async\" class=\"alignnone size-full wp-image-326\" src=\"http:\/\/isisrisesoperetta.com\/wp-content\/uploads\/2022\/02\/vulture-conception-sperm-seeds.png\" alt=\"\" width=\"253\" height=\"117\" \/><\/p>\n<p>D\u00e9esse f\u00e9minine aux ailes de vautour d\u00e9ploy\u00e9es.<\/p>\n<p><img loading=\"lazy\" decoding=\"async\" class=\"alignnone size-full wp-image-327\" src=\"http:\/\/isisrisesoperetta.com\/wp-content\/uploads\/2022\/02\/female-goddess-extended-vulture-wings.png\" alt=\"\" width=\"300\" height=\"105\" \/><\/p>\n<p><span style=\"font-weight: 400;\">Un vautour aux ailes d\u00e9ploy\u00e9es ouvertes.<\/span><\/p>\n<p><img loading=\"lazy\" decoding=\"async\" class=\"alignnone size-full wp-image-328\" src=\"http:\/\/isisrisesoperetta.com\/wp-content\/uploads\/2022\/02\/vulture-with-open-extended-wings.png\" alt=\"\" width=\"259\" height=\"226\" \/><\/p>\n<p><span style=\"font-weight: 400;\">Le lit \u00e9gyptien typique avec une t\u00eate de lion d&#039;un c\u00f4t\u00e9 et sa queue de l&#039;autre c\u00f4t\u00e9. Les pieds de support sont \u00e9galement des jambes de lion.<\/span><\/p>\n<p><img loading=\"lazy\" decoding=\"async\" class=\"alignnone size-medium wp-image-329\" src=\"http:\/\/isisrisesoperetta.com\/wp-content\/uploads\/2022\/02\/egyptian-bed-with-lion-head-300x243.png\" alt=\"\" width=\"300\" height=\"243\" \/><\/p>\n<p>&nbsp;<\/p>\n<p><span style=\"font-weight: 400;\">Madonna [Isis] nourrit le nouveau-n\u00e9 - assise dans une simple forme de bo\u00eete comme si\u00e8ge.<\/span><\/p>\n<p><img loading=\"lazy\" decoding=\"async\" class=\"alignnone size-full wp-image-330\" src=\"http:\/\/isisrisesoperetta.com\/wp-content\/uploads\/2022\/02\/Isis-feeding-baby.png\" alt=\"\" width=\"158\" height=\"268\" \/><\/p>\n<p><span style=\"font-weight: 400;\">Isis et Horus dans les marais \u00e9gyptiens.<\/span><\/p>\n<p><img loading=\"lazy\" decoding=\"async\" class=\"alignnone size-medium wp-image-331\" src=\"http:\/\/isisrisesoperetta.com\/wp-content\/uploads\/2022\/02\/Isis-Horus-in-marshes-200x300.png\" alt=\"\" width=\"200\" height=\"300\" \/><\/p>\n<p><span style=\"font-weight: 400;\">Serket porte un scorpion sur la t\u00eate.<br \/>\n<\/span><\/p>\n<p><img loading=\"lazy\" decoding=\"async\" class=\"alignnone size-full wp-image-332\" src=\"http:\/\/isisrisesoperetta.com\/wp-content\/uploads\/2022\/02\/Serket-wearing-scorpion.png\" alt=\"\" width=\"113\" height=\"150\" \/><\/p>\n<p><span style=\"font-weight: 400;\"><br \/>\n<img loading=\"lazy\" decoding=\"async\" class=\"alignnone size-medium wp-image-333\" src=\"http:\/\/isisrisesoperetta.com\/wp-content\/uploads\/2022\/02\/serket-wearing-scorpion-2-300x240.png\" alt=\"\" width=\"300\" height=\"240\" \/><br \/>\n<\/span><\/p>\n<p><img loading=\"lazy\" decoding=\"async\" class=\"alignnone size-full wp-image-334\" src=\"http:\/\/isisrisesoperetta.com\/wp-content\/uploads\/2022\/02\/serket-wearing-scorpion-3.png\" alt=\"\" width=\"173\" height=\"238\" \/><\/p>\n<p><img loading=\"lazy\" decoding=\"async\" class=\"size-large wp-image-878\" src=\"https:\/\/egyptianwisdomcenter.org\/wp-content\/uploads\/2023\/08\/STB_3619_web-1024x683.jpg\" alt=\"\" width=\"1024\" height=\"683\" \/><\/p>\n<p><img loading=\"lazy\" decoding=\"async\" class=\"size-large wp-image-879\" src=\"https:\/\/egyptianwisdomcenter.org\/wp-content\/uploads\/2023\/08\/STB_3636_web-1024x683.jpg\" alt=\"\" width=\"1024\" height=\"683\" \/><\/p>\n<p><img loading=\"lazy\" decoding=\"async\" class=\"size-large wp-image-880\" src=\"https:\/\/egyptianwisdomcenter.org\/wp-content\/uploads\/2023\/08\/STB_3749_web-1024x683.jpg\" alt=\"\" width=\"1024\" height=\"683\" \/><\/p>\n<p><img loading=\"lazy\" decoding=\"async\" class=\"size-large wp-image-881\" src=\"https:\/\/egyptianwisdomcenter.org\/wp-content\/uploads\/2023\/08\/STB_3920_web-1024x683.jpg\" alt=\"\" width=\"1024\" height=\"683\" \/><\/p>\n<p><img loading=\"lazy\" decoding=\"async\" class=\"size-large wp-image-882\" src=\"https:\/\/egyptianwisdomcenter.org\/wp-content\/uploads\/2023\/08\/STB_3927_web-1024x683.jpg\" alt=\"\" width=\"1024\" height=\"683\" \/><\/p>\n<p><img loading=\"lazy\" decoding=\"async\" class=\"size-large wp-image-883\" src=\"https:\/\/egyptianwisdomcenter.org\/wp-content\/uploads\/2023\/08\/STB_3936_web-1024x683.jpg\" alt=\"\" width=\"1024\" height=\"683\" \/><\/p>\n<p><img loading=\"lazy\" decoding=\"async\" class=\"size-large wp-image-884\" src=\"https:\/\/egyptianwisdomcenter.org\/wp-content\/uploads\/2023\/08\/STB_4066_web-1024x683.jpg\" alt=\"\" width=\"1024\" height=\"683\" \/><\/p>\n<p><img loading=\"lazy\" decoding=\"async\" class=\"size-large wp-image-885\" src=\"https:\/\/egyptianwisdomcenter.org\/wp-content\/uploads\/2023\/08\/STB_4075_web-1024x683.jpg\" alt=\"\" width=\"1024\" height=\"683\" \/><\/p>\n<p><img loading=\"lazy\" decoding=\"async\" class=\"size-large wp-image-886\" src=\"https:\/\/egyptianwisdomcenter.org\/wp-content\/uploads\/2023\/08\/STB_4091_web-1024x683.jpg\" alt=\"\" width=\"1024\" height=\"683\" \/><\/p>\n<p><img loading=\"lazy\" decoding=\"async\" class=\"size-large wp-image-887\" src=\"https:\/\/egyptianwisdomcenter.org\/wp-content\/uploads\/2023\/08\/STB_4118_web-1024x683.jpg\" alt=\"\" width=\"1024\" height=\"683\" \/><\/p>\n<p><img loading=\"lazy\" decoding=\"async\" class=\"size-large wp-image-888\" src=\"https:\/\/egyptianwisdomcenter.org\/wp-content\/uploads\/2023\/08\/STB_4172_web-1024x683.jpg\" alt=\"\" width=\"1024\" height=\"683\" \/><\/p>\n<p><img loading=\"lazy\" decoding=\"async\" class=\"size-large wp-image-889\" src=\"https:\/\/egyptianwisdomcenter.org\/wp-content\/uploads\/2023\/08\/STB_4211_web-1024x683.jpg\" alt=\"\" width=\"1024\" height=\"683\" \/><\/p>\n<p><img loading=\"lazy\" decoding=\"async\" class=\"size-large wp-image-890\" src=\"https:\/\/egyptianwisdomcenter.org\/wp-content\/uploads\/2023\/08\/STB_4231_web-1024x683.jpg\" alt=\"\" width=\"1024\" height=\"683\" \/><\/p>\n<p><img loading=\"lazy\" decoding=\"async\" class=\"size-large wp-image-891\" src=\"https:\/\/egyptianwisdomcenter.org\/wp-content\/uploads\/2023\/08\/STB_4295_web-1024x683.jpg\" alt=\"\" width=\"1024\" height=\"683\" \/><\/p>\n<p><img loading=\"lazy\" decoding=\"async\" class=\"size-large wp-image-892\" src=\"https:\/\/egyptianwisdomcenter.org\/wp-content\/uploads\/2023\/08\/STB_4344_web-1024x683.jpg\" alt=\"\" width=\"1024\" height=\"683\" \/><\/p>\n<p>&nbsp;<\/p>\n<\/div>\n<\/div>\n<\/div>\n<\/div>\n<style>body,.content-inner{background:#FCD701 !important;<\/style>","protected":false},"excerpt":{"rendered":"<p>About | Production Team | Trailer | Video Purchase | Rights &amp; Licensing | Act 1 | Act 2 | Act 3 [&hellip;]<\/p>","protected":false},"author":3,"featured_media":0,"parent":68534,"menu_order":0,"comment_status":"closed","ping_status":"closed","template":"","meta":{"footnotes":""},"class_list":["post-68539","page","type-page","status-publish","hentry"],"aioseo_notices":[],"_links":{"self":[{"href":"https:\/\/egyptianwisdomcenter.org\/fr\/wp-json\/wp\/v2\/pages\/68539","targetHints":{"allow":["GET"]}}],"collection":[{"href":"https:\/\/egyptianwisdomcenter.org\/fr\/wp-json\/wp\/v2\/pages"}],"about":[{"href":"https:\/\/egyptianwisdomcenter.org\/fr\/wp-json\/wp\/v2\/types\/page"}],"author":[{"embeddable":true,"href":"https:\/\/egyptianwisdomcenter.org\/fr\/wp-json\/wp\/v2\/users\/3"}],"replies":[{"embeddable":true,"href":"https:\/\/egyptianwisdomcenter.org\/fr\/wp-json\/wp\/v2\/comments?post=68539"}],"version-history":[{"count":7,"href":"https:\/\/egyptianwisdomcenter.org\/fr\/wp-json\/wp\/v2\/pages\/68539\/revisions"}],"predecessor-version":[{"id":69069,"href":"https:\/\/egyptianwisdomcenter.org\/fr\/wp-json\/wp\/v2\/pages\/68539\/revisions\/69069"}],"up":[{"embeddable":true,"href":"https:\/\/egyptianwisdomcenter.org\/fr\/wp-json\/wp\/v2\/pages\/68534"}],"wp:attachment":[{"href":"https:\/\/egyptianwisdomcenter.org\/fr\/wp-json\/wp\/v2\/media?parent=68539"}],"curies":[{"name":"wp","href":"https:\/\/api.w.org\/{rel}","templated":true}]}}