{"id":68540,"date":"2020-04-30T00:23:39","date_gmt":"2020-04-30T00:23:39","guid":{"rendered":"http:\/\/isisrisesoperetta.com\/?page_id=95"},"modified":"2024-03-19T12:52:21","modified_gmt":"2024-03-19T16:52:21","slug":"scene-5","status":"publish","type":"page","link":"https:\/\/egyptianwisdomcenter.org\/fr\/the-scenes\/scene-5\/","title":{"rendered":"Acte 5"},"content":{"rendered":"<p style=\"margin-top: 25px; margin-left: 10px; font-size: 16px; font-weight: bold;\"><a href=\"https:\/\/egyptianwisdomcenter.org\/fr\/operette\/\">\u00c0 propos<\/a> | <a href=\"\/fr\/production-team\/\">\u00c9quipe de production<\/a> | <a href=\"\/fr\/trailer\/\">Bande-annonce<\/a> | <a href=\"\/fr\/product\/isis-rises-operetta\/\">Achat vid\u00e9o<\/a> | <a href=\"https:\/\/egyptianwisdomcenter.org\/fr\/licence-de-droits\/\">Rights &amp; Licensing<\/a> | <a href=\"https:\/\/egyptianwisdomcenter.org\/fr\/the-scenes\/scene-1\/\">acte 1<\/a> | <a href=\"https:\/\/egyptianwisdomcenter.org\/fr\/the-scenes\/scene-2\/\">Acte 2<\/a> | <a href=\"https:\/\/egyptianwisdomcenter.org\/fr\/the-scenes\/scene-3\/\">Acte 3<\/a> | <a href=\"https:\/\/egyptianwisdomcenter.org\/fr\/the-scenes\/scene-4\/\">Acte 4<\/a> | <a href=\"https:\/\/egyptianwisdomcenter.org\/fr\/the-scenes\/scene-5\/\">Acte 5<\/a> | <a href=\"https:\/\/egyptianwisdomcenter.org\/fr\/the-scenes\/scene-6\/\">Acte 6<\/a> | <a href=\"https:\/\/egyptianwisdomcenter.org\/fr\/isis-rises-operetta-free-book\/\">Free Book<\/a><\/p>\n<h1>Isis Rises Operetta &#8211; Act 5<\/h1>\n<div>\n<h3><span style=\"color: #ff0000;\">R\u00e9sum\u00e9 de l&#039;acte 5 \u2013 Les morceaux bris\u00e9s<\/span><\/h3>\n<\/div>\n<div class=\"gmail_default\">\n<div class=\"gmail_default\">\n<div class=\"gmail_default\">\n<div class=\"gmail_default\">\n<div class=\"gmail_default\">\n<p><span style=\"font-weight: 400;\">a- Nous sommes toujours dans les marais \u2013 Isis nourrit Horus et est gard\u00e9e par les femmes de Serket.<\/span><\/p>\n<p><span style=\"font-weight: 400;\">Le corps sans vie d&#039;Osiris se trouve sur une jet\u00e9e\/lit \u00e0 proximit\u00e9.<\/span><\/p>\n<p><span style=\"font-weight: 400;\">b- Il fait nuit avec la pleine lune dans le ciel<\/span><\/p>\n<p><span style=\"font-weight: 400;\">c-Les silhouettes sombres ont travers\u00e9 les marais \u00e9pais - ont couru vers Osiris et l&#039;ont coup\u00e9 en 14 morceaux et les ont dispers\u00e9s partout. Les pi\u00e8ces sont pr\u00e9sent\u00e9es comme des morceaux de Pleine Lune.<\/span><\/p>\n<p><span style=\"font-weight: 400;\">d- Les forces obscures volent la double couronne d&#039;Osiris et la remettent \u00e0 Seth pour qu&#039;il devienne un nouveau roi. Les trompettes sonnent pour le nouveau roi alors que les complices de Seth lui pr\u00eatent all\u00e9geance !<\/span><\/p>\n<p><span style=\"font-weight: 400;\">e- L&#039;\u00e9cran montre la pleine lune dans le ciel divis\u00e9e en 14 morceaux [pour les 14 jours n\u00e9cessaires pour atteindre la pleine lune].<\/span><\/p>\n<p><span style=\"font-weight: 400;\">f- Isis est seule \u00e0 pleurer de chagrin pour la perte d&#039;Osiris.<\/span><\/p>\n<p><span style=\"font-weight: 400;\">g- Isis part \u00e0 la recherche des morceaux bris\u00e9s d&#039;Osiris, guid\u00e9e par Anubis le Chien Divin !<\/span><\/p>\n<\/div>\n<\/div>\n<\/div>\n<\/div>\n<\/div>\n<style>body,.content-inner{background:#FCD701 !important;<\/style>","protected":false},"excerpt":{"rendered":"<p>About | Production Team | Trailer | Video Purchase | Rights &amp; Licensing | Act 1 | Act 2 | Act 3 [&hellip;]<\/p>","protected":false},"author":3,"featured_media":0,"parent":68534,"menu_order":0,"comment_status":"closed","ping_status":"closed","template":"","meta":{"footnotes":""},"class_list":["post-68540","page","type-page","status-publish","hentry"],"aioseo_notices":[],"_links":{"self":[{"href":"https:\/\/egyptianwisdomcenter.org\/fr\/wp-json\/wp\/v2\/pages\/68540","targetHints":{"allow":["GET"]}}],"collection":[{"href":"https:\/\/egyptianwisdomcenter.org\/fr\/wp-json\/wp\/v2\/pages"}],"about":[{"href":"https:\/\/egyptianwisdomcenter.org\/fr\/wp-json\/wp\/v2\/types\/page"}],"author":[{"embeddable":true,"href":"https:\/\/egyptianwisdomcenter.org\/fr\/wp-json\/wp\/v2\/users\/3"}],"replies":[{"embeddable":true,"href":"https:\/\/egyptianwisdomcenter.org\/fr\/wp-json\/wp\/v2\/comments?post=68540"}],"version-history":[{"count":6,"href":"https:\/\/egyptianwisdomcenter.org\/fr\/wp-json\/wp\/v2\/pages\/68540\/revisions"}],"predecessor-version":[{"id":69070,"href":"https:\/\/egyptianwisdomcenter.org\/fr\/wp-json\/wp\/v2\/pages\/68540\/revisions\/69070"}],"up":[{"embeddable":true,"href":"https:\/\/egyptianwisdomcenter.org\/fr\/wp-json\/wp\/v2\/pages\/68534"}],"wp:attachment":[{"href":"https:\/\/egyptianwisdomcenter.org\/fr\/wp-json\/wp\/v2\/media?parent=68540"}],"curies":[{"name":"wp","href":"https:\/\/api.w.org\/{rel}","templated":true}]}}