{"id":68541,"date":"2020-04-30T00:23:52","date_gmt":"2020-04-30T00:23:52","guid":{"rendered":"http:\/\/isisrisesoperetta.com\/?page_id=97"},"modified":"2024-03-19T12:52:29","modified_gmt":"2024-03-19T16:52:29","slug":"scene-6","status":"publish","type":"page","link":"https:\/\/egyptianwisdomcenter.org\/fr\/the-scenes\/scene-6\/","title":{"rendered":"Acte 6"},"content":{"rendered":"<p style=\"margin-top: 25px; margin-left: 10px; font-size: 16px; font-weight: bold;\"><a href=\"https:\/\/egyptianwisdomcenter.org\/fr\/operette\/\">\u00c0 propos<\/a> | <a href=\"\/fr\/production-team\/\">\u00c9quipe de production<\/a> | <a href=\"\/fr\/trailer\/\">Bande-annonce<\/a> | <a href=\"\/fr\/product\/isis-rises-operetta\/\">Achat vid\u00e9o<\/a> | <a href=\"https:\/\/egyptianwisdomcenter.org\/fr\/licence-de-droits\/\">Rights &amp; Licensing<\/a> | <a href=\"https:\/\/egyptianwisdomcenter.org\/fr\/the-scenes\/scene-1\/\">acte 1<\/a> | <a href=\"https:\/\/egyptianwisdomcenter.org\/fr\/the-scenes\/scene-2\/\">Acte 2<\/a> | <a href=\"https:\/\/egyptianwisdomcenter.org\/fr\/the-scenes\/scene-3\/\">Acte 3<\/a> | <a href=\"https:\/\/egyptianwisdomcenter.org\/fr\/the-scenes\/scene-4\/\">Acte 4<\/a> | <a href=\"https:\/\/egyptianwisdomcenter.org\/fr\/the-scenes\/scene-5\/\">Acte 5<\/a> | <a href=\"https:\/\/egyptianwisdomcenter.org\/fr\/the-scenes\/scene-6\/\">Acte 6<\/a> | <a href=\"https:\/\/egyptianwisdomcenter.org\/fr\/isis-rises-operetta-free-book\/\">Free Book<\/a><\/p>\n<h1>Isis Rises Operetta &#8211; Act 6<\/h1>\n<div>\n<h3><span style=\"color: #ff0000;\">Acte 6 \u2013 Isis se l\u00e8ve<\/span><\/h3>\n<\/div>\n<div class=\"gmail_default\">\n<div class=\"gmail_default\">\n<div class=\"gmail_default\">\n<div class=\"gmail_default\">\n<div class=\"gmail_default\">\n<p><span style=\"font-weight: 400;\">a- Isis entre sur la sc\u00e8ne vide tr\u00e8s triste et seule. Elle [en tant que M\u00e8re Nature] se met \u00e0 pleurer et l&#039;\u00e9cran de sc\u00e8ne montrera la pluie qui tombe. Puis la pluie ralentit jusqu&#039;\u00e0 devenir des gouttes \u2014 arr\u00eate de pleuvoir \u2014 Le soleil se l\u00e8ve dans le ciel.<\/span><\/p>\n<p><span style=\"font-weight: 400;\">b- Sur le ton de &#039;Tel-et Ya Mahla Nourha Shams el Shamousa] : &#039;La glorieuse lumi\u00e8re du Soleil [Isis] s&#039;est lev\u00e9e\/apparue&#039; \u2014- Isis se l\u00e8ve du sol et danse au soleil levant !.<\/span><\/p>\n<p><span style=\"font-weight: 400;\">Elle rejoint ensuite les sept danseuses pour continuer la danse du \u00ab Soleil levant \u00bb \u2013 qui se termine par le triomphe d&#039;Isis par-dessus tout. Les zaghareed de c\u00e9l\u00e9bration typiquement \u00e9gyptiens remplissent l&#039;air au lever du soleil\u00a0!<\/span><\/p>\n<p><span style=\"font-weight: 400;\">c- Isis et les sept danseuses assurent la grande finale de la Danse du Lotus Rising\u00a0! Les sept danseuses portent le bandeau f\u00e9minin typique avec une fleur de lotus attach\u00e9e au bandeau, pour ce spectacle de danse particulier.<\/span><\/p>\n<p><span style=\"font-weight: 400;\">Le spectacle se termine avec Isis port\u00e9e en triomphe par les danseuses, au son du zaghareed de c\u00e9l\u00e9bration typiquement \u00e9gyptien !<\/span><\/p>\n<p><img fetchpriority=\"high\" decoding=\"async\" class=\"size-large wp-image-895\" src=\"https:\/\/egyptianwisdomcenter.org\/wp-content\/uploads\/2023\/08\/STB_4588_web-1024x683.jpg\" alt=\"\" width=\"1024\" height=\"683\" \/><\/p>\n<p><img decoding=\"async\" class=\"size-large wp-image-896\" src=\"https:\/\/egyptianwisdomcenter.org\/wp-content\/uploads\/2023\/08\/STB_4770_web-1024x683.jpg\" alt=\"\" width=\"1024\" height=\"683\" \/><\/p>\n<p><img decoding=\"async\" class=\"size-large wp-image-897\" src=\"https:\/\/egyptianwisdomcenter.org\/wp-content\/uploads\/2023\/08\/STB_4847_web-1024x683.jpg\" alt=\"\" width=\"1024\" height=\"683\" \/><\/p>\n<p><img loading=\"lazy\" decoding=\"async\" class=\"size-large wp-image-898\" src=\"https:\/\/egyptianwisdomcenter.org\/wp-content\/uploads\/2023\/08\/STB_4912_web-1024x683.jpg\" alt=\"\" width=\"1024\" height=\"683\" \/><\/p>\n<p><img loading=\"lazy\" decoding=\"async\" class=\"size-large wp-image-900\" src=\"https:\/\/egyptianwisdomcenter.org\/wp-content\/uploads\/2023\/08\/STB_5033_web-1024x683.jpg\" alt=\"\" width=\"1024\" height=\"683\" \/><\/p>\n<p><img loading=\"lazy\" decoding=\"async\" class=\"size-large wp-image-901\" src=\"https:\/\/egyptianwisdomcenter.org\/wp-content\/uploads\/2023\/08\/STB_5093_web-1024x683.jpg\" alt=\"\" width=\"1024\" height=\"683\" \/><\/p>\n<p>&nbsp;<\/p>\n<\/div>\n<\/div>\n<\/div>\n<\/div>\n<\/div>\n<style>body,.content-inner{background:#FCD701 !important;<\/style>","protected":false},"excerpt":{"rendered":"<p>About | Production Team | Trailer | Video Purchase | Rights &amp; Licensing | Act 1 | Act 2 | Act 3 [&hellip;]<\/p>","protected":false},"author":3,"featured_media":0,"parent":68534,"menu_order":0,"comment_status":"closed","ping_status":"closed","template":"","meta":{"footnotes":""},"class_list":["post-68541","page","type-page","status-publish","hentry"],"aioseo_notices":[],"_links":{"self":[{"href":"https:\/\/egyptianwisdomcenter.org\/fr\/wp-json\/wp\/v2\/pages\/68541","targetHints":{"allow":["GET"]}}],"collection":[{"href":"https:\/\/egyptianwisdomcenter.org\/fr\/wp-json\/wp\/v2\/pages"}],"about":[{"href":"https:\/\/egyptianwisdomcenter.org\/fr\/wp-json\/wp\/v2\/types\/page"}],"author":[{"embeddable":true,"href":"https:\/\/egyptianwisdomcenter.org\/fr\/wp-json\/wp\/v2\/users\/3"}],"replies":[{"embeddable":true,"href":"https:\/\/egyptianwisdomcenter.org\/fr\/wp-json\/wp\/v2\/comments?post=68541"}],"version-history":[{"count":7,"href":"https:\/\/egyptianwisdomcenter.org\/fr\/wp-json\/wp\/v2\/pages\/68541\/revisions"}],"predecessor-version":[{"id":69071,"href":"https:\/\/egyptianwisdomcenter.org\/fr\/wp-json\/wp\/v2\/pages\/68541\/revisions\/69071"}],"up":[{"embeddable":true,"href":"https:\/\/egyptianwisdomcenter.org\/fr\/wp-json\/wp\/v2\/pages\/68534"}],"wp:attachment":[{"href":"https:\/\/egyptianwisdomcenter.org\/fr\/wp-json\/wp\/v2\/media?parent=68541"}],"curies":[{"name":"wp","href":"https:\/\/api.w.org\/{rel}","templated":true}]}}