{"id":68542,"date":"2020-04-30T00:25:46","date_gmt":"2020-04-30T00:25:46","guid":{"rendered":"http:\/\/isisrisesoperetta.com\/?page_id=107"},"modified":"2024-11-29T10:12:46","modified_gmt":"2024-11-29T15:12:46","slug":"rights-licensing","status":"publish","type":"page","link":"https:\/\/egyptianwisdomcenter.org\/fr\/licence-de-droits\/","title":{"rendered":"Droits et licences"},"content":{"rendered":"<p style=\"margin-top: 25px; margin-left: 10px; font-size: 16px; font-weight: bold;\"><a href=\"https:\/\/egyptianwisdomcenter.org\/fr\/operette\/\">\u00c0 propos<\/a> | <a href=\"\/fr\/production-team\/\">\u00c9quipe de production<\/a> | <a href=\"\/fr\/trailer\/\">Bande-annonce<\/a> | <a href=\"\/fr\/product\/isis-rises-operetta\/\">Achat vid\u00e9o<\/a> | <a href=\"https:\/\/egyptianwisdomcenter.org\/fr\/licence-de-droits\/\">Rights &amp; Licensing<\/a> | <a href=\"https:\/\/egyptianwisdomcenter.org\/fr\/the-scenes\/scene-1\/\">acte 1<\/a> | <a href=\"https:\/\/egyptianwisdomcenter.org\/fr\/the-scenes\/scene-2\/\">Acte 2<\/a> | <a href=\"https:\/\/egyptianwisdomcenter.org\/fr\/the-scenes\/scene-3\/\">Acte 3<\/a> | <a href=\"https:\/\/egyptianwisdomcenter.org\/fr\/the-scenes\/scene-4\/\">Acte 4<\/a> | <a href=\"https:\/\/egyptianwisdomcenter.org\/fr\/the-scenes\/scene-5\/\">Acte 5<\/a> | <a href=\"https:\/\/egyptianwisdomcenter.org\/fr\/the-scenes\/scene-6\/\">Acte 6<\/a> | <a href=\"https:\/\/egyptianwisdomcenter.org\/fr\/isis-rises-operetta-free-book\/\">Free Book<\/a><\/p>\n<h1>Rights &amp; Licensing<\/h1>\n<h4 style=\"text-align: center;\"><span style=\"color: #ff0000;\"><b>Isis Rises Op\u00e9rette<\/b><\/span><\/h4>\n<div style=\"text-align: center;\"><b>Cr\u00e9\u00e9 et r\u00e9alis\u00e9 par Moustafa Gadalla<\/b><\/div>\n<div><\/div>\n<p>Tous droits r\u00e9serv\u00e9s. Aucune partie de ce produit ne peut \u00eatre reproduite ou transmise sous quelque forme ou par quelque moyen que ce soit, \u00e9lectronique ou m\u00e9canique, y compris l&#039;enregistrement par un syst\u00e8me de stockage et de r\u00e9cup\u00e9ration d&#039;informations sans autorisation \u00e9crite pr\u00e9alable.<\/p>\n<p>Copyright \u00a9 2023 par Moustafa Gadalla, Tous droits r\u00e9serv\u00e9s.<\/p>\n<p>Droits d&#039;auteur enregistr\u00e9s aupr\u00e8s du United States Copyright Office le 3\u00a0janvier\u00a02023.<\/p>\n<p>Pour ceux qui souhaitent reproduire cette op\u00e9rette, veuillez nous contacter pour obtenir une autorisation\/licence. Conditions de reproduction\u00a0:<\/p>\n<p>1- Autorisation pr\u00e9alable<\/p>\n<p>2- La reproduction suivra la bande originale de cette production originale<\/p>\n<p>3- Ensure the integrity of the performance as an Egyptian story with no wild interpretations. Submission of technical and artistic reproduction details must be made and pre-approved.<\/p>\n<p>4- La reproduction est autoris\u00e9e mais pas \u00e0 des fins commerciales.<\/p>\n<p>5- Dans la plupart des cas, l&#039;autorisation peut \u00eatre accord\u00e9e gratuitement ou pour une somme symbolique.<\/p>\n<p>6- Contact email : <a href=\"mailto:trfemu33@gmail.com\" target=\"_blank\" rel=\"noopener noreferrer\">moustafagadalla88@gmail.com<\/a><\/p>\n<p><a href=\"https:\/\/egyptianwisdomcenter.org\/wp-content\/uploads\/2024\/01\/IRO-Copyrights-Certificate.pdf\" target=\"_blank\" rel=\"noopener\">Copyrights certificate<\/a><\/p>\n<style>body,.content-inner{background:#FCD701 !important;<\/style>","protected":false},"excerpt":{"rendered":"<p>About | Production Team | Trailer | Video Purchase | Rights &amp; Licensing | Act 1 | Act 2 | Act 3 [&hellip;]<\/p>","protected":false},"author":3,"featured_media":0,"parent":0,"menu_order":0,"comment_status":"closed","ping_status":"closed","template":"","meta":{"footnotes":""},"class_list":["post-68542","page","type-page","status-publish","hentry"],"aioseo_notices":[],"_links":{"self":[{"href":"https:\/\/egyptianwisdomcenter.org\/fr\/wp-json\/wp\/v2\/pages\/68542","targetHints":{"allow":["GET"]}}],"collection":[{"href":"https:\/\/egyptianwisdomcenter.org\/fr\/wp-json\/wp\/v2\/pages"}],"about":[{"href":"https:\/\/egyptianwisdomcenter.org\/fr\/wp-json\/wp\/v2\/types\/page"}],"author":[{"embeddable":true,"href":"https:\/\/egyptianwisdomcenter.org\/fr\/wp-json\/wp\/v2\/users\/3"}],"replies":[{"embeddable":true,"href":"https:\/\/egyptianwisdomcenter.org\/fr\/wp-json\/wp\/v2\/comments?post=68542"}],"version-history":[{"count":7,"href":"https:\/\/egyptianwisdomcenter.org\/fr\/wp-json\/wp\/v2\/pages\/68542\/revisions"}],"predecessor-version":[{"id":69552,"href":"https:\/\/egyptianwisdomcenter.org\/fr\/wp-json\/wp\/v2\/pages\/68542\/revisions\/69552"}],"wp:attachment":[{"href":"https:\/\/egyptianwisdomcenter.org\/fr\/wp-json\/wp\/v2\/media?parent=68542"}],"curies":[{"name":"wp","href":"https:\/\/api.w.org\/{rel}","templated":true}]}}