{"id":68731,"date":"2023-11-17T06:04:38","date_gmt":"2023-11-17T11:04:38","guid":{"rendered":"https:\/\/egyptianwisdomcenter.org\/?page_id=68731"},"modified":"2024-05-06T16:30:25","modified_gmt":"2024-05-06T20:30:25","slug":"horus-the-initiate-scene-act-2","status":"publish","type":"page","link":"https:\/\/egyptianwisdomcenter.org\/fr\/horus-la-scene-dinitiation-acte-2\/","title":{"rendered":"Horus l&#039;Initi\u00e9 \u2013 Sc\u00e8ne \u2013 Acte 2"},"content":{"rendered":"<p style=\"margin-top: -50px; margin-bottom: 50px; ;margin-left: 10px; font-size: 16px; font-weight: bold; margin-left: 10px;\"><a href=\"https:\/\/egyptianwisdomcenter.org\/fr\/horus-linitie-a-propos\/\">\u00c0 propos<\/a> | <a href=\"\/fr\/horus-the-initiate-production-team\/\">\u00c9quipe de production<\/a> | <a href=\"\/fr\/trailer-horus\/\">Bande-annonce<\/a> | <a href=\"https:\/\/egyptianwisdomcenter.org\/fr\/horus-la-scene-dinitiation-acte-1\/\">acte 1<\/a> | <a href=\"https:\/\/egyptianwisdomcenter.org\/fr\/horus-la-scene-dinitiation-acte-2\/\">Acte 2<\/a> | <a href=\"https:\/\/egyptianwisdomcenter.org\/fr\/horus-la-scene-dinitiation-acte-3\/\">Acte 3<\/a> | <a href=\"https:\/\/egyptianwisdomcenter.org\/fr\/horus-la-scene-dinitiation-acte-4\/\">Acte 4<\/a> | <a href=\"https:\/\/egyptianwisdomcenter.org\/fr\/horus-la-scene-dinitiation-acte-5\/\">Acte 5<\/a> | <a href=\"\/fr\/product\/horus-the-initiate-operetta\/\">Video purchase<\/a> | <a href=\"https:\/\/egyptianwisdomcenter.org\/fr\/horus-the-initiate-operetta-free-book\/\">Free book<\/a><\/p>\n<h1 style=\"color: #01055c;\">Horus The Initiate Operetta &#8211; Act 2 &#8211; The Adolescence Stage<\/h1>\n<h2 dir=\"ltr\">R\u00e9sum\u00e9 de l&#039;\u00e9tape de l&#039;acte 2<\/h2>\n<p><b>1- Horus in his adolescence stage after being circumcised, enters the stage accompanied by the ibis-headed Thoth and the dog-headed Anubis.<\/b><\/p>\n<p><b>2 &#8211; Thoth leads Horus through teaching and learning . Horus listens to Thoth\u2019s teachings of learning, reading, writing, observing, thinking, listening,etc.and always seeking knowledge and enlightenment.\u00a0<\/b><\/p>\n<p><b>3 &#8211; Next<\/b> <b>Anubis, being the archetypal Guide, shows Horus how to follow his own path\u00a0 and to seek the correct direction in life.<\/b><\/p>\n<p><b>4- Thoth and Anubis present Horus a certificate of success.<\/b><\/p>\n<p><b>5- Horus the Adolescence walked towards his waiting mother, Isis. Both leave the stage together.<\/b><\/p>\n<p><b>Horus is now on his way to the next stage of his life of becoming a man.<\/b><\/p>\n<style>body,.content-inner{background:#E2AC58!important;<\/style>","protected":false},"excerpt":{"rendered":"<p>About | Production Team | Trailer | Act 1 | Act 2 | Act 3 | Act 4 | Act 5 | [&hellip;]<\/p>","protected":false},"author":3,"featured_media":0,"parent":0,"menu_order":0,"comment_status":"closed","ping_status":"closed","template":"","meta":{"footnotes":""},"class_list":["post-68731","page","type-page","status-publish","hentry"],"aioseo_notices":[],"_links":{"self":[{"href":"https:\/\/egyptianwisdomcenter.org\/fr\/wp-json\/wp\/v2\/pages\/68731","targetHints":{"allow":["GET"]}}],"collection":[{"href":"https:\/\/egyptianwisdomcenter.org\/fr\/wp-json\/wp\/v2\/pages"}],"about":[{"href":"https:\/\/egyptianwisdomcenter.org\/fr\/wp-json\/wp\/v2\/types\/page"}],"author":[{"embeddable":true,"href":"https:\/\/egyptianwisdomcenter.org\/fr\/wp-json\/wp\/v2\/users\/3"}],"replies":[{"embeddable":true,"href":"https:\/\/egyptianwisdomcenter.org\/fr\/wp-json\/wp\/v2\/comments?post=68731"}],"version-history":[{"count":11,"href":"https:\/\/egyptianwisdomcenter.org\/fr\/wp-json\/wp\/v2\/pages\/68731\/revisions"}],"predecessor-version":[{"id":69003,"href":"https:\/\/egyptianwisdomcenter.org\/fr\/wp-json\/wp\/v2\/pages\/68731\/revisions\/69003"}],"wp:attachment":[{"href":"https:\/\/egyptianwisdomcenter.org\/fr\/wp-json\/wp\/v2\/media?parent=68731"}],"curies":[{"name":"wp","href":"https:\/\/api.w.org\/{rel}","templated":true}]}}