{"id":7,"date":"2019-02-14T14:21:28","date_gmt":"2019-02-14T19:21:28","guid":{"rendered":"http:\/\/egyptianwisdomcenter.org\/?page_id=7"},"modified":"2026-01-18T14:04:08","modified_gmt":"2026-01-18T19:04:08","slug":"forum-2","status":"publish","type":"page","link":"https:\/\/egyptianwisdomcenter.org\/fr\/","title":{"rendered":"Accueil"},"content":{"rendered":"<div class=\"homepage-title\">\n<h3 style=\"font-weight: 400;\">Bienvenue \u00e0 une source majeure de sagesse d\u00e9riv\u00e9e de la civilisation \u00e9gyptienne ancienne. <img fetchpriority=\"high\" decoding=\"async\" class=\"homepage-image alignright wp-image-69864 size-full\" src=\"https:\/\/egyptianwisdomcenter.org\/wp-content\/uploads\/2026\/01\/header-background-transparent.webp\" alt=\"\" width=\"544\" height=\"724\" \/><\/h3>\n<\/div>\n<p class=\"homepage-intro\">Vous serez surpris de voir comment la civilisation moderne repose fermement sur les \u00e9paules de l\u2019Egypte ancienne.<br \/>\nCe site Web comporte deux grandes avenues d\u2019apprentissage, dans plus de 10 langues.<br \/>\nUne foule d\u2019articles gratuits \u00e9crits par Moustafa Gadalla. Voir le lien Articles dans le menu.<br \/>\nLiens vers un site Web compl\u00e9mentaire o\u00f9 de nombreux livres de Moustafa Gadalla peuvent \u00eatre achet\u00e9s. Il existe des versions en plusieurs langues. Voir le lien Nos livres dans le menu ci-dessus.<br \/>\nProfitez de ce fascinant aper\u00e7u de la culture et de la sagesse \u00e9gyptiennes antiques.<\/p>","protected":false},"excerpt":{"rendered":"<p>Your Comprehensive Multimedia Resource for coherent and substantive educative studies of Ancient Egypt. You will be surprised to see how modern civilisation [&hellip;]<\/p>","protected":false},"author":3,"featured_media":0,"parent":0,"menu_order":0,"comment_status":"closed","ping_status":"closed","template":"","meta":{"footnotes":""},"class_list":["post-7","page","type-page","status-publish","hentry"],"aioseo_notices":[],"_links":{"self":[{"href":"https:\/\/egyptianwisdomcenter.org\/fr\/wp-json\/wp\/v2\/pages\/7","targetHints":{"allow":["GET"]}}],"collection":[{"href":"https:\/\/egyptianwisdomcenter.org\/fr\/wp-json\/wp\/v2\/pages"}],"about":[{"href":"https:\/\/egyptianwisdomcenter.org\/fr\/wp-json\/wp\/v2\/types\/page"}],"author":[{"embeddable":true,"href":"https:\/\/egyptianwisdomcenter.org\/fr\/wp-json\/wp\/v2\/users\/3"}],"replies":[{"embeddable":true,"href":"https:\/\/egyptianwisdomcenter.org\/fr\/wp-json\/wp\/v2\/comments?post=7"}],"version-history":[{"count":41,"href":"https:\/\/egyptianwisdomcenter.org\/fr\/wp-json\/wp\/v2\/pages\/7\/revisions"}],"predecessor-version":[{"id":69868,"href":"https:\/\/egyptianwisdomcenter.org\/fr\/wp-json\/wp\/v2\/pages\/7\/revisions\/69868"}],"wp:attachment":[{"href":"https:\/\/egyptianwisdomcenter.org\/fr\/wp-json\/wp\/v2\/media?parent=7"}],"curies":[{"name":"wp","href":"https:\/\/api.w.org\/{rel}","templated":true}]}}