{"id":73,"date":"2016-06-09T00:00:00","date_gmt":"2016-06-09T04:00:00","guid":{"rendered":"http:\/\/egyptianwisdomcenter.org\/egyptian-society\/"},"modified":"2023-10-22T05:48:19","modified_gmt":"2023-10-22T09:48:19","slug":"egyptian-society","status":"publish","type":"page","link":"https:\/\/egyptianwisdomcenter.org\/fr\/societe-egyptienne\/","title":{"rendered":"Antiquit\u00e9s, terres et peuples d&#039;\u00c9gypte."},"content":{"rendered":"<h2>Antiquit\u00e9s, terres et peuples d&#039;\u00c9gypte.<\/h2>\n<ul>\n<li><a href=\"https:\/\/egyptianwisdomcenter.org\/fr\/lepoque-incroyable-et-reculee-de-legypte-ancienne-2\/\">L\u2019\u00e9poque incroyable et recul\u00e9e de l\u2019\u00c9gypte ancienne<\/a><\/li>\n<li><a href=\"https:\/\/egyptianwisdomcenter.org\/fr\/le-calendrier-egyptien-parfait-2\/\">Le calendrier \u00e9gyptien parfait<\/a><\/li>\n<li><a href=\"https:\/\/egyptianwisdomcenter.org\/fr\/lhistoire-egyptienne-post-pharaonique-predit-lhermetisme\/\">L\u2019histoire \u00e9gyptienne post-pharaonique telle que pr\u00e9dite dans Hermetica<\/a><\/li>\n<li><a href=\"https:\/\/egyptianwisdomcenter.org\/fr\/les-peuples-degypte-2\/\">Les peuples d&#039;Egypte<\/a><\/li>\n<li><a href=\"https:\/\/egyptianwisdomcenter.org\/fr\/les-deux-terres-2\/\">Les deux terres<\/a><\/li>\n<li><a href=\"https:\/\/egyptianwisdomcenter.org\/fr\/anciennes-colonies-egyptiennes-a-travers-le-monde-2\/\">Colonies \u00e9gyptiennes antiques \u00e0 travers le monde<\/a><\/li>\n<\/ul>","protected":false},"excerpt":{"rendered":"<p>Antiquities, Land and Peoples of Egypt. The Actual Incredible Remote Age of Ancient Egypt The Perfect Egyptian Calendar The Post-Pharaonic Egyptian History [&hellip;]<\/p>","protected":false},"author":3,"featured_media":0,"parent":0,"menu_order":0,"comment_status":"closed","ping_status":"closed","template":"","meta":{"footnotes":""},"class_list":["post-73","page","type-page","status-publish","hentry"],"aioseo_notices":[],"_links":{"self":[{"href":"https:\/\/egyptianwisdomcenter.org\/fr\/wp-json\/wp\/v2\/pages\/73","targetHints":{"allow":["GET"]}}],"collection":[{"href":"https:\/\/egyptianwisdomcenter.org\/fr\/wp-json\/wp\/v2\/pages"}],"about":[{"href":"https:\/\/egyptianwisdomcenter.org\/fr\/wp-json\/wp\/v2\/types\/page"}],"author":[{"embeddable":true,"href":"https:\/\/egyptianwisdomcenter.org\/fr\/wp-json\/wp\/v2\/users\/3"}],"replies":[{"embeddable":true,"href":"https:\/\/egyptianwisdomcenter.org\/fr\/wp-json\/wp\/v2\/comments?post=73"}],"version-history":[{"count":1,"href":"https:\/\/egyptianwisdomcenter.org\/fr\/wp-json\/wp\/v2\/pages\/73\/revisions"}],"predecessor-version":[{"id":68472,"href":"https:\/\/egyptianwisdomcenter.org\/fr\/wp-json\/wp\/v2\/pages\/73\/revisions\/68472"}],"wp:attachment":[{"href":"https:\/\/egyptianwisdomcenter.org\/fr\/wp-json\/wp\/v2\/media?parent=73"}],"curies":[{"name":"wp","href":"https:\/\/api.w.org\/{rel}","templated":true}]}}