{"id":74,"date":"2016-06-09T00:00:00","date_gmt":"2016-06-09T04:00:00","guid":{"rendered":"http:\/\/egyptianwisdomcenter.org\/post-pharaonic-egyptian-history-foretold-hermetica\/"},"modified":"2023-01-02T01:10:34","modified_gmt":"2023-01-02T06:10:34","slug":"post-pharaonic-egyptian-history-foretold-hermetica","status":"publish","type":"page","link":"https:\/\/egyptianwisdomcenter.org\/fr\/lhistoire-egyptienne-post-pharaonique-predit-lhermetisme\/","title":{"rendered":"L\u2019histoire \u00e9gyptienne post-pharaonique telle que pr\u00e9dite dans Hermetica"},"content":{"rendered":"<h2 style=\"text-align: center;\"><span style=\"color: #ff0000;\"><strong>L\u2019histoire \u00e9gyptienne post-pharaonique telle que pr\u00e9dite dans Hermetica<\/strong><\/span><\/h2>\n<p>&nbsp;<\/p>\n<p>Apr\u00e8s presque 2 000 ans, l&#039;\u00e9criture \u00e9gyptienne antique, connue sous le nom de <em>Herm\u00e9tique<\/em>, continue de s\u2019av\u00e9rer exact. Voici des extraits de la puissante proph\u00e9tie \u00e9nonc\u00e9e dans Ascl\u00e9pios III 24-26\u00a0:<\/p>\n<p><span style=\"color: #0000ff;\"><strong>Premi\u00e8rement<\/strong><\/span>, il parle de l&#039;importance cosmique de l&#039;\u00c9gypte (et non de la Gr\u00e8ce).<\/p>\n<blockquote><p><em>\u00ab Ne sais-tu pas, Ascl\u00e9pios, que l&#039;\u00c9gypte est une image du ciel ou, pour \u00eatre plus pr\u00e9cis, que tout ce qui gouverne et se meut dans le ciel descendit en \u00c9gypte et y fut transf\u00e9r\u00e9 ? \u00c0 vrai dire, notre terre est le temple du monde entier. <\/em><\/p><\/blockquote>\n<p><span style=\"color: #0000ff;\"><strong>Deuxi\u00e8mement<\/strong><\/span>, il pr\u00e9disait la disparition de l\u2019\u00c9gypte ancienne.<\/p>\n<blockquote><p><em>\u00ab Et pourtant, puisqu\u2019il convient au sage de tout savoir \u00e0 l\u2019avance, vous ne devez pas rester dans l\u2019ignorance : un temps viendra o\u00f9 il appara\u00eetra que les \u00c9gyptiens respectaient la divinit\u00e9 avec un esprit fid\u00e8le et un respect minutieux \u2013 en vain. Tout leur saint culte sera d\u00e9\u00e7u et p\u00e9rira sans effet, car la divinit\u00e9 reviendra de la terre au ciel et l&#039;\u00c9gypte sera abandonn\u00e9e. La terre qui \u00e9tait le si\u00e8ge du respect sera veuve par les puissances et laiss\u00e9e sans leur pr\u00e9sence. Lorsque des \u00e9trangers occuperont la terre et le territoire, non seulement le respect tombera dans l\u2019oubli, mais, plus grave encore, une interdiction, sous peine de sanction, prescrite par la loi (soi-disant) sera \u00e9dict\u00e9e contre le respect, la fid\u00e9lit\u00e9 et le culte divin. Alors cette terre tr\u00e8s sainte, si\u00e8ge de sanctuaires et de temples, sera enti\u00e8rement remplie de tombeaux et de cadavres. <\/em><\/p><\/blockquote>\n<ul>\n<li>Les \u00e9trangers (Ptol\u00e9m\u00e9es, Romains et Arabes) ont occup\u00e9 l&#039;\u00c9gypte.<\/li>\n<li>Les \u00e9trangers (Romains et Arabes) ont effectivement promulgu\u00e9 \u00ab une interdiction sous peine prescrite par la loi (soi-disant) \u00bb contre le syst\u00e8me de croyance de l\u2019\u00c9gypte ancienne, et cela est toujours en vigueur en vertu des lois actuelles.<\/li>\n<\/ul>\n<p><span style=\"color: #0000ff;\"><strong>Troisi\u00e8mement<\/strong><\/span>, il pr\u00e9dit comment une partie importante de la population \u00e9gyptienne (commun\u00e9ment identifi\u00e9e comme la <em>\u00c9gyptiens Afrangis<\/em>) abandonneraient leurs traditions et m\u00e9priseraient leur propre pass\u00e9 (exactement comme cela s&#039;est produit, \u00e0 la suite des assauts chr\u00e9tiens et islamiques et de la domination continue).<\/p>\n<blockquote><p><em>\u00ab \u00d4 \u00c9gypte, \u00c9gypte, de tes actes respectueux, seules les histoires survivront, et elles seront incroyables pour tes enfants ! Seules les paroles grav\u00e9es dans la pierre survivront pour raconter vos \u0153uvres fid\u00e8les, et les Scythes, les Indiens ou quelque barbare voisin habiteront en \u00c9gypte. Car la divinit\u00e9 remonte au ciel, et tout le peuple mourra, abandonn\u00e9, comme l&#039;Egypte sera veuve et abandonn\u00e9e par Dieu et les humains. Je t&#039;appelle, fleuve tr\u00e8s saint, et je pr\u00e9dis ton avenir : un torrent de sang te remplira jusqu&#039;aux rives, et tu d\u00e9borderas ; non seulement le sang polluera vos eaux divines, mais il les fera aussi jaillir partout, et le nombre des ensevelis sera bien plus grand que celui des vivants. Celui qui survivra ne sera reconnu comme \u00e9gyptien que par sa langue ; dans ses actions, il appara\u00eetra comme un \u00e9tranger. <\/em><\/p><\/blockquote>\n<p>Le christianisme et l&#039;islam ont \u00e9t\u00e9 cr\u00e9\u00e9s apr\u00e8s <em>Herm\u00e9tique<\/em> \u00e9tait \u00e9crit. Le d\u00e9sordre, l\u2019anarchie et la cupidit\u00e9 ont suivi. <em>Herm\u00e9tique<\/em> l&#039;a proph\u00e9tis\u00e9 :<\/p>\n<blockquote><p>[25] <em>\u00ab Ascl\u00e9pios, pourquoi pleures-tu ? L\u2019\u00c9gypte elle-m\u00eame sera persuad\u00e9e de commettre des actes bien plus m\u00e9chants que ceux-ci, et elle sera plong\u00e9e dans des maux bien pires. Terre autrefois sainte, tr\u00e8s aimante de la divinit\u00e9, en raison de sa r\u00e9v\u00e9rence, la seule terre sur terre o\u00f9 les neteru (dieux) se sont install\u00e9s, celle qui a enseign\u00e9 la saintet\u00e9 et la fid\u00e9lit\u00e9 sera un exemple d&#039;incr\u00e9dulit\u00e9 totale. Dans leur lassitude, les gens de cette \u00e9poque ne trouveront dans le monde rien de quoi s\u2019\u00e9tonner ou de quoi adorer. Tout cela \u2013 une bonne chose qui n\u2019a jamais eu, n\u2019a jamais eu et n\u2019aura jamais son meilleur \u2013 sera mis en danger. Les gens le trouveront oppressant et le m\u00e9priseront. Ils ne ch\u00e9riront pas ce monde entier, une \u0153uvre de Dieu sans pr\u00e9c\u00e9dent, une construction glorieuse, une g\u00e9n\u00e9rosit\u00e9 compos\u00e9e d&#039;images aux multiples formes, un m\u00e9canisme pour la volont\u00e9 de Dieu soutenant sans r\u00e9ticence son \u0153uvre, faisant une unit\u00e9 de tout ce qui peut \u00eatre honor\u00e9, lou\u00e9 et enfin aim\u00e9e de ceux qui la voient, une accumulation multiforme prise comme une seule chose. <\/em><\/p><\/blockquote>\n<blockquote><p><em>\u00ab Ils pr\u00e9f\u00e9reront les ombres \u00e0 la lumi\u00e8re, et ils trouveront la mort plus opportune que la vie. Personne ne l\u00e8vera les yeux vers le ciel. Les respectueux seront consid\u00e9r\u00e9s comme fous, les irr\u00e9v\u00e9rencieux comme sages ; le fou sera consid\u00e9r\u00e9 comme courageux, et le sc\u00e9l\u00e9rat sera pris pour une personne honn\u00eate. L&#039;\u00e2me et tous les enseignements sur l&#039;\u00e2me (cette \u00e2me a commenc\u00e9 comme immortelle ou esp\u00e8re atteindre l&#039;immortalit\u00e9) tels que je vous les ai r\u00e9v\u00e9l\u00e9s seront consid\u00e9r\u00e9s non seulement comme risibles mais m\u00eame illusoires. Mais \u2013 croyez-moi \u2013 quiconque s\u2019adonne au respect de l\u2019esprit s\u2019expose \u00e0 la peine capitale. Ils \u00e9tabliront de nouvelles lois, une nouvelle justice. Rien de saint, rien de respectueux ni digne du ciel ou des \u00eatres c\u00e9lestes ne sera entendu ou cru dans l&#039;esprit. <\/em><\/p><\/blockquote>\n<p>La proph\u00e9tie s\u2019est av\u00e9r\u00e9e exacte\u00a0: <em>\u00ab Quiconque s\u2019adonne au respect de l\u2019esprit s\u2019expose \u00e0 la peine capitale\u2026 \u00bb<\/em>, parce que c&#039;est un devoir des musulmans de tuer les autres, dans le but de propager l&#039;islam, comme en <em>jihads<\/em>. De plus, si une personne n\u00e9e musulmane ose quitter l\u2019islam et\/ou commettre un blasph\u00e8me (ce qui peut \u00eatre interpr\u00e9t\u00e9 comme le veut un musulman), un musulman loyal est \u00ab oblig\u00e9 \u00bb de tuer cette personne, selon le Coran.<br \/>\nLe texte de <em>Herm\u00e9tique<\/em> continue:<\/p>\n<blockquote><p><em>\u00ab Quelle tristesse lorsque les neteru (dieux) se retirent de l\u2019humanit\u00e9 ! Il ne reste plus que les anges mal\u00e9fiques pour se m\u00ealer aux humains, s&#039;emparant des mis\u00e9rables et les poussant \u00e0 tous les crimes ignobles : guerre, pillage, supercherie et tout ce qui est contraire \u00e0 la nature des \u00e2mes. Alors ni la terre ne r\u00e9sistera, ni la mer ne sera plus navigable ; les \u00e9toiles ne traverseront pas le ciel et leur course ne restera pas stable dans le ciel. Chaque voix divine deviendra muette dans un silence forc\u00e9. Les fruits de la terre pourriront ; le sol ne sera plus fertile ; et l\u2019air m\u00eame s\u2019affaissera dans une sombre l\u00e9thargie. <\/em><\/p><\/blockquote>\n<p>Mais la proph\u00e9tie la plus pr\u00e9cise d\u00e9clare qu\u2019\u00e0 cette heure la plus sombre, la lumi\u00e8re est sur le point de briller \u00e0 nouveau sur l\u2019\u00c9gypte et sur le monde entier. Pour comme <em>Herm\u00e9tique<\/em> \u00c9tats:<\/p>\n<blockquote><p>[26] <em>\u00ab Telle sera la vieillesse du monde : irr\u00e9v\u00e9rence, d\u00e9sordre, m\u00e9pris de tout ce qui est bon. Quand tout cela arrivera, Ascl\u00e9pios, alors Dieu examinera cette conduite et ces crimes volontaires, et dans un acte de volont\u00e9, il prendra position contre les vices et la perversion en toute chose, redressant les torts, lavant la m\u00e9chancet\u00e9 d&#039;une mani\u00e8re inonder ou le consumer dans le feu ou y mettre fin en propageant la maladie pestilentielle partout. Ensuite, il redonnera au monde sa beaut\u00e9 d&#039;antan afin que le monde lui-m\u00eame semble \u00e0 nouveau digne d&#039;adoration et d&#039;\u00e9merveillement, et avec des b\u00e9n\u00e9dictions constantes et des proclamations de louanges, les gens de cette \u00e9poque honoreront Dieu qui fait et restaure une si grande \u0153uvre. Et ce sera la g\u00e9n\u00e9ration du monde : une r\u00e9forme de toutes les bonnes choses et une restitution tr\u00e8s sainte et tr\u00e8s respectueuse de la nature elle-m\u00eame, r\u00e9organis\u00e9e au cours du temps [mais par un acte de volont\u00e9], qui est et \u00e9tait \u00e9ternelle. et sans commencer. Car la volont\u00e9 de Dieu n\u2019a pas de commencement ; il reste le m\u00eame, \u00e9ternel dans son \u00e9tat actuel. La nature de Dieu est la d\u00e9lib\u00e9ration ; la volont\u00e9 est la bont\u00e9 supr\u00eame. <\/em><\/p><\/blockquote>\n<p>Il est temps de rena\u00eetre. Le m\u00e9chant \u00e2ge des Poissons est termin\u00e9. L\u2019\u00e8re du Verseau est \u00e0 nos portes. Le processus de nettoyage se poursuivra (conform\u00e9ment \u00e0 la section 26 ci-dessus) jusqu&#039;\u00e0 ce que l&#039;harmonie cosmique soit restaur\u00e9e.<\/p>\n<p>&nbsp;<\/p>\n<hr \/>\n<p><!-- - EE Exiled Egyptians - --><\/p>\n<p><span style=\"color: #ff0000;\"><strong>Pour plus d\u2019informations sur ce qui est arriv\u00e9 \u00e0 l\u2019\u00c9gypte apr\u00e8s l\u2019\u00e8re pharaonique, lisez nos livres\u00a0:<\/strong><\/span><\/p>\n<p><strong><span style=\"color: #ff0000;\">[Un extrait de\u00a0<\/span><\/strong><strong>\u00c9gyptien ancien : la culture r\u00e9v\u00e9l\u00e9e, deuxi\u00e8me \u00e9dition<span style=\"color: #ff0000;\"> par Moustafa Gadalla]<br \/>\n<a href=\"https:\/\/egyptianwisdomcenter.org\/fr\/produit\/la-culture-de-legypte-ancienne-revelee-2\/\"><span style=\"color: #0000ff;\">https:\/\/egyptianwisdomcenter.org\/product\/la-culture-de-legypte-ancienne-revelee\/<\/span><\/a><br \/>\n<\/span><\/strong><\/p>\n<p><img decoding=\"async\" class=\"aligncenter\" src=\"https:\/\/egyptianwisdomcenter.org\/wp-content\/uploads\/2023\/01\/la-culture-de-l-egypte-ancienne-revelee-4.jpg\" \/><\/p>\n<div dir=\"auto\" style=\"text-align: center;\"><a href=\"https:\/\/egyptianwisdomcenter.org\/fr\/produit\/la-culture-de-legypte-ancienne-revelee-2\/\"><span style=\"color: #0000ff;\"><strong>https:\/\/egyptianwisdomcenter.org\/product\/la-culture-de-legypte-ancienne-revelee\/<\/strong><\/span><\/a><\/div>","protected":false},"excerpt":{"rendered":"<p>The Post-Pharaonic Egyptian History As Foretold In Hermetica &nbsp; After almost 2,000 years, the Ancient Egyptian writing, known as Hermetica, continues to [&hellip;]<\/p>","protected":false},"author":3,"featured_media":0,"parent":0,"menu_order":0,"comment_status":"closed","ping_status":"closed","template":"","meta":{"footnotes":""},"class_list":["post-74","page","type-page","status-publish","hentry"],"aioseo_notices":[],"_links":{"self":[{"href":"https:\/\/egyptianwisdomcenter.org\/fr\/wp-json\/wp\/v2\/pages\/74","targetHints":{"allow":["GET"]}}],"collection":[{"href":"https:\/\/egyptianwisdomcenter.org\/fr\/wp-json\/wp\/v2\/pages"}],"about":[{"href":"https:\/\/egyptianwisdomcenter.org\/fr\/wp-json\/wp\/v2\/types\/page"}],"author":[{"embeddable":true,"href":"https:\/\/egyptianwisdomcenter.org\/fr\/wp-json\/wp\/v2\/users\/3"}],"replies":[{"embeddable":true,"href":"https:\/\/egyptianwisdomcenter.org\/fr\/wp-json\/wp\/v2\/comments?post=74"}],"version-history":[{"count":0,"href":"https:\/\/egyptianwisdomcenter.org\/fr\/wp-json\/wp\/v2\/pages\/74\/revisions"}],"wp:attachment":[{"href":"https:\/\/egyptianwisdomcenter.org\/fr\/wp-json\/wp\/v2\/media?parent=74"}],"curies":[{"name":"wp","href":"https:\/\/api.w.org\/{rel}","templated":true}]}}