{"id":76,"date":"2016-06-09T00:00:00","date_gmt":"2016-06-09T04:00:00","guid":{"rendered":"http:\/\/egyptianwisdomcenter.org\/egyptian-cosmic-religion\/"},"modified":"2023-02-07T13:08:22","modified_gmt":"2023-02-07T18:08:22","slug":"egyptian-cosmic-religion","status":"publish","type":"page","link":"https:\/\/egyptianwisdomcenter.org\/fr\/religion-cosmique-egyptienne\/","title":{"rendered":"La religion cosmique \u00e9gyptienne"},"content":{"rendered":"<h2>La religion cosmique \u00e9gyptienne<\/h2>\n<p><strong>La Gen\u00e8se<\/strong><\/p>\n<ul>\n<li><a href=\"https:\/\/egyptianwisdomcenter.org\/fr\/monotheisme-et-polytheisme-egyptien\/\">Monoth\u00e9isme \u00e9gyptien (L&#039;UN) et polyth\u00e9isme (Le TOUT)<\/a><\/li>\n<li><a href=\"https:\/\/egyptianwisdomcenter.org\/fr\/amen-renef-lindefinissable-2\/\">Amen-Renef : L&#039;Ind\u00e9finissable<\/a><\/li>\n<li><a href=\"https:\/\/egyptianwisdomcenter.org\/fr\/neteru-les-energies-divines-2\/\">Neteru : les \u00e9nergies divines<\/a><\/li>\n<li><a href=\"https:\/\/egyptianwisdomcenter.org\/fr\/les-synergies-archetypales-2\/\">Les synergies arch\u00e9typales<\/a><\/li>\n<li><a href=\"https:\/\/egyptianwisdomcenter.org\/fr\/le-processus-de-creation-egyptien-compte-2\/\">Les comptes du processus de cr\u00e9ation \u00e9gyptien<\/a><\/li>\n<li><a href=\"https:\/\/egyptianwisdomcenter.org\/fr\/numerologie-du-processus-de-creation-2\/\">Num\u00e9rologie du processus de cr\u00e9ation<\/a><\/li>\n<li><a href=\"https:\/\/egyptianwisdomcenter.org\/fr\/le-portrait-crache-de-celui-qui-shu-et-tef-nut\/\">Le portrait crach\u00e9 de l\u2019Un \u2013 Shu et Tef-nut<\/a><\/li>\n<li><a href=\"https:\/\/egyptianwisdomcenter.org\/fr\/la-dualite-de-ra-et-osiris-2\/\">La dualit\u00e9 de R\u00e2 et Osiris<\/a><\/li>\n<li><a href=\"https:\/\/egyptianwisdomcenter.org\/fr\/le-divin-surveillant-de-lunivers-cree-2\/\">Le divin surveillant de l\u2019univers cr\u00e9\u00e9<\/a><\/li>\n<\/ul>\n<p><strong>Symbolisme animal<\/strong><\/p>\n<ul>\n<li><a href=\"https:\/\/egyptianwisdomcenter.org\/fr\/logique-et-formes-de-representation-animale\/\">Logique et formes de repr\u00e9sentation animale<\/a><\/li>\n<li><a href=\"https:\/\/egyptianwisdomcenter.org\/fr\/anubis-le-chien-2\/\">Anubis, le chien<\/a><\/li>\n<li><a href=\"https:\/\/egyptianwisdomcenter.org\/fr\/ba-loiseau-migrateur-2\/\">Ba, l&#039;oiseau migrateur<\/a><\/li>\n<li><a href=\"https:\/\/egyptianwisdomcenter.org\/fr\/scarabee-2\/\">Scarab\u00e9e<\/a><\/li>\n<li><a href=\"https:\/\/egyptianwisdomcenter.org\/fr\/babouin-2\/\">Babouin<\/a><\/li>\n<li><a href=\"https:\/\/egyptianwisdomcenter.org\/fr\/cheval-2\/\">Cheval<\/a><\/li>\n<\/ul>\n<p><strong>Divinit\u00e9s \u00e9gyptiennes<\/strong><\/p>\n<ul>\n<li><a href=\"https:\/\/egyptianwisdomcenter.org\/fr\/representations-picturales-mystiques-2\/\">Repr\u00e9sentations picturales mystiques<\/a><\/li>\n<li><a href=\"https:\/\/egyptianwisdomcenter.org\/fr\/isis-la-divine-femelle-2\/\">Isis la femme divine<\/a><\/li>\n<li><a href=\"https:\/\/egyptianwisdomcenter.org\/fr\/dame-amour-hathor-venus-2\/\">Lady Love : Hathor\u2014V\u00e9nus<\/a><\/li>\n<li><a href=\"https:\/\/egyptianwisdomcenter.org\/fr\/notre-sainte-dame-de-la-mer-notre-dame-de-la-mer-2\/\">Notre (Sainte) Dame de la Mer \u2014 Notre Dame de La Mer<\/a><\/li>\n<li><a href=\"https:\/\/egyptianwisdomcenter.org\/fr\/fou-lesprit-du-ciel-2\/\">Nut \u2013 L\u2019esprit du ciel<\/a><\/li>\n<li><a href=\"https:\/\/egyptianwisdomcenter.org\/fr\/osiris2\/\">Osiris<\/a><\/li>\n<li><a href=\"https:\/\/egyptianwisdomcenter.org\/fr\/horus-2\/\">Horus<\/a><\/li>\n<\/ul>\n<p><strong>Notre voyage terrestre<\/strong><\/p>\n<ul>\n<li><a href=\"https:\/\/egyptianwisdomcenter.org\/fr\/lhomme-et-les-forces-divines-2-2\/\">L&#039;homme et les forces divines<\/a><\/li>\n<li><a href=\"https:\/\/egyptianwisdomcenter.org\/fr\/letre-humain-la-replique-universelle-9-composants\/\">L&#039;\u00eatre humain : la r\u00e9plique universelle [9 composants]<\/a><\/li>\n<li><a href=\"https:\/\/egyptianwisdomcenter.org\/fr\/les-potentiels-deveil-reveillent-votre-osiris-interieur\/\">Les potentiels d\u2019\u00e9veil \u2013 R\u00e9veillez votre Osiris int\u00e9rieur !<\/a><\/li>\n<li><a href=\"https:\/\/egyptianwisdomcenter.org\/fr\/va-ton-propre-chemin-maman-a-14-heures\/\">Suivez votre propre chemin (Ma-at)<\/a><\/li>\n<li><a href=\"https:\/\/egyptianwisdomcenter.org\/fr\/lalchimie-du-but-en-or\/\">Le but en or : l&#039;alchimie<\/a><\/li>\n<li><a href=\"https:\/\/egyptianwisdomcenter.org\/fr\/zikr-dhikr-la-pratique-extatique-3\/\">Zikr\/Dhikr \u2013 La pratique extatique<\/a><\/li>\n<li><a href=\"https:\/\/egyptianwisdomcenter.org\/fr\/gravir-lechelle-celeste-la-vie-apres-la-terre\/\">Grimper l\u2019\u00e9chelle c\u00e9leste : la vie apr\u00e8s la Terre<\/a><\/li>\n<li><a href=\"https:\/\/egyptianwisdomcenter.org\/fr\/la-propagation-de-la-religion-egyptienne-2\/\">La propagation de la religion \u00e9gyptienne<\/a><\/li>\n<\/ul>\n<p>&nbsp;<\/p>","protected":false},"excerpt":{"rendered":"<p>The Egyptian Cosmic Religion The Genesis Egyptian Monotheism (The ONE) and Polytheism (The ALL) Amen-Renef: The Indefinable Neteru\u2014The Divine Energies The Archetypal [&hellip;]<\/p>","protected":false},"author":3,"featured_media":0,"parent":0,"menu_order":0,"comment_status":"closed","ping_status":"closed","template":"","meta":{"footnotes":""},"class_list":["post-76","page","type-page","status-publish","hentry"],"aioseo_notices":[],"_links":{"self":[{"href":"https:\/\/egyptianwisdomcenter.org\/fr\/wp-json\/wp\/v2\/pages\/76","targetHints":{"allow":["GET"]}}],"collection":[{"href":"https:\/\/egyptianwisdomcenter.org\/fr\/wp-json\/wp\/v2\/pages"}],"about":[{"href":"https:\/\/egyptianwisdomcenter.org\/fr\/wp-json\/wp\/v2\/types\/page"}],"author":[{"embeddable":true,"href":"https:\/\/egyptianwisdomcenter.org\/fr\/wp-json\/wp\/v2\/users\/3"}],"replies":[{"embeddable":true,"href":"https:\/\/egyptianwisdomcenter.org\/fr\/wp-json\/wp\/v2\/comments?post=76"}],"version-history":[{"count":0,"href":"https:\/\/egyptianwisdomcenter.org\/fr\/wp-json\/wp\/v2\/pages\/76\/revisions"}],"wp:attachment":[{"href":"https:\/\/egyptianwisdomcenter.org\/fr\/wp-json\/wp\/v2\/media?parent=76"}],"curies":[{"name":"wp","href":"https:\/\/api.w.org\/{rel}","templated":true}]}}