{"id":77,"date":"2016-06-09T00:00:00","date_gmt":"2016-06-09T04:00:00","guid":{"rendered":"http:\/\/egyptianwisdomcenter.org\/learned-ancient-egyptians\/"},"modified":"2019-02-26T21:23:32","modified_gmt":"2019-02-27T02:23:32","slug":"learned-ancient-egyptians","status":"publish","type":"page","link":"https:\/\/egyptianwisdomcenter.org\/fr\/erudits-egyptiens-anciens\/","title":{"rendered":"Les \u00e9rudits \u00e9gyptiens de l&#039;Antiquit\u00e9"},"content":{"rendered":"<div class=\"entry\">\n<h2>Les \u00e9rudits \u00e9gyptiens de l&#039;Antiquit\u00e9<\/h2>\n<ul>\n<li><a href=\"https:\/\/egyptianwisdomcenter.org\/fr\/conscience-astronomique-2\/\">Conscience astronomique<\/a><\/li>\n<li><a href=\"https:\/\/egyptianwisdomcenter.org\/fr\/la-bibliotheque-medicale-egyptienne-avancee-2\/\">La biblioth\u00e8que m\u00e9dicale \u00e9gyptienne avanc\u00e9e\u00a0<\/a><\/li>\n<li><a href=\"https:\/\/egyptianwisdomcenter.org\/fr\/geometrie-sacree-et-sciences-naturelles-2\/\">G\u00e9om\u00e9trie sacr\u00e9e et sciences naturelles<\/a><\/li>\n<li><a href=\"https:\/\/egyptianwisdomcenter.org\/fr\/mathematiques-et-numerologie-2\/\">Math\u00e9matiques et Num\u00e9rologie<\/a><\/li>\n<li><a href=\"https:\/\/egyptianwisdomcenter.org\/fr\/les-ratios-sacres-2\/\">Les ratios sacr\u00e9s<\/a><\/li>\n<li><a href=\"https:\/\/egyptianwisdomcenter.org\/fr\/langue-universelle-originale\/\">La langue universelle originale<\/a><\/li>\n<li><a href=\"https:\/\/egyptianwisdomcenter.org\/fr\/comment-la-langue-egyptienne-unique-est-devenue-les-nombreuses-formes-de-lettres-et-les-divergences-sonores-2\/\">Comment la langue mondiale unique [\u00e9gyptien] est devenue une langue multiple [Formes de lettres et divergence sonore]<\/a><\/li>\n<li><a href=\"https:\/\/egyptianwisdomcenter.org\/fr\/la-forme-alphabetique-egyptienne-de-lecriture-2\/\">La forme alphab\u00e9tique \u00e9gyptienne de l\u2019\u00e9criture<\/a><\/li>\n<li><a href=\"https:\/\/egyptianwisdomcenter.org\/fr\/les-styles-decriture-alphabetique-egyptienne-2\/\">Les styles d\u2019\u00e9criture alphab\u00e9tique \u00e9gyptienne<\/a><\/li>\n<li><a href=\"https:\/\/egyptianwisdomcenter.org\/fr\/la-langue-egyptienne-cultivee-2\/\">La langue \u00e9gyptienne cultiv\u00e9e<\/a><\/li>\n<li><a href=\"https:\/\/egyptianwisdomcenter.org\/fr\/arabe-la-langue-egyptienne-volee-2\/\"> \u00ab Arabe \u00bb : la langue \u00e9gyptienne vol\u00e9e<\/a><\/li>\n<\/ul>\n<\/div>\n<p>&nbsp;<\/p>\n<p>&nbsp;<\/p>","protected":false},"excerpt":{"rendered":"<p>The Learned Ancient Egyptians Astronomical Consciousness The Advanced Egyptian Medical Library\u00a0 Sacred Geometry and Natural Sciences Mathematics and Numerology The Sacred Ratios [&hellip;]<\/p>","protected":false},"author":3,"featured_media":0,"parent":0,"menu_order":0,"comment_status":"closed","ping_status":"closed","template":"","meta":{"footnotes":""},"class_list":["post-77","page","type-page","status-publish","hentry"],"aioseo_notices":[],"_links":{"self":[{"href":"https:\/\/egyptianwisdomcenter.org\/fr\/wp-json\/wp\/v2\/pages\/77","targetHints":{"allow":["GET"]}}],"collection":[{"href":"https:\/\/egyptianwisdomcenter.org\/fr\/wp-json\/wp\/v2\/pages"}],"about":[{"href":"https:\/\/egyptianwisdomcenter.org\/fr\/wp-json\/wp\/v2\/types\/page"}],"author":[{"embeddable":true,"href":"https:\/\/egyptianwisdomcenter.org\/fr\/wp-json\/wp\/v2\/users\/3"}],"replies":[{"embeddable":true,"href":"https:\/\/egyptianwisdomcenter.org\/fr\/wp-json\/wp\/v2\/comments?post=77"}],"version-history":[{"count":0,"href":"https:\/\/egyptianwisdomcenter.org\/fr\/wp-json\/wp\/v2\/pages\/77\/revisions"}],"wp:attachment":[{"href":"https:\/\/egyptianwisdomcenter.org\/fr\/wp-json\/wp\/v2\/media?parent=77"}],"curies":[{"name":"wp","href":"https:\/\/api.w.org\/{rel}","templated":true}]}}