{"id":78,"date":"2016-06-09T00:00:00","date_gmt":"2016-06-09T04:00:00","guid":{"rendered":"http:\/\/egyptianwisdomcenter.org\/vibrant-ancient-egyptian-economy\/"},"modified":"2020-04-09T14:39:27","modified_gmt":"2020-04-09T18:39:27","slug":"vibrant-ancient-egyptian-economy","status":"publish","type":"page","link":"https:\/\/egyptianwisdomcenter.org\/fr\/economie-egyptienne-ancienne-dynamique\/","title":{"rendered":"La dynamique \u00e9conomie \u00e9gyptienne antique"},"content":{"rendered":"<div class=\"entry\">\n<h2>La dynamique \u00e9conomie \u00e9gyptienne antique<\/h2>\n<ul>\n<li><a href=\"https:\/\/egyptianwisdomcenter.org\/fr\/techniques-agricoles-superieures-egyptiennes-anciennes\/\">Les techniques agricoles sup\u00e9rieures de l\u2019\u00c9gypte ancienne<\/a><\/li>\n<li><a href=\"https:\/\/egyptianwisdomcenter.org\/fr\/savoir-egyptien-metallurgie-travail-des-metaux\/\">Le savoir \u00e9gyptien de la m\u00e9tallurgie et du travail des m\u00e9taux<\/a><\/li>\n<li><a href=\"https:\/\/egyptianwisdomcenter.org\/fr\/les-navires-egyptiens-et-la-haute-mer-2\/\">Les navires \u00e9gyptiens et la haute mer<\/a><\/li>\n<li><a href=\"https:\/\/egyptianwisdomcenter.org\/fr\/transactions-commerciales-2\/\">Transactions commerciales<\/a><\/li>\n<\/ul>\n<\/div>\n<p>&nbsp;<\/p>\n<p>&nbsp;<\/p>","protected":false},"excerpt":{"rendered":"<p>The Vibrant Ancient Egyptian Economy The Ancient Egyptian Superior Farming Techniques The Egyptian Knowledge of Metallurgy and Metalworking Egyptian Ships and The [&hellip;]<\/p>","protected":false},"author":3,"featured_media":0,"parent":0,"menu_order":0,"comment_status":"closed","ping_status":"closed","template":"","meta":{"footnotes":""},"class_list":["post-78","page","type-page","status-publish","hentry"],"aioseo_notices":[],"_links":{"self":[{"href":"https:\/\/egyptianwisdomcenter.org\/fr\/wp-json\/wp\/v2\/pages\/78","targetHints":{"allow":["GET"]}}],"collection":[{"href":"https:\/\/egyptianwisdomcenter.org\/fr\/wp-json\/wp\/v2\/pages"}],"about":[{"href":"https:\/\/egyptianwisdomcenter.org\/fr\/wp-json\/wp\/v2\/types\/page"}],"author":[{"embeddable":true,"href":"https:\/\/egyptianwisdomcenter.org\/fr\/wp-json\/wp\/v2\/users\/3"}],"replies":[{"embeddable":true,"href":"https:\/\/egyptianwisdomcenter.org\/fr\/wp-json\/wp\/v2\/comments?post=78"}],"version-history":[{"count":0,"href":"https:\/\/egyptianwisdomcenter.org\/fr\/wp-json\/wp\/v2\/pages\/78\/revisions"}],"wp:attachment":[{"href":"https:\/\/egyptianwisdomcenter.org\/fr\/wp-json\/wp\/v2\/media?parent=78"}],"curies":[{"name":"wp","href":"https:\/\/api.w.org\/{rel}","templated":true}]}}