{"id":80,"date":"2016-06-09T00:00:00","date_gmt":"2016-06-09T04:00:00","guid":{"rendered":"http:\/\/egyptianwisdomcenter.org\/egyptian-monotheism-and-polytheism\/"},"modified":"2023-01-02T01:16:26","modified_gmt":"2023-01-02T06:16:26","slug":"egyptian-monotheism-and-polytheism","status":"publish","type":"page","link":"https:\/\/egyptianwisdomcenter.org\/fr\/monotheisme-et-polytheisme-egyptien\/","title":{"rendered":"Monoth\u00e9isme \u00e9gyptien (L&#039;UN) et polyth\u00e9isme (Le TOUT)"},"content":{"rendered":"<h2 style=\"text-align: center;\"><span style=\"color: #0000ff;\"><strong>Monoth\u00e9isme \u00e9gyptien (L&#039;UN) et polyth\u00e9isme (Le TOUT)<\/strong><\/span><\/h2>\n<h3><\/h3>\n<h3><span style=\"color: #ff0000;\">Le UN est TOUT<\/span><\/h3>\n<p>Les anciens \u00c9gyptiens croyaient en un Dieu unique, auto-produit, existant par lui-m\u00eame, immortel, invisible, \u00e9ternel, omniscient, tout-puissant, etc. Ce Dieu unique n\u2019a jamais \u00e9t\u00e9 repr\u00e9sent\u00e9. Ce sont les fonctions et attributs de son domaine qui \u00e9taient repr\u00e9sent\u00e9s. Ces attributs \u00e9taient appel\u00e9s les <em><strong>neteru<\/strong><\/em> (prononc\u00e9 <em>net-euh-tu<\/em>, singulier: <em><strong>net<\/strong><\/em> \u00e0 la forme masculine et <em><strong>net<\/strong><\/em> au f\u00e9minin). Le terme, <em>dieux<\/em>, est une d\u00e9formation du terme \u00e9gyptien, <em><strong>neteru<\/strong><\/em>.<\/p>\n<p>Lorsque nous demandons : \u00ab Qui est Dieu ? \u00bb, nous demandons en r\u00e9alit\u00e9 : \u00ab Qu&#039;est-ce que Dieu ? \u00bb. Le simple nom ou nom ne nous dit rien. On ne peut que d\u00e9finir <em>Dieu<\/em> \u00e0 travers la multitude de ses attributs\/qualit\u00e9s\/pouvoirs\/actions. C\u2019est la seule mani\u00e8re logique, car si nous appelons, par exemple, une personne M. X, cela ne signifie rien pour nous. Cependant, une fois que l\u2019on d\u00e9crit ses attributs et ses qualit\u00e9s, on commence alors \u00e0 le conna\u00eetre. Une personne qui est ing\u00e9nieur, p\u00e8re, mari, \u2026 etc. n\u2019a pas de poly-personnalit\u00e9s, mais plut\u00f4t une mono-personnalit\u00e9 avec de multiples fonctions\/attributs. Pour les Anciens et <em>Baladi<\/em> Pour les \u00c9gyptiens, le concept de Dieu est similaire.<\/p>\n<p>Conna\u00eetre \u00ab Dieu \u00bb, c\u2019est conna\u00eetre les nombreuses qualit\u00e9s de \u00ab Dieu \u00bb. Plus nous en apprenons sur ces qualit\u00e9s (appel\u00e9es <strong><em>neteru<\/em><\/strong>), plus nous nous rapprochons de notre origine divine. Loin d\u2019\u00eatre une forme primitive et polyth\u00e9iste, c\u2019est la plus haute expression du mysticisme monoth\u00e9iste.<\/p>\n<p>&nbsp;<\/p>\n<h3><span style=\"color: #ff0000;\">Celui qui s&#039;est r\u00e9uni<\/span><\/h3>\n<p>Dans les traditions \u00e9gyptiennes antiques, <em><strong>R\u00e2<\/strong><\/em> repr\u00e9sente la force primitive, cosmique et cr\u00e9atrice. Le <em>Litanie<\/em> d\u00e9crit <em><strong>R\u00e2<\/strong><\/em> comme <em>Celui qui est uni, qui est issu de ses propres membres<\/em>. La d\u00e9finition \u00e9gyptienne antique de R\u00e2 est la repr\u00e9sentation parfaite de l&#039;Unit\u00e9 qui comprend l&#039;assemblage de nombreuses entit\u00e9s diverses, c&#039;est-\u00e0-dire <em>Celui qui est le Tout<\/em>. Le <em>Litanies de R\u00e2<\/em> d\u00e9crit les aspects du principe cr\u00e9atif : \u00eatre reconnu comme le <em>neteru<\/em> (dieux) dont les actions et les interactions ont \u00e0 leur tour cr\u00e9\u00e9 l\u2019univers. Ainsi, tous les \u00c9gyptiens <em><strong>neteru<\/strong><\/em> qui ont particip\u00e9 au processus de cr\u00e9ation sont des aspects de <em><strong>R\u00e2<\/strong><\/em>. Il existe 75 formes ou aspects de <em><strong>R\u00e2<\/strong><\/em>.<\/p>\n<p>L&#039;\u00e9nergie solaire n&#039;est qu&#039;une des nombreuses manifestations de <em><strong>R\u00e2<\/strong><\/em>. Que <em><strong>R\u00e2<\/strong><\/em> n&#039;est pas seulement le soleil (seulement une forme singuli\u00e8re), a \u00e9galement \u00e9t\u00e9 confirm\u00e9 dans le verset suivant du <em>L&#039;histoire de <strong>R\u00e2<\/strong> et <strong>Auset<\/strong><\/em> (Isis), dans lequel <em><strong>R\u00e2<\/strong><\/em> \u00c9tats,<\/p>\n<blockquote><p><strong><em>J&#039;ai une multitude de noms et une multitude de formes.<\/em><\/strong><\/p><\/blockquote>\n<hr \/>\n<p><!-- ED Egyptian Divinities --><strong><span style=\"color: #ff0000;\">Pour plus d&#039;informations sur les r\u00f4les et fonctions de <strong><em>neteru<\/em><\/strong> dans l&#039;univers, le symbolisme animal et les explications des divinit\u00e9s importantes du syst\u00e8me \u00e9gyptien, lisez\u00a0:<\/span><\/strong><\/p>\n<p><strong>Cosmologie \u00e9gyptienne : l&#039;univers anim\u00e9, troisi\u00e8me \u00e9dition par Moustafa Gadalla<\/strong><br \/>\n<a href=\"https:\/\/egyptianwisdomcenter.org\/fr\/produit\/cosmologie-egyptienne-2\/\"><strong><span style=\"color: #0000ff;\">https:\/\/egyptianwisdomcenter.org\/product\/cosmologie-egyptienne\/<\/span><\/strong><\/a><\/p>\n<p><img decoding=\"async\" class=\"aligncenter\" src=\"https:\/\/egyptianwisdomcenter.org\/wp-content\/uploads\/2023\/01\/cosmologie-egyptienne.jpg\" \/><\/p>\n<p style=\"text-align: center;\"><a href=\"https:\/\/egyptianwisdomcenter.org\/fr\/produit\/cosmologie-egyptienne-2\/\"><strong><span style=\"color: #0000ff;\">https:\/\/egyptianwisdomcenter.org\/product\/cosmologie-egyptienne\/<\/span><\/strong><\/a><\/p>\n<p>&nbsp;<\/p>\n<p><strong>Divinit\u00e9s \u00e9gyptiennes : Tous ceux qui sont l&#039;UN, 2e \u00e9dition par Moustafa Gadalla<\/strong><br \/>\n<a href=\"https:\/\/egyptianwisdomcenter.org\/fr\/produit\/divinites-egyptiennes-tous-ceux-qui-sont-un-2e-edition\/\"><span style=\"color: #0000ff;\"><strong>https:\/\/egyptianwisdomcenter.org\/product\/egyptian-divinities-the-all-who-are-the-one-2nd-edition\/<\/strong><\/span><\/a><\/p>\n<p><img decoding=\"async\" class=\"aligncenter\" src=\"https:\/\/books2read-prod.s3.amazonaws.com\/CACHE\/images\/ubl_book_images\/book_display_image_qOuT56H\/40d95446cc17340ec7b02939eaa44c10\" \/><\/p>\n<p style=\"text-align: center;\"><a href=\"https:\/\/egyptianwisdomcenter.org\/fr\/produit\/divinites-egyptiennes-tous-ceux-qui-sont-un-2e-edition\/\"><span style=\"color: #0000ff;\"><strong>https:\/\/egyptianwisdomcenter.org\/product\/egyptian-divinities-the-all-who-are-the-one-2nd-edition\/<\/strong><\/span><\/a><\/p>\n<p>&nbsp;<\/p>","protected":false},"excerpt":{"rendered":"<p>Egyptian Monotheism (The ONE) And Polytheism (The ALL) The ONE Is ALL The Ancient Egyptians believed in One God who was self-produced, [&hellip;]<\/p>","protected":false},"author":3,"featured_media":0,"parent":0,"menu_order":0,"comment_status":"closed","ping_status":"closed","template":"","meta":{"footnotes":""},"class_list":["post-80","page","type-page","status-publish","hentry"],"aioseo_notices":[],"_links":{"self":[{"href":"https:\/\/egyptianwisdomcenter.org\/fr\/wp-json\/wp\/v2\/pages\/80","targetHints":{"allow":["GET"]}}],"collection":[{"href":"https:\/\/egyptianwisdomcenter.org\/fr\/wp-json\/wp\/v2\/pages"}],"about":[{"href":"https:\/\/egyptianwisdomcenter.org\/fr\/wp-json\/wp\/v2\/types\/page"}],"author":[{"embeddable":true,"href":"https:\/\/egyptianwisdomcenter.org\/fr\/wp-json\/wp\/v2\/users\/3"}],"replies":[{"embeddable":true,"href":"https:\/\/egyptianwisdomcenter.org\/fr\/wp-json\/wp\/v2\/comments?post=80"}],"version-history":[{"count":0,"href":"https:\/\/egyptianwisdomcenter.org\/fr\/wp-json\/wp\/v2\/pages\/80\/revisions"}],"wp:attachment":[{"href":"https:\/\/egyptianwisdomcenter.org\/fr\/wp-json\/wp\/v2\/media?parent=80"}],"curies":[{"name":"wp","href":"https:\/\/api.w.org\/{rel}","templated":true}]}}