{"id":83,"date":"2016-06-09T00:00:00","date_gmt":"2016-06-09T04:00:00","guid":{"rendered":"http:\/\/egyptianwisdomcenter.org\/original-universal-language\/"},"modified":"2023-01-06T00:15:16","modified_gmt":"2023-01-06T05:15:16","slug":"original-universal-language","status":"publish","type":"page","link":"https:\/\/egyptianwisdomcenter.org\/fr\/langue-universelle-originale\/","title":{"rendered":"La langue universelle originale"},"content":{"rendered":"<h2 style=\"text-align: center;\"><span style=\"color: #ff0000;\"><strong>La langue universelle originale<\/strong><\/span><\/h2>\n<h3><\/h3>\n<p>Dans Gen\u00e8se II\u00a0:\u00a01, nous sommes inform\u00e9s\u00a0:<\/p>\n<p style=\"padding-left: 30px;\"><strong><em>\u00ab Et toute la terre avait une seule langue et un seul langage \u00bb.<\/em><\/strong><\/p>\n<p>Plus on \u00e9tudie les diff\u00e9rentes langues (et dialectes) du monde, plus il devient de plus en plus clair qu\u2019il existait \u00e0 l\u2019origine une seule langue qui s\u2019est divis\u00e9e en plusieurs langues. La Bible et les \u00e9crivains anciens affirment une telle langue originale. En raison d\u2019une fausse fiert\u00e9 et des pr\u00e9jug\u00e9s des universitaires occidentaux et des fanatiques religieux (juda\u00efsme, christianisme et islam), l\u2019origine de cette langue maternelle universelle a \u00e9t\u00e9 ignor\u00e9e. Les preuves confirment que l\u2019\u00c9gypte ancienne est la source unique du langage universel.<\/p>\n<p>A ce sujet, Platon admet le r\u00f4le de l&#039;Egypte dans son <em>Dialogues collect\u00e9s<\/em> [<em>Phil\u00e9bus <\/em>18-b,c,d]\u00a0:<\/p>\n<p style=\"padding-left: 30px;\"><strong><em>\u00ab SOCRATE : La vari\u00e9t\u00e9 illimit\u00e9e des sons \u00e9tait autrefois <span style=\"text-decoration: underline;\">discern\u00e9 par un dieu<\/span>, ou peut-\u00eatre un homme divin\u00a0; tu connais l&#039;histoire selon laquelle il y en avait <span style=\"text-decoration: underline;\">dieu en Egypte appel\u00e9 Theuth<\/span>&#8230;<\/em><\/strong><\/p>\n<p style=\"padding-left: 30px;\"><strong><em>C&#039;est parce qu&#039;il s&#039;est rendu compte qu&#039;aucun d&#039;entre nous ne pourrait jamais conna\u00eetre une collection \u00e0 lui seul, isol\u00e9 de tout le reste, qu&#039;il <span style=\"text-decoration: underline;\">con\u00e7u de \u00ab lettre \u00bb<\/span> comme une sorte de lien d&#039;unit\u00e9, unissant pour ainsi dire tous ces sons en un seul, et c&#039;est ainsi qu&#039;il pronon\u00e7a l&#039;expression <span style=\"text-decoration: underline;\">\u00ab l&#039;art des lettres \u00bb, ce qui implique qu&#039;il existait un art qui traitait des sons.<\/span>&#8220;<\/em><\/strong><\/p>\n<p>La r\u00e9f\u00e9rence \u00e0 \u00ab Theuth \u00bb ci-dessus [dans l&#039;ouvrage de Platon <em>Dialogues collect\u00e9s<\/em>] est le m\u00eame \u00ab Theuth \u00bb mentionn\u00e9 dans le Ph\u00e8dre, o\u00f9 l\u2019on nous dit explicitement qu\u2019il \u00e9tait un neter (dieu) de l\u2019\u00c9gypte ancienne, <strong><em>&quot;celui dont l&#039;oiseau sacr\u00e9 s&#039;appelle l&#039;Ibis&quot;<\/em><\/strong>, de mani\u00e8re \u00e0 exclure tout doute sur son identit\u00e9. Il est \u00e9vident que son r\u00e9cit est bas\u00e9 sur une v\u00e9ritable tradition \u00e9gyptienne, car Theuth [Thoth] \u00e0 t\u00eate d&#039;ibis est un neter (dieu) \u00e9gyptien.<\/p>\n<p><a href=\"http:\/\/egyptianwisdomcenter.org\/wp-content\/uploads\/2019\/02\/eu-ch1-72c-1.jpg\"><img decoding=\"async\" class=\"wp-image-1364 aligncenter\" src=\"http:\/\/egyptianwisdomcenter.org\/wp-content\/uploads\/2019\/02\/eu-ch1-72c-1.jpg\" alt=\"\" width=\"79\" height=\"166\" \/><\/a><\/p>\n<p>Theuth [Thoth] est repr\u00e9sent\u00e9 comme un personnage \u00e0 t\u00eate d&#039;ibis, \u00e9crivant sur une tablette.<\/p>\n<p>Il faut noter que les anciens \u00c9gyptiens n&#039;ont JAMAIS accord\u00e9 de cr\u00e9dit \u00e0 un humain mortel pour une quelconque \u00ab invention \u00bb et ont toujours accord\u00e9 du cr\u00e9dit aux attributs\/qualit\u00e9s\/\u00e9nergies du Divin repr\u00e9sent\u00e9s par les Neteru (dieux, d\u00e9esses) comme seule source de connaissance.<\/p>\n<p>Il est tr\u00e8s clair que Platon (dans <em>Phil\u00e9bus <\/em>[18-b, c, d]) ne faisait pas r\u00e9f\u00e9rence \u00e0 des formes d&#039;expression picturales (hi\u00e9roglyphes), mais plut\u00f4t \u00e0 une expression par lettres individuelles et diverses, chacune ayant sa valeur sonore particuli\u00e8re.<\/p>\n<p>Theuth [Thoth] repr\u00e9sente le Messager Divin qui articule et \u00e9crit le langage parl\u00e9\/\u00e9crit, la connaissance, etc.<\/p>\n<p>Plusieurs des attributs de Theuth [Thoth] ont \u00e9t\u00e9 confirm\u00e9s par Diodore de Sicile :<\/p>\n<p style=\"padding-left: 30px;\"><strong>&#8220;<em>C&#039;\u00e9tait par Thot, selon les anciens \u00c9gyptiens, <span style=\"text-decoration: underline;\">que le langage commun de l&#039;humanit\u00e9 a d&#039;abord \u00e9t\u00e9 mieux articul\u00e9<\/span>, et que de nombreux objets encore anonymes re\u00e7urent une appellation, <span style=\"text-decoration: underline;\">que l&#039;alphabet a \u00e9t\u00e9 d\u00e9fini<\/span>, et que les ordonnances concernant les honneurs et offrandes dues au neteru <\/em><\/strong>(dieux, d\u00e9esses)<strong><em> ont \u00e9t\u00e9 d\u00fbment \u00e9tablis\u00a0; il fut \u00e9galement le premier \u00e0 observer la disposition ordonn\u00e9e des \u00e9toiles et l&#039;harmonie des sons musicaux et de leur nature.<\/em>&#8220;<\/strong> [Livre I, Section 16-1]<\/p>\n<p>La plupart des \u00e9rudits occidentaux modernes affirment explicitement et implicitement que l\u2019alphabet (et la langue) de l\u2019\u00c9gypte ancienne sont la source la plus ancienne au monde. Dans son livre, <em>La litt\u00e9rature des anciens Egyptiens<\/em> [page xxxiv-v], admet l&#039;\u00e9gyptologue allemand Adolf Erman,<\/p>\n<p style=\"padding-left: 30px;\"><strong><em>Les \u00c9gyptiens \u00e9taient seuls destin\u00e9s \u00e0 adopter une m\u00e9thode remarquable, \u00e0 la suite de laquelle ils parvinrent \u00e0 la plus haute forme d&#039;\u00e9criture, l&#039;alphabet. . .<\/em><\/strong><\/p>\n<p>L&#039;\u00e9gyptologue britannique WM Flinders Petrie, dans son livre, <em>La formation des alphabets<\/em> [page 3], conclu,<\/p>\n<p style=\"padding-left: 30px;\"><strong><em>D\u00e8s le d\u00e9but de la pr\u00e9histoire, un syst\u00e8me cursif compos\u00e9 de signes lin\u00e9aires, plein de vari\u00e9t\u00e9 et de distinction, \u00e9tait certainement utilis\u00e9 en \u00c9gypte.<\/em><\/strong><\/p>\n<p>Petrie a rassembl\u00e9 et compil\u00e9 des formes de lettres alphab\u00e9tiques d&#039;\u00e9poques tr\u00e8s diff\u00e9rentes ; les plus anciens appartiennent au d\u00e9but de la pr\u00e9histoire de l\u2019\u00c9gypte, probablement avant 7000 avant notre \u00e8re, s\u2019\u00e9tendant jusqu\u2019aux \u00e9poques grecque et romaine. Petrie a \u00e9galement compil\u00e9 (par plusieurs chercheurs ind\u00e9pendants) des formes de lettres alphab\u00e9tiques d&#039;apparence similaire provenant de 25 endroits en Asie Mineure, en Gr\u00e8ce, en Italie, en Espagne et dans d&#039;autres endroits \u00e0 travers l&#039;Europe - toutes sont beaucoup plus jeunes que les formes de lettres alphab\u00e9tiques de l&#039;\u00c9gypte ancienne.<\/p>\n<p>Le tableau de Petrie de ces signes alphab\u00e9tiques montre que\u00a0:<\/p>\n<p style=\"padding-left: 40px;\">1. Toutes les formes de lettres alphab\u00e9tiques \u00e9taient pr\u00e9sentes dans l\u2019\u00c9gypte ancienne depuis les premi\u00e8res \u00e9poques pr\u00e9dynastiques (il y a plus de 7\u00a0000 ans), avant tout autre endroit dans le monde.<\/p>\n<p style=\"padding-left: 40px;\">2. Toutes les formes de lettres alphab\u00e9tiques \u00e9gyptiennes se distinguent clairement dans la plus ancienne \u00ab \u00e9criture hi\u00e9ratique \u00bb \u00e9gyptienne retrouv\u00e9e, il y a plus de 5 000 ans.<\/p>\n<p style=\"padding-left: 40px;\">3. Les m\u00eames formes de lettres exactes de l\u2019\u00c9gypte ancienne ont ensuite \u00e9t\u00e9 adopt\u00e9es et diffus\u00e9es par d\u2019autres personnes \u00e0 travers le monde.<\/p>\n<p>&nbsp;<\/p>\n<div dir=\"auto\">\n<p><span style=\"color: #ff0000;\"><strong>[Extraits de <\/strong><\/span><strong>Modes d&#039;\u00e9criture universels de l&#039;\u00c9gypte ancienne par Moustafa Gadalla<\/strong><span style=\"color: #ff0000;\"><strong>]<br \/>\n<a href=\"https:\/\/egyptianwisdomcenter.org\/fr\/produit\/modes-decriture-universels-egyptiens-anciens\/\"><span style=\"color: #0000ff;\">https:\/\/egyptianwisdomcenter.org\/product\/ancient-egyptian-universal-writing-modes\/<\/span><\/a><\/strong><\/span><\/p>\n<p><img decoding=\"async\" class=\"aligncenter\" src=\"https:\/\/books2read-prod.s3.amazonaws.com\/CACHE\/images\/ubl_book_images\/book_display_image_47HRC95\/515452d8b8f6b949614788303f629e63\" \/><\/p>\n<p style=\"text-align: center;\"><a href=\"https:\/\/egyptianwisdomcenter.org\/fr\/produit\/modes-decriture-universels-egyptiens-anciens\/\"><strong style=\"color: #ff0000;\"><span style=\"color: #0000ff;\">https:\/\/egyptianwisdomcenter.org\/product\/ancient-egyptian-universal-writing-modes\/<\/span><\/strong><\/a><\/p>\n<\/div>","protected":false},"excerpt":{"rendered":"<p>The Original Universal Language In Genesis II:1, we are informed: &#8220;And the whole earth was of one language and of one speech&#8221;. [&hellip;]<\/p>","protected":false},"author":3,"featured_media":0,"parent":0,"menu_order":0,"comment_status":"closed","ping_status":"closed","template":"","meta":{"footnotes":""},"class_list":["post-83","page","type-page","status-publish","hentry"],"aioseo_notices":[],"_links":{"self":[{"href":"https:\/\/egyptianwisdomcenter.org\/fr\/wp-json\/wp\/v2\/pages\/83","targetHints":{"allow":["GET"]}}],"collection":[{"href":"https:\/\/egyptianwisdomcenter.org\/fr\/wp-json\/wp\/v2\/pages"}],"about":[{"href":"https:\/\/egyptianwisdomcenter.org\/fr\/wp-json\/wp\/v2\/types\/page"}],"author":[{"embeddable":true,"href":"https:\/\/egyptianwisdomcenter.org\/fr\/wp-json\/wp\/v2\/users\/3"}],"replies":[{"embeddable":true,"href":"https:\/\/egyptianwisdomcenter.org\/fr\/wp-json\/wp\/v2\/comments?post=83"}],"version-history":[{"count":0,"href":"https:\/\/egyptianwisdomcenter.org\/fr\/wp-json\/wp\/v2\/pages\/83\/revisions"}],"wp:attachment":[{"href":"https:\/\/egyptianwisdomcenter.org\/fr\/wp-json\/wp\/v2\/media?parent=83"}],"curies":[{"name":"wp","href":"https:\/\/api.w.org\/{rel}","templated":true}]}}