{"id":86,"date":"2016-06-14T00:00:00","date_gmt":"2016-06-14T04:00:00","guid":{"rendered":"http:\/\/egyptianwisdomcenter.org\/ancient-egyptianchristian-holy-families\/"},"modified":"2023-01-01T13:47:05","modified_gmt":"2023-01-01T18:47:05","slug":"ancient-egyptian-christian-holy-families","status":"publish","type":"page","link":"https:\/\/egyptianwisdomcenter.org\/fr\/anciennes-familles-saintes-chretiennes-egyptiennes\/","title":{"rendered":"Les saintes familles \u00e9gyptiennes\/chr\u00e9tiennes antiques"},"content":{"rendered":"<h2 style=\"text-align: center;\"><span style=\"color: #ff0000;\"><strong>Les saintes familles \u00e9gyptiennes\/chr\u00e9tiennes antiques<\/strong><\/span><\/h2>\n<p>&nbsp;<\/p>\n<p><a href=\"http:\/\/egyptianwisdomcenter.org\/wp-content\/uploads\/2019\/02\/image073.jpg\"><img decoding=\"async\" class=\"size-full wp-image-99 aligncenter\" src=\"http:\/\/egyptianwisdomcenter.org\/wp-content\/uploads\/2019\/02\/image073.jpg\" alt=\"\" width=\"121\" height=\"133\" \/><\/a><\/p>\n<p>L&#039;all\u00e9gorie \u00e9gyptienne d&#039;Isis et Osiris explique pratiquement toutes les facettes de la vie. Cette histoire d&#039;amour r\u00e9sonne avec la trahison et la loyaut\u00e9, la mort et la renaissance, l&#039;oubli et le souvenir, le mal et la droiture, le devoir et la compassion, la manifestation des forces de la nature, le sens de la fraternit\u00e9 et de la fraternit\u00e9 et de la maternit\u00e9\/paternit\u00e9\/filiation, et les myst\u00e8res du corps, de l&#039;\u00e2me et de l&#039;esprit.<\/p>\n<p>Ce qui suit est une version abr\u00e9g\u00e9e de l\u2019all\u00e9gorie \u00e9gyptienne d\u2019Isis et Osiris, fournie de mani\u00e8re \u00e0 mettre en \u00e9vidence la source \u00e9gyptienne du christianisme. Ce r\u00e9cit est compil\u00e9 \u00e0 partir de temples, de tombeaux et de papyrus de l\u2019\u00c9gypte ancienne, dat\u00e9s de 3 000 ans avant le christianisme, et se lit comme suit\u00a0:<\/p>\n<p style=\"padding-left: 30px;\">Atoum, qu&#039;il a lui-m\u00eame cr\u00e9\u00e9, a engendr\u00e9 les jumeaux Shu et Tef-nut, qui \u00e0 leur tour ont donn\u00e9 naissance \u00e0 Nut (le ciel\/esprit) et Geb (la terre\/mati\u00e8re). [Plus de d\u00e9tails sur la cr\u00e9ation de l&#039;univers et de l&#039;homme se trouvent dans un chapitre ult\u00e9rieur.]<\/p>\n<p style=\"padding-left: 30px;\">L&#039;union de Nut (esprit) et Geb (mati\u00e8re) a produit quatre descendants : Osiris, Isis, Seth et Nepthys.<\/p>\n<p style=\"padding-left: 30px;\">Comme le J\u00e9sus biblique, Osiris symbolise le divin sous une forme mortelle combinant \u00e0 la fois l&#039;esprit (<strong>Noix<\/strong>) et la mati\u00e8re (<strong>Geb<\/strong>).<\/p>\n<p style=\"padding-left: 30px;\">Selon les traditions \u00e9gyptiennes antiques, Osiris est venu sur terre pour le bien de l&#039;humanit\u00e9, portant le titre de <em>Manifesteur du Bien et de la V\u00e9rit\u00e9 \u2013<\/em>\u00a0de m\u00eame, le J\u00e9sus biblique.<\/p>\n<p>L\u2019all\u00e9gorie \u00e9gyptienne raconte qu\u2019Osiris a \u00e9pous\u00e9 Isis et que Seth a \u00e9pous\u00e9 Nephthys. Osiris est devenu roi du pays (\u00c9gypte) apr\u00e8s avoir \u00e9pous\u00e9 Isis.<\/p>\n<p>Osiris a apport\u00e9 la civilisation et la spiritualit\u00e9 au peuple, lui permettant ainsi d&#039;atteindre la prosp\u00e9rit\u00e9. Il leur donna un corps de lois pour r\u00e9glementer leur conduite, r\u00e9gla leurs diff\u00e9rends avec justice et les instruisit dans la science du d\u00e9veloppement spirituel.<\/p>\n<p>Apr\u00e8s avoir civilis\u00e9 l\u2019Egypte, il parcourt le monde pour diffuser les m\u00eames instructions. Partout o\u00f9 Osiris allait, il apportait la paix et le savoir au peuple\u00a0:<\/p>\n<p style=\"padding-left: 30px;\"><strong>Entre les deux \u00e9vang\u00e9listes (Osiris et J\u00e9sus), il existe de vives similitudes. Le fils divin descend du ciel. Dieu est descendu sur terre pour guider le monde. Tous deux avaient voyag\u00e9 pour faire passer le message.<\/strong><\/p>\n<p>Osiris a incit\u00e9 les gens \u00e0 accepter ses enseignements non pas par la force des armes, mais par le recours \u00e0 des conf\u00e9rences persuasives, des hymnes spirituels et de la musique. Diodore de Sicile a \u00e9crit, dans <em>Livre I<\/em> [18, 4]:<\/p>\n<p style=\"padding-left: 30px;\"><strong><em>Osiris aimait rire et aimait la musique et la danse ;\u00a0<\/em><\/strong><strong>De m\u00eame, le J\u00e9sus biblique \u00e9tait convaincant et \u00e9tait c\u00e9l\u00e9br\u00e9 comme <em>Seigneur de la danse<\/em> dans un chant de No\u00ebl du Moyen \u00c2ge.<\/strong><\/p>\n<p>Quand Osiris revint de sa mission, il fut accueilli par un festin royal au cours duquel il fut tromp\u00e9 par Seth \u2013 le mal\u00e9fique \u2013 et ses complices pour qu&#039;ils s&#039;allongent dans un cercueil de fortune. Le groupe mal\u00e9fique a rapidement ferm\u00e9 et scell\u00e9 le coffre et l&#039;a jet\u00e9 dans le Nil. Seth est devenu le nouveau Pharaon alors que le cercueil contenant le corps sans vie d&#039;Osris se jetait dans la mer M\u00e9diterran\u00e9e.<\/p>\n<p style=\"padding-left: 30px;\"><strong>J\u00e9sus et Osiris ont \u00e9t\u00e9 trahis par les convives (J\u00e9sus par Judas et Osiris par Seth lors de leurs propres banquets priv\u00e9s. L&#039;\u00e2ge biblique de J\u00e9sus \u00e9tait suppos\u00e9 \u00eatre de 23 ans et Osiris de 28 ans - tous deux \u00e9taient jeunes.<\/strong><\/p>\n<p>Pendant ce temps, Isis, apr\u00e8s avoir re\u00e7u la nouvelle du sort et de la disparition d&#039;Osiris, \u00e9tait en chagrin et jura de ne jamais se reposer jusqu&#039;\u00e0 ce qu&#039;elle retrouve le <em>Manifesteur de v\u00e9rit\u00e9<\/em>\u2014Osiris.<\/p>\n<p>Isis cherchait partout, abordant tous ceux qu&#039;elle rencontrait, y compris les enfants : car on disait que les enfants avaient le pouvoir de divination.<\/p>\n<p style=\"padding-left: 30px;\"><strong>Les enfants, dot\u00e9s du pouvoir de divination, sont reconnus par le J\u00e9sus biblique dans le Nouveau Testament.<\/strong><\/p>\n<p>L&#039;histoire raconte qu&#039;un jour, lors de ses recherches, Isis a demand\u00e9 refuge chez une femme pauvre.<\/p>\n<p style=\"padding-left: 30px;\"><strong>Ce point repr\u00e9sente la caract\u00e9ristique primordiale des enseignements \u00e9gyptiens o\u00f9 l\u2019on apprenait \u00e0 ne pas se consid\u00e9rer sup\u00e9rieur aux autres, mais \u00e0 se consid\u00e9rer comme le plus pauvre, le plus bas et le plus humble de l\u2019humanit\u00e9. Cela s\u2019applique \u00e0 tout le monde, y compris \u00e0 Isis, la reine.<\/strong><\/p>\n<p style=\"padding-left: 30px;\"><strong>En fabriquant des racines humbles pour J\u00e9sus et sa famille, le christianisme n\u2019a pas compris que ce sont les puissants qui doivent apprendre \u00e0 \u00eatre humbles.<\/strong><\/p>\n<p style=\"padding-left: 30px;\"><strong>L&#039;humilit\u00e9 est symbolis\u00e9e dans l&#039;action du Christ Roi montant un \u00e2ne : cela repr\u00e9sente l&#039;ego et la fausse fiert\u00e9. C\u2019est v\u00e9ritablement le symbolisme de l\u2019\u00c9gypte ancienne.<\/strong><\/p>\n<p>L&#039;histoire continue que le cercueil d&#039;Osiris a \u00e9t\u00e9 emport\u00e9 par les vagues jusqu&#039;au rivage d&#039;un pays \u00e9tranger. Un arbre surgit et grandit autour de lui, enfermant le corps d&#039;Osiris dans son tronc. L\u2019arbre devint grand, beau et parfum\u00e9. [Voir la repr\u00e9sentation du temple \u00e9gyptien antique ci-dessous.] La nouvelle de ce magnifique arbre parvint au roi de cette terre \u00e9trang\u00e8re, qui ordonna que l&#039;arbre soit abattu et que son tronc lui soit apport\u00e9. Il a utilis\u00e9 le coffre comme pilier dans sa maison sans conna\u00eetre le grand secret qu&#039;il contenait.<\/p>\n<p style=\"padding-left: 30px;\"><strong>C&#039;est une r\u00e9f\u00e9rence \u00e0 l&#039;Arbre de Vie, et avec tout ce que cela implique. C&#039;est aussi une r\u00e9f\u00e9rence au pilier Tet (Djed) d&#039;Osiris.<\/strong><\/p>\n<p style=\"padding-left: 30px;\"><strong>Dans le christianisme, c&#039;est devenu l&#039;arbre de No\u00ebl.<\/strong><\/p>\n<p><a href=\"http:\/\/egyptianwisdomcenter.org\/wp-content\/uploads\/2019\/02\/image084.jpg\"><img fetchpriority=\"high\" decoding=\"async\" class=\"size-full wp-image-101 aligncenter\" src=\"http:\/\/egyptianwisdomcenter.org\/wp-content\/uploads\/2019\/02\/image084.jpg\" alt=\"\" width=\"289\" height=\"179\" \/><\/a><\/p>\n<p>Isis a eu une r\u00e9v\u00e9lation dans ses r\u00eaves que le corps d&#039;Osiris se trouvait dans ce pays extraterrestre, alors elle s&#039;y est imm\u00e9diatement rendue. \u00c0 son arriv\u00e9e, elle s&#039;habilla en roturi\u00e8re, se lia d&#039;amiti\u00e9 avec les servantes de la reine et put trouver un emploi au palais comme infirmi\u00e8re du b\u00e9b\u00e9 prince.<\/p>\n<p style=\"padding-left: 30px;\"><strong>Isis, la reine d&#039;\u00c9gypte, pratiquait les enseignements \u00e9gyptiens qui mettent l&#039;accent sur la pratique de l&#039;humilit\u00e9 en servant les autres sans exception pour parvenir \u00e0 l&#039;union avec son amour, le Divin.<\/strong><\/p>\n<p>Plus tard, Isis a avou\u00e9 son identit\u00e9 \u00e0 la reine, ainsi que le but de sa mission. Isis demanda alors au roi que le pilier lui soit donn\u00e9. Le roi acc\u00e9da \u00e0 sa demande, et elle entailla profond\u00e9ment le tronc et en sortit le coffre.<\/p>\n<p>Isis retourna en \u00c9gypte avec le coffre contenant le corps sans vie d&#039;Osiris. Elle cacha le corps dans les marais du delta du Nil. Isis a utilis\u00e9 ses pouvoirs magiques [selon <em>Textes des Pyramides<\/em> num\u00e9ro 632, 1636, et peintures murales \u00e0 Abydos et Philae] pour se transformer en colombe. Tirant de lui l&#039;essence d&#039;Osiris, elle con\u00e7ut un enfant : Horus. En d\u2019autres termes, Isis \u00e9tait impr\u00e9gn\u00e9e du Saint-Esprit d\u2019Osiris. [Voir la repr\u00e9sentation du temple \u00e9gyptien antique ci-dessous.]<\/p>\n<blockquote><p><strong>&gt;Cette action symbolise la r\u00e9incarnation et la renaissance spirituelle, une cl\u00e9 pour comprendre la croyance \u00e9gyptienne en la vie apr\u00e8s la mort.<\/strong><\/p>\n<p><a href=\"http:\/\/egyptianwisdomcenter.org\/wp-content\/uploads\/2019\/02\/image087.jpg\"><img decoding=\"async\" class=\"size-full wp-image-102 aligncenter\" src=\"http:\/\/egyptianwisdomcenter.org\/wp-content\/uploads\/2019\/02\/image087.jpg\" alt=\"\" width=\"253\" height=\"117\" \/><\/a><\/p><\/blockquote>\n<p>Ci-dessus, une repr\u00e9sentation d&#039;un temple \u00e9gyptien antique montrant Isis \u00e0 gauche, alors que son essence magique incarn\u00e9e dans la colombe volante attire l&#039;essence d&#039;Osiris pour s&#039;en impr\u00e9gner. \u00c0 gauche, une netert (d\u00e9esse) \u00e0 t\u00eate de grenouille, Heqet, symbolise le pouvoir de la fertilit\u00e9, repr\u00e9sentant la conception et la procr\u00e9ation.<\/p>\n<p><strong>&gt;La conception d&#039;Horus par Isis par aucun homme vivant est la plus ancienne version document\u00e9e de l&#039;Immacul\u00e9e Conception. Le <em>conception surnaturelle<\/em> et le <em>naissance vierge<\/em> d&#039;Horus ont trouv\u00e9 leur chemin dans le christianisme.<\/strong><\/p>\n<blockquote><p>Le r\u00f4le d&#039;Isis dans l&#039;histoire mod\u00e8le \u00e9gyptienne et l&#039;histoire de la Vierge Marie sont \u00e9tonnamment similaires : car toutes deux \u00e9taient capables de concevoir sans impr\u00e9gnation masculine et, en tant que telle, Isis \u00e9tait v\u00e9n\u00e9r\u00e9e comme la <em>Vierge M\u00e8re<\/em>.<\/p>\n<p><a href=\"http:\/\/egyptianwisdomcenter.org\/wp-content\/uploads\/2019\/02\/image091.jpg\"><img loading=\"lazy\" decoding=\"async\" class=\"size-full wp-image-104 aligncenter\" src=\"http:\/\/egyptianwisdomcenter.org\/wp-content\/uploads\/2019\/02\/image091.jpg\" alt=\"\" width=\"80\" height=\"156\" \/><\/a><\/p><\/blockquote>\n<p style=\"padding-left: 30px;\">\u2013 Pour en savoir plus sur le concept \u00e9gyptien antique de conception\/naissance sainte (vierge), vous trouverez plus haut dans ce livre.<\/p>\n<p style=\"padding-left: 30px;\">\u2013 Vous trouverez plus d\u2019informations sur l\u2019id\u00e9al de virginit\u00e9 dans la culture \u00e9gyptienne antique plus t\u00f4t dans ce livre.<\/p>\n<p>Quand Seth entendit parler du nouvel enfant (Horus), Seth alla tuer le nouveau-n\u00e9. En entendant que Seth arrivait, <strong><span style=\"text-decoration: underline;\">On a demand\u00e9 \u00e0 Isis de l&#039;emmener dans un endroit isol\u00e9 dans les marais du delta du Nil.<\/span><\/strong> [selon la repr\u00e9sentation du temple \u00e9gyptien antique ci-dessous].<\/p>\n<p><a href=\"http:\/\/egyptianwisdomcenter.org\/wp-content\/uploads\/2019\/02\/image093.jpg\"><img loading=\"lazy\" decoding=\"async\" class=\"size-full wp-image-103 aligncenter\" src=\"http:\/\/egyptianwisdomcenter.org\/wp-content\/uploads\/2019\/02\/image093.jpg\" alt=\"\" width=\"201\" height=\"184\" \/><\/a><\/p>\n<p style=\"padding-left: 30px;\"><strong>C\u2019est la source de l\u2019histoire dans laquelle H\u00e9rode, apr\u00e8s avoir entendu parler de la naissance du J\u00e9sus biblique, entreprit de d\u00e9truire tous les nouveau-n\u00e9s m\u00e2les. Dans le Nouveau Testament, l\u2019ange du Seigneur dit \u00e0 Joseph : \u00ab L\u00e8ve-toi, prends le jeune enfant et sa m\u00e8re et fuis en \u00c9gypte. \u00bb<\/strong><\/p>\n<p style=\"padding-left: 30px;\"><strong>Comme Isis, la Vierge Marie est c\u00e9l\u00e9br\u00e9e comme la \u00ab Reine des Marais \u00bb.<\/strong><\/p>\n<p style=\"padding-left: 30px;\">Une f\u00eate \u00e9gyptienne antique c\u00e9l\u00e9brant la naissance d&#039;Horus avait lieu le 25 d\u00e9cembre et ressemble \u00e0 la f\u00eate chr\u00e9tienne de No\u00ebl. La c\u00e9l\u00e9bration s&#039;appelait <em>Le jour de l&#039;enfant dans son berceau<\/em>, et se tenait \u00e0 la cour et \u00e0 la chapelle du temple de Dend\u00e9rah. [Plus d&#039;informations dans un chapitre ult\u00e9rieur.]<\/p>\n<p>L&#039;histoire continue qu&#039;une nuit (alors qu&#039;Isis accouchait d&#039;Horus en cachette), alors que la lune \u00e9tait pleine, le mal\u00e9fique Seth et ses complices trouv\u00e8rent le coffre contenant le cadavre d&#039;Osiris et le coup\u00e8rent en 14 morceaux (le chiffre 14 symbolise le nombre de jours n\u00e9cessaires pour fa\u00e7onner une pleine lune). Osiris repr\u00e9sente le principe lunaire dans l&#039;univers et est connu sous le nom d&#039;Osiris\u00a0<em>la lune<\/em>.<\/p>\n<p>Lorsqu&#039;Isis apprit comment Seth et ses complices coup\u00e8rent Osiris en diff\u00e9rents morceaux et les \u00e9parpill\u00e8rent \u00e0 travers le pays, sa t\u00e2che consista \u00e0 chercher de pr\u00e8s et de loin, de collecter et de reconstituer les morceaux bris\u00e9s.<\/p>\n<p style=\"padding-left: 30px;\"><strong>1. <em>\u00c0 lier ou \u00e0 nouer ensemble<\/em> est le sens du mot \u00ab latin \u00bb <em>religion<\/em>, qui est la racine du mot \u00ab religion \u00bb.<\/strong><\/p>\n<p style=\"padding-left: 30px;\"><strong>2. En nous souvenant et en nous rem\u00e9morant l&#039;histoire d&#039;Isis et d&#039;Osiris, nous gardons dans nos c\u0153urs une histoire qui exprime, selon les mots de Joseph Campbell,\u00a0<\/strong><strong><em>\u00abl&#039;immanence de la divinit\u00e9 dans les formes ph\u00e9nom\u00e9nales de l&#039;univers\u00bb.<\/em><\/strong><\/p>\n<p>D\u00e8s qu&#039;Horus fut devenu adulte, il d\u00e9fia Seth pour le droit au tr\u00f4ne dans ce qu&#039;on appelait la \u00ab Grande Querelle\/Lutte dans le D\u00e9sert \u00bb.<\/p>\n<p>Isis, avec l&#039;aide d&#039;autres personnes, a rassembl\u00e9 tous les morceaux\u2026 tous sauf le phallus (indice de reproduction physique), qui avait \u00e9t\u00e9 aval\u00e9 par un poisson dans le Nil. Elle a ensuite r\u00e9uni le corps d\u00e9membr\u00e9 d&#039;Osiris et, avec l&#039;aide d&#039;autres personnes, l&#039;a envelopp\u00e9 dans des bandages en lin et l&#039;a momifi\u00e9.<\/p>\n<p>Thot, Isis et Horus ont ex\u00e9cut\u00e9 le <em>C\u00e9r\u00e9monie d&#039;ouverture de la bouche<\/em> sur la momie, et Osiris fut ramen\u00e9 \u00e0 la vie en tant que juge et roi des morts (le pass\u00e9), tandis qu&#039;Horus devait prendre sa place en tant que roi des vivants (le pr\u00e9sent). Seth est rest\u00e9 le <em>Seigneur du d\u00e9sert<\/em>.<\/p>\n<p style=\"padding-left: 30px;\"><strong>Cela repr\u00e9sente le cycle perp\u00e9tuel et \u00e9ternel du pouvoir spirituel sur terre\u00a0: <em>Le Roi est mort : (Osiris) ; Vive le Roi (Horus).<\/em><\/strong><\/p>\n<p>En tant que berger parfait, Osiris est g\u00e9n\u00e9ralement repr\u00e9sent\u00e9 dans un corps humain momifi\u00e9 et barbu, portant la houlette du berger (\u00e9tant le berger de l&#039;humanit\u00e9) et le fl\u00e9au (symbolisant la capacit\u00e9 de s\u00e9parer le bl\u00e9 de l&#039;ivraie).<\/p>\n<p style=\"padding-left: 30px;\">Le motif du berger se retrouve dans le 23\u00e8me Psaume ; &quot;<strong><em>ta verge et ton b\u00e2ton, ils me r\u00e9confortent<\/em><\/strong>\u00bb.<\/p>\n<p style=\"padding-left: 30px;\">\u00c0 bien des \u00e9gards, le r\u00e9cit de la R\u00e9surrection de J\u00e9sus est similaire \u00e0 celui d\u2019Osiris. Comme Osiris, on dit qu\u2019il est ressuscit\u00e9 des morts. Les anciens \u00c9gyptiens croyaient, tout comme les premiers chr\u00e9tiens (H\u00e9breux 4\u00a0:\u00a014), que \u00ab<strong><em>l&#039;homme ne peut pas \u00eatre sauv\u00e9<\/em><\/strong>\u00bb par un Tout-Puissant lointain, mais seulement par celui qui a partag\u00e9 l\u2019exp\u00e9rience de la souffrance et de la mort humaines.<\/p>\n<p style=\"padding-left: 30px;\">\u2013 Osiris et J\u00e9sus ont souffert et sont morts.<\/p>\n<p style=\"padding-left: 30px;\">\u2013 Osiris et J\u00e9sus ont \u00e9t\u00e9 ressuscit\u00e9s peu de temps apr\u00e8s leur mort. Reprenant leur forme terrestre, ils affirm\u00e8rent de mani\u00e8re d\u00e9monstrative une bonne conduite et ses r\u00e9compenses d&#039;un autre monde, apr\u00e8s quoi ils retourn\u00e8rent au ciel, apr\u00e8s avoir \u00ab sauv\u00e9 le monde \u00bb.<\/p>\n<p style=\"padding-left: 30px;\">\u2013 Tous deux sont devenus le sauveur vers lequel les hommes et les femmes se tournaient pour obtenir l\u2019assurance de l\u2019immortalit\u00e9.<\/p>\n<p>Les pi\u00e8ces de la Passion m\u00e9di\u00e9vales concernant la mort et la r\u00e9surrection de J\u00e9sus sont \u00e9troitement parall\u00e8les \u00e0 la mort et \u00e0 la r\u00e9surrection du roi \u00e9gyptien sous le nom d&#039;Osiris.<\/p>\n<p><strong>Enfin, l&#039;histoire biblique de la r\u00e9surrection de <em>El-<span style=\"text-decoration: underline;\">Assar<\/span><\/em> ou <em>Lazare<\/em> a conserv\u00e9 le nom\/concept \u00e9gyptien antique d&#039;Osiris dont le nom dans la langue \u00e9gyptienne ancienne \u00e9tait <span style=\"text-decoration: underline;\">&#8216;<em>Assar<\/em>&#8216;<\/span>. Le miracle d\u00e9crit dans l\u2019\u00c9vangile de Jean n\u2019a jamais \u00e9t\u00e9 un \u00e9v\u00e9nement historique. Au lieu de cela, il s\u2019agissait d\u2019un symbole r\u00e9current, profond\u00e9ment arch\u00e9typal et largement utilis\u00e9, de la puissance de Dieu pour ressusciter les morts.<\/strong><\/p>\n<p>&nbsp;<\/p>\n<div dir=\"auto\">\n<p><strong><span style=\"color: #ff0000;\">[Un extrait de <\/span>Racines \u00e9gyptiennes antiques du christianisme, 2e \u00e9dition<span style=\"color: #ff0000;\"> par Moustafa Gadalla]<br \/>\n<span style=\"color: #0000ff;\">https:\/\/egyptianwisdomcenter.org\/product\/ancienne-egypte-les-racines-du-christianisme\/<\/span><br \/>\n<\/span><\/strong><\/p>\n<p><img decoding=\"async\" class=\"aligncenter\" src=\"https:\/\/egyptianwisdomcenter.org\/wp-content\/uploads\/2023\/01\/ancienne-egypte-les-racines-du-christianisme-2.jpg\" \/><\/p>\n<p style=\"text-align: center;\"><strong><span style=\"color: #ff0000;\"><span style=\"color: #0000ff;\">https:\/\/egyptianwisdomcenter.org\/product\/ancienne-egypte-les-racines-du-christianisme\/<\/span><\/span><\/strong><\/p>\n<div dir=\"auto\"><\/div>\n<\/div>","protected":false},"excerpt":{"rendered":"<p>The Ancient Egyptian\/Christian Holy Families &nbsp; The Egyptian allegory of Isis and Osiris explains practically all facets of life. This love story [&hellip;]<\/p>","protected":false},"author":3,"featured_media":0,"parent":0,"menu_order":0,"comment_status":"closed","ping_status":"closed","template":"","meta":{"footnotes":""},"class_list":["post-86","page","type-page","status-publish","hentry"],"aioseo_notices":[],"_links":{"self":[{"href":"https:\/\/egyptianwisdomcenter.org\/fr\/wp-json\/wp\/v2\/pages\/86","targetHints":{"allow":["GET"]}}],"collection":[{"href":"https:\/\/egyptianwisdomcenter.org\/fr\/wp-json\/wp\/v2\/pages"}],"about":[{"href":"https:\/\/egyptianwisdomcenter.org\/fr\/wp-json\/wp\/v2\/types\/page"}],"author":[{"embeddable":true,"href":"https:\/\/egyptianwisdomcenter.org\/fr\/wp-json\/wp\/v2\/users\/3"}],"replies":[{"embeddable":true,"href":"https:\/\/egyptianwisdomcenter.org\/fr\/wp-json\/wp\/v2\/comments?post=86"}],"version-history":[{"count":0,"href":"https:\/\/egyptianwisdomcenter.org\/fr\/wp-json\/wp\/v2\/pages\/86\/revisions"}],"wp:attachment":[{"href":"https:\/\/egyptianwisdomcenter.org\/fr\/wp-json\/wp\/v2\/media?parent=86"}],"curies":[{"name":"wp","href":"https:\/\/api.w.org\/{rel}","templated":true}]}}