{"id":59717,"date":"2022-12-24T18:59:46","date_gmt":"2022-12-24T23:59:46","guid":{"rendered":"https:\/\/egyptianwisdomcenter.org\/?post_type=product&#038;p=59717"},"modified":"2024-05-31T08:14:52","modified_gmt":"2024-05-31T12:14:52","slug":"ancient-egyptian-culture-revealed-second-edition","status":"publish","type":"product","link":"https:\/\/egyptianwisdomcenter.org\/fr\/product\/la-culture-de-legypte-ancienne-revelee-2\/","title":{"rendered":"La culture \u00e9gyptienne antique r\u00e9v\u00e9l\u00e9e, deuxi\u00e8me \u00e9dition"},"content":{"rendered":"<h2 class=\"synopsis-title\"><\/h2>\n<div class=\"collapsible-synopsis gizmo-collapsible-with-header show-teaser open\" data-kobo-gizmo=\"Collapsible.Synopsis\" data-kobo-gizmo-config=\"{ &quot;isOpen&quot;: {&quot;small&quot;: false, &quot;medium&quot;: false, &quot;large&quot;: false, &quot;jumbo&quot;: false}, &quot;name&quot;: &quot;AboutItem&quot;, &quot;toggleClass&quot; : &quot;toggle-button-hitbox&quot; }\" data-gid=\"g_20\">\n<div class=\"synopsis-description\" translate=\"no\">\n<p>This Expanded Edition of the book consists of four Parts, with a total of 16 Chapters, as well as three Appendices.<\/p>\n<p>Part I: The Peoples of Egypt consists of four chapters, 1 through 4, as follows:<\/p>\n<p>Chapter 1: The Beginning covers the age of Egyptian antiquities, being at least 39,000 years, in accordance with archaeological, historical, and physical evidence and the Age of Leo and the Sphinx; as well as the age of the Egyptian Sothic calendar, which is by far the most accurate calendar ever.<\/p>\n<p>Chapter 2: The Egyptian Populous covers the roots and characteristics of the [Ancient] Egyptian people, their housings, their settlements throughout the world, and the roles of foreigners in the history of Ancient Egypt.<\/p>\n<p>Chapter 3: The Most Religious covers Egyptian cosmology; monotheism and polytheism; animal symbolism; the creation of the universe; the concept of Maat; and the spread of the Ancient Egyptian religion throughout the world under new \u201cnames\u201d.<\/p>\n<p>Chapter 4: The Social\/Political Order covers the basis and applications of the matrilineal\/matriarchal principles; the matrilocal communities; the Egyptian grassroots republic system; the dual overseeing\/administration governing system; and the documentation order of all matters in Egyptian<\/p>\n<p>Part II: The Cosmic Correlations consists of three chapters\u20145 through 7 \u2013 as follows:<\/p>\n<p>Chapter 5: As Above, So Below covers the principles and applications of cosmic consciousness in the lives of the Egyptians and the cyclical renewal festivals as a form of such principles.<\/p>\n<p>Chapter 6: The Pharaoh, the Cosmic Link covers the true rule of the Egyptian pharaoh as a Master Servant; how the people ruled; and much more.<\/p>\n<p>Chapter 7: Egyptian Temples provides a quick overview of the real function\/objective of the Egyptian temple; the harmonic design parameters; and much more.<\/p>\n<p>Part III: The Learned Egyptian consists of five chapters\u20148 through 12 \u2013 as follows:<\/p>\n<p>Chapter 8: The Divine Language provides a quick overview of the modes of writing in Ancient Egypt\u2014the alphabetical form of writing and the imagery pictorial metaphysical symbols\/script \u2013 as well as the cultured aspects of the Egyptian alphabetical language.<\/p>\n<p>Chapter 9: The Egyptian Musical Heritage provides a quick overview of Egypt\u2019s musical heritage; the musical orchestras; and the wide range of musical instruments; as well as dancing and ballet in Ancient Egypt.<\/p>\n<p>Chapter 10: Health and Medicine provides a quick overview of international highest regards for Egyptian medicine; its medical profession; contents of some Egyptian medical papyri regarding the diagnosis, cures and treatments of various ailments and surgeries; and the wide range of prescriptions.<\/p>\n<p>Chapter 11: Astronomy covers some astonishing accurate astronomical knowledge and practices such as astronomical observations and recordings, the zodiac cycle, etc.<\/p>\n<p>Chapter 12: Geometry and Mathematics is a quick overview of the subjects of sacred geometry and natural science, geodesy, and mathematics and numerology; as well as Egyptian knowledge and applications of the sacred \u201cratios\u201d of Pi and Phi.<\/p>\n<p>Part IV: The Vibrant Economy consists of four chapters\u201413 through 16 \u2013 as follows:<\/p>\n<p>Chapter 13: The Cultivating Culture covers the outstanding application of dry-weather farming techniques, the societal division of labor, and the farming community.<\/p>\n<p>Chapter 14: The Manufacturing Industries covers the Egyptian knowledge of metallurgy &amp; metalworking; their golden silver (electrum) products; their copper and bronze products; their glazing (glass and glazing) products; their iron products; their mining activities; and miscellaneous products such as woodwork, fabrics, pottery, leather, and paper; as well as some miscellaneous technological applications.<\/p>\n<p>Chapter 15: Transportation Infrastructure is a quick overview of the various high-quality types of Egyptian ships; major Egyptian coastal harbors; and land transportation; as well as patrons and shrines of travel.<\/p>\n<p>Chapter 16: The Market Economy covers the workings of the Egyptian market economy; business transactions; Egyptian exports (goods and services); and Egyptian imports; as well as the rise and fall of international commerce which was tied to Ancient Egypt, the economical engine of the ancient world.<\/p>\n<p>The contents of the three appendices are evident from their titles; being:<\/p>\n<p>Appendix A: Photographs\u2014The Rising Valley<br \/>\nAppendix B: Photographs\u2014The Age of Leo and The Sphinx<br \/>\nAppendix C: Photographs\u2014Astronomy<\/p>\n<\/div>\n<\/div>\n","protected":false},"excerpt":{"rendered":"<div id=\"fb-root\"><\/div>\n<p><script async defer crossorigin=\"anonymous\" src=\"https:\/\/connect.facebook.net\/fr_FR\/sdk.js#xfbml=1&#038;version=v18.0\" nonce=\"rGs0O0Ef\"><\/script><\/p>\n<div class=\"fb-page\" data-href=\"https:\/\/www.facebook.com\/AncientEgyptianCultureRevealed\" data-width=\"380\" data-hide-cover=\"false\" data-show-facepile=\"false\"><\/div>\n<p>&nbsp;<\/p>\n<p><span class=\"contributor-name-prefix\">par<\/span>\u00a0<span class=\"visible-contributors\"><a class=\"contributor-name\" translate=\"no\" href=\"https:\/\/egyptianwisdomcenter.org\/fr\/a-propos-2\/\" data-force-track=\"\" data-track-info=\"{&quot;description&quot;:&quot;authorSearch&quot;,&quot;author&quot;:&quot;Moustafa Gadalla&quot;}\">Moustafa Gadalla<\/a><\/span><\/p>\n<hr \/>\n<p><strong>BR\u00c8VE DESCRIPTION<\/strong><\/p>\n<p>Cette nouvelle \u00e9dition augment\u00e9e r\u00e9v\u00e8le plusieurs aspects de la culture \u00e9gyptienne antique, comme les antiquit\u00e9s tr\u00e8s lointaines de l&#039;\u00c9gypte ; les caract\u00e9ristiques \u00e9gyptiennes et les croyances et pratiques religieuses\u00a0; leur syst\u00e8me social\/politique ; leurs temples cosmiques ; la richesse de leur langue ; patrimoine musical et sciences globales ; leur m\u00e9decine avanc\u00e9e ; leur \u00e9conomie dynamique; d&#039;excellents produits agricoles et manufactur\u00e9s; leur syst\u00e8me de transport; et beaucoup plus.<\/p>\n<p><a href=\"https:\/\/egyptianwisdomcenter.org\/wp-content\/uploads\/2022\/12\/The-Ancient-Egyptian-Culture-Revealed-sample.pdf\">Aper\u00e7u maintenant (PDF)<\/a><\/p>\n<hr \/>\n<p><center><br \/>\n<a class=\"button minimal\" href=\"https:\/\/books2read.com\/u\/bpMreq\" target=\"_blank\" rel=\"noopener\">Voir les options d&#039;achat<\/a><\/center><\/p>","protected":false},"featured_media":59718,"comment_status":"open","ping_status":"closed","template":"","meta":{"_monsterinsights_skip_tracking":false,"_monsterinsights_sitenote_active":false,"_monsterinsights_sitenote_note":"","_monsterinsights_sitenote_category":0},"product_brand":[],"product_cat":[95],"product_tag":[],"class_list":{"0":"post-59717","1":"product","2":"type-product","3":"status-publish","4":"has-post-thumbnail","6":"product_cat-current-editions-in-english-language","8":"first","9":"instock","10":"shipping-taxable","11":"product-type-simple"},"aioseo_notices":[],"_links":{"self":[{"href":"https:\/\/egyptianwisdomcenter.org\/fr\/wp-json\/wp\/v2\/product\/59717","targetHints":{"allow":["GET"]}}],"collection":[{"href":"https:\/\/egyptianwisdomcenter.org\/fr\/wp-json\/wp\/v2\/product"}],"about":[{"href":"https:\/\/egyptianwisdomcenter.org\/fr\/wp-json\/wp\/v2\/types\/product"}],"replies":[{"embeddable":true,"href":"https:\/\/egyptianwisdomcenter.org\/fr\/wp-json\/wp\/v2\/comments?post=59717"}],"wp:featuredmedia":[{"embeddable":true,"href":"https:\/\/egyptianwisdomcenter.org\/fr\/wp-json\/wp\/v2\/media\/59718"}],"wp:attachment":[{"href":"https:\/\/egyptianwisdomcenter.org\/fr\/wp-json\/wp\/v2\/media?parent=59717"}],"wp:term":[{"taxonomy":"product_brand","embeddable":true,"href":"https:\/\/egyptianwisdomcenter.org\/fr\/wp-json\/wp\/v2\/product_brand?post=59717"},{"taxonomy":"product_cat","embeddable":true,"href":"https:\/\/egyptianwisdomcenter.org\/fr\/wp-json\/wp\/v2\/product_cat?post=59717"},{"taxonomy":"product_tag","embeddable":true,"href":"https:\/\/egyptianwisdomcenter.org\/fr\/wp-json\/wp\/v2\/product_tag?post=59717"}],"curies":[{"name":"wp","href":"https:\/\/api.w.org\/{rel}","templated":true}]}}