{"id":59893,"date":"2022-12-25T12:58:21","date_gmt":"2022-12-25T17:58:21","guid":{"rendered":"https:\/\/egyptianwisdomcenter.org\/?post_type=product&#038;p=59893"},"modified":"2024-05-31T08:15:53","modified_gmt":"2024-05-31T12:15:53","slug":"the-ancient-egyptian-roots-of-christianity-2nd-edition","status":"publish","type":"product","link":"https:\/\/egyptianwisdomcenter.org\/fr\/product\/ancienne-egypte-les-racines-du-christianisme-2\/","title":{"rendered":"Racines \u00e9gyptiennes antiques du christianisme, 2e \u00e9dition"},"content":{"rendered":"<div class=\"collapsible-synopsis gizmo-collapsible-with-header show-teaser open\" data-kobo-gizmo=\"Collapsible.Synopsis\" data-kobo-gizmo-config=\"{ &quot;isOpen&quot;: {&quot;small&quot;: false, &quot;medium&quot;: false, &quot;large&quot;: false, &quot;jumbo&quot;: false}, &quot;name&quot;: &quot;AboutItem&quot;, &quot;toggleClass&quot; : &quot;toggle-button-hitbox&quot; }\" data-gid=\"g_20\">\n<div class=\"synopsis-description\" translate=\"no\">\n<p>The very thing that is now called the Christian religion was already in existence in Ancient Egypt, long before the adoption of the New Testament. The British Egyptologist, Sir E. A. Wallis Budge, wrote in his book, The Gods of the Egyptians [1969],<\/p>\n<p>\u201cThe new religion (Christianity) which was preached there by St. Mark and his immediate followers, in all essentials so closely resembled that which was the outcome of the worship of Osiris, Isis, and Horus.\u201d<\/p>\n<p>The similarities, noted by Budge and everyone who has compared the Egyptian Osiris\/Isis\/ Horus allegory to the Gospel story, are striking. Both accounts are practically the same, e.g. the supernatural conception, the divine birth, the struggles against the enemy in the wilderness, and the resurrection from the dead to eternal life. The main difference between the \u201ctwo versions\u201d, is that the Gospel tale is considered historical and the Osiris\/Isis\/Horus cycle is an allegory. The spiritual message of the Ancient Egyptian Osiris\/Isis\/Horus allegory and the Christian revelation is exactly the same.<\/p>\n<p>The British scholar A.N. Wilson pointed out in his book, Jesus:<\/p>\n<p>\u201cThe Jesus of History and the Christ of Faith are two separate beings, with very different stories. It is difficult enough to reconstruct the first, and in the attempt we are likely to do irreparable harm to the second.\u201d<\/p>\n<p>This book will demonstrate that the \u201cJesus of History\u201d, the \u201dJesus of Faith\u201d, and the tenets of Christianity are all Ancient Egyptian. This will be done without causing any \u201cirreparable harm\u201d as per A.N. Wilson\u2019s concern, for two main reasons: Firstly, the truth must be told. Secondly, explaining Christian tenets via their original Ancient Egyptian contexts will enhance the idealism of Christianity.<\/p>\n<p>This new expanded edition of the book consists of three parts to coincide with the terms of trinity\u2014the Three that are Two that are One.<\/p>\n<p>The first part demonstrates that the major biblical ancestors of the biblical Jesus are all Ancient Egyptian prominent individuals.<\/p>\n<p>The second part demonstrates that the accounts of the \u201chistorical Jesus\u201d are based entirely on the life and death of the Egyptian Pharaoh, Twt\/Tut- Ankh-Amen.<\/p>\n<p>The third part demonstrates that the \u201cJesus of Faith\u201d and the Christian tenets are all Egyptian in origin\u2014such as the essence of the teachings\/message, the creation of the universe and man (according to the Book of Genesis), as well as the religious holidays.<\/p>\n<p>There is an undeniable irony and a profound, deep, undeniable truth in Hosea\u2019s prophetic saying, Out of Egypt have I called my Son. A deep irony indeed.<\/p>\n<p>Let us open our minds and review the available evidence. For the truth is a composite of different and complementary pieces of a puzzle. Let us put the pieces in the right location, time and order.<\/p>\n<\/div>\n<\/div>\n","protected":false},"excerpt":{"rendered":"<div class=\"fb-page\" data-href=\"https:\/\/www.facebook.com\/AncientEgyptianRootsOfChristianity\" data-width=\"380\" data-hide-cover=\"false\" data-show-facepile=\"false\"><\/div>\n<p>&nbsp;<\/p>\n<p><span class=\"contributor-name-prefix\">par<\/span>\u00a0<span class=\"visible-contributors\"><a class=\"contributor-name\" translate=\"no\" href=\"https:\/\/egyptianwisdomcenter.org\/fr\/a-propos-2\/\" data-force-track=\"\" data-track-info=\"{&quot;description&quot;:&quot;authorSearch&quot;,&quot;author&quot;:&quot;Moustafa Gadalla&quot;}\">Moustafa Gadalla<\/a><\/span><\/p>\n<hr \/>\n<p><strong>BR\u00c8VE DESCRIPTION<\/strong><\/p>\n<p>Cette nouvelle \u00e9dition augment\u00e9e r\u00e9v\u00e8le les racines \u00e9gyptiennes antiques du christianisme, \u00e0 la fois historiques et spirituelles. Ce livre d\u00e9montre que les r\u00e9cits du \u00ab J\u00e9sus historique \u00bb sont enti\u00e8rement bas\u00e9s sur la vie et la mort du pharaon \u00e9gyptien, Twt\/Tut-Ankh-Amen ; et que le \u00ab J\u00e9sus de la foi \u00bb et les principes chr\u00e9tiens sont tous d&#039;origine \u00e9gyptienne \u2013 comme l&#039;essence des enseignements\/messages, ainsi que les f\u00eates religieuses. Cela d\u00e9montre \u00e9galement que les principaux anc\u00eatres bibliques du J\u00e9sus biblique \u2013 \u00e9tant David , Salomon et Mo\u00efse sont tous des pharaons de l&#039;\u00c9gypte ancienne ainsi qu&#039;une comparaison entre la cr\u00e9ation de l&#039;univers et de l&#039;homme (selon le livre de la Gen\u00e8se) et les r\u00e9cits de cr\u00e9ation de l&#039;\u00c9gypte ancienne.<\/p>\n<p><a href=\"https:\/\/egyptianwisdomcenter.org\/wp-content\/uploads\/2022\/12\/Ancient-Egyptian-Roots-of-Christianity-2nd-Edition-sample.pdf\">Aper\u00e7u maintenant (PDF)<\/a><\/p>\n<hr \/>\n<p><center><br \/>\n<a class=\"button minimal\" href=\"https:\/\/books2read.com\/u\/mVngkJ\" target=\"_blank\" rel=\"noopener\">Voir les options d&#039;achat<\/a><\/center><\/p>","protected":false},"featured_media":59894,"comment_status":"open","ping_status":"closed","template":"","meta":{"_monsterinsights_skip_tracking":false,"_monsterinsights_sitenote_active":false,"_monsterinsights_sitenote_note":"","_monsterinsights_sitenote_category":0},"product_brand":[],"product_cat":[95],"product_tag":[],"class_list":{"0":"post-59893","1":"product","2":"type-product","3":"status-publish","4":"has-post-thumbnail","6":"product_cat-current-editions-in-english-language","8":"first","9":"instock","10":"shipping-taxable","11":"product-type-simple"},"aioseo_notices":[],"_links":{"self":[{"href":"https:\/\/egyptianwisdomcenter.org\/fr\/wp-json\/wp\/v2\/product\/59893","targetHints":{"allow":["GET"]}}],"collection":[{"href":"https:\/\/egyptianwisdomcenter.org\/fr\/wp-json\/wp\/v2\/product"}],"about":[{"href":"https:\/\/egyptianwisdomcenter.org\/fr\/wp-json\/wp\/v2\/types\/product"}],"replies":[{"embeddable":true,"href":"https:\/\/egyptianwisdomcenter.org\/fr\/wp-json\/wp\/v2\/comments?post=59893"}],"wp:featuredmedia":[{"embeddable":true,"href":"https:\/\/egyptianwisdomcenter.org\/fr\/wp-json\/wp\/v2\/media\/59894"}],"wp:attachment":[{"href":"https:\/\/egyptianwisdomcenter.org\/fr\/wp-json\/wp\/v2\/media?parent=59893"}],"wp:term":[{"taxonomy":"product_brand","embeddable":true,"href":"https:\/\/egyptianwisdomcenter.org\/fr\/wp-json\/wp\/v2\/product_brand?post=59893"},{"taxonomy":"product_cat","embeddable":true,"href":"https:\/\/egyptianwisdomcenter.org\/fr\/wp-json\/wp\/v2\/product_cat?post=59893"},{"taxonomy":"product_tag","embeddable":true,"href":"https:\/\/egyptianwisdomcenter.org\/fr\/wp-json\/wp\/v2\/product_tag?post=59893"}],"curies":[{"name":"wp","href":"https:\/\/api.w.org\/{rel}","templated":true}]}}