{"id":59960,"date":"2022-12-25T15:20:11","date_gmt":"2022-12-25T20:20:11","guid":{"rendered":"https:\/\/egyptianwisdomcenter.org\/?post_type=product&#038;p=59960"},"modified":"2024-06-01T04:33:10","modified_gmt":"2024-06-01T08:33:10","slug":"egyptian-mystics-seekers-of-the-way-2nd-edition","status":"publish","type":"product","link":"https:\/\/egyptianwisdomcenter.org\/fr\/product\/mystiques-egyptiens-chercheurs-de-la-voie-2\/","title":{"rendered":"Mystiques \u00e9gyptiens : Chercheurs de la Voie, 2e \u00e9dition"},"content":{"rendered":"<div class=\"collapsible-synopsis gizmo-collapsible-with-header show-teaser open\" data-kobo-gizmo=\"Collapsible.Synopsis\" data-kobo-gizmo-config=\"{ &quot;isOpen&quot;: {&quot;small&quot;: false, &quot;medium&quot;: false, &quot;large&quot;: false, &quot;jumbo&quot;: false}, &quot;name&quot;: &quot;AboutItem&quot;, &quot;toggleClass&quot; : &quot;toggle-button-hitbox&quot; }\" data-gid=\"g_19\">\n<div class=\"synopsis-description\" translate=\"no\">\n<p>Cette nouvelle \u00e9dition augment\u00e9e du livre est divis\u00e9e en quatre parties contenant un total de 13 chapitres et cinq annexes.<\/p>\n<p>Partie I\u00a0: Le tr\u00e9sor cach\u00e9 se compose de deux chapitres\u00a0:<\/p>\n<p>Chapitre 1 : Mysticisme \u00e9gyptien et soufisme islamis\u00e9 couvrira les diff\u00e9rences entre les voies dogmatiques et mystiques et comment l&#039;\u00c9gypte ancienne est la source du soufisme et de l&#039;alchimie.<\/p>\n<p>Chapitre 2 : Le tr\u00e9sor int\u00e9rieur couvrira les limitations de l&#039;organe de perception humain et comment trouver des r\u00e9alit\u00e9s avec de telles limitations.<\/p>\n<p>Partie II\u00a0: Transformation de la poussi\u00e8re en or se compose de cinq chapitres\u00a0: 3 \u00e0 7\u00a0:<\/p>\n<p>Chapitre 3 : La Voie Alchimiste couvrira la source de l&#039;alchimie comme provenant de l&#039;\u00c9gypte ancienne ; la progression sur la voie alchimiste ; et le r\u00f4le d&#039;un guide dans le processus.<\/p>\n<p>Chapitre 4 : Le processus de purification couvrira \u00e0 la fois les purifications ext\u00e9rieures et int\u00e9rieures \u00e0 travers le processus de vie dans le monde.<\/p>\n<p>Chapitre 5\u00a0:\u00a0Pratiques de base couvrira les pratiques g\u00e9n\u00e9rales des mystiques \u00e9gyptiens pour accro\u00eetre leur conscience du monde r\u00e9el.<\/p>\n<p>Chapitre 6 : Le chemin des r\u00e9v\u00e9lations couvrira les m\u00e9thodes par lesquelles un aspirant mystique peut trouver la connaissance \u00e0 travers les r\u00e9v\u00e9lations.<\/p>\n<p>Chapitre 7 : Les Aides C\u00e9lestes couvriront le r\u00f4le et le devoir de ceux qui ont atteint des pouvoirs surnaturels, pour aider les autres sur Terre.<\/p>\n<p>Partie III\u00a0: Les foires de visites publiques comportent quatre chapitres\u00a0: les chapitres 8 \u00e0 11\u00a0:<\/p>\n<p>Chapitre 8\u00a0:\u00a0Les festivals du renouveau cyclique couvriront l\u2019importance d\u2019organiser et de participer \u00e0 des festivals annuels.<\/p>\n<p>Le chapitre 9\u00a0:\u00a0\u00c9chantillons de festivals anciens-pr\u00e9sents couvrira environ une douzaine de festivals \u00e9gyptiens antiques annuels et combien d&#039;entre eux sont tr\u00e8s familiers et sont observ\u00e9s dans tout le monde occidental.<\/p>\n<p>Chapitre 10 : Les foires spirituelles \u00e9gyptiennes (Moleds) couvriront les principaux \u00e9l\u00e9ments d&#039;un festival typique<\/p>\n<p>Chapitre 11\u00a0: Th\u00e8mes \u00e9gyptiens des festivit\u00e9s traditionnelles de Saint Nick offrira une comparaison entre les traditions de No\u00ebl commun\u00e9ment connues de Saint Nick et la f\u00eate typique de l&#039;\u00c9gypte ancienne d&#039;un saint populaire.<\/p>\n<p>Partie IV\u00a0: Come One Come All comporte deux chapitres : 12 \u00e0 13.<\/p>\n<p>Chapitre 12 : Formations en bourse couvre la structure g\u00e9n\u00e9rale et les pratiques pour former\/participer \u00e0 une bourse mystique.<\/p>\n<p>Chapitre 13 : Isis \u2014 Le philosophe mod\u00e8le couvre les principes et les pratiques du soufisme tels qu&#039;on les trouve dans l&#039;all\u00e9gorie \u00e9gyptienne antique d&#039;Isis et d&#039;Osiris.<\/p>\n<p>Le contenu des cinq annexes ressort clairement du titre de chacune, comme suit\u00a0:<\/p>\n<p>Annexe A\u00a0: Divers termes soufis et leurs racines \u00e9gyptiennes anciennes<\/p>\n<p>Annexe B\u00a0: Dormir avec l\u2019ennemi (Survivre \u00e0 l\u2019Islam)<\/p>\n<p>Annexe C : Zikr \u2013 La pratique extatique<\/p>\n<p>Annexe D\u00a0: Atteindre les c\u0153urs et les esprits (communication efficace)<\/p>\n<p>Annexe E : Le calendrier \u00e9gyptien contre le calendrier latin<\/p>\n<\/div>\n<\/div>","protected":false},"excerpt":{"rendered":"<div class=\"fb-page\" data-href=\"https:\/\/www.facebook.com\/EgyptianMysticsSeekersOfTheWay\" data-width=\"380\" data-hide-cover=\"false\" data-show-facepile=\"false\"><\/div>\n<p><span class=\"contributor-name-prefix\"><br \/>\npar<\/span>\u00a0<span class=\"visible-contributors\"><a class=\"contributor-name\" translate=\"no\" href=\"https:\/\/egyptianwisdomcenter.org\/fr\/a-propos-2\/\" data-force-track=\"\" data-track-info=\"{&quot;description&quot;:&quot;authorSearch&quot;,&quot;author&quot;:&quot;Moustafa Gadalla&quot;}\">Moustafa Gadalla<\/a><\/span><\/p>\n<hr \/>\n<p><strong>BR\u00c8VE DESCRIPTION<\/strong><\/p>\n<p>Cette nouvelle \u00e9dition augment\u00e9e explique comment l&#039;\u00c9gypte ancienne est \u00e0 l&#039;origine de l&#039;alchimie et du soufisme actuel et comment les mystiques \u00e9gyptiens camouflent leurs pratiques avec une fine couche d&#039;islam. Le livre explique \u00e9galement la progression de la Voie mystique vers l&#039;illumination, offrant une explication coh\u00e9rente de ses principes fondamentaux et de ses pratiques. Il comprend des d\u00e9tails sur les pratiques de formation de base\u00a0; des \u00e9chantillons de f\u00eates \u00e9gyptiennes anciennes et actuelles\u00a0; discussion sur le r\u00f4le d&#039;Isis en tant que \u00ab philosophe mod\u00e8le \u00bb. Il montre la correspondance entre le calendrier des \u00e9v\u00e9nements de l&#039;\u00c9gypte ancienne et les cycles cosmiques de l&#039;univers ; et autres articles divers connexes.<\/p>\n<p><a href=\"https:\/\/egyptianwisdomcenter.org\/wp-content\/uploads\/2022\/12\/Egyptian-Mystics-sample.pdf\">Aper\u00e7u maintenant (PDF)<\/a><\/p>\n<hr \/>\n<p><center><br \/>\n<a class=\"button minimal\" href=\"https:\/\/books2read.com\/u\/mqM066\" target=\"_blank\" rel=\"noopener\">Voir les options d&#039;achat<\/a><\/center><\/p>","protected":false},"featured_media":59961,"comment_status":"open","ping_status":"closed","template":"","meta":{"_monsterinsights_skip_tracking":false,"_monsterinsights_sitenote_active":false,"_monsterinsights_sitenote_note":"","_monsterinsights_sitenote_category":0},"product_brand":[],"product_cat":[95],"product_tag":[],"class_list":{"0":"post-59960","1":"product","2":"type-product","3":"status-publish","4":"has-post-thumbnail","6":"product_cat-current-editions-in-english-language","8":"first","9":"instock","10":"shipping-taxable","11":"product-type-simple"},"aioseo_notices":[],"_links":{"self":[{"href":"https:\/\/egyptianwisdomcenter.org\/fr\/wp-json\/wp\/v2\/product\/59960","targetHints":{"allow":["GET"]}}],"collection":[{"href":"https:\/\/egyptianwisdomcenter.org\/fr\/wp-json\/wp\/v2\/product"}],"about":[{"href":"https:\/\/egyptianwisdomcenter.org\/fr\/wp-json\/wp\/v2\/types\/product"}],"replies":[{"embeddable":true,"href":"https:\/\/egyptianwisdomcenter.org\/fr\/wp-json\/wp\/v2\/comments?post=59960"}],"wp:featuredmedia":[{"embeddable":true,"href":"https:\/\/egyptianwisdomcenter.org\/fr\/wp-json\/wp\/v2\/media\/59961"}],"wp:attachment":[{"href":"https:\/\/egyptianwisdomcenter.org\/fr\/wp-json\/wp\/v2\/media?parent=59960"}],"wp:term":[{"taxonomy":"product_brand","embeddable":true,"href":"https:\/\/egyptianwisdomcenter.org\/fr\/wp-json\/wp\/v2\/product_brand?post=59960"},{"taxonomy":"product_cat","embeddable":true,"href":"https:\/\/egyptianwisdomcenter.org\/fr\/wp-json\/wp\/v2\/product_cat?post=59960"},{"taxonomy":"product_tag","embeddable":true,"href":"https:\/\/egyptianwisdomcenter.org\/fr\/wp-json\/wp\/v2\/product_tag?post=59960"}],"curies":[{"name":"wp","href":"https:\/\/api.w.org\/{rel}","templated":true}]}}