{"id":59987,"date":"2022-12-25T22:01:16","date_gmt":"2022-12-26T03:01:16","guid":{"rendered":"https:\/\/egyptianwisdomcenter.org\/?post_type=product&#038;p=59987"},"modified":"2024-06-01T04:34:18","modified_gmt":"2024-06-01T08:34:18","slug":"isis-the-divine-female","status":"publish","type":"product","link":"https:\/\/egyptianwisdomcenter.org\/fr\/produit\/isis-femme-divine-2\/","title":{"rendered":"Isis : la femme divine"},"content":{"rendered":"<div class=\"collapsible-synopsis gizmo-collapsible-with-header show-teaser open\" data-kobo-gizmo=\"Collapsible.Synopsis\" data-kobo-gizmo-config=\"{ &quot;isOpen&quot;: {&quot;small&quot;: false, &quot;medium&quot;: false, &quot;large&quot;: false, &quot;jumbo&quot;: false}, &quot;name&quot;: &quot;AboutItem&quot;, &quot;toggleClass&quot; : &quot;toggle-button-hitbox&quot; }\" data-gid=\"g_20\">\n<div class=\"synopsis-description\" translate=\"no\">\n<p>Cette \u00e9dition augment\u00e9e du livre est divis\u00e9e en huit chapitres et trois annexes.<\/p>\n<p>Chapitre 1 : La M\u00e8re de la Cr\u00e9ation couvre le r\u00f4le d&#039;Isis dans la s\u00e9quence de cr\u00e9ation, \u00e9tant une image de la totalit\u00e9 de la cr\u00e9ation, et sa relation avec R\u00ea et Osiris.<\/p>\n<p>Chapitre 2 : La dualit\u00e9 d&#039;Isis couvre sa double nature fondamentale en tant qu&#039;intellect divin ainsi que dans le cycle de cr\u00e9ation et l&#039;ut\u00e9rus universel.<\/p>\n<p>Chapitre 3 : Isis et Osiris \u2014 Le duo dynamique couvre les r\u00f4les combin\u00e9s d&#039;Isis et d&#039;Osiris dans le d\u00e9veloppement et la g\u00e9n\u00e9ration de toutes les cr\u00e9ations de l&#039;univers.<\/p>\n<p>Chapitre 4 : Isis : La Vierge M\u00e8re de \u00ab Dieu \u00bb couvre son r\u00f4le dans la Divine Immacul\u00e9e Conception de son fils Horus, le concept de Virginit\u00e9, sa fuite et son refuge \u2013 avec son b\u00e9b\u00e9 \u2013 contre les menaces de la force du Mal et le sacrifice de la vie de son fils.<\/p>\n<p>Chapitre 5\u00a0: La num\u00e9rologie d&#039;Isis et d&#039;Osiris couvre les nombres d&#039;Isis et d&#039;Osiris (soit 2 et 3 \u2013 les nombres primaires de cr\u00e9ation et de croissance) et comment ces deux nombres g\u00e9n\u00e8rent toutes les formes, les harmonies musicales et les rythmes de l&#039;univers. .<\/p>\n<p>Chapitre 6 : La multitude d&#039;attributs d&#039;Isis couvre seize divinit\u00e9s f\u00e9minines, \u00e9tant la manifestation d&#039;Isis en tant que principe f\u00e9minin de l&#039;univers cr\u00e9\u00e9.<\/p>\n<p>Chapitre 7\u00a0: Le bien-aim\u00e9 dans tous les pays couvre la propagation de la religion \u00e9gyptienne dans le monde entier, comment ces croyances perdurent dans le christianisme et comment les f\u00eates religieuses li\u00e9es \u00e0 Isis de l&#039;\u00c9gypte ancienne sont adopt\u00e9es par le christianisme pour Marie en utilisant exactement les m\u00eames dates que le calendrier \u00e9gyptien.<\/p>\n<p>Chapitre 8\u00a0:\u00a0Le c\u0153ur puissant couvre l\u2019impact puissant et \u00e9ternel d\u2019Isis sur l\u2019humanit\u00e9 en tant que chercheur de r\u00e9confort et de panac\u00e9e.<\/p>\n<p>Annexe 1\u00a0: All\u00e9gorie et cosmologie \u00e9gyptienne explique \u00e0 quel point les all\u00e9gories bien con\u00e7ues constituent le meilleur moyen, sinon le seul, d&#039;aborder des sujets complexes afin que l&#039;information soit obtenue par tous.<\/p>\n<p>Annexe 2 : L&#039;all\u00e9gorie \u00e9gyptienne universelle \u2013 Isis et Osiris couvre une version abr\u00e9g\u00e9e de l&#039;histoire de l&#039;all\u00e9gorie \u00e9gyptienne d&#039;Isis et Osiris, en mettant l&#039;accent sur le r\u00f4le d&#039;Isis en tant que principe f\u00e9minin divin, ses manifestations et ses applications. Le r\u00e9cit est divis\u00e9 en segments bris\u00e9s, chacun suivi d&#039;une \u00e9valuation m\u00e9taphysique concise de chaque segment.<\/p>\n<p>Annexe 3 : C\u0153ur et \u00e2me \u2013 R\u00e9flexions m\u00e9taphysiques couvre les aspects m\u00e9taphysiques du c\u0153ur (Isis) et de l&#039;\u00e2me (Osiris) et comment un \u00eatre humain est capable de r\u00e9aliser l&#039;int\u00e9gration du c\u0153ur et de l&#039;\u00e2me \u00e0 l&#039;int\u00e9rieur.<\/p>\n<\/div>\n<\/div>","protected":false},"excerpt":{"rendered":"<div class=\"fb-page\" data-href=\"https:\/\/www.facebook.com\/IsisTheDivineFemale\" data-width=\"380\" data-hide-cover=\"false\" data-show-facepile=\"false\"><\/div>\n<p><span class=\"contributor-name-prefix\"><br \/>\npar<\/span>\u00a0<span class=\"visible-contributors\"><a class=\"contributor-name\" translate=\"no\" href=\"https:\/\/egyptianwisdomcenter.org\/fr\/a-propos-2\/\" data-force-track=\"\" data-track-info=\"{&quot;description&quot;:&quot;authorSearch&quot;,&quot;author&quot;:&quot;Moustafa Gadalla&quot;}\">Moustafa Gadalla<\/a><\/span><\/p>\n<hr \/>\n<p><strong>BR\u00c8VE DESCRIPTION<\/strong><\/p>\n<p>Ce livre explique le principe f\u00e9minin divin comme source de cr\u00e9ation (\u00e0 la fois m\u00e9taphysique et physique) ; la double nature f\u00e9minine d&#039;Isis avec Nephthys ; la relation (et l&#039;unit\u00e9) des principes f\u00e9minins et masculins\u00a0; la num\u00e9rologie d&#039;Isis et d&#039;Osiris ; le r\u00f4le d&#039;Isis en tant que Vierge M\u00e8re\u00a0; explication d&#039;une vingtaine de divinit\u00e9s f\u00e9minines comme manifestations des attributs f\u00e9minins ; le r\u00f4le de l\u2019id\u00e9ologie d\u2019Isis \u00e0 travers le monde ; l&#039;all\u00e9gorie d&#039;Isis, Osiris et Horus ; et beaucoup plus. Ce livre remplira \u00e0 la fois l&#039;esprit d&#039;informations compl\u00e8tes et le c\u0153ur de tout le spectre des \u00e9motions.<\/p>\n<p><a href=\"https:\/\/egyptianwisdomcenter.org\/wp-content\/uploads\/2022\/12\/Isis-The-Divine-Female-Expanded-sample.pdf\">Aper\u00e7u maintenant (PDF)<\/a><\/p>\n<hr \/>\n<p><center><br \/>\n<a class=\"button minimal\" href=\"https:\/\/books2read.com\/u\/47Jl58\" target=\"_blank\" rel=\"noopener\">Voir les options d&#039;achat<\/a><\/center><\/p>\n<div id='wpsr-reviews-slider-68934' class='wpsr-reviews-68934  wpsr-reviews-wrapper wpsr-feed-wrap wpsr_content  wpsr-reviews-slider-wrapper   wpsr-reviews-template-grid2 wpsr-reviews-layout-slider wpsr-header-enable' data-column='4' data-platforms='amazon' data-slider_settings='{&quot;autoplay&quot;:&quot;false&quot;,&quot;autoplay_speed&quot;:3000,&quot;slides_to_show&quot;:3,&quot;spaceBetween&quot;:20,&quot;responsive_slides_to_show&quot;:{&quot;desktop&quot;:2,&quot;tablet&quot;:2,&quot;mobile&quot;:1},&quot;slides_to_scroll&quot;:3,&quot;responsive_slides_to_scroll&quot;:{&quot;desktop&quot;:5,&quot;tablet&quot;:2,&quot;mobile&quot;:1},&quot;navigation&quot;:&quot;dot&quot;}'>\n<div class=\"wpsr-container wpsr-fixed-height\" style=\"\" >\n<div class=\"wpsr-business-info-wrapper\">\n<div class=\"wpsr-row\">\n<div class=\"wpsr-business-info  amazon\">\n<div class=\"wpsr-business-info-left\">\n<div class=\"wpsr-business-info-paltforms\"><img decoding=\"async\" src=\"https:\/\/egyptianwisdomcenter.org\/wp-content\/plugins\/wp-social-reviews\/assets\/images\/icon\/icon-amazon.png\" alt=\"amazon\"><\/div>\n<div class=\"wpsr-rating-and-count\"><span class=\"wpsr-total-rating\">4.9<\/span><span class=\"wpsr-rating\"><\/p>\n<div class=\"wpsr-star-container wpsr-star-background-filled\" style=\"--wpsr-review-star-fill: 100%;\">\n<div class=\"wpsr-star-empty\"><\/div>\n<div class=\"wpsr-star-filled\"><\/div>\n<\/p><\/div>\n<div class=\"wpsr-star-container wpsr-star-background-filled\" style=\"--wpsr-review-star-fill: 100%;\">\n<div class=\"wpsr-star-empty\"><\/div>\n<div class=\"wpsr-star-filled\"><\/div>\n<\/p><\/div>\n<div class=\"wpsr-star-container wpsr-star-background-filled\" style=\"--wpsr-review-star-fill: 100%;\">\n<div class=\"wpsr-star-empty\"><\/div>\n<div class=\"wpsr-star-filled\"><\/div>\n<\/p><\/div>\n<div class=\"wpsr-star-container wpsr-star-background-filled\" style=\"--wpsr-review-star-fill: 100%;\">\n<div class=\"wpsr-star-empty\"><\/div>\n<div class=\"wpsr-star-filled\"><\/div>\n<\/p><\/div>\n<div class=\"wpsr-star-container wpsr-star-background-filled\" style=\"--wpsr-review-star-fill: 90%;\">\n<div class=\"wpsr-star-empty\"><\/div>\n<div class=\"wpsr-star-filled\"><\/div>\n<\/p><\/div>\n<p><\/span><\/p>\n<div class=\"wpsr-total-reviews\">Based on <span>37<\/span> Reviews<\/div>\n<\/div>\n<\/div>\n<div class=\"wpsr-business-info-right\">\n<div class=\"wpsr-write-review-modal-wrapper\"><\/div>\n<\/div>\n<\/div>\n<\/div>\n<\/div>\n<div class=\"wpsr-row\" style=\"\">\n<div class=\"wpsr-reviews-slider-wrapper-inner\">\n<div class=\"wpsr-reviews-slider swiper-container wpsr-ai-summary-enabled-slider\" tabindex=\"0\">\n<div class=\"swiper-wrapper\">\n<div class=\"swiper-slide\" role=\"group\">\n<div class=\"wpsr-review-template wpsr-review-template-two wpsr-review-template-amazon\"\n                 style=\"\"\n                 data-index=\"0\"\n                 data-source_id=\"B07HR23ZYG\"\n                 data-media_id=\"\"\n                 data-review_platform=\"amazon\"\n                 data-product_thumbnail=\"\"\n                 data-product_name=\"\"\n                 data-image_resize=\"full\"\n            ><\/p>\n<div class=\"wpsr-review-platform\">\n                <img decoding=\"async\" class=\"wpsr-review-platform-icon\" width=\"20\" height=\"20\" src=\"https:\/\/egyptianwisdomcenter.org\/wp-content\/plugins\/wp-social-reviews\/assets\/images\/icon\/icon-amazon-small.png\" alt=\"amazon\">\n    <\/div>\n<div class=\"wpsr-reviewer-image\">\n    <a class=\"wpsr-reviewer-image-url\" target=\"_blank\" rel=\"noopener noreferrer nofollow\" href=\"https:\/\/www.amazon.com\/Isis-the-Divine-Female\/dp\/B07HR23ZYG\/\"><br \/>\n                                    <img decoding=\"async\" class=\"wpsr-reviewer-avatar\" src=\"https:\/\/images-na.ssl-images-amazon.com\/images\/S\/amazon-avatars-global\/default._CR0,0,1024,1024_SX48_.png\" alt=\"DPov\"\/><br \/>\n                        <\/a>\n<\/div>\n<div class=\"wpsr-review-info\">\n                        <a class=\"wpsr-reviewer-name-url\" target=\"_blank\" rel=\"noopener noreferrer nofollow\" href=\"https:\/\/www.amazon.com\/Isis-the-Divine-Female\/dp\/B07HR23ZYG\/\"><br \/>\n    <span class=\"wpsr-reviewer-name\">DPov<\/span><br \/>\n    <\/a><\/p>\n<div data-rating=\"5\" class=\"wpsr-rating-wrapper wpsr-rating\">\n<div class=\"wpsr-star-container wpsr-star-background-filled\" style=\"--wpsr-review-star-fill: 100%;\">\n<div class=\"wpsr-star-empty\"><\/div>\n<div class=\"wpsr-star-filled\"><\/div>\n<\/p><\/div>\n<div class=\"wpsr-star-container wpsr-star-background-filled\" style=\"--wpsr-review-star-fill: 100%;\">\n<div class=\"wpsr-star-empty\"><\/div>\n<div class=\"wpsr-star-filled\"><\/div>\n<\/p><\/div>\n<div class=\"wpsr-star-container wpsr-star-background-filled\" style=\"--wpsr-review-star-fill: 100%;\">\n<div class=\"wpsr-star-empty\"><\/div>\n<div class=\"wpsr-star-filled\"><\/div>\n<\/p><\/div>\n<div class=\"wpsr-star-container wpsr-star-background-filled\" style=\"--wpsr-review-star-fill: 100%;\">\n<div class=\"wpsr-star-empty\"><\/div>\n<div class=\"wpsr-star-filled\"><\/div>\n<\/p><\/div>\n<div class=\"wpsr-star-container wpsr-star-background-filled\" style=\"--wpsr-review-star-fill: 100%;\">\n<div class=\"wpsr-star-empty\"><\/div>\n<div class=\"wpsr-star-filled\"><\/div>\n<\/p><\/div>\n<\/p><\/div>\n<p><span data-time=\"6 ans ago\" class=\"wpsr-review-date\"><br \/>\n     mars 2, 2020<\/span>                        <\/p><\/div>\n<div class=\"wpsr-reviews-content-footer\">\n<h3 class=\"wpsr-review-title\">\n    5.0 out of 5 stars                    Goddess of 10,000 Names<\/h3>\n<div class=\"wpsr-review-content\" tabindex=\"0\">\n<p class=\"wpsr_add_read_more wpsr_show_less_content\" data-num-words-trim=\"10\">This book is amazing.  It validated so many of my own revelations about Isis as the progenitor of Mary in the Christian Bible.  There are many parts of the Judaeo-Christian cosmology and myth cycle that evolved from the ancient Egyptians.  It\u2019s no coincidence that Isis appears in the pantheons of so many cultures.  Always questioning, always learning.  Knowledge is power. <\/p>\n<\/p><\/div>\n<\/p><\/div>\n<\/p><\/div>\n<\/p><\/div>\n<div class=\"swiper-slide\" role=\"group\">\n<div class=\"wpsr-review-template wpsr-review-template-two wpsr-review-template-amazon\"\n                 style=\"\"\n                 data-index=\"1\"\n                 data-source_id=\"B07HR23ZYG\"\n                 data-media_id=\"\"\n                 data-review_platform=\"amazon\"\n                 data-product_thumbnail=\"\"\n                 data-product_name=\"\"\n                 data-image_resize=\"full\"\n            ><\/p>\n<div class=\"wpsr-review-platform\">\n                <img decoding=\"async\" class=\"wpsr-review-platform-icon\" width=\"20\" height=\"20\" src=\"https:\/\/egyptianwisdomcenter.org\/wp-content\/plugins\/wp-social-reviews\/assets\/images\/icon\/icon-amazon-small.png\" alt=\"amazon\">\n    <\/div>\n<div class=\"wpsr-reviewer-image\">\n    <a class=\"wpsr-reviewer-image-url\" target=\"_blank\" rel=\"noopener noreferrer nofollow\" href=\"https:\/\/www.amazon.com\/Isis-the-Divine-Female\/dp\/B07HR23ZYG\/\"><br \/>\n                                    <img decoding=\"async\" class=\"wpsr-reviewer-avatar\" src=\"https:\/\/images-eu.ssl-images-amazon.com\/images\/S\/amazon-avatars-global\/default._CR0,0,1024,1024_SX48_.png\" alt=\"Maria Sangiorgi\"\/><br \/>\n                        <\/a>\n<\/div>\n<div class=\"wpsr-review-info\">\n                        <a class=\"wpsr-reviewer-name-url\" target=\"_blank\" rel=\"noopener noreferrer nofollow\" href=\"https:\/\/www.amazon.com\/Isis-the-Divine-Female\/dp\/B07HR23ZYG\/\"><br \/>\n    <span class=\"wpsr-reviewer-name\">Maria Sangiorgi<\/span><br \/>\n    <\/a><\/p>\n<div data-rating=\"5\" class=\"wpsr-rating-wrapper wpsr-rating\">\n<div class=\"wpsr-star-container wpsr-star-background-filled\" style=\"--wpsr-review-star-fill: 100%;\">\n<div class=\"wpsr-star-empty\"><\/div>\n<div class=\"wpsr-star-filled\"><\/div>\n<\/p><\/div>\n<div class=\"wpsr-star-container wpsr-star-background-filled\" style=\"--wpsr-review-star-fill: 100%;\">\n<div class=\"wpsr-star-empty\"><\/div>\n<div class=\"wpsr-star-filled\"><\/div>\n<\/p><\/div>\n<div class=\"wpsr-star-container wpsr-star-background-filled\" style=\"--wpsr-review-star-fill: 100%;\">\n<div class=\"wpsr-star-empty\"><\/div>\n<div class=\"wpsr-star-filled\"><\/div>\n<\/p><\/div>\n<div class=\"wpsr-star-container wpsr-star-background-filled\" style=\"--wpsr-review-star-fill: 100%;\">\n<div class=\"wpsr-star-empty\"><\/div>\n<div class=\"wpsr-star-filled\"><\/div>\n<\/p><\/div>\n<div class=\"wpsr-star-container wpsr-star-background-filled\" style=\"--wpsr-review-star-fill: 100%;\">\n<div class=\"wpsr-star-empty\"><\/div>\n<div class=\"wpsr-star-filled\"><\/div>\n<\/p><\/div>\n<\/p><\/div>\n<p><span data-time=\"9 ans ago\" class=\"wpsr-review-date\"><br \/>\n     octobre 5, 2017<\/span>                        <\/p><\/div>\n<div class=\"wpsr-reviews-content-footer\">\n<h3 class=\"wpsr-review-title\">\n    I have been waiting for this book<\/h3>\n<div class=\"wpsr-review-content\" tabindex=\"0\">\n<p class=\"wpsr_add_read_more wpsr_show_less_content\" data-num-words-trim=\"10\">For many years I have felt a connection to Isis and the feminine. I have been looking for a book that put all the pieces together and this is the one. <\/p>\n<\/p><\/div>\n<\/p><\/div>\n<\/p><\/div>\n<\/p><\/div>\n<\/div>\n<\/div>\n<div class=\"wpsr-swiper-carousel-wrapper\">\n<div class=\"wpsr-swiper-pagination swiper-pagination\"><\/div>\n<\/div>\n<\/div>\n<\/div>\n<\/div>\n<\/div>","protected":false},"featured_media":59988,"comment_status":"open","ping_status":"closed","template":"","meta":[],"product_brand":[],"product_cat":[95],"product_tag":[],"class_list":{"0":"post-59987","1":"product","2":"type-product","3":"status-publish","4":"has-post-thumbnail","6":"product_cat-current-editions-in-english-language","8":"first","9":"instock","10":"shipping-taxable","11":"product-type-simple"},"aioseo_notices":[],"_links":{"self":[{"href":"https:\/\/egyptianwisdomcenter.org\/fr\/wp-json\/wp\/v2\/product\/59987","targetHints":{"allow":["GET"]}}],"collection":[{"href":"https:\/\/egyptianwisdomcenter.org\/fr\/wp-json\/wp\/v2\/product"}],"about":[{"href":"https:\/\/egyptianwisdomcenter.org\/fr\/wp-json\/wp\/v2\/types\/product"}],"replies":[{"embeddable":true,"href":"https:\/\/egyptianwisdomcenter.org\/fr\/wp-json\/wp\/v2\/comments?post=59987"}],"wp:featuredmedia":[{"embeddable":true,"href":"https:\/\/egyptianwisdomcenter.org\/fr\/wp-json\/wp\/v2\/media\/59988"}],"wp:attachment":[{"href":"https:\/\/egyptianwisdomcenter.org\/fr\/wp-json\/wp\/v2\/media?parent=59987"}],"wp:term":[{"taxonomy":"product_brand","embeddable":true,"href":"https:\/\/egyptianwisdomcenter.org\/fr\/wp-json\/wp\/v2\/product_brand?post=59987"},{"taxonomy":"product_cat","embeddable":true,"href":"https:\/\/egyptianwisdomcenter.org\/fr\/wp-json\/wp\/v2\/product_cat?post=59987"},{"taxonomy":"product_tag","embeddable":true,"href":"https:\/\/egyptianwisdomcenter.org\/fr\/wp-json\/wp\/v2\/product_tag?post=59987"}],"curies":[{"name":"wp","href":"https:\/\/api.w.org\/{rel}","templated":true}]}}