{"id":60000,"date":"2022-12-25T22:10:27","date_gmt":"2022-12-26T03:10:27","guid":{"rendered":"https:\/\/egyptianwisdomcenter.org\/?post_type=product&#038;p=60000"},"modified":"2024-05-29T11:02:22","modified_gmt":"2024-05-29T15:02:22","slug":"sacred-geometry-and-numerology","status":"publish","type":"product","link":"https:\/\/egyptianwisdomcenter.org\/fr\/product\/sacred-geometry-and-numerology\/","title":{"rendered":"G\u00e9om\u00e9trie sacr\u00e9e et num\u00e9rologie"},"content":{"rendered":"<p>This small e-Book covers topics such as: what is Sacred Geometry. how it works, general layout of sample geometric shapes, squaring the circle, the two primary numbers in numerology, the summation(so-called Fibonacci) Series, irrational numbers, the pentagon, the (whirling squares)spirals, examples of sacred geometry in Egyptian artwork, and the harmonic design elements.<\/p>","protected":false},"excerpt":{"rendered":"<div class=\"fb-page\" data-href=\"https:\/\/www.facebook.com\/profile.php?id=100066639491283\" data-width=\"380\" data-hide-cover=\"false\" data-show-facepile=\"false\"><\/div>\n<p><span class=\"contributor-name-prefix\"><br \/>\npar<\/span>\u00a0<span class=\"visible-contributors\"><a class=\"contributor-name\" translate=\"no\" href=\"https:\/\/egyptianwisdomcenter.org\/fr\/a-propos-2\/\" data-force-track=\"\" data-track-info=\"{&quot;description&quot;:&quot;authorSearch&quot;,&quot;author&quot;:&quot;Moustafa Gadalla&quot;}\">Moustafa Gadalla<\/a><\/span><\/p>\n<hr \/>\n<p><strong>BR\u00c8VE DESCRIPTION<\/strong><\/p>\n<p>Cette nouvelle \u00e9dition augment\u00e9e r\u00e9v\u00e8le la connaissance \u00e9gyptienne antique des proportions harmoniques, de la g\u00e9om\u00e9trie sacr\u00e9e et du mysticisme des nombres, telle qu&#039;elle se manifeste dans leurs textes, temples, tombeaux, art, hi\u00e9roglyphes, etc., tout au long de leur histoire connue. Il montre comment les \u00c9gyptiens ont con\u00e7u leurs b\u00e2timents pour g\u00e9n\u00e9rer de l&#039;\u00e9nergie cosmique\u00a0; et l&#039;application mystique des nombres dans les \u0153uvres \u00e9gyptiennes. Le livre explique en d\u00e9tail la proportion harmonieuse d&#039;environ 20 b\u00e2timents \u00e9gyptiens antiques tout au long de leur histoire. Il comprend \u00e9galement des discussions suppl\u00e9mentaires et des d\u00e9tails sur le symbolisme des murs\u00a0; les interactions entre les humains et les forces divines ; Tombes, sanctuaires et logements \u00e9gyptiens\u00a0; ainsi que plusieurs articles divers connexes.<\/p>\n<p><a href=\"https:\/\/egyptianwisdomcenter.org\/wp-content\/uploads\/2022\/12\/sacred-geometry-numerology-sample.pdf\">Aper\u00e7u maintenant (PDF)<\/a><\/p>\n<hr \/>\n<p><center><br \/>\n<a class=\"button minimal\" href=\"https:\/\/books2read.com\/u\/bOpXv9\">Voir les options d&#039;achat<\/a><\/center><\/p>","protected":false},"featured_media":60001,"comment_status":"open","ping_status":"closed","template":"","meta":{"_monsterinsights_skip_tracking":false,"_monsterinsights_sitenote_active":false,"_monsterinsights_sitenote_note":"","_monsterinsights_sitenote_category":0},"product_brand":[],"product_cat":[95],"product_tag":[],"class_list":{"0":"post-60000","1":"product","2":"type-product","3":"status-publish","4":"has-post-thumbnail","6":"product_cat-current-editions-in-english-language","8":"first","9":"instock","10":"shipping-taxable","11":"product-type-simple"},"aioseo_notices":[],"_links":{"self":[{"href":"https:\/\/egyptianwisdomcenter.org\/fr\/wp-json\/wp\/v2\/product\/60000","targetHints":{"allow":["GET"]}}],"collection":[{"href":"https:\/\/egyptianwisdomcenter.org\/fr\/wp-json\/wp\/v2\/product"}],"about":[{"href":"https:\/\/egyptianwisdomcenter.org\/fr\/wp-json\/wp\/v2\/types\/product"}],"replies":[{"embeddable":true,"href":"https:\/\/egyptianwisdomcenter.org\/fr\/wp-json\/wp\/v2\/comments?post=60000"}],"wp:featuredmedia":[{"embeddable":true,"href":"https:\/\/egyptianwisdomcenter.org\/fr\/wp-json\/wp\/v2\/media\/60001"}],"wp:attachment":[{"href":"https:\/\/egyptianwisdomcenter.org\/fr\/wp-json\/wp\/v2\/media?parent=60000"}],"wp:term":[{"taxonomy":"product_brand","embeddable":true,"href":"https:\/\/egyptianwisdomcenter.org\/fr\/wp-json\/wp\/v2\/product_brand?post=60000"},{"taxonomy":"product_cat","embeddable":true,"href":"https:\/\/egyptianwisdomcenter.org\/fr\/wp-json\/wp\/v2\/product_cat?post=60000"},{"taxonomy":"product_tag","embeddable":true,"href":"https:\/\/egyptianwisdomcenter.org\/fr\/wp-json\/wp\/v2\/product_tag?post=60000"}],"curies":[{"name":"wp","href":"https:\/\/api.w.org\/{rel}","templated":true}]}}