{"id":60013,"date":"2022-12-25T22:16:01","date_gmt":"2022-12-26T03:16:01","guid":{"rendered":"https:\/\/egyptianwisdomcenter.org\/?post_type=product&#038;p=60013"},"modified":"2024-06-01T04:35:15","modified_gmt":"2024-06-01T08:35:15","slug":"the-ancient-egyptian-metaphysical-architecture","status":"publish","type":"product","link":"https:\/\/egyptianwisdomcenter.org\/fr\/produit\/larchitecture-metaphysique-des-anciens-egyptiens-2\/","title":{"rendered":"L&#039;architecture m\u00e9taphysique de l&#039;\u00c9gypte ancienne"},"content":{"rendered":"<div class=\"collapsible-synopsis gizmo-collapsible-with-header show-teaser open\" data-kobo-gizmo=\"Collapsible.Synopsis\" data-kobo-gizmo-config=\"{ &quot;isOpen&quot;: {&quot;small&quot;: false, &quot;medium&quot;: false, &quot;large&quot;: false, &quot;jumbo&quot;: false}, &quot;name&quot;: &quot;AboutItem&quot;, &quot;toggleClass&quot; : &quot;toggle-button-hitbox&quot; }\" data-gid=\"g_20\">\n<div class=\"synopsis-description\" translate=\"no\">\n<p>Tout ce que les \u00c9gyptiens de l\u2019Antiquit\u00e9 construisaient\/moulaient\/sculptaient avait pour but de g\u00e9n\u00e9rer des \u00e9nergies et\/ou d\u2019incarner des \u00e9nergies. Et tout comme notre syst\u00e8me \u00e9lectrique qui doit \u00eatre activ\u00e9 en allumant un interrupteur, toutes les \u0153uvres \u00e9gyptiennes n\u00e9cessitent \u00e9galement une activation par les bonnes actions [sons, gestes, etc.]. Et bien que ces merveilles de \u00ab pierre \u00bb semblent statiques parce qu&#039;elles semblent stationnaires, elles ne sont pas diff\u00e9rentes des unit\u00e9s de production d&#039;\u00e9nergie [stationnaires], comme nos panneaux solaires qui absorbent l&#039;\u00e9nergie solaire du soleil et la convertissent en \u00e9nergie pour nos besoins humains terrestres.<\/p>\n<p>Ce livre r\u00e9v\u00e8le la connaissance \u00e9gyptienne antique de la proportion harmonique, de la g\u00e9om\u00e9trie sacr\u00e9e et du mysticisme des nombres, telle qu&#039;elle se manifeste dans leurs textes, temples, tombeaux, art,\u2026 etc., tout au long de leur histoire connue. Il montre comment les \u00c9gyptiens ont con\u00e7u leurs b\u00e2timents pour g\u00e9n\u00e9rer de l&#039;\u00e9nergie cosmique et l&#039;application mystique des nombres dans les \u0153uvres \u00e9gyptiennes. Le livre explique en d\u00e9tail la proportion harmonieuse d&#039;environ 20 b\u00e2timents \u00e9gyptiens antiques tout au long de leur histoire.<\/p>\n<p>Le but de ce livre est de fournir une telle exposition qui, bien que bas\u00e9e sur une solide \u00e9rudition, pr\u00e9sentera les probl\u00e8mes dans un langage compr\u00e9hensible aux lecteurs non sp\u00e9cialis\u00e9s. Les termes techniques ont \u00e9t\u00e9 r\u00e9duits au minimum. Ceux-ci sont expliqu\u00e9s, de la mani\u00e8re la plus non technique possible, dans le glossaire. Cette \u00e9dition augment\u00e9e du livre est divis\u00e9e en trois parties contenant un total de 13 chapitres, ainsi que 10 annexes allant de A \u00e0 I.<\/p>\n<p>Partie I\u00a0:\u00a0Concepts architecturaux\u00a0\u2013\u00a0Fonction et forme se compose de cinq chapitres\u00a0-\u00a01 \u00e0 5\u00a0:<\/p>\n<p>Chapitre 1\u00a0: Le Canon architectural couvrira les croyances \u00e9gyptiennes profond\u00e9ment enracin\u00e9es selon lesquelles \u00ab\u00a0Comme en haut, comme en bas\u00a0\u00bb et son application \u00e0 l&#039;art et \u00e0 l&#039;architecture \u00e9gyptiens, ainsi que l&#039;existence et l&#039;adh\u00e9sion \u00e0 un code de construction divin, ainsi que l&#039;utilisation de plans de conception et de construction ant\u00e9rieurs. ainsi que lors des phases de construction, qui s&#039;\u00e9tendent sur plusieurs si\u00e8cles pour les grands projets.<\/p>\n<p>Chapitre 2 : La structure m\u00e9taphysique de l&#039;univers couvrira les domaines de la cr\u00e9ation et sa correspondance dans l&#039;homme en tant qu&#039;image de toute cr\u00e9ation.<\/p>\n<p>Chapitre 3 : Les sites de visite de la Cour c\u00e9leste inf\u00e9rieure couvriront les interactions entre les \u00eatres vivants terrestres et les royaumes inf\u00e9rieurs de la structure cosmique m\u00e9taphysique, l&#039;importance de l&#039;architecture paysag\u00e8re dans de telles interactions et les principaux types de b\u00e2timents de visite (\u00e0 la fois fun\u00e9raires et non fun\u00e9raires). lieux de s\u00e9pulture) pour faciliter ces interactions.<\/p>\n<p>Chapitre 4\u00a0: Les tombeaux scell\u00e9s des pharaons couvriront le concept et le r\u00f4le des pharaons qui n\u00e9cessitent que leurs tombes soient scell\u00e9es et inaccessibles pour des communications ult\u00e9rieures apr\u00e8s leur existence terrestre, ainsi que des \u00e9chantillons de certaines tombes pharaoniques.<\/p>\n<p>Chapitre 5\u00a0:\u00a0Les temples \u00e9gyptiens des forces divines couvriront la fonction principale des temples \u00e9gyptiens (\u00e9tant la g\u00e9n\u00e9ration divine), la disposition conceptuelle globale du temple, la conception m\u00e9taphysique des conduits en entonnoir, la signification g\u00e9n\u00e9rative des mod\u00e8les de jointure, la protection physique\/m\u00e9taphysique des murs ext\u00e9rieurs, et les racines organiques du temple \u00e9gyptien.<\/p>\n<p>Partie II\u00a0:\u00a0La manifestation physique des concepts m\u00e9taphysiques se compose de cinq chapitres, 6 \u00e0 11\u00a0:<\/p>\n<p>Chapitre 6 : Formes architecturales constituantes des fonctions m\u00e9taphysiques couvrira les diff\u00e9rentes formes architecturales comme manifestation de leurs fonctions correspondantes [\u00e0 la fois physiquement et m\u00e9taphysiquement] pour les \u00ab fausses portes \u00bb, les panneaux muraux encastr\u00e9s, les colonnes et piliers, les chapiteaux de colonnes, les portiques, les p\u00e9ristyles, les colonnades. formations \u00e0 quatre endroits diff\u00e9rents, ob\u00e9lisques, images statuaires, diverses formes de toit (plat, \u00e0 pignon, en encorbellement, en arc et vo\u00fbt\u00e9), d\u00e9tails architecturaux stylistiques (architrave, corniche et tore) et ornementation et d\u00e9coration stylistiques telles que plafonds \u00e9toil\u00e9s, floraux, g\u00e9om\u00e9triques , figuratif ou une combinaison de deux ou des trois, des motifs guilloch\u00e9s (appel\u00e9s \u00e0 tort la bordure toscane), des chevrons et des parchemins.<\/p>\n<p>Chapitre 7 : Les formes\/formes g\u00e9om\u00e9triques primaires couvriront les principes et l&#039;application de la g\u00e9om\u00e9trie sacr\u00e9e de l&#039;architecture divine, le cordon sacr\u00e9 \u00e9gyptien [outil], une disposition g\u00e9n\u00e9rale d&#039;\u00e9chantillons de formes g\u00e9om\u00e9triques, le cercle sacr\u00e9 comme arch\u00e9type de la cr\u00e9ation, la quadrature du cercle. , les triangles primaires et les pyramides 3D combin\u00e9es \u00e0 triangle carr\u00e9.<\/p>\n<p>Chapitre 8 : Les rectangles g\u00e9n\u00e9ratifs de racine carr\u00e9e \u2013 \u00ab\u00a0Nombres irrationnels\u00a0\u00bb couvriront les rectangles g\u00e9n\u00e9ratifs de racine comme l&#039;hypot\u00e9nuse des triangles rectangles, commen\u00e7ant par un carr\u00e9 et g\u00e9n\u00e9rant des racines carr\u00e9es de 2, 3 et 5\u00a0; la formation de solides cosmiques ; la g\u00e9n\u00e9ration de la Proportion d&#039;Or \u00e0 partir du rectangle racine cinq\u00a0; la construction de spirales carr\u00e9es tourbillonnantes\u00a0; et des exemples d&#039;applications de cette forme de conception dynamique \u00e0 quatre emplacements dans des monuments de l&#039;\u00c9gypte ancienne.<\/p>\n<p>Chapitre 9 : La progression g\u00e9n\u00e9rative arithm\u00e9tique couvrira le r\u00f4le des nombres en tant que g\u00e9n\u00e9rateurs de croissance et de progression ordonn\u00e9es, la s\u00e9rie de sommation et la proportion d&#039;or, ainsi que la proportion cosmique de la figure humaine.<\/p>\n<p>Chapitre 10\u00a0:\u00a0Conception arithm\u00e9tique et graphique harmonique combin\u00e9e des b\u00e2timents \u00e9gyptiens couvrira la combinaison des \u00e9l\u00e9ments arithm\u00e9tiques et graphiques dans une conception harmonieuse des parties et de l&#039;ensemble d&#039;un temple \u00e9gyptien qui comprend\u00a0: les axes actifs, les points significatifs, les triangles t\u00e9lescopiques et p\u00e9rim\u00e8tres rectangulaires dans les plans horizontal et vertical.<\/p>\n<p>Chapitre 11 : Analyse harmonique des \u0153uvres \u00e9gyptiennes anciennes couvrira plusieurs exemples de l&#039;\u00c9gypte ancienne de toutes les \u00e9poques et de toute l&#039;\u00c9gypte qui montrent les applications \u00e9gyptiennes des \u00e9l\u00e9ments de conception discut\u00e9s dans ce livre. Les exemples incluent les temples, les tombeaux, les pyramides, les sanctuaires, les chapiteaux de colonnes, les st\u00e8les, les pyl\u00f4nes et les portes.<\/p>\n<p>Partie III\u00a0:\u00a0Les communications spirituelles comportent deux chapitres\u00a0:\u00a012 et 13\u00a0:<\/p>\n<p>Chapitre 12 : Les images m\u00e9taphysiques anim\u00e9es sur les murs couvriront la signification m\u00e9taphysique des d\u00e9corations murales ainsi que des explications sur diverses repr\u00e9sentations.<\/p>\n<p>Chapitre 13 : Activit\u00e9s humaines couvrira les r\u00f4les des humains dans l&#039;activation, le maintien et la participation \u00e0 divers rituels et festivit\u00e9s ainsi que la d\u00e9sactivation des pouvoirs du temple lorsque les temples et l&#039;ensemble de l&#039;\u00c9gypte sont assi\u00e9g\u00e9s.<\/p>\n<p>Les annexes comportent dix annexes, de A \u00e0 J\u00a0:<\/p>\n<p>L&#039;Annexe A : Plans g\u00e9n\u00e9raux d&#039;exemples de temples \u00e9gyptiens couvre les plans d&#039;am\u00e9nagement de plusieurs temples \u00e9gyptiens, avec une br\u00e8ve description de chacun.<\/p>\n<p>L&#039;Annexe B\u00a0: Math\u00e9matiques pratiques dans l&#039;\u00c9gypte ancienne fait r\u00e9f\u00e9rence aux quatre papyrus \u00ab\u00a0math\u00e9matiques\u00a0\u00bb de l&#039;\u00c9gypte ancienne les plus reconnus et au contenu math\u00e9matique pratique de ces papyrus.<\/p>\n<p>Annexe C : Le mysticisme des fractions couvre les raisons pour lesquelles, en \u00c9gypte, une fraction \u2013 n&#039;importe quelle fraction \u2013 ne peut \u00eatre qu&#039;une fraction de l&#039;unit\u00e9 et les tables \u00e9gyptiennes traitent des fractions \u00ab complexes \u00bb qui sont similaires aux tables logarithmiques modernes.<\/p>\n<p>L&#039;Annexe D : \u00ab Irr\u00e9gularit\u00e9s \u00bb intentionnelles dans les \u0153uvres \u00e9gyptiennes couvre les raisons religieuses de ce qui semble \u00eatre des \u00ab irr\u00e9gularit\u00e9s \u00bb dans les \u0153uvres \u00e9gyptiennes hautement ex\u00e9cut\u00e9es.<\/p>\n<p>L&#039;Annexe E\u00a0: Les cr\u00e9dits de monuments r\u00e9examin\u00e9s clarifie ce qui semble \u00eatre une appropriation de monuments par un pharaon, par un autre.<\/p>\n<p>L&#039;Annexe F : Exemples d&#039;\u0153uvres de sculpture \u00e9gyptienne couvre une tr\u00e8s courte liste de sculptures \u00e9gyptiennes reconnaissables.<\/p>\n<p>L&#039;Annexe G\u00a0: Diff\u00e9rents types de blocs de b\u00e9ton couvre les connaissances \u00e9gyptiennes avanc\u00e9es des m\u00e9langes de b\u00e9ton et des exemples d&#039;application de ces connaissances dans toute l&#039;\u00c9gypte ancienne.<\/p>\n<p>Annexe H : Les racines ma\u00e7onniques \u00e9gyptiennes couvrent les racines \u00e9gyptiennes de la soci\u00e9t\u00e9 fraternelle secr\u00e8te tr\u00e8s r\u00e9pandue appel\u00e9e \u00ab Ma\u00e7ons libres et accept\u00e9s \u00bb (populairement connue sous le nom de Franc-ma\u00e7onnerie).<\/p>\n<p>L&#039;Annexe I : L&#039;influence \u00e9gyptienne sur l&#039;architecture moderne couvre plusieurs exemples mondiaux d&#039;une telle influence.<\/p>\n<p>Annexe J\u00a0: Types et formes de b\u00e2timents des mortels couvrira les types et les formes de b\u00e2timents r\u00e9sidentiels, priv\u00e9s, communaux et publics associ\u00e9s \u00e0 leur fonction d&#039;existence terrestre, tout en soulignant que les mortels de toutes classes, y compris les pharaons et le personnel sacerdotal, r\u00e9sidaient dans maisons en briques crues.<\/p>\n<\/div>\n<\/div>","protected":false},"excerpt":{"rendered":"<div class=\"fb-page\" data-href=\"https:\/\/www.facebook.com\/AncientEgyptianMetaphysicalArchitecture\" data-width=\"380\" data-hide-cover=\"false\" data-show-facepile=\"false\"><\/div>\n<p><span class=\"contributor-name-prefix\"><br \/>\npar<\/span>\u00a0<span class=\"visible-contributors\"><a class=\"contributor-name\" translate=\"no\" href=\"https:\/\/egyptianwisdomcenter.org\/fr\/a-propos-2\/\" data-force-track=\"\" data-track-info=\"{&quot;description&quot;:&quot;authorSearch&quot;,&quot;author&quot;:&quot;Moustafa Gadalla&quot;}\">Moustafa Gadalla<\/a><\/span><\/p>\n<hr \/>\n<p><strong>BR\u00c8VE DESCRIPTION<\/strong><\/p>\n<p>Cette nouvelle \u00e9dition augment\u00e9e r\u00e9v\u00e8le la connaissance \u00e9gyptienne antique des proportions harmoniques, de la g\u00e9om\u00e9trie sacr\u00e9e et du mysticisme des nombres, telle qu&#039;elle se manifeste dans leurs textes, temples, tombeaux, art, hi\u00e9roglyphes, etc., tout au long de leur histoire connue. Il montre comment les \u00c9gyptiens ont con\u00e7u leurs b\u00e2timents pour g\u00e9n\u00e9rer de l&#039;\u00e9nergie cosmique\u00a0; et l&#039;application mystique des nombres dans les \u0153uvres \u00e9gyptiennes. Le livre explique en d\u00e9tail la proportion harmonieuse d&#039;environ 20 b\u00e2timents \u00e9gyptiens antiques tout au long de leur histoire. Il comprend \u00e9galement des discussions suppl\u00e9mentaires et des d\u00e9tails sur le symbolisme des murs\u00a0; les interactions entre les humains et les forces divines ; Tombes, sanctuaires et logements \u00e9gyptiens\u00a0; ainsi que plusieurs articles divers connexes.<\/p>\n<p><a href=\"https:\/\/egyptianwisdomcenter.org\/wp-content\/uploads\/2022\/12\/The-Ancient-Egyptian-Metaphysical-Architecture-sample.pdf\">Aper\u00e7u maintenant (PDF)<\/a><\/p>\n<hr \/>\n<p><center><br \/>\n<a class=\"button minimal\" href=\"https:\/\/books2read.com\/u\/4XjLVe\" target=\"_blank\" rel=\"noopener\">Voir les options d&#039;achat<\/a><\/center><\/p>\n<div id='wpsr-reviews-slider-68942' class='wpsr-reviews-68942  wpsr-reviews-wrapper wpsr-feed-wrap wpsr_content  wpsr-reviews-slider-wrapper   wpsr-reviews-template-grid2 wpsr-reviews-layout-slider wpsr-header-enable' data-column='4' data-platforms='amazon' data-slider_settings='{&quot;autoplay&quot;:&quot;false&quot;,&quot;autoplay_speed&quot;:3000,&quot;slides_to_show&quot;:3,&quot;spaceBetween&quot;:20,&quot;responsive_slides_to_show&quot;:{&quot;desktop&quot;:2,&quot;tablet&quot;:2,&quot;mobile&quot;:1},&quot;slides_to_scroll&quot;:3,&quot;responsive_slides_to_scroll&quot;:{&quot;desktop&quot;:5,&quot;tablet&quot;:2,&quot;mobile&quot;:1},&quot;navigation&quot;:&quot;dot&quot;}'>\n<div class=\"wpsr-container wpsr-fixed-height\" style=\"\" >\n<div class=\"wpsr-business-info-wrapper\">\n<div class=\"wpsr-row\">\n<div class=\"wpsr-business-info  amazon\">\n<div class=\"wpsr-business-info-left\">\n<div class=\"wpsr-business-info-paltforms\"><img decoding=\"async\" src=\"https:\/\/egyptianwisdomcenter.org\/wp-content\/plugins\/wp-social-reviews\/assets\/images\/icon\/icon-amazon.png\" alt=\"amazon\"><\/div>\n<div class=\"wpsr-rating-and-count\"><span class=\"wpsr-total-rating\">3.9<\/span><span class=\"wpsr-rating\"><\/p>\n<div class=\"wpsr-star-container wpsr-star-background-filled\" style=\"--wpsr-review-star-fill: 100%;\">\n<div class=\"wpsr-star-empty\"><\/div>\n<div class=\"wpsr-star-filled\"><\/div>\n<\/p><\/div>\n<div class=\"wpsr-star-container wpsr-star-background-filled\" style=\"--wpsr-review-star-fill: 100%;\">\n<div class=\"wpsr-star-empty\"><\/div>\n<div class=\"wpsr-star-filled\"><\/div>\n<\/p><\/div>\n<div class=\"wpsr-star-container wpsr-star-background-filled\" style=\"--wpsr-review-star-fill: 100%;\">\n<div class=\"wpsr-star-empty\"><\/div>\n<div class=\"wpsr-star-filled\"><\/div>\n<\/p><\/div>\n<div class=\"wpsr-star-container wpsr-star-background-filled\" style=\"--wpsr-review-star-fill: 90%;\">\n<div class=\"wpsr-star-empty\"><\/div>\n<div class=\"wpsr-star-filled\"><\/div>\n<\/p><\/div>\n<div class=\"wpsr-star-container wpsr-star-background-empty\" style=\"--wpsr-review-star-fill: 0%;\">\n<div class=\"wpsr-star-empty\"><\/div>\n<div class=\"wpsr-star-filled\"><\/div>\n<\/p><\/div>\n<p><\/span><\/p>\n<div class=\"wpsr-total-reviews\">Based on <span>6<\/span> Reviews<\/div>\n<\/div>\n<\/div>\n<div class=\"wpsr-business-info-right\">\n<div class=\"wpsr-write-review-modal-wrapper\"><\/div>\n<\/div>\n<\/div>\n<\/div>\n<\/div>\n<div class=\"wpsr-row\" style=\"\">\n<div class=\"wpsr-reviews-slider-wrapper-inner\">\n<div class=\"wpsr-reviews-slider swiper-container wpsr-ai-summary-enabled-slider\" tabindex=\"0\">\n<div class=\"swiper-wrapper\">\n<div class=\"swiper-slide\" role=\"group\">\n<div class=\"wpsr-review-template wpsr-review-template-two wpsr-review-template-amazon\"\n                 style=\"\"\n                 data-index=\"0\"\n                 data-source_id=\"B07YGYDVD1\"\n                 data-media_id=\"\"\n                 data-review_platform=\"amazon\"\n                 data-product_thumbnail=\"\"\n                 data-product_name=\"\"\n                 data-image_resize=\"full\"\n            ><\/p>\n<div class=\"wpsr-review-platform\">\n                <img decoding=\"async\" class=\"wpsr-review-platform-icon\" width=\"20\" height=\"20\" src=\"https:\/\/egyptianwisdomcenter.org\/wp-content\/plugins\/wp-social-reviews\/assets\/images\/icon\/icon-amazon-small.png\" alt=\"amazon\">\n    <\/div>\n<div class=\"wpsr-reviewer-image\">\n    <a class=\"wpsr-reviewer-image-url\" target=\"_blank\" rel=\"noopener noreferrer nofollow\" href=\"https:\/\/www.amazon.com\/The-Ancient-Egyptian-Metaphysical-Architecture\/dp\/B07YGYDVD1\/\"><br \/>\n                                    <img decoding=\"async\" class=\"wpsr-reviewer-avatar\" src=\"https:\/\/images-eu.ssl-images-amazon.com\/images\/S\/amazon-avatars-global\/default._CR0,0,1024,1024_SX48_.png\" alt=\"AFT\"\/><br \/>\n                        <\/a>\n<\/div>\n<div class=\"wpsr-review-info\">\n                        <a class=\"wpsr-reviewer-name-url\" target=\"_blank\" rel=\"noopener noreferrer nofollow\" href=\"https:\/\/www.amazon.com\/The-Ancient-Egyptian-Metaphysical-Architecture\/dp\/B07YGYDVD1\/\"><br \/>\n    <span class=\"wpsr-reviewer-name\">AFT<\/span><br \/>\n    <\/a><\/p>\n<div data-rating=\"1\" class=\"wpsr-rating-wrapper wpsr-rating\">\n<div class=\"wpsr-star-container wpsr-star-background-filled\" style=\"--wpsr-review-star-fill: 100%;\">\n<div class=\"wpsr-star-empty\"><\/div>\n<div class=\"wpsr-star-filled\"><\/div>\n<\/p><\/div>\n<div class=\"wpsr-star-container wpsr-star-background-empty\" style=\"--wpsr-review-star-fill: 0%;\">\n<div class=\"wpsr-star-empty\"><\/div>\n<div class=\"wpsr-star-filled\"><\/div>\n<\/p><\/div>\n<div class=\"wpsr-star-container wpsr-star-background-empty\" style=\"--wpsr-review-star-fill: 0%;\">\n<div class=\"wpsr-star-empty\"><\/div>\n<div class=\"wpsr-star-filled\"><\/div>\n<\/p><\/div>\n<div class=\"wpsr-star-container wpsr-star-background-empty\" style=\"--wpsr-review-star-fill: 0%;\">\n<div class=\"wpsr-star-empty\"><\/div>\n<div class=\"wpsr-star-filled\"><\/div>\n<\/p><\/div>\n<div class=\"wpsr-star-container wpsr-star-background-empty\" style=\"--wpsr-review-star-fill: 0%;\">\n<div class=\"wpsr-star-empty\"><\/div>\n<div class=\"wpsr-star-filled\"><\/div>\n<\/p><\/div>\n<\/p><\/div>\n<p><span data-time=\"3 ans ago\" class=\"wpsr-review-date\"><br \/>\n     mai 1, 2023<\/span>                        <\/p><\/div>\n<div class=\"wpsr-reviews-content-footer\">\n<h3 class=\"wpsr-review-title\">\n    Metaphysical theories are  by definition unproven.<\/h3>\n<div class=\"wpsr-review-content\" tabindex=\"0\">\n<p class=\"wpsr_add_read_more wpsr_show_less_content\" data-num-words-trim=\"10\">Total nonsense and a waste of money. Now I have seen its content I have binned it because I would be ashamed to have it on my bookshelves. If you are genuinely interested in Ancient Egyptian Architecture and geometry the only useful content is a few plans that are easily available elsewhere. By definition metaphysical means unproven. <\/p>\n<\/p><\/div>\n<\/p><\/div>\n<\/p><\/div>\n<\/p><\/div>\n<\/div>\n<\/div>\n<div class=\"wpsr-swiper-carousel-wrapper\">\n<div class=\"wpsr-swiper-pagination swiper-pagination\"><\/div>\n<\/div>\n<\/div>\n<\/div>\n<\/div>\n<\/div>","protected":false},"featured_media":60014,"comment_status":"open","ping_status":"closed","template":"","meta":[],"product_brand":[],"product_cat":[95],"product_tag":[],"class_list":{"0":"post-60013","1":"product","2":"type-product","3":"status-publish","4":"has-post-thumbnail","6":"product_cat-current-editions-in-english-language","8":"first","9":"instock","10":"shipping-taxable","11":"product-type-simple"},"aioseo_notices":[],"_links":{"self":[{"href":"https:\/\/egyptianwisdomcenter.org\/fr\/wp-json\/wp\/v2\/product\/60013","targetHints":{"allow":["GET"]}}],"collection":[{"href":"https:\/\/egyptianwisdomcenter.org\/fr\/wp-json\/wp\/v2\/product"}],"about":[{"href":"https:\/\/egyptianwisdomcenter.org\/fr\/wp-json\/wp\/v2\/types\/product"}],"replies":[{"embeddable":true,"href":"https:\/\/egyptianwisdomcenter.org\/fr\/wp-json\/wp\/v2\/comments?post=60013"}],"wp:featuredmedia":[{"embeddable":true,"href":"https:\/\/egyptianwisdomcenter.org\/fr\/wp-json\/wp\/v2\/media\/60014"}],"wp:attachment":[{"href":"https:\/\/egyptianwisdomcenter.org\/fr\/wp-json\/wp\/v2\/media?parent=60013"}],"wp:term":[{"taxonomy":"product_brand","embeddable":true,"href":"https:\/\/egyptianwisdomcenter.org\/fr\/wp-json\/wp\/v2\/product_brand?post=60013"},{"taxonomy":"product_cat","embeddable":true,"href":"https:\/\/egyptianwisdomcenter.org\/fr\/wp-json\/wp\/v2\/product_cat?post=60013"},{"taxonomy":"product_tag","embeddable":true,"href":"https:\/\/egyptianwisdomcenter.org\/fr\/wp-json\/wp\/v2\/product_tag?post=60013"}],"curies":[{"name":"wp","href":"https:\/\/api.w.org\/{rel}","templated":true}]}}