{"id":60026,"date":"2022-12-25T22:21:51","date_gmt":"2022-12-26T03:21:51","guid":{"rendered":"https:\/\/egyptianwisdomcenter.org\/?post_type=product&#038;p=60026"},"modified":"2024-01-29T07:55:37","modified_gmt":"2024-01-29T12:55:37","slug":"ancient-egyptian-universal-writing-modes","status":"publish","type":"product","link":"https:\/\/egyptianwisdomcenter.org\/fr\/produit\/modes-decriture-universels-egyptiens-anciens\/","title":{"rendered":"Modes d\u2019\u00e9criture universels de l\u2019\u00c9gypte ancienne"},"content":{"rendered":"<div class=\"collapsible-synopsis gizmo-collapsible-with-header show-teaser open\" data-kobo-gizmo=\"Collapsible.Synopsis\" data-kobo-gizmo-config=\"{ &quot;isOpen&quot;: {&quot;small&quot;: false, &quot;medium&quot;: false, &quot;large&quot;: false, &quot;jumbo&quot;: false}, &quot;name&quot;: &quot;AboutItem&quot;, &quot;toggleClass&quot; : &quot;toggle-button-hitbox&quot; }\" data-gid=\"g_20\">\n<div class=\"synopsis-description\" translate=\"no\">\n<p>Ce livre montrera que la langue alphab\u00e9tique \u00e9gyptienne est la M\u00c8RE et l&#039;origine de toutes les langues ; et comment il s&#039;est diffus\u00e9 pour devenir d&#039;autres \u00ab langues \u00bb \u00e0 travers le monde.<\/p>\n<p>Le but de ce livre est de fournir une telle exposition : une exposition qui, bien que bas\u00e9e sur une solide \u00e9rudition, pr\u00e9sentera les probl\u00e8mes dans un langage compr\u00e9hensible aux lecteurs non sp\u00e9cialis\u00e9s. Les termes techniques ont \u00e9t\u00e9 r\u00e9duits au minimum. Ceux-ci sont expliqu\u00e9s, de la mani\u00e8re la plus non technique possible, dans le glossaire.<\/p>\n<p>Le livre est divis\u00e9 en sept parties avec un total de 24 chapitres, comme suit\u00a0:<\/p>\n<p>La partie I. D\u00e9ni, distorsion et d\u00e9tournement comprend 3 chapitres\u00a0: chapitres 1 \u00e0 3\u00a0:<\/p>\n<p>Chapitre 1 : La primaut\u00e9 arch\u00e9typale de l&#039;alphabet \u00e9gyptien montrera le r\u00f4le et l&#039;histoire lointaine de l&#039;\u00e9criture des formes de lettres alphab\u00e9tiques dans l&#039;\u00c9gypte ancienne avant tout autre endroit sur Terre.<\/p>\n<p>Chapitre 2 : La dissimulation de l&#039;alphabet \u00e9gyptien supr\u00eame montrera l&#039;incroyable plan du monde universitaire occidental visant \u00e0 dissimuler les formes de lettres alphab\u00e9tiques de l&#039;\u00c9gypte ancienne de leur place pr\u00e9dominante dans l&#039;histoire de l&#039;\u00e9criture.<\/p>\n<p>Chapitre 3 : Le d\u00e9tournement d&#039;une \u00ab connexion ph\u00e9nicienne \u00bb proto-sina\u00eftique d\u00e9couvrira tous les faits sur le fait que les \u00ab Ph\u00e9niciens \u00bb soient les inventeurs des alphabets sur le sol \u00e9gyptien !<\/p>\n<p>Deuxieme PARTIE. La formation et les formes des \u00e9critures alphab\u00e9tiques \u00e9gyptiennes comportent 6 chapitres : chapitres 4 \u00e0 9\u00a0:<\/p>\n<p>Chapitre 4 : Gen\u00e8se des lettres alphab\u00e9tiques \u00e9gyptiennes\/\u00e9criture r\u00e9futera l\u2019obsession infond\u00e9e selon laquelle les formes des lettres alphab\u00e9tiques d\u00e9rivent d\u2019images ; et explorera les diff\u00e9rences entre les id\u00e9ogrammes, les signes et l&#039;\u00e9criture alphab\u00e9tique.<\/p>\n<p>Chapitre 5 : L&#039;organisation sonore \u00e9gyptienne des lettres couvrira les trois voyelles principales en tant qu&#039;origines de toutes les voyelles et des consonnes associ\u00e9es.<\/p>\n<p>Chapitre 6 : Les styles d&#039;\u00e9criture alphab\u00e9tique \u00e9gyptienne r\u00e9glera la confusion actuelle des styles d&#039;\u00e9criture de l&#039;\u00c9gypte ancienne et d\u00e9finira les deux styles principaux comme oncials et cursifs.<\/p>\n<p>Chapitre 7 : La profession des scribes \u00e9gyptiens couvrira l&#039;\u00e9ventail des \u00e9crits \u00e9gyptiens ; le m\u00e9tier de scribes ; surfaces et instruments d&#039;\u00e9criture; et la documentation des missions officielles par les scribes \u00e9gyptiens.<\/p>\n<p>Le chapitre 8\u00a0:\u00a0Formes d&#039;\u00e9criture multiples d&#039;un seul document couvrira le point commun d&#039;avoir plusieurs styles de la m\u00eame langue sur un seul document\u00a0; et donnera des exemples de multiples formes d&#039;\u00e9criture sur des papyrus de divination magique \u00e9gyptiens ainsi que sur des st\u00e8les \u00e9gyptiennes.<\/p>\n<p>Le Chapitre 9 : Plusieurs formes d&#039;\u00e9criture de la pierre de Rosette exposera la fausse repr\u00e9sentation totale des trois formes d&#039;\u00e9criture \u00e9gyptiennes sur la pierre de Rosette comme \u00e9tant (\u00e0 tort) \u00e9gyptiennes et \u00ab grecques \u00bb !<\/p>\n<p>Partie III. Comment la langue mondiale est devenue multiple comporte cinq chapitres\u00a0:\u00a010 \u00e0 14\u00a0:<\/p>\n<p>Chapitre 10 : Le Phare du monde antique couvrira les colonies \u00e9gyptiennes \u00e0 travers le monde ; L&#039;\u00c9gypte ancienne et les sept mers\u00a0; L\u2019\u00c9gypte ancienne comme moteur \u00e9conomique mondial\u00a0; la langue \u00e9gyptienne dominante ; et la langue maternelle \u00e9gyptienne de toutes les familles linguistiques.<\/p>\n<p>Le chapitre 11\u00a0: Caract\u00e9ristiques communes du syst\u00e8me d\u2019\u00e9criture alphab\u00e9tique de l\u2019\u00c9gypte ancienne d\u00e9taillera ces caract\u00e9ristiques.<\/p>\n<p>Chapitre 12 : Divergence des formes de lettres des alphabets du monde depuis son origine \u00e9gyptienne couvrira les variations apparentes des formes de lettres alphab\u00e9tiques dans les alphabets du monde depuis son origine \u00e9gyptienne ainsi que fournira un aper\u00e7u des 28 formes de lettres alphab\u00e9tiques arch\u00e9typales \u00e9gyptiennes et de leur divergence en d&#039;autres r\u00e9gions du monde.<\/p>\n<p>Chapitre 13 : Divergence sonore des alphabets du monde depuis son origine \u00e9gyptienne couvrira les variations sonores syst\u00e9matiques ainsi que les causes et les effets de la divergence sonore de son origine \u00e9gyptienne vers d&#039;autres alphabets du monde.<\/p>\n<p>Chapitre 14 : D\u00e9signations cavaliers des nouvelles langues expliquera comment une nouvelle langue a \u00e9t\u00e9 attribu\u00e9e comme symbole d&#039;identit\u00e9 pour les vainqueurs des guerres et des nouvelles religions ; ainsi que la mani\u00e8re dont les \u00ab nouvelles \u00bb langues ont \u00e9t\u00e9 fabriqu\u00e9es \u00e0 partir des \u00e9critures \u00e9gyptiennes.<\/p>\n<p>Partie IV. Les principales caract\u00e9ristiques linguistiques de la langue \u00e9gyptienne comportent un chapitre : le chapitre 15\u00a0:<\/p>\n<p>Chapitre 15 : Les principales caract\u00e9ristiques linguistiques de la langue \u00e9gyptienne couvrira les quatre piliers d&#039;une langue\u00a0; ainsi que la r\u00e9vision du lexique, de la grammaire et de la syntaxe prototypiques \u00e9gyptiens interconnect\u00e9s.<\/p>\n<p>La partie V. Hors d&#039;\u00c9gypte \u2013 Mod\u00e8les de diffusion vers l&#039;Asie et l&#039;Afrique comprend 5 chapitres \u2013 Chapitres 16 \u00e0 20\u00a0:<\/p>\n<p>Le chapitre 16 : L&#039;h\u00e9breu et Mo\u00efse d&#039;Egypte montrera l&#039;origine \u00e9gyptienne de l&#039;h\u00e9breu et l&#039;absence de toute distinction linguistique entre l&#039;h\u00e9breu et la langue \u00e9gyptienne ancienne.<\/p>\n<p>Chapitre 17 : L&#039;h\u00e9g\u00e9monie de l&#039;\u00c9gypte ancienne sur les voisins asiatiques discutera des \u00e9critures trouv\u00e9es en Arabie du Nord et du Sud et clarifiera toutes les diff\u00e9rences apparentes entre elles et le syst\u00e8me d&#039;\u00e9criture de l&#039;\u00c9gypte ancienne.<\/p>\n<p>Chapitre 18\u00a0:\u00a0Les connexions africaines discutera de l&#039;histoire et des d\u00e9tails de la ou des langues \u00e9thiopiennes et clarifiera toutes les diff\u00e9rences apparentes entre elles et le syst\u00e8me d&#039;\u00e9criture de l&#039;\u00c9gypte ancienne.<\/p>\n<p>Le chapitre 19 : De l&#039;\u00c9gypte \u00e0 l&#039;Inde et au-del\u00e0 couvrira les deux principaux styles d&#039;inscription dans le sous-continent indien ; et \u00e9liminera toutes les diff\u00e9rences apparentes entre eux et le syst\u00e8me d&#039;\u00e9criture de l&#039;\u00c9gypte ancienne.<\/p>\n<p>Chapitre 20 : De l&#039;\u00c9gypte au bassin de la mer Noire [G\u00e9orgie et Arm\u00e9nie] couvrira les affinit\u00e9s des langues de l&#039;Asie centrale jusqu&#039;au bassin de la mer Noire ; Colonies \u00e9gyptiennes antiques dans le bassin de la mer Noire\u00a0; la pr\u00e9existence des alphabets \u00ab arm\u00e9nien\/g\u00e9orgien \u00bb dans l\u2019\u00c9gypte ancienne ; et la similitude du syst\u00e8me d&#039;\u00e9criture alphab\u00e9tique de l&#039;\u00c9gypte ancienne avec les \u00ab langues g\u00e9orgiennes et arm\u00e9niennes \u00bb ult\u00e9rieures.<\/p>\n<p>Partie VI. Hors d&#039;\u00c9gypte \u2013 Mod\u00e8les de diffusion vers l&#039;Europe comprend deux chapitres : les chapitres 21 et 22\u00a0:<\/p>\n<p>Chapitre 21 : Grec : un braquage linguistique sans vergogne couvrira le r\u00f4le des Grecs dans l&#039;\u00c9gypte ancienne en tant que gardes de s\u00e9curit\u00e9 embauch\u00e9s ; la pr\u00e9existence des formes de lettres alphab\u00e9tiques proclam\u00e9es \u00ab grecques \u00bb dans le syst\u00e8me \u00e9gyptien antique ; voler et postdater les \u00e9critures \u00e9gyptiennes pour les renommer \u00ab grecques \u00bb ; et l&#039;absence de toute distinction linguistique entre le grec et la langue \u00e9gyptienne ancienne.<\/p>\n<p>Chapitre 22 : Les langues europ\u00e9ennes couvrira les langues \u00e9trusques, latines et hispaniques et l&#039;absence de toute distinction linguistique entre elles et la langue \u00e9gyptienne ancienne.<\/p>\n<p>Partie VII. L&#039;avenir ancien du langage universel comprend deux chapitres\u00a0: les chapitres 23 et 24\u00a0:<\/p>\n<p>Chapitre 23 : Langue vocale alphab\u00e9tique \u00e9gyptienne [Pass\u00e9, Pr\u00e9sent et Futur] couvrira l&#039;\u00e9tat de la langue vocalique et \u00e9crite en \u00c9gypte et les changements mineurs survenus au cours des milliers d&#039;ann\u00e9es.<\/p>\n<p>Chapitre 24 : Renaissance et recherche de la langue universelle \u2013 L&#039;avenir antique couvrira un aper\u00e7u du syst\u00e8me d&#039;\u00e9criture phon\u00e9tique incoh\u00e9rent de la langue anglaise ; la recherche d&#039;un langage universel \u00e0 la Renaissance\u00a0; et comment une telle langue, de toute \u00e9vidence, est la langue \u00e9gyptienne [ancienne].<\/p>\n<\/div>\n<\/div>","protected":false},"excerpt":{"rendered":"<div class=\"fb-page\" data-href=\"https:\/\/www.facebook.com\/EgyptianUniversalWritingModes\" data-width=\"380\" data-hide-cover=\"false\" data-show-facepile=\"false\"><\/div>\n<p><span class=\"contributor-name-prefix\"><br \/>\npar<\/span>\u00a0<span class=\"visible-contributors\"><a class=\"contributor-name\" translate=\"no\" href=\"https:\/\/egyptianwisdomcenter.org\/fr\/a-propos-2\/\" data-force-track=\"\" data-track-info=\"{&quot;description&quot;:&quot;authorSearch&quot;,&quot;author&quot;:&quot;Moustafa Gadalla&quot;}\">Moustafa Gadalla<\/a><\/span><\/p>\n<hr \/>\n<p><strong>BR\u00c8VE DESCRIPTION<\/strong><\/p>\n<p>Ce livre montrera comment les \u00c9gyptiens avaient diff\u00e9rents modes d&#039;\u00e9criture pour divers objectifs, et comment les modes \u00e9gyptiens \u00e9taient faussement d\u00e9sign\u00e9s comme des \u00ab langues s\u00e9par\u00e9es \u00bb appartenant \u00e0 d&#039;autres ; le mensonge d&#039;avoir des langues diff\u00e9rentes sur la pierre de Rosette (et de nombreuses autres pierres similaires)\u00a0; et \u00e9valuation des formes d&#039;\u00e9criture \u00ab hi\u00e9ratiques \u00bb et \u00ab d\u00e9motiques \u00bb. Le livre soulignera \u00e9galement comment la langue alphab\u00e9tique \u00e9gyptienne est la M\u00c8RE et l&#039;origine de toutes les langues (comme le confirment tous les \u00e9crivains de l&#039;Antiquit\u00e9) et comment cette langue originale a fini par \u00eatre appel\u00e9e grec, h\u00e9breu, arabe et d&#039;autres \u00ab langues \u00bb \u00e0 travers le monde. \u00e0 travers la d\u00e9t\u00e9rioration des valeurs sonores via des \u00ab\u00a0d\u00e9calages sonores\u00a0\u00bb, ainsi que la d\u00e9gradation \u00e9trang\u00e8re des formes d&#039;\u00e9criture \u00e9gyptiennes originales.<\/p>\n<p><a href=\"https:\/\/egyptianwisdomcenter.org\/wp-content\/uploads\/2022\/12\/The-Ancient-Egyptian-Universal-Writing-Modes-sample.pdf\">Aper\u00e7u maintenant (PDF)<\/a><\/p>\n<hr \/>\n<p><center><br \/>\n<a class=\"button minimal\" href=\"https:\/\/books2read.com\/Ancient-Egyptian-Universal-Writing-Modes-by-Moustafa-Gadalla\">Voir les options d&#039;achat<\/a><\/center><center><\/center>&nbsp;<\/p>\n<p><center><a href=\"https:\/\/www.amazon.com\/Ancient-Egyptian-Universal-Writing-Modes-ebook\/dp\/B071YDFBTW\/ref=sr_1_1?crid=39R6VV5CZ5190&amp;keywords=Ancient+Egyptian+Universal+Writing+Modes&amp;qid=1706532865&amp;s=digital-text&amp;sprefix=%2Cdigital-text%2C400&amp;sr=1-1#customerReviews\" target=\"_blank\" rel=\"noopener\"><img decoding=\"async\" class=\"alignnone size-full wp-image-68952\" src=\"https:\/\/egyptianwisdomcenter.org\/wp-content\/uploads\/2022\/12\/Reviews3.png\" alt=\"\" width=\"231\" height=\"41\" srcset=\"https:\/\/egyptianwisdomcenter.org\/wp-content\/uploads\/2022\/12\/Reviews3.png 231w, https:\/\/egyptianwisdomcenter.org\/wp-content\/uploads\/2022\/12\/Reviews3-18x3.png 18w\" sizes=\"(max-width: 231px) 100vw, 231px\" \/><\/a><\/center><\/p>","protected":false},"featured_media":60027,"comment_status":"open","ping_status":"closed","template":"","meta":[],"product_brand":[],"product_cat":[95],"product_tag":[],"class_list":{"0":"post-60026","1":"product","2":"type-product","3":"status-publish","4":"has-post-thumbnail","6":"product_cat-current-editions-in-english-language","8":"first","9":"instock","10":"shipping-taxable","11":"product-type-simple"},"aioseo_notices":[],"_links":{"self":[{"href":"https:\/\/egyptianwisdomcenter.org\/fr\/wp-json\/wp\/v2\/product\/60026","targetHints":{"allow":["GET"]}}],"collection":[{"href":"https:\/\/egyptianwisdomcenter.org\/fr\/wp-json\/wp\/v2\/product"}],"about":[{"href":"https:\/\/egyptianwisdomcenter.org\/fr\/wp-json\/wp\/v2\/types\/product"}],"replies":[{"embeddable":true,"href":"https:\/\/egyptianwisdomcenter.org\/fr\/wp-json\/wp\/v2\/comments?post=60026"}],"wp:featuredmedia":[{"embeddable":true,"href":"https:\/\/egyptianwisdomcenter.org\/fr\/wp-json\/wp\/v2\/media\/60027"}],"wp:attachment":[{"href":"https:\/\/egyptianwisdomcenter.org\/fr\/wp-json\/wp\/v2\/media?parent=60026"}],"wp:term":[{"taxonomy":"product_brand","embeddable":true,"href":"https:\/\/egyptianwisdomcenter.org\/fr\/wp-json\/wp\/v2\/product_brand?post=60026"},{"taxonomy":"product_cat","embeddable":true,"href":"https:\/\/egyptianwisdomcenter.org\/fr\/wp-json\/wp\/v2\/product_cat?post=60026"},{"taxonomy":"product_tag","embeddable":true,"href":"https:\/\/egyptianwisdomcenter.org\/fr\/wp-json\/wp\/v2\/product_tag?post=60026"}],"curies":[{"name":"wp","href":"https:\/\/api.w.org\/{rel}","templated":true}]}}