{"id":60039,"date":"2022-12-25T22:25:10","date_gmt":"2022-12-26T03:25:10","guid":{"rendered":"https:\/\/egyptianwisdomcenter.org\/?post_type=product&#038;p=60039"},"modified":"2024-06-01T04:35:56","modified_gmt":"2024-06-01T08:35:56","slug":"the-egyptian-hieroglyph-metaphysical-language","status":"publish","type":"product","link":"https:\/\/egyptianwisdomcenter.org\/fr\/product\/le-langage-metaphysique-des-hieroglyphes-egyptiens-2\/","title":{"rendered":"Le langage m\u00e9taphysique des hi\u00e9roglyphes \u00e9gyptiens"},"content":{"rendered":"<div class=\"collapsible-synopsis gizmo-collapsible-with-header show-teaser open\" data-kobo-gizmo=\"Collapsible.Synopsis\" data-kobo-gizmo-config=\"{ &quot;isOpen&quot;: {&quot;small&quot;: false, &quot;medium&quot;: false, &quot;large&quot;: false, &quot;jumbo&quot;: false}, &quot;name&quot;: &quot;AboutItem&quot;, &quot;toggleClass&quot; : &quot;toggle-button-hitbox&quot; }\" data-gid=\"g_20\">\n<div class=\"synopsis-description\" translate=\"no\">\n<p>Une image vaut 1 000 mots. Une image repr\u00e9sente un concept\/une id\u00e9e et non une seule lettre\/un son.<\/p>\n<p>Nous disons \u00ab imaginez ceci \u00bb ou \u00ab imaginez cela \u00bb car les images sont des repr\u00e9sentations de concepts et d\u2019id\u00e9es au-del\u00e0 des mots. L\u2019image transmet des informations plus efficacement que les lettres\/mots.<\/p>\n<p>Ce livre couvre le langage m\u00e9taphysique des images\/images des hi\u00e9roglyphes \u00e9gyptiens, qui est le langage de l&#039;esprit\/intellect\/divin.<\/p>\n<p>C&#039;est le but de ce livre de fournir une telle exposition ; un programme qui, bien que bas\u00e9 sur une solide \u00e9rudition, pr\u00e9sentera les probl\u00e8mes dans un langage compr\u00e9hensible pour les lecteurs non sp\u00e9cialis\u00e9s. Les termes techniques ont \u00e9t\u00e9 r\u00e9duits au minimum.<\/p>\n<p>Ce livre est divis\u00e9 en 8 chapitres.<\/p>\n<p>Chapitre 1\u00a0:\u00a0D\u00e9ception historique de la linguistique \u00e9gyptienne (ancienne) dissipera la confusion destin\u00e9e \u00e0 d\u00e9former les hi\u00e9roglyphes \u00e9gyptiens comme une forme primitive d\u2019\u00e9criture avec des valeurs sonores individuelles. Les hi\u00e9roglyphes \u00e9gyptiens sont des id\u00e9ogrammes diff\u00e9rents et n&#039;ont rien \u00e0 voir avec le syst\u00e8me alphab\u00e9tique \u00e9gyptien.<\/p>\n<p>Chapitre 2 : Les r\u00e9alit\u00e9s scientifiques\/m\u00e9taphysiques des images picturales (hi\u00e9roglyphes) explique comment les \u00eatres humains traitent les informations re\u00e7ues des cinq sens jusqu&#039;au cerveau \u00e0 travers des images visualis\u00e9es ; comment chaque image hi\u00e9roglyphique a des significations imitatives et symboliques (figuratives et all\u00e9goriques)\u00a0; la concurrence dans la science moderne de significations si multiples de chaque image\u00a0; et comment une s\u00e9rie d&#039;images est trait\u00e9e dans la conscience de la m\u00eame mani\u00e8re, comme un r\u00eave.<\/p>\n<p>Chapitre 3\u00a0: Repr\u00e9sentations des pens\u00e9es par l&#039;imagerie hi\u00e9roglyphique \u00e9gyptienne explique comment les images hi\u00e9roglyphiques \u00e9gyptiennes repr\u00e9sentent des concepts m\u00e9taphysiques\u00a0; relations entre leurs fonctions et formes g\u00e9om\u00e9triques ; et donne un aper\u00e7u de la formation \u00e9gyptienne de tels id\u00e9ogrammes.<\/p>\n<p>Chapitre 4\u00a0: Images hi\u00e9roglyphiques animales explique la signification m\u00e9taphysique de ces images et met en \u00e9vidence la signification de plus de 30 images hi\u00e9roglyphiques \u00e9gyptiennes associ\u00e9es.<\/p>\n<p>Chapitre 5\u00a0: Images hi\u00e9roglyphiques humaines \u00e0 t\u00eate humaine et animale explique la signification m\u00e9taphysique de ces images et met en \u00e9vidence l&#039;importance d&#039;environ 10 images hi\u00e9roglyphiques \u00e9gyptiennes li\u00e9es.<\/p>\n<p>Chapitre 6\u00a0: Images hi\u00e9roglyphiques de parties du corps humain explique la signification m\u00e9taphysique de ces images et met en \u00e9vidence la signification de plus de 10 images hi\u00e9roglyphiques \u00e9gyptiennes associ\u00e9es.<\/p>\n<p>Chapitre 7 : Nature et images hi\u00e9roglyphiques de figures g\u00e9om\u00e9triques explique la signification m\u00e9taphysique de ces images et met en \u00e9vidence la signification de plus de 10 images hi\u00e9roglyphiques \u00e9gyptiennes li\u00e9es.<\/p>\n<p>Chapitre 8 : Images hi\u00e9roglyphiques d&#039;objets fabriqu\u00e9s par l&#039;homme explique la signification m\u00e9taphysique de ces images et met en \u00e9vidence l&#039;importance d&#039;environ 20 images hi\u00e9roglyphiques \u00e9gyptiennes li\u00e9es.<\/p>\n<\/div>\n<\/div>","protected":false},"excerpt":{"rendered":"<div class=\"fb-page\" data-href=\"https:\/\/www.facebook.com\/profile.php?id=100031967752121\" data-width=\"380\" data-hide-cover=\"false\" data-show-facepile=\"false\"><\/div>\n<p><span class=\"contributor-name-prefix\"><br \/>\nby<\/span>\u00a0<span class=\"visible-contributors\"><a class=\"contributor-name\" translate=\"no\" href=\"https:\/\/egyptianwisdomcenter.org\/about\/\" data-force-track=\"\" data-track-info=\"{&quot;description&quot;:&quot;authorSearch&quot;,&quot;author&quot;:&quot;Moustafa Gadalla&quot;}\">Moustafa Gadalla<\/a><\/span><\/p>\n<hr \/>\n<p><strong>SHORT DESCRIPTION<\/strong><\/p>\n<p>This book covers the Egyptian Hieroglyph metaphysical language of images\/pictures; the language of the mind\/intellect\/divine; the scientific\/metaphysical realities of pictorial images (Hieroglyphs) as the ultimate medium for the human consciousness that interpret, process and maintain the meanings of such images; how each hieroglyphic image has imitative and symbolic (figurative and allegorical) meanings; the concurrence of modern science of such multiple meanings of each image; how Egyptian hieroglyphic images represent metaphysical concepts; and the metaphysical significance of a variety of about 80 Egyptian Hieroglyphic images.<\/p>\n<p><a href=\"https:\/\/egyptianwisdomcenter.org\/wp-content\/uploads\/2022\/12\/The-Egyptian-Hieroglyph-Metaphysical-Language-sample.pdf\">Preview Now (PDF)<\/a><\/p>\n<hr \/>\n<p><center><br \/>\n<a class=\"button minimal\" href=\"https:\/\/books2read.com\/u\/bMEXev\" target=\"_blank\" rel=\"noopener\">View Buying Options<\/a><\/center>[wp_social_ninja id=\"68936\" platform=\"reviews\"]<\/p>\n","protected":false},"featured_media":60040,"comment_status":"open","ping_status":"closed","template":"","meta":{"_monsterinsights_skip_tracking":false,"_monsterinsights_sitenote_active":false,"_monsterinsights_sitenote_note":"","_monsterinsights_sitenote_category":0},"product_brand":[],"product_cat":[95],"product_tag":[],"class_list":{"0":"post-60039","1":"product","2":"type-product","3":"status-publish","4":"has-post-thumbnail","6":"product_cat-current-editions-in-english-language","8":"first","9":"instock","10":"shipping-taxable","11":"product-type-simple"},"aioseo_notices":[],"_links":{"self":[{"href":"https:\/\/egyptianwisdomcenter.org\/fr\/wp-json\/wp\/v2\/product\/60039","targetHints":{"allow":["GET"]}}],"collection":[{"href":"https:\/\/egyptianwisdomcenter.org\/fr\/wp-json\/wp\/v2\/product"}],"about":[{"href":"https:\/\/egyptianwisdomcenter.org\/fr\/wp-json\/wp\/v2\/types\/product"}],"replies":[{"embeddable":true,"href":"https:\/\/egyptianwisdomcenter.org\/fr\/wp-json\/wp\/v2\/comments?post=60039"}],"wp:featuredmedia":[{"embeddable":true,"href":"https:\/\/egyptianwisdomcenter.org\/fr\/wp-json\/wp\/v2\/media\/60040"}],"wp:attachment":[{"href":"https:\/\/egyptianwisdomcenter.org\/fr\/wp-json\/wp\/v2\/media?parent=60039"}],"wp:term":[{"taxonomy":"product_brand","embeddable":true,"href":"https:\/\/egyptianwisdomcenter.org\/fr\/wp-json\/wp\/v2\/product_brand?post=60039"},{"taxonomy":"product_cat","embeddable":true,"href":"https:\/\/egyptianwisdomcenter.org\/fr\/wp-json\/wp\/v2\/product_cat?post=60039"},{"taxonomy":"product_tag","embeddable":true,"href":"https:\/\/egyptianwisdomcenter.org\/fr\/wp-json\/wp\/v2\/product_tag?post=60039"}],"curies":[{"name":"wp","href":"https:\/\/api.w.org\/{rel}","templated":true}]}}