{"id":60065,"date":"2022-12-25T22:36:07","date_gmt":"2022-12-26T03:36:07","guid":{"rendered":"https:\/\/egyptianwisdomcenter.org\/?post_type=product&#038;p=60065"},"modified":"2024-06-01T04:37:08","modified_gmt":"2024-06-01T08:37:08","slug":"the-enduring-ancient-egyptian-musical-system-theory-and-practice-second-edition","status":"publish","type":"product","link":"https:\/\/egyptianwisdomcenter.org\/fr\/produit\/instruments-de-musique-egyptiens-2\/","title":{"rendered":"Le syst\u00e8me musical, la th\u00e9orie et la pratique de l&#039;\u00c9gypte ancienne : deuxi\u00e8me \u00e9dition"},"content":{"rendered":"<div class=\"collapsible-synopsis gizmo-collapsible-with-header show-teaser open\" data-kobo-gizmo=\"Collapsible.Synopsis\" data-kobo-gizmo-config=\"{ &quot;isOpen&quot;: {&quot;small&quot;: false, &quot;medium&quot;: false, &quot;large&quot;: false, &quot;jumbo&quot;: false}, &quot;name&quot;: &quot;AboutItem&quot;, &quot;toggleClass&quot; : &quot;toggle-button-hitbox&quot; }\" data-gid=\"g_20\">\n<div class=\"synopsis-description\" translate=\"no\">\n<p>Cette \u00e9dition augment\u00e9e du livre : Le syst\u00e8me musical \u00e9gyptien antique durable est divis\u00e9e en sept parties contenant un total de 22 chapitres et cinq annexes.<\/p>\n<p>Partie I\u00a0:\u00a0Pr\u00e9lude se compose d&#039;un chapitre\u00a0:<\/p>\n<p>Chapitre 1 : Le syst\u00e8me musical \u00e9gyptien couvrira un bref aper\u00e7u du syst\u00e8me musical \u00e9gyptien, comme en t\u00e9moignent ses d\u00e9couvertes arch\u00e9ologiques.<\/p>\n<p>Partie II\u00a0: L&#039;Harmonie des Sph\u00e8res se compose de quatre chapitres\u00a0:\u00a02 \u00e0 5\u00a0:<\/p>\n<p>Chapitre 2 : Le syst\u00e8me musical cosmique arch\u00e9typal couvrira la base et le r\u00f4le de l&#039;harmonie des sph\u00e8res dans l&#039;adoption de la gamme musicale diatonique comme syst\u00e8me musical arch\u00e9typal.<\/p>\n<p>Chapitre 3 : La musique tout le temps (24 heures, 7 jours) couvrira et expliquera les corr\u00e9lations entre les heures des jours de la semaine et leurs notes musicales correspondantes.<\/p>\n<p>Chapitre 4 : Dynamiser la semaine diatonique couvrira l&#039;\u00e9chelle musicale naturelle, ses deux centres \u00e9nerg\u00e9tiques et l&#039;\u00e9chelle D Dorian \u00e9gyptienne.<\/p>\n<p>Chapitre 5 : Les trois composantes harmoniques couvrira les bases principales du canon harmonique \u00e9gyptien, les trois voyelles\/sons quantiques primaires et le noyau musical\/linguistique triadique.<\/p>\n<p>Partie III\u00a0:\u00a0Les notes de musique se composent de deux chapitres\u00a0:\u00a06 et 7\u00a0:<\/p>\n<p>Chapitre 6 : Les d\u00e9riv\u00e9s de la Cinqui\u00e8me Parfaite expliquera comment la progression de la Cinqui\u00e8me Parfaite cr\u00e9e toutes les notes de musique harmoniques ; et comment la progression naturelle de la Quinte Parfaite conduit \u00e0 la d\u00e9termination des unit\u00e9s de mesure musicales \u00e9gyptiennes.<\/p>\n<p>Chapitre 7 : L&#039;unit\u00e9 de mesure musicale expliquera comment les unit\u00e9s de mesure musicales \u00e9gyptiennes sont la seule unit\u00e9 de mesure pour tous les tons harmoniques naturels \u2013 est et ouest ; son application \u00e0 l&#039;\u00e9chelle jumelle [authentique et plagal] ; et son application aux m\u00e9thodes cycliques et de division d&#039;accordage des instruments.<\/p>\n<p>Partie IV\u00a0: Le Code \u00e9gyptien de composition musicale se compose de six chapitres\u00a0:\u00a08 \u00e0 13\u00a0:<\/p>\n<p>Chapitre 8 : Les vari\u00e9t\u00e9s du cadre musical couvriront le syst\u00e8me de tonalit\u00e9 global, en donnant un exemple d&#039;\u00e9chelle bas\u00e9e sur le cadre cyclique et un autre bas\u00e9 sur le cadre de division.<\/p>\n<p>Le chapitre 9\u00a0:\u00a0Modes et formes structurelles musicales couvrira l&#039;\u00e9thos musical\u00a0: les ambiances et les modes ainsi que les caract\u00e9ristiques de conception de base globales des modes.<\/p>\n<p>Chapitre 10\u00a0: Les paroles musicales couvriront les th\u00e8mes musicaux vocaux \u00e9gyptiens\u00a0; et les principales parties des sons (vocaux) g\u00e9n\u00e9r\u00e9s par l&#039;homme et son \u00e9quivalent dans les instruments de musique.<\/p>\n<p>Chapitre 11 : Le langage homog\u00e8ne de\/et de la musique couvrira la relation intime entre la langue alphab\u00e9tique \u00e9gyptienne et le syst\u00e8me musical ; l&#039;importance de la musicalit\u00e9 dans la litt\u00e9rature \u00e9gyptienne ancienne ; l&#039;utilisation de lettres comme notes de musique ; la modulation des valeurs sonores individuelles ; et les relations intimes entre la pulsation musicale et le flux rythmique des flux de syllabes.<\/p>\n<p>Chapitre 12 : La performance musicale couvrira l&#039;importance et les r\u00f4les des doigts et de leurs jointures dans la production et la direction de performances musicales ; ainsi que les diverses m\u00e9thodes permettant de maintenir le timing\/tempo rythmique, y compris l&#039;utilisation de syllabes.<\/p>\n<p>Chapitre 13 : Le syst\u00e8me d&#039;\u00e9criture tonale \u00e9gyptienne couvrira la pr\u00e9\u00e9minence des \u00e9critures tonales de l&#039;\u00c9gypte ancienne ainsi que les principaux composants d&#039;\u00e9criture des textes lyriques\/musicaux.<\/p>\n<p>Partie V\u00a0: Les instruments de musique \u00e9gyptiens se compose de quatre chapitres\u00a0: 14 \u00e0 17\u00a0:<\/p>\n<p>Chapitre 14 : La richesse des instruments couvrira les caract\u00e9ristiques g\u00e9n\u00e9rales des instruments \u00e9gyptiens ainsi que les principales composantes de l&#039;orchestre musical.<\/p>\n<p>Le chapitre 15 : Instruments \u00e0 cordes couvrira divers instruments \u00e0 cordes de l&#039;\u00c9gypte ancienne tels que les lyres, le trigonon (cithare), les harpes (y compris les techniques de jeu)\u00a0; Les capacit\u00e9s globales de la musique ancienne\u00a0; les instruments \u00e0 cordes \u00e0 manche comme le luth \u00e0 manche court ; les guitares \u00e9gyptiennes \u00e0 long manche ; et instruments \u00e0 archet [Kamanga, Rababa].<\/p>\n<p>Le chapitre 16\u00a0:\u00a0Les instruments \u00e0 vent couvriront la fl\u00fbte souffl\u00e9e en bout\u00a0; fl\u00fbte traversi\u00e8re; fl\u00fbte de pan; tuyau \u00e0 anche simple (clarinette); double tuyau; double clarinette; double hautbois; Arghool; autres (cornemuse et orgue) ; et cors\/trompettes.<\/p>\n<p>Chapitre 17 : Instruments \u00e0 percussion couvrira les instruments membranophones tels que les tambours et les tambourins ; et les instruments non membranophones (idiophones) tels que les baguettes de percussion, les claquettes, les sistres\/sistres, les cymbales, les castagnettes, les cloches (carillons), le xylophone et le glockenspiel et les parties humaines (mains, doigts, cuisses, pieds, etc.).<\/p>\n<p>La Partie VI\u00a0:\u00a0Maintenir les rythmes c\u00e9lestes se compose de quatre chapitres\u00a0: 18 \u00e0 21\u00a0:<\/p>\n<p>Chapitre 18 : L&#039;Harmonie universelle couvrira le r\u00f4le de la musique dans le maintien de l&#039;\u00e9quilibre universel ; l&#039;importance du th\u00e8me de performance altern\u00e9 de polarit\u00e9 \u00e9quilibr\u00e9e\u00a0; et les suites musicales dorianes.<\/p>\n<p>Chapitre 19 : Danse rythmique couvrira l&#039;importance de la danse ainsi que les types et formations de danse.<\/p>\n<p>Chapitre 20 : Les Pratiques Harmoniques couvrira le m\u00e9tier de musiciens dans l&#039;Egypte ancienne (et actuelle) ; les activit\u00e9s musicales du temple ; et les applications de la musique dans diverses activit\u00e9s publiques.<\/p>\n<p>Chapitre 21\u00a0:\u00a0The Harmonic Sound Man couvrira l\u2019application de la musique aux diff\u00e9rentes \u00e9tapes de la vie humaine, du berceau \u00e0 la tombe.<\/p>\n<p>Partie VII : Postlude se compose d&#039;un chapitre\u201422\u00a0:<\/p>\n<p>Chapitre 22\u00a0:\u00a0And the Beat Goes On couvrira la persistance des traditions musicales de l\u2019\u00c9gypte ancienne jusqu\u2019\u00e0 nos jours.<\/p>\n<p>Les annexes A \u00e0 E fournissent des d\u00e9veloppements sur certains sujets abord\u00e9s dans les diff\u00e9rents chapitres.<\/p>\n<\/div>\n<\/div>","protected":false},"excerpt":{"rendered":"<div class=\"fb-page\" data-href=\"https:\/\/www.facebook.com\/AncientEgyptianMusicalSystem\" data-width=\"380\" data-hide-cover=\"false\" data-show-facepile=\"false\"><\/div>\n<p><span class=\"contributor-name-prefix\"><br \/>\npar<\/span>\u00a0<span class=\"visible-contributors\"><a class=\"contributor-name\" translate=\"no\" href=\"https:\/\/egyptianwisdomcenter.org\/fr\/a-propos-2\/\" data-force-track=\"\" data-track-info=\"{&quot;description&quot;:&quot;authorSearch&quot;,&quot;author&quot;:&quot;Moustafa Gadalla&quot;}\">Moustafa Gadalla<\/a><\/span><\/p>\n<hr \/>\n<p><strong>BR\u00c8VE DESCRIPTION<\/strong><\/p>\n<p>Cette nouvelle \u00e9dition augment\u00e9e explique les racines cosmiques des formes rythmiques musicales et vocales \u00e9gyptiennes. Apprenez les fondamentaux (th\u00e9orie et pratique) de la musique \u00e0 la mani\u00e8re typiquement \u00e9gyptienne : simple, coh\u00e9rente et compl\u00e8te. Il fournit des discussions et des d\u00e9tails sur un inventaire des instruments de musique \u00e9gyptiens anciens expliquant leurs gammes et leurs techniques de jeu. Il traite \u00e9galement de la danse rythmique \u00e9gyptienne et des pratiques musicales harmoniques des anciens \u00c9gyptiens et d&#039;autres \u00e9l\u00e9ments divers.<\/p>\n<p><a href=\"https:\/\/egyptianwisdomcenter.org\/wp-content\/uploads\/2022\/12\/The-Enduring-Ancient-Egyptian-Musical-System-Theory-and-Practice-sample.pdf\">Aper\u00e7u maintenant (PDF)<\/a><\/p>\n<hr \/>\n<p><center><br \/>\n<a class=\"button minimal\" href=\"https:\/\/books2read.com\/u\/3GPAXp\" target=\"_blank\" rel=\"noopener\">Voir les options d&#039;achat<\/a><\/center><center><br \/>\n<a href=\"https:\/\/www.amazon.com\/Enduring-Ancient-Egyptian-Musical-System-ebook\/dp\/B071R6CJZH#customerReviews\" target=\"_blank\" rel=\"noopener\"><img decoding=\"async\" class=\"alignnone size-full wp-image-68951\" src=\"https:\/\/egyptianwisdomcenter.org\/wp-content\/uploads\/2022\/12\/Reviews2.png\" alt=\"\" width=\"230\" height=\"38\" srcset=\"https:\/\/egyptianwisdomcenter.org\/wp-content\/uploads\/2022\/12\/Reviews2.png 230w, https:\/\/egyptianwisdomcenter.org\/wp-content\/uploads\/2022\/12\/Reviews2-18x3.png 18w\" sizes=\"(max-width: 230px) 100vw, 230px\" \/><\/a><\/center><\/p>","protected":false},"featured_media":60066,"comment_status":"open","ping_status":"closed","template":"","meta":[],"product_brand":[],"product_cat":[95],"product_tag":[],"class_list":{"0":"post-60065","1":"product","2":"type-product","3":"status-publish","4":"has-post-thumbnail","6":"product_cat-current-editions-in-english-language","8":"first","9":"instock","10":"shipping-taxable","11":"product-type-simple"},"aioseo_notices":[],"_links":{"self":[{"href":"https:\/\/egyptianwisdomcenter.org\/fr\/wp-json\/wp\/v2\/product\/60065","targetHints":{"allow":["GET"]}}],"collection":[{"href":"https:\/\/egyptianwisdomcenter.org\/fr\/wp-json\/wp\/v2\/product"}],"about":[{"href":"https:\/\/egyptianwisdomcenter.org\/fr\/wp-json\/wp\/v2\/types\/product"}],"replies":[{"embeddable":true,"href":"https:\/\/egyptianwisdomcenter.org\/fr\/wp-json\/wp\/v2\/comments?post=60065"}],"wp:featuredmedia":[{"embeddable":true,"href":"https:\/\/egyptianwisdomcenter.org\/fr\/wp-json\/wp\/v2\/media\/60066"}],"wp:attachment":[{"href":"https:\/\/egyptianwisdomcenter.org\/fr\/wp-json\/wp\/v2\/media?parent=60065"}],"wp:term":[{"taxonomy":"product_brand","embeddable":true,"href":"https:\/\/egyptianwisdomcenter.org\/fr\/wp-json\/wp\/v2\/product_brand?post=60065"},{"taxonomy":"product_cat","embeddable":true,"href":"https:\/\/egyptianwisdomcenter.org\/fr\/wp-json\/wp\/v2\/product_cat?post=60065"},{"taxonomy":"product_tag","embeddable":true,"href":"https:\/\/egyptianwisdomcenter.org\/fr\/wp-json\/wp\/v2\/product_tag?post=60065"}],"curies":[{"name":"wp","href":"https:\/\/api.w.org\/{rel}","templated":true}]}}