{"id":61523,"date":"2023-01-04T18:44:25","date_gmt":"2023-01-04T23:44:25","guid":{"rendered":"https:\/\/egyptianwisdomcenter.org\/fr\/?post_type=product&#038;p=61523"},"modified":"2024-06-01T04:52:51","modified_gmt":"2024-06-01T08:52:51","slug":"ancienne-egypte-les-racines-du-christianisme","status":"publish","type":"product","link":"https:\/\/egyptianwisdomcenter.org\/fr\/produit\/egypte-ancienne-les-racines-du-christianisme\/","title":{"rendered":"Ancienne \u00c9gypte \u2013 Les Racines du Christianisme"},"content":{"rendered":"<p>DESCRIPTION LONGUE<\/p>\n<p>Ce que l&#039;on appelle aujourd&#039;hui la religion chr\u00e9tienne existait d\u00e9j\u00e0 en ancienne \u00c9gypte, bien avant l&#039;adoption de l&#039;Ancien Testament. L&#039;\u00e9gyptologue britannique Sir EA Wallis Budge, dans son livre Les Dieux des \u00c9gyptiens [1969] \u00e9crit :<\/p>\n<p>La nouvelle religion (le christianisme) qui fut pr\u00each\u00e9e l\u00e0-bas par St Marc et ses disciples imm\u00e9diats, sera bien proche \u00e0 celle qui fut l&#039;aboutissement du culte d&#039;Osiris, Isis et Horus.<\/p>\n<p>Les similitudes, remarqu\u00e9es par Budge et quiconque ayant compar\u00e9 l&#039;all\u00e9gorie \u00e9gyptienne d&#039;Osiris\/Isis\/Horus avec le r\u00e9cit des \u00c9vangiles, sont frappantes.<\/p>\n<p>Les deux r\u00e9cits sont pratiquement les m\u00eames, par exemple, la conception surnaturelle, la naissance divine, les luttes contre l&#039;ennemi dans la nature sauvage, et la r\u00e9surrection d&#039;entre les morts vers la vie \u00e9ternelle. La diff\u00e9rence principale entre les \u00ab deux versions \u00bb, est que la fable des \u00c9vangiles est consid\u00e9r\u00e9e comme historique et que le cycle d&#039;Osiris\/Isis\/Horus est une all\u00e9gorie. Le message spirituel de l&#039;all\u00e9gorie d&#039;Osiris\/Isis\/Horus de l&#039;ancienne \u00c9gypte et de la r\u00e9v\u00e9lation chr\u00e9tienne est exactement le m\u00eame.<\/p>\n<p>Le chercheur britannique AN Wilson a fait remarquer dans son livre Jesus : A Life [1992], que :<\/p>\n<p>\u00ab Le J\u00e9sus de l&#039;histoire et le Christ de la Foi sont deux entit\u00e9s s\u00e9par\u00e9es, avec des histoires tr\u00e8s diff\u00e9rentes. C&#039;est d\u00e9j\u00e0 assez difficile de reconstruire le premier, et dans notre tentative il est probable que l&#039;on cause d&#039;irr\u00e9parables dommages au second\u00bb.<\/p>\n<p>Ce livre va d\u00e9montrer que le \u00ab J\u00e9sus historique \u00bb, le \u00ab J\u00e9sus de la Foi \u00bb et les principes du christianisme proviennent enti\u00e8rement de l&#039;ancienne \u00c9gypte. Ceci sera fait sans cause \u00ab d&#039;irr\u00e9parables dommages \u00bb quant au souci d&#039;AN Wilson, pour deux raisons principales : premi\u00e8rement, la v\u00e9rit\u00e9 doit \u00eatre dite. Deuxi\u00e8mement, expliquez les principes chr\u00e9tiens en les resituant dans leur contexte d&#039;origine qui est l&#039;ancienne \u00c9gypte, renforcera l&#039;id\u00e9al du christianisme.<\/p>\n<p>Ce livre se compose de deux parties :<\/p>\n<p>La premi\u00e8re partie d\u00e9montre que les r\u00e9cits du J\u00e9sus historique sont enti\u00e8rement bas\u00e9s sur la vie et la mort du Pharaon \u00e9gyptien Twt\/Tout-Ankh-Amen.<\/p>\n<p>La seconde partie d\u00e9montre que le J\u00e9sus de la Foi et que les principes chr\u00e9tiens sont tous \u00e9gyptiens d&#039;origine \u2014 comme l&#039;essence des enseignements\/du message, de m\u00eame que les f\u00eates religieuses.<\/p>\n<p>Il y a une ind\u00e9niable ironie et une ind\u00e9niable v\u00e9rit\u00e9, profonde, dans la proph\u00e9tie d&#039;Os\u00e9e : d&#039;\u00c9gypte, j&#039;ai appel\u00e9 mon Fils. Une profonde ironie, en effet.<\/p>\n<p>Sachons faire preuve d&#039;ouverture d&#039;esprit et porterons un regard neuf sur les preuves dont nous disposons. Car la v\u00e9rit\u00e9 est faite des diff\u00e9rentes pi\u00e8ces compl\u00e9mentaires d&#039;un puzzle. Mettons ces pi\u00e8ces \u00e0 la bonne place, \u00e0 la bonne \u00e9poque et dans le bon ordre.<\/p>","protected":false},"excerpt":{"rendered":"<p>par\u00a0<a class=\"contributor-name\" translate=\"no\" href=\"https:\/\/egyptianwisdomcenter.org\/fr\/a-propos\/\" data-force-track=\"\" data-track-info=\"{&quot;description&quot;:&quot;authorSearch&quot;,&quot;author&quot;:&quot;Moustafa Gadalla&quot;}\">Moustafa Gadalla<\/a><\/p>\n<hr \/>\n<p>DESCRIPTION BREVE<\/p>\n<p>Cette \u00e9dition traduite en fran\u00e7ais r\u00e9v\u00e8le que les racines du christianisme, aussi bien historiques que spirituelles, se trouvent en \u00c9gypte ancienne. Ce livre fait la d\u00e9monstration que les r\u00e9cits du \u00ab J\u00e9sus historique \u00bb sont enti\u00e8rement bas\u00e9s sur la vie et la mort du pharaon \u00e9gyptien Twt\/Tout Ankh-Amen et que le \u00ab J\u00e9sus de la foi \u00bb et la doctrine chr\u00e9tienne sont compl\u00e8tement d&#039;origine \u00e9gyptienne \u2014comme l&#039;essence des enseignements\/du message de m\u00eame que les jours f\u00e9ri\u00e9s religieux.<\/p>\n<p><a href=\"https:\/\/egyptianwisdomcenter.org\/wp-content\/uploads\/2023\/01\/Ancienne-Egypte-les-Racines-du-Christianisme-1494604755.pdf\">Aper\u00e7u avant impression (PDF)<\/a><\/p>\n<hr \/>\n<p><center><br \/>\n<a class=\"button minimal\" href=\"https:\/\/books2read.com\/u\/meG7Jl\" target=\"_blank\" rel=\"noopener\">Voir les options d&#039;achat<\/a><\/center><\/p>\n<div id='wpsr-reviews-slider-68959' class='wpsr-reviews-68959  wpsr-reviews-wrapper wpsr-feed-wrap wpsr_content  wpsr-reviews-slider-wrapper   wpsr-reviews-template-grid2 wpsr-reviews-layout-slider wpsr-header-enable' data-column='4' data-platforms='amazon' data-slider_settings='{&quot;autoplay&quot;:&quot;false&quot;,&quot;autoplay_speed&quot;:3000,&quot;slides_to_show&quot;:3,&quot;spaceBetween&quot;:20,&quot;responsive_slides_to_show&quot;:{&quot;desktop&quot;:2,&quot;tablet&quot;:2,&quot;mobile&quot;:1},&quot;slides_to_scroll&quot;:3,&quot;responsive_slides_to_scroll&quot;:{&quot;desktop&quot;:5,&quot;tablet&quot;:2,&quot;mobile&quot;:1},&quot;navigation&quot;:&quot;dot&quot;}'>\n<div class=\"wpsr-container wpsr-fixed-height\" style=\"\" >\n<div class=\"wpsr-business-info-wrapper\">\n<div class=\"wpsr-row\">\n<div class=\"wpsr-business-info  amazon\">\n<div class=\"wpsr-business-info-left\">\n<div class=\"wpsr-business-info-paltforms\"><img decoding=\"async\" src=\"https:\/\/egyptianwisdomcenter.org\/wp-content\/plugins\/wp-social-reviews\/assets\/images\/icon\/icon-amazon.png\" alt=\"amazon\"><\/div>\n<div class=\"wpsr-rating-and-count\"><span class=\"wpsr-total-rating\">3.9<\/span><span class=\"wpsr-rating\"><\/p>\n<div class=\"wpsr-star-container wpsr-star-background-filled\" style=\"--wpsr-review-star-fill: 100%;\">\n<div class=\"wpsr-star-empty\"><\/div>\n<div class=\"wpsr-star-filled\"><\/div>\n<\/p><\/div>\n<div class=\"wpsr-star-container wpsr-star-background-filled\" style=\"--wpsr-review-star-fill: 100%;\">\n<div class=\"wpsr-star-empty\"><\/div>\n<div class=\"wpsr-star-filled\"><\/div>\n<\/p><\/div>\n<div class=\"wpsr-star-container wpsr-star-background-filled\" style=\"--wpsr-review-star-fill: 100%;\">\n<div class=\"wpsr-star-empty\"><\/div>\n<div class=\"wpsr-star-filled\"><\/div>\n<\/p><\/div>\n<div class=\"wpsr-star-container wpsr-star-background-filled\" style=\"--wpsr-review-star-fill: 90%;\">\n<div class=\"wpsr-star-empty\"><\/div>\n<div class=\"wpsr-star-filled\"><\/div>\n<\/p><\/div>\n<div class=\"wpsr-star-container wpsr-star-background-empty\" style=\"--wpsr-review-star-fill: 0%;\">\n<div class=\"wpsr-star-empty\"><\/div>\n<div class=\"wpsr-star-filled\"><\/div>\n<\/p><\/div>\n<p><\/span><\/p>\n<div class=\"wpsr-total-reviews\">Based on <span>19<\/span> Reviews<\/div>\n<\/div>\n<\/div>\n<div class=\"wpsr-business-info-right\">\n<div class=\"wpsr-write-review-modal-wrapper\"><\/div>\n<\/div>\n<\/div>\n<\/div>\n<\/div>\n<div class=\"wpsr-row\" style=\"\">\n<div class=\"wpsr-reviews-slider-wrapper-inner\">\n<div class=\"wpsr-reviews-slider swiper-container wpsr-ai-summary-enabled-slider\" tabindex=\"0\">\n<div class=\"swiper-wrapper\">\n<div class=\"swiper-slide\" role=\"group\">\n<div class=\"wpsr-review-template wpsr-review-template-two wpsr-review-template-amazon\"\n                 style=\"\"\n                 data-index=\"0\"\n                 data-source_id=\"B08QV1Q6D3\"\n                 data-media_id=\"\"\n                 data-review_platform=\"amazon\"\n                 data-product_thumbnail=\"\"\n                 data-product_name=\"\"\n                 data-image_resize=\"full\"\n            ><\/p>\n<div class=\"wpsr-review-platform\">\n                <img decoding=\"async\" class=\"wpsr-review-platform-icon\" width=\"20\" height=\"20\" src=\"https:\/\/egyptianwisdomcenter.org\/wp-content\/plugins\/wp-social-reviews\/assets\/images\/icon\/icon-amazon-small.png\" alt=\"amazon\">\n    <\/div>\n<div class=\"wpsr-reviewer-image\">\n    <a class=\"wpsr-reviewer-image-url\" target=\"_blank\" rel=\"noopener noreferrer nofollow\" href=\"https:\/\/www.amazon.fr\/Ancienne-%C3%89gypte-Racines-du-Christianisme\/dp\/B08QV1Q6D3\/\"><br \/>\n                                    <img decoding=\"async\" class=\"wpsr-reviewer-avatar\" src=\"https:\/\/images-eu.ssl-images-amazon.com\/images\/S\/amazon-avatars-global\/default._CR0,0,1024,1024_SX48_.png\" alt=\"Joelle M.C.\"\/><br \/>\n                        <\/a>\n<\/div>\n<div class=\"wpsr-review-info\">\n                        <a class=\"wpsr-reviewer-name-url\" target=\"_blank\" rel=\"noopener noreferrer nofollow\" href=\"https:\/\/www.amazon.fr\/Ancienne-%C3%89gypte-Racines-du-Christianisme\/dp\/B08QV1Q6D3\/\"><br \/>\n    <span class=\"wpsr-reviewer-name\">Joelle M.C.<\/span><br \/>\n    <\/a><\/p>\n<div data-rating=\"1\" class=\"wpsr-rating-wrapper wpsr-rating\">\n<div class=\"wpsr-star-container wpsr-star-background-filled\" style=\"--wpsr-review-star-fill: 100%;\">\n<div class=\"wpsr-star-empty\"><\/div>\n<div class=\"wpsr-star-filled\"><\/div>\n<\/p><\/div>\n<div class=\"wpsr-star-container wpsr-star-background-empty\" style=\"--wpsr-review-star-fill: 0%;\">\n<div class=\"wpsr-star-empty\"><\/div>\n<div class=\"wpsr-star-filled\"><\/div>\n<\/p><\/div>\n<div class=\"wpsr-star-container wpsr-star-background-empty\" style=\"--wpsr-review-star-fill: 0%;\">\n<div class=\"wpsr-star-empty\"><\/div>\n<div class=\"wpsr-star-filled\"><\/div>\n<\/p><\/div>\n<div class=\"wpsr-star-container wpsr-star-background-empty\" style=\"--wpsr-review-star-fill: 0%;\">\n<div class=\"wpsr-star-empty\"><\/div>\n<div class=\"wpsr-star-filled\"><\/div>\n<\/p><\/div>\n<div class=\"wpsr-star-container wpsr-star-background-empty\" style=\"--wpsr-review-star-fill: 0%;\">\n<div class=\"wpsr-star-empty\"><\/div>\n<div class=\"wpsr-star-filled\"><\/div>\n<\/p><\/div>\n<\/p><\/div>\n<p><span data-time=\"3 ans ago\" class=\"wpsr-review-date\"><br \/>\n     septembre 12, 2023<\/span>                        <\/p><\/div>\n<div class=\"wpsr-reviews-content-footer\">\n<h3 class=\"wpsr-review-title\">\n    1,0 sur 5\u00a0\u00e9toiles                    Pas convaincant pour moi<\/h3>\n<div class=\"wpsr-review-content\" tabindex=\"0\">\n<p class=\"wpsr_add_read_more wpsr_show_less_content\" data-num-words-trim=\"10\">J&#8217;aime bien les livres pr\u00e9c\u00e9dents mais celui ci me semble compl\u00e8tement tir\u00e9 par les cheveux&#8230; \u00c7a n&#8217;engage que moi! <\/p>\n<\/p><\/div>\n<\/p><\/div>\n<\/p><\/div>\n<\/p><\/div>\n<div class=\"swiper-slide\" role=\"group\">\n<div class=\"wpsr-review-template wpsr-review-template-two wpsr-review-template-amazon\"\n                 style=\"\"\n                 data-index=\"1\"\n                 data-source_id=\"B08QV1Q6D3\"\n                 data-media_id=\"\"\n                 data-review_platform=\"amazon\"\n                 data-product_thumbnail=\"\"\n                 data-product_name=\"\"\n                 data-image_resize=\"full\"\n            ><\/p>\n<div class=\"wpsr-review-platform\">\n                <img decoding=\"async\" class=\"wpsr-review-platform-icon\" width=\"20\" height=\"20\" src=\"https:\/\/egyptianwisdomcenter.org\/wp-content\/plugins\/wp-social-reviews\/assets\/images\/icon\/icon-amazon-small.png\" alt=\"amazon\">\n    <\/div>\n<div class=\"wpsr-reviewer-image\">\n    <a class=\"wpsr-reviewer-image-url\" target=\"_blank\" rel=\"noopener noreferrer nofollow\" href=\"https:\/\/www.amazon.fr\/Ancienne-%C3%89gypte-Racines-du-Christianisme\/dp\/B08QV1Q6D3\/\"><br \/>\n                                    <img decoding=\"async\" class=\"wpsr-reviewer-avatar\" src=\"https:\/\/images-eu.ssl-images-amazon.com\/images\/S\/amazon-avatars-global\/9db4b031-de50-4d86-a63c-8363506a55b3._CR0,0,295,295_SX48_.jpg\" alt=\"Alex Huart\"\/><br \/>\n                        <\/a>\n<\/div>\n<div class=\"wpsr-review-info\">\n                        <a class=\"wpsr-reviewer-name-url\" target=\"_blank\" rel=\"noopener noreferrer nofollow\" href=\"https:\/\/www.amazon.fr\/Ancienne-%C3%89gypte-Racines-du-Christianisme\/dp\/B08QV1Q6D3\/\"><br \/>\n    <span class=\"wpsr-reviewer-name\">Alex Huart<\/span><br \/>\n    <\/a><\/p>\n<div data-rating=\"2\" class=\"wpsr-rating-wrapper wpsr-rating\">\n<div class=\"wpsr-star-container wpsr-star-background-filled\" style=\"--wpsr-review-star-fill: 100%;\">\n<div class=\"wpsr-star-empty\"><\/div>\n<div class=\"wpsr-star-filled\"><\/div>\n<\/p><\/div>\n<div class=\"wpsr-star-container wpsr-star-background-filled\" style=\"--wpsr-review-star-fill: 100%;\">\n<div class=\"wpsr-star-empty\"><\/div>\n<div class=\"wpsr-star-filled\"><\/div>\n<\/p><\/div>\n<div class=\"wpsr-star-container wpsr-star-background-empty\" style=\"--wpsr-review-star-fill: 0%;\">\n<div class=\"wpsr-star-empty\"><\/div>\n<div class=\"wpsr-star-filled\"><\/div>\n<\/p><\/div>\n<div class=\"wpsr-star-container wpsr-star-background-empty\" style=\"--wpsr-review-star-fill: 0%;\">\n<div class=\"wpsr-star-empty\"><\/div>\n<div class=\"wpsr-star-filled\"><\/div>\n<\/p><\/div>\n<div class=\"wpsr-star-container wpsr-star-background-empty\" style=\"--wpsr-review-star-fill: 0%;\">\n<div class=\"wpsr-star-empty\"><\/div>\n<div class=\"wpsr-star-filled\"><\/div>\n<\/p><\/div>\n<\/p><\/div>\n<p><span data-time=\"5 ans ago\" class=\"wpsr-review-date\"><br \/>\n     avril 21, 2021<\/span>                        <\/p><\/div>\n<div class=\"wpsr-reviews-content-footer\">\n<h3 class=\"wpsr-review-title\">\n    2,0 sur 5\u00a0\u00e9toiles                    Fond coh\u00e9rent, lectrice p\u00e9nible.<\/h3>\n<div class=\"wpsr-review-content\" tabindex=\"0\">\n<p class=\"wpsr_add_read_more wpsr_show_less_content\" data-num-words-trim=\"10\">La lectrice est p\u00e9nible. Le fond est coh\u00e9rent avec l&#8217;histoire des religions. Acheter le livre et oublier l&#8217;audiobook. <\/p>\n<\/p><\/div>\n<\/p><\/div>\n<\/p><\/div>\n<\/p><\/div>\n<div class=\"swiper-slide\" role=\"group\">\n<div class=\"wpsr-review-template wpsr-review-template-two wpsr-review-template-amazon\"\n                 style=\"\"\n                 data-index=\"2\"\n                 data-source_id=\"B08QV1Q6D3\"\n                 data-media_id=\"\"\n                 data-review_platform=\"amazon\"\n                 data-product_thumbnail=\"\"\n                 data-product_name=\"\"\n                 data-image_resize=\"full\"\n            ><\/p>\n<div class=\"wpsr-review-platform\">\n                <img decoding=\"async\" class=\"wpsr-review-platform-icon\" width=\"20\" height=\"20\" src=\"https:\/\/egyptianwisdomcenter.org\/wp-content\/plugins\/wp-social-reviews\/assets\/images\/icon\/icon-amazon-small.png\" alt=\"amazon\">\n    <\/div>\n<div class=\"wpsr-reviewer-image\">\n    <a class=\"wpsr-reviewer-image-url\" target=\"_blank\" rel=\"noopener noreferrer nofollow\" href=\"https:\/\/www.amazon.fr\/Ancienne-%C3%89gypte-Racines-du-Christianisme\/dp\/B08QV1Q6D3\/\"><br \/>\n                                    <img decoding=\"async\" class=\"wpsr-reviewer-avatar\" src=\"https:\/\/images-eu.ssl-images-amazon.com\/images\/S\/amazon-avatars-global\/default._CR0,0,1024,1024_SX48_.png\" alt=\"JOJOMAATA\"\/><br \/>\n                        <\/a>\n<\/div>\n<div class=\"wpsr-review-info\">\n                        <a class=\"wpsr-reviewer-name-url\" target=\"_blank\" rel=\"noopener noreferrer nofollow\" href=\"https:\/\/www.amazon.fr\/Ancienne-%C3%89gypte-Racines-du-Christianisme\/dp\/B08QV1Q6D3\/\"><br \/>\n    <span class=\"wpsr-reviewer-name\">JOJOMAATA<\/span><br \/>\n    <\/a><\/p>\n<div data-rating=\"3\" class=\"wpsr-rating-wrapper wpsr-rating\">\n<div class=\"wpsr-star-container wpsr-star-background-filled\" style=\"--wpsr-review-star-fill: 100%;\">\n<div class=\"wpsr-star-empty\"><\/div>\n<div class=\"wpsr-star-filled\"><\/div>\n<\/p><\/div>\n<div class=\"wpsr-star-container wpsr-star-background-filled\" style=\"--wpsr-review-star-fill: 100%;\">\n<div class=\"wpsr-star-empty\"><\/div>\n<div class=\"wpsr-star-filled\"><\/div>\n<\/p><\/div>\n<div class=\"wpsr-star-container wpsr-star-background-filled\" style=\"--wpsr-review-star-fill: 100%;\">\n<div class=\"wpsr-star-empty\"><\/div>\n<div class=\"wpsr-star-filled\"><\/div>\n<\/p><\/div>\n<div class=\"wpsr-star-container wpsr-star-background-empty\" style=\"--wpsr-review-star-fill: 0%;\">\n<div class=\"wpsr-star-empty\"><\/div>\n<div class=\"wpsr-star-filled\"><\/div>\n<\/p><\/div>\n<div class=\"wpsr-star-container wpsr-star-background-empty\" style=\"--wpsr-review-star-fill: 0%;\">\n<div class=\"wpsr-star-empty\"><\/div>\n<div class=\"wpsr-star-filled\"><\/div>\n<\/p><\/div>\n<\/p><\/div>\n<p><span data-time=\"5 ans ago\" class=\"wpsr-review-date\"><br \/>\n     avril 7, 2021<\/span>                        <\/p><\/div>\n<div class=\"wpsr-reviews-content-footer\">\n<h3 class=\"wpsr-review-title\">\n    3,0 sur 5\u00a0\u00e9toiles                    r<\/h3>\n<div class=\"wpsr-review-content\" tabindex=\"0\">\n<p class=\"wpsr_add_read_more wpsr_show_less_content\" data-num-words-trim=\"10\">je prefere l&#8217;acheter en broch\u00e9 <\/p>\n<\/p><\/div>\n<\/p><\/div>\n<\/p><\/div>\n<\/p><\/div>\n<div class=\"swiper-slide\" role=\"group\">\n<div class=\"wpsr-review-template wpsr-review-template-two wpsr-review-template-amazon\"\n                 style=\"\"\n                 data-index=\"3\"\n                 data-source_id=\"B08QV1Q6D3\"\n                 data-media_id=\"\"\n                 data-review_platform=\"amazon\"\n                 data-product_thumbnail=\"\"\n                 data-product_name=\"\"\n                 data-image_resize=\"full\"\n            ><\/p>\n<div class=\"wpsr-review-platform\">\n                <img decoding=\"async\" class=\"wpsr-review-platform-icon\" width=\"20\" height=\"20\" src=\"https:\/\/egyptianwisdomcenter.org\/wp-content\/plugins\/wp-social-reviews\/assets\/images\/icon\/icon-amazon-small.png\" alt=\"amazon\">\n    <\/div>\n<div class=\"wpsr-reviewer-image\">\n    <a class=\"wpsr-reviewer-image-url\" target=\"_blank\" rel=\"noopener noreferrer nofollow\" href=\"https:\/\/www.amazon.fr\/Ancienne-%C3%89gypte-Racines-du-Christianisme\/dp\/B08QV1Q6D3\/\"><br \/>\n                                    <img decoding=\"async\" class=\"wpsr-reviewer-avatar\" src=\"https:\/\/images-eu.ssl-images-amazon.com\/images\/S\/amazon-avatars-global\/default._CR0,0,1024,1024_SX48_.png\" alt=\"alonso emmanuel\"\/><br \/>\n                        <\/a>\n<\/div>\n<div class=\"wpsr-review-info\">\n                        <a class=\"wpsr-reviewer-name-url\" target=\"_blank\" rel=\"noopener noreferrer nofollow\" href=\"https:\/\/www.amazon.fr\/Ancienne-%C3%89gypte-Racines-du-Christianisme\/dp\/B08QV1Q6D3\/\"><br \/>\n    <span class=\"wpsr-reviewer-name\">alonso emmanuel<\/span><br \/>\n    <\/a><\/p>\n<div data-rating=\"5\" class=\"wpsr-rating-wrapper wpsr-rating\">\n<div class=\"wpsr-star-container wpsr-star-background-filled\" style=\"--wpsr-review-star-fill: 100%;\">\n<div class=\"wpsr-star-empty\"><\/div>\n<div class=\"wpsr-star-filled\"><\/div>\n<\/p><\/div>\n<div class=\"wpsr-star-container wpsr-star-background-filled\" style=\"--wpsr-review-star-fill: 100%;\">\n<div class=\"wpsr-star-empty\"><\/div>\n<div class=\"wpsr-star-filled\"><\/div>\n<\/p><\/div>\n<div class=\"wpsr-star-container wpsr-star-background-filled\" style=\"--wpsr-review-star-fill: 100%;\">\n<div class=\"wpsr-star-empty\"><\/div>\n<div class=\"wpsr-star-filled\"><\/div>\n<\/p><\/div>\n<div class=\"wpsr-star-container wpsr-star-background-filled\" style=\"--wpsr-review-star-fill: 100%;\">\n<div class=\"wpsr-star-empty\"><\/div>\n<div class=\"wpsr-star-filled\"><\/div>\n<\/p><\/div>\n<div class=\"wpsr-star-container wpsr-star-background-filled\" style=\"--wpsr-review-star-fill: 100%;\">\n<div class=\"wpsr-star-empty\"><\/div>\n<div class=\"wpsr-star-filled\"><\/div>\n<\/p><\/div>\n<\/p><\/div>\n<p><span data-time=\"6 ans ago\" class=\"wpsr-review-date\"><br \/>\n     ao\u00fbt 15, 2020<\/span>                        <\/p><\/div>\n<div class=\"wpsr-reviews-content-footer\">\n<h3 class=\"wpsr-review-title\">\n    5,0 sur 5\u00a0\u00e9toiles                    Envoi rapide.<\/h3>\n<div class=\"wpsr-review-content\" tabindex=\"0\">\n<p class=\"wpsr_add_read_more wpsr_show_less_content\" data-num-words-trim=\"10\">Tr\u00e8s bon livre. <\/p>\n<\/p><\/div>\n<\/p><\/div>\n<\/p><\/div>\n<\/p><\/div>\n<\/div>\n<\/div>\n<div class=\"wpsr-swiper-carousel-wrapper\">\n<div class=\"wpsr-swiper-pagination swiper-pagination\"><\/div>\n<\/div>\n<\/div>\n<\/div>\n<\/div>\n<\/div>","protected":false},"featured_media":61524,"comment_status":"open","ping_status":"closed","template":"","meta":[],"product_brand":[],"product_cat":[98,102],"product_tag":[],"class_list":{"0":"post-61523","1":"product","2":"type-product","3":"status-publish","4":"has-post-thumbnail","6":"product_cat-edition-francaise","7":"product_cat-edition-francaise-2","9":"first","10":"instock","11":"shipping-taxable","12":"product-type-simple"},"aioseo_notices":[],"_links":{"self":[{"href":"https:\/\/egyptianwisdomcenter.org\/fr\/wp-json\/wp\/v2\/product\/61523","targetHints":{"allow":["GET"]}}],"collection":[{"href":"https:\/\/egyptianwisdomcenter.org\/fr\/wp-json\/wp\/v2\/product"}],"about":[{"href":"https:\/\/egyptianwisdomcenter.org\/fr\/wp-json\/wp\/v2\/types\/product"}],"replies":[{"embeddable":true,"href":"https:\/\/egyptianwisdomcenter.org\/fr\/wp-json\/wp\/v2\/comments?post=61523"}],"wp:featuredmedia":[{"embeddable":true,"href":"https:\/\/egyptianwisdomcenter.org\/fr\/wp-json\/wp\/v2\/media\/61524"}],"wp:attachment":[{"href":"https:\/\/egyptianwisdomcenter.org\/fr\/wp-json\/wp\/v2\/media?parent=61523"}],"wp:term":[{"taxonomy":"product_brand","embeddable":true,"href":"https:\/\/egyptianwisdomcenter.org\/fr\/wp-json\/wp\/v2\/product_brand?post=61523"},{"taxonomy":"product_cat","embeddable":true,"href":"https:\/\/egyptianwisdomcenter.org\/fr\/wp-json\/wp\/v2\/product_cat?post=61523"},{"taxonomy":"product_tag","embeddable":true,"href":"https:\/\/egyptianwisdomcenter.org\/fr\/wp-json\/wp\/v2\/product_tag?post=61523"}],"curies":[{"name":"wp","href":"https:\/\/api.w.org\/{rel}","templated":true}]}}