{"id":61726,"date":"2023-01-05T15:41:55","date_gmt":"2023-01-05T20:41:55","guid":{"rendered":"https:\/\/egyptianwisdomcenter.org\/?post_type=product&#038;p=61726"},"modified":"2024-06-01T04:56:12","modified_gmt":"2024-06-01T08:56:12","slug":"le-langage-metaphysique-des-hieroglyphes-egyptiens","status":"publish","type":"product","link":"https:\/\/egyptianwisdomcenter.org\/fr\/product\/le-langage-metaphysique-des-hieroglyphes-egyptiens\/","title":{"rendered":"Le Langage M\u00e9taphysique Des Hi\u00e9roglyphes \u00c9gyptiens"},"content":{"rendered":"<p><strong>CV complet<\/strong><\/p>\n<p>Ce livre traduit en fran\u00e7ais couvre le sujet du langage m\u00e9taphysique des repr\u00e9sentations\/images des hi\u00e9roglyphes \u00e9gyptiens- le langage de l&#039;esprit\/de l&#039;intellect\/du divin, les r\u00e9alit\u00e9s scientifiques\/m\u00e9taphysiques des images pictographiques (hi\u00e9roglyphes) comme le moyen ultime pour la conscience humaine qui interpr\u00e8te, traite et garde les significations de telles images, comment chaque image hi\u00e9roglyphique \u00e0 des significations d&#039;imitation et symbolique (sens figuratif et all\u00e9gorique), l&#039;accord avec la science moderne de plusieurs niveaux de sens pour chaque image, la fa\u00e7on dont les images hi\u00e9roglyphiques \u00e9gyptiennes repr\u00e9sentent des concepts m\u00e9taphysiques, l&#039;importance au niveau m\u00e9taphysique d&#039;un \u00e9chantillon d&#039;environ 80 images hi\u00e9roglyphiques \u00e9gyptiennes.<br \/>\nCe livre comprend 8 chapitres.<\/p>\n<p>Le chapitre 1 : La duperie historique sur la linguistique de l&#039;ancienne \u00c9gypte entend mettre fin \u00e0 la confusion qui d\u00e9forme les hi\u00e9roglyphes \u00e9gyptiens en les pr\u00e9sentant comme une forme primitive d&#039;\u00e9criture compos\u00e9e de valeurs de sons individuels. Les hi\u00e9roglyphes \u00e9gyptiens sont des id\u00e9ogrammes qui n&#039;ont rien \u00e0 voir avec le syst\u00e8me alphab\u00e9tique \u00e9gyptien.<\/p>\n<p>Le chapitre 2 : Les r\u00e9alit\u00e9s scientifiques\/m\u00e9taphysiques des images illustr\u00e9es (hi\u00e9roglyphes) explique comment les \u00eatres humains traitent les informations re\u00e7ues par les cinq sens et transmises au cerveau via des images repr\u00e9sent\u00e9es ; commenter chaque image hi\u00e9roglyphique poss\u00e8de un sens imitatif et symbolique (figuratif et all\u00e9gorique) ; il aborde \u00e9galement la concurrence dans la science moderne de cette multitude de sens pour chaque image et d\u00e9montre qu&#039;une s\u00e9rie d&#039;images est trait\u00e9e de la m\u00eame mani\u00e8re par la conscience qu&#039;un r\u00eave.<\/p>\n<p>Le chapitre 3 : La repr\u00e9sentation des pens\u00e9es avec les images hi\u00e9roglyphiques \u00e9gyptiennes explique comment les images hi\u00e9roglyphiques \u00e9gyptiennes repr\u00e9sentent des concepts m\u00e9taphysiques ; il traite \u00e9galement des relations entre leurs fonctions et leurs formes g\u00e9om\u00e9triques et fournit un aper\u00e7u de la formation \u00e9gyptienne de ces id\u00e9ogrammes.<\/p>\n<p>Le chapitre 4 : Les images hi\u00e9roglyphiques d&#039;animaux explique le sens m\u00e9taphysique de ces images et souligne l&#039;importance d&#039;une trentaine d&#039;images hi\u00e9roglyphiques \u00e9gyptiennes.<\/p>\n<p>Le chapitre 5 : Les images hi\u00e9roglyphiques d&#039;humains et d&#039;humains \u00e0 t\u00eate d&#039;animal explique le sens m\u00e9taphysique de ces images et souligne la port\u00e9e d&#039;une dizaine d&#039;images hi\u00e9roglyphiques \u00e9gyptiennes.<\/p>\n<p>Le chapitre 6 : Les images hi\u00e9roglyphiques des parties du corps explique le sens m\u00e9taphysique de ces images et souligne la port\u00e9e d&#039;une dizaine d&#039;images hi\u00e9roglyphiques \u00e9gyptiennes.<\/p>\n<p>Le chapitre 7 : Les images hi\u00e9roglyphiques de la nature et de figures g\u00e9om\u00e9triques explique le sens m\u00e9taphysique de ces images et souligne la port\u00e9e d&#039;une dizaine d&#039;images hi\u00e9roglyphiques \u00e9gyptiennes.<\/p>\n<p>Le chapitre 8 : Images hi\u00e9roglyphiques d&#039;objets faits par l&#039;homme explique le sens m\u00e9taphysique de ces images et souligne la port\u00e9e d&#039;une vingtaine d&#039;images hi\u00e9roglyphiques \u00e9gyptiennes.<\/p>","protected":false},"excerpt":{"rendered":"<p>par <a class=\"contributor-name\" translate=\"no\" href=\"https:\/\/egyptianwisdomcenter.org\/fr\/a-propos\/\" data-force-track=\"\" data-track-info=\"{&quot;description&quot;:&quot;authorSearch&quot;,&quot;author&quot;:&quot;Moustafa Gadalla&quot;}\">Moustafa Gadalla<\/a><\/p>\n<hr \/>\n<p><strong>CV<\/strong><\/p>\n<p>R\u00e9alit\u00e9s scientifiques\/m\u00e9taphysiques des images illustr\u00e9es (Hi\u00e9roglyphes) comme moyens ultimes pour la conscience humaine qui interpr\u00e8te, traite et conserve les significations de ces images.<\/p>\n<p>&nbsp;<\/p>\n<hr \/>\n<p><center><br \/>\n<a class=\"button minimal\" href=\"https:\/\/books2read.com\/u\/bwV7Jy\" target=\"_blank\" rel=\"noopener\">VOIR LES OPTIONS D&#039;ACHAT<\/a><\/center><\/p>","protected":false},"featured_media":61727,"comment_status":"open","ping_status":"closed","template":"","meta":{"_monsterinsights_skip_tracking":false,"_monsterinsights_sitenote_active":false,"_monsterinsights_sitenote_note":"","_monsterinsights_sitenote_category":0},"product_brand":[],"product_cat":[98,102],"product_tag":[],"class_list":{"0":"post-61726","1":"product","2":"type-product","3":"status-publish","4":"has-post-thumbnail","6":"product_cat-edition-francaise","7":"product_cat-edition-francaise-2","9":"first","10":"instock","11":"shipping-taxable","12":"product-type-simple"},"aioseo_notices":[],"_links":{"self":[{"href":"https:\/\/egyptianwisdomcenter.org\/fr\/wp-json\/wp\/v2\/product\/61726","targetHints":{"allow":["GET"]}}],"collection":[{"href":"https:\/\/egyptianwisdomcenter.org\/fr\/wp-json\/wp\/v2\/product"}],"about":[{"href":"https:\/\/egyptianwisdomcenter.org\/fr\/wp-json\/wp\/v2\/types\/product"}],"replies":[{"embeddable":true,"href":"https:\/\/egyptianwisdomcenter.org\/fr\/wp-json\/wp\/v2\/comments?post=61726"}],"wp:featuredmedia":[{"embeddable":true,"href":"https:\/\/egyptianwisdomcenter.org\/fr\/wp-json\/wp\/v2\/media\/61727"}],"wp:attachment":[{"href":"https:\/\/egyptianwisdomcenter.org\/fr\/wp-json\/wp\/v2\/media?parent=61726"}],"wp:term":[{"taxonomy":"product_brand","embeddable":true,"href":"https:\/\/egyptianwisdomcenter.org\/fr\/wp-json\/wp\/v2\/product_brand?post=61726"},{"taxonomy":"product_cat","embeddable":true,"href":"https:\/\/egyptianwisdomcenter.org\/fr\/wp-json\/wp\/v2\/product_cat?post=61726"},{"taxonomy":"product_tag","embeddable":true,"href":"https:\/\/egyptianwisdomcenter.org\/fr\/wp-json\/wp\/v2\/product_tag?post=61726"}],"curies":[{"name":"wp","href":"https:\/\/api.w.org\/{rel}","templated":true}]}}