{"id":61927,"date":"2023-01-06T15:22:50","date_gmt":"2023-01-06T20:22:50","guid":{"rendered":"https:\/\/egyptianwisdomcenter.org\/?post_type=product&#038;p=61927"},"modified":"2024-06-01T05:01:53","modified_gmt":"2024-06-01T09:01:53","slug":"die-altaegyptische-metaphysische-architektur","status":"publish","type":"product","link":"https:\/\/egyptianwisdomcenter.org\/fr\/produit\/larchitecture-metaphysique-altaegyptique\/","title":{"rendered":"Die Alt\u00e4gyptische Metaphysische Architektur"},"content":{"rendered":"<p><strong>LANGE D\u00c9SIGNATION<\/strong><\/p>\n<p>Ce livre est situ\u00e9 dans deux parties, dans le cadre du chapitre 8 enthalten sowie f\u00fcnf Anh\u00e4nge A \u2013 E.<\/p>\n<p>Partie I\u00a0: Architektonische Konzepte \u2013 Fonction et forme les meilleures dans les deux chapitres 1 et 2\u00a0:<\/p>\n<p>Chapitre 1\u00a0:\u00a0L&#039;architecture est l&#039;\u0153uvre de l&#039;art \u00e9gyptien qui a \u00e9t\u00e9 con\u00e7u jusqu&#039;\u00e0 pr\u00e9sent et a d\u00e9velopp\u00e9 une approche de l&#039;art et de l&#039;architecture \u00e9gyptiens, de l&#039;existence et de l&#039;int\u00e9gration d&#039;un projet de construction simple pour l&#039;utilisation du design et des projets de construction aussi bien. W\u00e4hrend der Bauphasen , ceux-ci sont li\u00e9s \u00e0 de gros projets sur de plus en plus d&#039;ann\u00e9es d&#039;\u00e9tudes.<\/p>\n<p>Chapitre 2\u00a0: Le temple \u00e9gyptien de l&#039;artisanat g\u00f6ttlichen avec la fonction principale du temple \u00e9gyptien sous le pont, la conception d&#039;une g\u00e9n\u00e9ration g\u00f6ttlichen, la conception conceptuelle de la gestion des temples, la conception m\u00e9taphysaire trichterf\u00f6rmige de la lecture, la construction g\u00e9n\u00e9rative du mod\u00e8le de fugen, le Protection physikalische\/metaphysische der Au\u00dfenw\u00e4nde et organischen Wurzeln des \u00e4gyptischen Tempelfundaments.<\/p>\n<p>Partie II\u00a0: La manifestation physique du concept m\u00e9thaphysaire est la meilleure dans ces chapitres \u2013 3 \u00e0 8\u00a0:<\/p>\n<p>Chapitre 3\u00a0: Les composants architecturaux des fonctions m\u00e9taphysiques seront pr\u00e9sent\u00e9s sous forme architecturale vers la manifestation de leurs fonctions expliqu\u00e9es [sowohl physisch als auch m\u00e9taphysisch] pour les \u00ab fausses portes \u00bb, versenkte Wandverkleidungen, S\u00e4ulen et Pfeiler, Kapitelle der S\u00e4ulen , S\u00e4uleng\u00e4nge, Peristylen, Kolonnadenformationen an vier verschiedenen Standorten, Obelisken, Statuen, verschiedene Dachformen (flach, Giebel, Erker, Bogen und Gew\u00f6lbe), stilistische architektonische Details (Architrav (Zarge), Gesims and Torus) et stilistische Verzierungen et Dekoration wie Sternendecken, Blumen, geometrische, bildliche, eine Combinaison von 2 oder allen trois Formen, Guilloche- (falsch benannt nach der toskanischen Grenze), Chevron- und Scroll-Muster.<\/p>\n<p>Chapitre 4\u00a0: Les premi\u00e8res formes g\u00e9om\u00e9triques\/conceptions avec les principes et l&#039;application de la g\u00e9om\u00e9trie heiligen de l&#039;architecture gothique, de l&#039;entreprise \u00e9gyptienne heilige, de la forme g\u00e9n\u00e9rale des formes g\u00e9om\u00e9triques bien \u00e9tudi\u00e9es, du territoire heiligen et de l&#039;architecture urbaine, de la quadrature des Kreises , les trois premiers mod\u00e8les et les pyramides 3D quadratisch-rechteckigen combin\u00e9es sont propos\u00e9es.<\/p>\n<p>Chapitre 5\u00a0: Les Quadratwurzel-Rechtecke g\u00e9n\u00e9ratifs \u2013 \u00ab\u00a0irrationnels Zahlen\u00a0\u00bb sont les Wurzel-Rechtecke g\u00e9n\u00e9ratifs et l&#039;hypot\u00e9nuse des droit-rechtecks besprechen, commen\u00e7ant avec un Quadrat et les Generieren der Quadratwurzel von 2,3 et 5\u00a0; Bildung der kosmischen Festk\u00f6rper; G\u00e9n\u00e9ration des Goldenen Schnitts des 5. Wurzel-Rechtecks; la construction de spirales quadratischen wirbelnden et la mise en \u0153uvre pratique de cette forme de conception dynamique et de la m\u00eame norme des denskm\u00e4ler alt\u00e4gyptischen.<\/p>\n<p>Chapitre 6\u00a0: La progression arithm\u00e9tique g\u00e9n\u00e9rative comprend le rouleau de la Zahlen et les g\u00e9n\u00e9rateurs de la p\u00e9riode g\u00e9ographique et de la progression, la s\u00e9rie de r\u00e9sum\u00e9s et le sch\u00e9ma d&#039;or, ainsi que la proportion cosmologique de la Gestalt masculine.<\/p>\n<p>Chapitre 7\u00a0:\u00a0Combinaison\u00a0: Arithm\u00e9tique et conception graphique harmonis\u00e9e de l&#039;\u00e9difice \u00e9gyptien avec la combinaison des \u00e9l\u00e9ments architecturaux et graphiques pour une conception harmonis\u00e9e de la pi\u00e8ce et de l&#039;histoire d&#039;un temple \u00e9gyptien sous le pont, a \u00e9t\u00e9 cr\u00e9\u00e9e\u00a0: l&#039;actif Achsen, signifiant Punkte, die Teles kopdreiecke et die rechteckigen P\u00e9rim\u00e8tre der horizontalen und vertikalen Ebenen.<\/p>\n<p>Chapitre 8 : Harmonieanalyse der alt\u00e4gyptischen Werke wid more Beispiele of Alten \u00c4gyptens at allen Epochen besprechen, die die \u00e4gyptischen Anwendungen der Design-Elemente Zeigen, die in this Buch besprochen werden. Des exemples de Tempel, Gr\u00e4ber, Pyramiden, Schreine, Kapitellen der S\u00e4ulen, Stelen, Pylone et T\u00fcren.<\/p>\n<p>Annexes hat f\u00fcnf Anh\u00e4nge \u2013 A bis E\u00a0:<\/p>\n<p>R\u00e9ponse A : Absichtliche \u00ab Unregelm\u00e4\u00dfigkeiten \u00bb in \u00e4gyptischen Werken umfasst die religi\u00f6sen Gr\u00fcnde f\u00fcr das, \u00e9tait \u00ab Unregelm\u00e4\u00dfigkeiten \u00bb in der hochwertigen Ausf\u00fchrung zu sein scheinen.<\/p>\n<p>Anhang B: Mittelzuweisungen f\u00fcr Denkm\u00e4ler neu \u00fcberdacht deckt die Kl\u00e4rung dessen, was eine Zuweisung of ainen Pharaos and ainen anderen zu sein scheint.<\/p>\n<p>Anhang C: Betonsteine \u2013 verschiedene Arten umfasst die fortschrittlichen \u00e4gyptischen Kenntnisse von Betonmischungen et Anwendungsbeispiele f\u00fcr cese Kenntnisse im gesamten Alten \u00c4gypten.<\/p>\n<p>Anhang D: Die \u00e4gyptischen Wurzeln der Freimaurer bespricht die \u00e4gyptischen Wurzeln der weit verbreiteten geheimen br\u00fcderliche Gesellschaft namens \u00ab Freie und angenommene Maurer \u00bb (allgemein als Freimaurerei bekannt).<\/p>\n<p>Anhang E: L&#039;Einfluss \u00e9gyptien auf die moderne Architektur umfasst plus Beispiele weltweit f\u00fcr einen solchen Einfluss.<\/p>","protected":false},"excerpt":{"rendered":"<p>von <a href=\"https:\/\/egyptianwisdomcenter.org\/de\/uber-mich\/\">Moustafa Gadalla<\/a><\/p>\n<hr \/>\n<p><strong>Fassung<\/strong><\/p>\n<p>Cet instrument allemand \u00fcbersetzt Ausgabe s&#039;int\u00e9resse \u00e0 la nouvelle sagesse \u00e9gyptienne des proportions harmonis\u00e9es, \u00e0 la g\u00e9om\u00e9trie heilige et \u00e0 la mystique mystique\u00a0; comme c&#039;est le cas dans vos textes, temples, paysages, votre art et vos hi\u00e9roglyphes. manifestiert hat \u2026 w\u00e4hrend ihrer gesamten bekannten Geschichte. C&#039;est l&#039;\u00e9poque o\u00f9 l&#039;\u00c9gypte a construit ses b\u00e2timents, une \u00e9nergie cosmologique \u00e0 exploiter\u00a0; et l&#039;intervention mystique de Zahlen dans les travaux \u00e9gyptiens. Das Buch erkl\u00e4rt im Detail die harmonischen Proportionen von etwa 20 alten \u00e4gyptischen Geb\u00e4uden im Laufe ihrer gesamten aufgezeichneten Geschichte.<\/p>\n<p><a href=\"https:\/\/egyptianwisdomcenter.org\/wp-content\/uploads\/2023\/01\/Die-altagyptische-metaphysische-Architektur-1476284631.pdf\">Jet d&#039;eau avant<\/a><\/p>\n<hr \/>\n<p><center><br \/>\n<a class=\"button minimal\" href=\"https:\/\/books2read.com\/u\/4Ad78K\" target=\"_blank\" rel=\"noopener\">Options de s\u00e9lection disponibles<\/a><\/center><center><\/center><center><a href=\"https:\/\/www.amazon.de\/alt%C3%A4gyptische-metaphysische-Architektur-Moustafa-Gadalla\/dp\/1521750297\" target=\"_blank\" rel=\"noopener\"><img decoding=\"async\" class=\"alignnone size-full wp-image-69139\" src=\"https:\/\/egyptianwisdomcenter.org\/wp-content\/uploads\/2023\/01\/Capture-12.png\" alt=\"\" width=\"151\" height=\"30\" srcset=\"https:\/\/egyptianwisdomcenter.org\/wp-content\/uploads\/2023\/01\/Capture-12.png 151w, https:\/\/egyptianwisdomcenter.org\/wp-content\/uploads\/2023\/01\/Capture-12-18x4.png 18w\" sizes=\"(max-width: 151px) 100vw, 151px\" \/><\/a><\/center><\/p>","protected":false},"featured_media":61928,"comment_status":"open","ping_status":"closed","template":"","meta":[],"product_brand":[],"product_cat":[104,105],"product_tag":[],"class_list":{"0":"post-61927","1":"product","2":"type-product","3":"status-publish","4":"has-post-thumbnail","6":"product_cat-deutsch","7":"product_cat-deutsche-ausgabe","9":"first","10":"instock","11":"shipping-taxable","12":"product-type-simple"},"aioseo_notices":[],"_links":{"self":[{"href":"https:\/\/egyptianwisdomcenter.org\/fr\/wp-json\/wp\/v2\/product\/61927","targetHints":{"allow":["GET"]}}],"collection":[{"href":"https:\/\/egyptianwisdomcenter.org\/fr\/wp-json\/wp\/v2\/product"}],"about":[{"href":"https:\/\/egyptianwisdomcenter.org\/fr\/wp-json\/wp\/v2\/types\/product"}],"replies":[{"embeddable":true,"href":"https:\/\/egyptianwisdomcenter.org\/fr\/wp-json\/wp\/v2\/comments?post=61927"}],"wp:featuredmedia":[{"embeddable":true,"href":"https:\/\/egyptianwisdomcenter.org\/fr\/wp-json\/wp\/v2\/media\/61928"}],"wp:attachment":[{"href":"https:\/\/egyptianwisdomcenter.org\/fr\/wp-json\/wp\/v2\/media?parent=61927"}],"wp:term":[{"taxonomy":"product_brand","embeddable":true,"href":"https:\/\/egyptianwisdomcenter.org\/fr\/wp-json\/wp\/v2\/product_brand?post=61927"},{"taxonomy":"product_cat","embeddable":true,"href":"https:\/\/egyptianwisdomcenter.org\/fr\/wp-json\/wp\/v2\/product_cat?post=61927"},{"taxonomy":"product_tag","embeddable":true,"href":"https:\/\/egyptianwisdomcenter.org\/fr\/wp-json\/wp\/v2\/product_tag?post=61927"}],"curies":[{"name":"wp","href":"https:\/\/api.w.org\/{rel}","templated":true}]}}