{"id":62660,"date":"2023-01-09T17:44:26","date_gmt":"2023-01-09T22:44:26","guid":{"rendered":"https:\/\/egyptianwisdomcenter.org\/?post_type=product&#038;p=62660"},"modified":"2024-06-01T16:11:24","modified_gmt":"2024-06-01T20:11:24","slug":"a-cultura-do-antigo-egito-revelada","status":"publish","type":"product","link":"https:\/\/egyptianwisdomcenter.org\/fr\/produit\/a-cultura-do-antigo-egito-revelada\/","title":{"rendered":"A Cultura do Antigo Egito Revelada"},"content":{"rendered":"<p><strong>Descri\u00e7\u00e3o completa<\/strong><\/p>\n<p>Esta nova edi\u00e7\u00e3o ampliada revela v\u00e1rios aspectos da cultura eg\u00edpcia antiga, tais como suas antiguidades, particularidades, cren\u00e7as e pr\u00e1ticas religiosas; seu sistema social\/pol\u00edtico; seus templos c\u00f3smicos; a riqueza de sua l\u00edngua; sua heran\u00e7a musical e ci\u00eancias abrangentes; sua medicina avan\u00e7ada; sua economia vibrante; excelentes produtos agr\u00edcolas e manufaturados; seu sistema de transporte; e muito mais.<\/p>\n<p>Este livro revela v\u00e1rios aspectos da cultura do Antigo Egito. Esta edi\u00e7\u00e3o Expandida do livro consiste em quatro Partes com um total de 16 Cap\u00edtulos, al\u00e9m de tr\u00eas Ap\u00eandices.<\/p>\n<p>Parte I: Os Povos do Egito: consiste em quatro cap\u00edtulos \u2013 1 a 4, da seguinte forma:<\/p>\n<p>Cap\u00edtulo 1: O In\u00edcio abrange a era dos antigos povos eg\u00edpcios de pelo menos 39 mil anos atr\u00e1s, de acordo com evid\u00eancias arqueol\u00f3gicas, hist\u00f3ricas e f\u00edsicas, a Era de Le\u00e3o e a Esfinge, bem como a idade do calend\u00e1rio s\u00f3tico eg\u00edpcio, que \u00e9 de longe o calend\u00e1rio mais preciso de todos.<\/p>\n<p>Cap\u00edtulo 2: A Popula\u00e7\u00e3o Eg\u00edpcia cobre as ra\u00edzes e as caracter\u00edsticas dos [antigos] eg\u00edpcios, assim como suas povoa\u00e7\u00f5es ao redor do mundo.<\/p>\n<p>Cap\u00edtulo 3: Os Mais Religiosos fornece uma vis\u00e3o geral muito breve da cosmologia eg\u00edpcia, monote\u00edsmo e polite\u00edsmo, simbolismo animal, cria\u00e7\u00e3o do universo, etc.<\/p>\n<p>Cap\u00edtulo 4: A Ordem Social\/Pol\u00edtica abrange as bases e aplica\u00e7\u00f5es dos princ\u00edpios matrilineares\/matriarcais, as comunidades matrilocais, o sistema eg\u00edpcio de rep\u00fablica de base, o sistema duplo de supervis\u00e3o\/administra\u00e7\u00e3o governamental, e a ordem de documenta\u00e7\u00e3o de todos os assuntos na sociedade eg\u00edpcia.<\/p>\n<p>Parte II: As Correla\u00e7\u00f5es C\u00f3smicas consiste em tr\u00eas cap\u00edtulos \u2013 5 a 7, conforme segue:<\/p>\n<p>Cap\u00edtulo 5: Assim na Terra, Como no C\u00e9u aborda os princ\u00edpios e as aplica\u00e7\u00f5es da consci\u00eancia c\u00f3smica na vida dos eg\u00edpcios, al\u00e9m dos festivais de renova\u00e7\u00e3o c\u00edclica como uma forma de tais princ\u00edpios.<\/p>\n<p>Cap\u00edtulo 6: Fara\u00f3, O Elo C\u00f3smico aborda o verdadeiro poder do fara\u00f3 eg\u00edpcio como o Servo Mestre, a forma como o povo governava, e muito mais.<\/p>\n<p>Cap\u00edtulo 7: Templos Eg\u00edpcios fornece uma r\u00e1pida vis\u00e3o geral do funcionamento\/objetivo real do templo eg\u00edpcio, os par\u00e2metros de design harm\u00f4nicos, e muito mais.<\/p>\n<p>Parte III: Os Eg\u00edpcios Instru\u00eddos consiste em cinco cap\u00edtulos \u2013 8 a 12, da seguinte forma:<\/p>\n<p>Cap\u00edtulo 8: A Linguagem Divina fornece uma r\u00e1pida vis\u00e3o geral dos modos de escrita no Antigo Egito \u2013 a forma alfab\u00e9tica de escrita e as imagens de s\u00edmbolos\/escritas pict\u00f3ricas metaf\u00edsicas, bem como os aspectos culturais da linguagem alfab\u00e9tica eg\u00edpcia.<\/p>\n<p>Cap\u00edtulo 9: O Patrim\u00f4nio Musical Eg\u00edpcio fornece uma r\u00e1pida vis\u00e3o geral do patrim\u00f4nio musical do Egito, as orquestras musicais, a ampla gama de instrumentos musicais, e ainda a dan\u00e7a e o bal\u00e9 no Egito Antigo.<\/p>\n<p>Cap\u00edtulo 10: Sa\u00fade e Medicina fornece uma r\u00e1pida vis\u00e3o geral das mais altas considera\u00e7\u00f5es internacionais sobre a medicina eg\u00edpcia, sua profiss\u00e3o m\u00e9dica, o conte\u00fado de alguns papiros m\u00e9dicos eg\u00edpcios em rela\u00e7\u00e3o aos diagn\u00f3sticos, curas e tratamentos de v\u00e1rias doen\u00e7as, cirurgias e uma ampla gama de prescri\u00e7\u00f5es.<\/p>\n<p>Cap\u00edtulo 11: Astronomia cobre os surpreendentes e precisos conhecimentos e pr\u00e1ticas astron\u00f4micas, assim como observa\u00e7\u00f5es e registros astron\u00f4micos, o ciclo do zod\u00edaco, etc.<\/p>\n<p>Cap\u00edtulo 12: Geometria e Matem\u00e1tica abrange uma r\u00e1pida aprecia\u00e7\u00e3o dos assuntos de geometria sagrada e ci\u00eancia natural, geod\u00e9sia, matem\u00e1tica e numerologia, bem como o conhecimento e as aplica\u00e7\u00f5es das \u201cpropor\u00e7\u00f5es\u201d sagradas de Pi e Phi pelos eg\u00edpcios.<\/p>\n<p>Parte IV: A Economia Vibrante consiste em quatro cap\u00edtulos \u2013 13 a 16, da seguinte forma:<\/p>\n<p>Cap\u00edtulo 13: A Cultura Cultivadora abrange a aplica\u00e7\u00e3o excepcional das t\u00e9cnicas de cultivo em clima seco, a divis\u00e3o societ\u00e1ria do trabalho e a comunidade agr\u00edcola.<\/p>\n<p>Cap\u00edtulo 14: As Ind\u00fastrias de Produ\u00e7\u00e3o abrange o conhecimento eg\u00edpcio de metalurgia e trabalho em metal, seus produtos de prata dourada (eletro), seus produtos de cobre e bronze, seus produtos de vidro (vidrarias e envidra\u00e7amentos), seus produtos de ferro e suas atividades de minera\u00e7\u00e3o, assim como algumas aplica\u00e7\u00f5es tecnol\u00f3gicas variadas.<\/p>\n<p>Cap\u00edtulo 15: Infraestrutura de transporte abrange uma vis\u00e3o geral dos v\u00e1rios tipos de embarca\u00e7\u00f5es eg\u00edpcias de alta qualidade, os principais portos costeiros eg\u00edpcios, o transporte terrestre, e os patronos e santu\u00e1rios de viagem.<\/p>\n<p>Cap\u00edtulo 16: A Economia de Mercado cobre o funcionamento da economia de mercado eg\u00edpcia, as transa\u00e7\u00f5es comerciais, as exporta\u00e7\u00f5es (bens e servi\u00e7os) e as importa\u00e7\u00f5es eg\u00edpcias, al\u00e9m da ascens\u00e3o e queda do com\u00e9rcio internacional, o qual estava ligado ao Antigo Egito como o motor econ\u00f4mico do mundo antigo.<\/p>\n<p>O conte\u00fado dos tr\u00eas ap\u00eandices \u00e9 evidente a partir de seus t\u00edtulos, os quais s\u00e3o:<\/p>\n<p>Ap\u00eandice A: Fotografias \u2013 O Vale do Amanhecer<br \/>\nAp\u00eandice B: Fotografias \u2013 A Era de Le\u00e3o e A Esfinge<br \/>\nAp\u00eandice C: Fotografias \u2013 Astronomia.<\/p>","protected":false},"excerpt":{"rendered":"<p>por <a href=\"https:\/\/egyptianwisdomcenter.org\/fr\/pt-br\/sobre\/\">Moustafa Gadalla<\/a><\/p>\n<hr \/>\n<p><strong>Resumo<\/strong><\/p>\n<p>Esta nova edi\u00e7\u00e3o ampliada revela v\u00e1rios aspectos da cultura eg\u00edpcia antiga, tais como suas antiguidades, particularidades, cren\u00e7as e pr\u00e1ticas religiosas; seu sistema social\/pol\u00edtico; seus templos c\u00f3smicos; a riqueza de sua l\u00edngua; sua heran\u00e7a musical e ci\u00eancias abrangentes; sua medicina avan\u00e7ada; sua economia vibrante; excelentes produtos agr\u00edcolas e manufaturados; seu sistema de transporte; e muito mais.<\/p>\n<hr \/>\n<p><center><br \/>\n<a class=\"button minimal\" href=\"https:\/\/books2read.com\/u\/38JRXB\" target=\"_blank\" rel=\"noopener\">Ver op\u00e7\u00f5es de compra<\/a><\/center><center><\/center><center><a href=\"https:\/\/www.amazon.fr\/Cultura-Antigo-Egito-Revelada\/dp\/1980268452#customerReviews\" target=\"_blank\" rel=\"noopener\"><img decoding=\"async\" class=\"alignnone size-full wp-image-69098\" src=\"https:\/\/egyptianwisdomcenter.org\/wp-content\/uploads\/2023\/01\/Capture-6.png\" alt=\"\" width=\"148\" height=\"29\" srcset=\"https:\/\/egyptianwisdomcenter.org\/wp-content\/uploads\/2023\/01\/Capture-6.png 148w, https:\/\/egyptianwisdomcenter.org\/wp-content\/uploads\/2023\/01\/Capture-6-18x4.png 18w\" sizes=\"(max-width: 148px) 100vw, 148px\" \/><\/a><\/center><\/p>","protected":false},"featured_media":62661,"comment_status":"open","ping_status":"closed","template":"","meta":[],"product_brand":[],"product_cat":[110,109],"product_tag":[],"class_list":{"0":"post-62660","1":"product","2":"type-product","3":"status-publish","4":"has-post-thumbnail","6":"product_cat-edicao-portuguesa","7":"product_cat-portugues","9":"first","10":"instock","11":"shipping-taxable","12":"product-type-simple"},"aioseo_notices":[],"_links":{"self":[{"href":"https:\/\/egyptianwisdomcenter.org\/fr\/wp-json\/wp\/v2\/product\/62660","targetHints":{"allow":["GET"]}}],"collection":[{"href":"https:\/\/egyptianwisdomcenter.org\/fr\/wp-json\/wp\/v2\/product"}],"about":[{"href":"https:\/\/egyptianwisdomcenter.org\/fr\/wp-json\/wp\/v2\/types\/product"}],"replies":[{"embeddable":true,"href":"https:\/\/egyptianwisdomcenter.org\/fr\/wp-json\/wp\/v2\/comments?post=62660"}],"wp:featuredmedia":[{"embeddable":true,"href":"https:\/\/egyptianwisdomcenter.org\/fr\/wp-json\/wp\/v2\/media\/62661"}],"wp:attachment":[{"href":"https:\/\/egyptianwisdomcenter.org\/fr\/wp-json\/wp\/v2\/media?parent=62660"}],"wp:term":[{"taxonomy":"product_brand","embeddable":true,"href":"https:\/\/egyptianwisdomcenter.org\/fr\/wp-json\/wp\/v2\/product_brand?post=62660"},{"taxonomy":"product_cat","embeddable":true,"href":"https:\/\/egyptianwisdomcenter.org\/fr\/wp-json\/wp\/v2\/product_cat?post=62660"},{"taxonomy":"product_tag","embeddable":true,"href":"https:\/\/egyptianwisdomcenter.org\/fr\/wp-json\/wp\/v2\/product_tag?post=62660"}],"curies":[{"name":"wp","href":"https:\/\/api.w.org\/{rel}","templated":true}]}}