{"id":66753,"date":"2023-01-11T12:33:55","date_gmt":"2023-01-11T17:33:55","guid":{"rendered":"https:\/\/egyptianwisdomcenter.org\/?post_type=product&#038;p=66753"},"modified":"2024-06-01T15:52:47","modified_gmt":"2024-06-01T19:52:47","slug":"egyptische-muziekinstrumenten","status":"publish","type":"product","link":"https:\/\/egyptianwisdomcenter.org\/fr\/produit\/instruments-de-musique-egyptiens-2-2\/","title":{"rendered":"Instruments de musique \u00e9gyptiens"},"content":{"rendered":"<p><strong>Description compl\u00e8te<\/strong><\/p>\n<p>Ce livre est le meilleur avec les accessoires suivants\u00a0:<\/p>\n<p>Article 1\u00a0: Le Royaume des instruments comprend des instruments \u00e9gyptiens et des composants essentiels de l&#039;orchestre musical.<\/p>\n<p>Hoofdstuk 2\u00a0:\u00a0Snaarinstrumenten gaat over divers Oude Egyptische snaarinstrumenten, zoals lieren, tri-gonon (citers), Harpen et dixevens de speeltechnieken\u00a0: Harpen \u2013 Speeltechnieken\u00a0; De Alomvattende Capaciteiten van Oude Snaarinstrumenten met een nek \u2013 zoals de courtnekkige luit; De la langue \u00e9gyptienne de la guitare \u00e9gyptienne; En gebogen instrumenten [Kamanga, Rababa].<\/p>\n<p>Hoofdstuk 3\u00a0: Blaasinstrumenten gaat over de eind-geblazen fluit\u00a0; Dwarsfluit; panfluit; Enkelriet pijp (clarinette); Double pijp; Clarinette double; Double clochard\u00a0; argoul; Anderen (doedelzak en orgel); En hoorns\/trompettes.<\/p>\n<p>Hoofdstuk 4: Percussie Instrumenten beslaat de membranofooninstrumenten zoals drums and tamboerijnen; Et de niet-membranofooninstrumenten (idiofoon) zoals percussiestokken, klappers, sistrums\/sistra, cymbalen, castagnetten, klokken (belletjes), xylofoon et klokkenspel et menselijke delen (handen, vingers, dijen, voeten, etc.).<\/p>\n<p>Hoofdstuk 5: De Muzikale Optredens zullen de betekenis en r\u00f4le van de fringers et hun knokkels bespreken bij het producteurs en dirigeanten van de muzikale optredens; \u00c9ventuellement des m\u00e9thodes vari\u00e9es pour le timing\/tempo rythmique \u2013 y compris la gestion des lettres.<\/p>","protected":false},"excerpt":{"rendered":"<p>porte <a href=\"https:\/\/egyptianwisdomcenter.org\/nl\/over\/\">Moustafa Gadalla<\/a><\/p>\n<hr \/>\n<p><strong>Aper\u00e7u<\/strong><\/p>\n<p>Ce livre \u00e9lectronique vert aux Pays-Bas pr\u00e9sente des instruments de musique anciens et \u00e9gyptiens, avec des technologies de jeu int\u00e9ressantes.<\/p>\n<p>&nbsp;<\/p>\n<hr \/>\n<p><center><br \/>\n<a class=\"button minimal\" href=\"https:\/\/books2read.com\/u\/mZganD\" target=\"_blank\" rel=\"noopener\">Avis de Koopopties<\/a><\/center><\/p>","protected":false},"featured_media":66754,"comment_status":"open","ping_status":"closed","template":"","meta":[],"product_brand":[],"product_cat":[118,119],"product_tag":[],"class_list":{"0":"post-66753","1":"product","2":"type-product","3":"status-publish","4":"has-post-thumbnail","6":"product_cat-nederlands","7":"product_cat-nederlandse-editie","9":"first","10":"instock","11":"shipping-taxable","12":"product-type-simple"},"aioseo_notices":[],"_links":{"self":[{"href":"https:\/\/egyptianwisdomcenter.org\/fr\/wp-json\/wp\/v2\/product\/66753","targetHints":{"allow":["GET"]}}],"collection":[{"href":"https:\/\/egyptianwisdomcenter.org\/fr\/wp-json\/wp\/v2\/product"}],"about":[{"href":"https:\/\/egyptianwisdomcenter.org\/fr\/wp-json\/wp\/v2\/types\/product"}],"replies":[{"embeddable":true,"href":"https:\/\/egyptianwisdomcenter.org\/fr\/wp-json\/wp\/v2\/comments?post=66753"}],"wp:featuredmedia":[{"embeddable":true,"href":"https:\/\/egyptianwisdomcenter.org\/fr\/wp-json\/wp\/v2\/media\/66754"}],"wp:attachment":[{"href":"https:\/\/egyptianwisdomcenter.org\/fr\/wp-json\/wp\/v2\/media?parent=66753"}],"wp:term":[{"taxonomy":"product_brand","embeddable":true,"href":"https:\/\/egyptianwisdomcenter.org\/fr\/wp-json\/wp\/v2\/product_brand?post=66753"},{"taxonomy":"product_cat","embeddable":true,"href":"https:\/\/egyptianwisdomcenter.org\/fr\/wp-json\/wp\/v2\/product_cat?post=66753"},{"taxonomy":"product_tag","embeddable":true,"href":"https:\/\/egyptianwisdomcenter.org\/fr\/wp-json\/wp\/v2\/product_tag?post=66753"}],"curies":[{"name":"wp","href":"https:\/\/api.w.org\/{rel}","templated":true}]}}