{"id":67335,"date":"2023-01-20T09:12:11","date_gmt":"2023-01-20T14:12:11","guid":{"rendered":"https:\/\/egyptianwisdomcenter.org\/?post_type=product&#038;p=67335"},"modified":"2024-06-01T16:31:59","modified_gmt":"2024-06-01T20:31:59","slug":"%d0%b5%d0%b3%d0%b8%d0%bf%d0%b5%d1%82%d1%81%d0%ba%d0%b8%d0%b5-%d0%bc%d0%b8%d1%81%d1%82%d0%b8%d0%ba%d0%b8-%d0%b2-%d0%bf%d0%be%d0%b8%d1%81%d0%ba%d0%b0%d1%85-%d0%bf%d1%83%d1%82%d0%b8","status":"publish","type":"product","link":"https:\/\/egyptianwisdomcenter.org\/fr\/produit\/%d0%b5%d0%b3%d0%b8%d0%bf%d0%b5%d1%82%d1%81%d0%ba%d0%b8%d0%b5-%d0%bc%d0%b8%d1%81%d1%82%d0%b8%d0%ba%d0%b8-%d0%b2-%d0%bf%d0%be%d0%b8%d1%81%d0%ba%d0%b0%d1%85-%d0%bf%d1%83%d1%82%d0%b8\/","title":{"rendered":"\u0415\u0433\u0438\u043f\u0435\u0442\u0441\u043a\u0438\u0435 \u043c\u0438\u0441\u0442\u0438\u043a\u0438 \u0432 \u043f\u043e\u0438\u0441\u043a\u0430\u0445 \u043f\u0443\u0442\u0438"},"content":{"rendered":"<p>L&#039;alchimie et le soufisme \u00e9gyptiens, avec une activit\u00e9 et une pratique coh\u00e9rentes.<br \/>\nC&#039;est une id\u00e9e russe qui s&#039;est d\u00e9velopp\u00e9e sur ce sujet, ce que l&#039;alchimie et le suicide universel ont apport\u00e9 \u00e0 l&#039;\u00c9gypte ancienne, et \u00e0 ce sujet, comme les mystiques. L&#039;\u00c9gypte a consacr\u00e9 ses pratiques \u00e0 l&#039;Islam. Le livre enseigne aux gens qui travaillent, \u00e0 la fa\u00e7on dont ils travaillent et s&#039;occupent de leur travail. \u0437\u0438 \u043c\u0435\u0436\u0434\u0443 \u0434\u0440\u0435\u0432\u043d\u0435\u0435\u0433\u0438\u043f\u0435\u0442\u0441\u043a\u0438\u043c \u043a\u0430\u043b\u0435\u043d\u0434\u0430\u0440\u0451\u043c \u0441\u043e\u0431\u044b\u0442\u0438\u0439 \u0438 \u043a\u043e\u0441\u043c\u0438\u0447\u0435\u0441\u043a\u0438\u043c\u0438 \u0446\u0438\u043a\u043b\u0430\u043c\u0438 \u0432\u0441\u0435\u043b\u0435\u043d\u043d\u043e\u0439.<\/p>\n<p>\u041a\u043d\u0438\u0433\u0430 \u0441\u043e\u0441\u0442\u043e\u0438\u0442 \u0438\u0437 \u0447\u0435\u0442\u044b\u0440\u0451\u0445 \u0447\u0430\u0441\u0442\u0435\u0439, \u0432\u043a\u043b\u044e\u0447\u0430\u044e\u0449\u0438\u0445 \u0432 \u0441\u0435\u0431\u044f 9 \u0433\u043b\u0430\u0432 \u0438 \u043e\u0434\u043d\u043e \u043f\u0440\u0438\u043b\u043e\u0436\u0435\u043d\u0438\u0435\u2026<\/p>","protected":false},"excerpt":{"rendered":"<p>\u043f\u043e <a href=\"https:\/\/egyptianwisdomcenter.org\/ru\/%d0%be%d0%b1%d0%be-%d0%bc%d0%bd%d0%b5\/\">Mustafa Gadalla<\/a><\/p>\n<hr \/>\n<p><strong>Reprendre<\/strong><\/p>\n<p>C&#039;est une id\u00e9e russe qui s&#039;est d\u00e9velopp\u00e9e sur ce sujet, ce que l&#039;alchimie et le suicide universel ont apport\u00e9 \u00e0 l&#039;\u00c9gypte ancienne, et \u00e0 ce sujet, comme les mystiques. L&#039;\u00c9gypte a consacr\u00e9 ses pratiques \u00e0 l&#039;Islam. Le livre enseigne aux gens qui travaillent, \u00e0 la fa\u00e7on dont ils travaillent et s&#039;occupent de leur travail. \u0437\u0438 \u043c\u0435\u0436\u0434\u0443 \u0434\u0440\u0435\u0432\u043d\u0435\u0435\u0433\u0438\u043f\u0435\u0442\u0441\u043a\u0438\u043c \u043a\u0430\u043b\u0435\u043d\u0434\u0430\u0440\u0451\u043c \u0441\u043e\u0431\u044b\u0442\u0438\u0439 \u0438 \u043a\u043e\u0441\u043c\u0438\u0447\u0435\u0441\u043a\u0438\u043c\u0438 \u0446\u0438\u043a\u043b\u0430\u043c\u0438 \u0432\u0441\u0435\u043b\u0435\u043d\u043d\u043e\u0439.<\/p>\n<hr \/>\n<p><center><br \/>\n<a class=\"button minimal\" href=\"https:\/\/books2read.com\/u\/47Jlj8\" target=\"_blank\" rel=\"noopener\">Proposer des variantes de pochettes<\/a><\/center><\/p>","protected":false},"featured_media":67336,"comment_status":"open","ping_status":"closed","template":"","meta":[],"product_brand":[],"product_cat":[128,129],"product_tag":[],"class_list":{"0":"post-67335","1":"product","2":"type-product","3":"status-publish","4":"has-post-thumbnail","6":"product_cat-128","7":"product_cat-129","9":"first","10":"instock","11":"shipping-taxable","12":"product-type-simple"},"aioseo_notices":[],"_links":{"self":[{"href":"https:\/\/egyptianwisdomcenter.org\/fr\/wp-json\/wp\/v2\/product\/67335","targetHints":{"allow":["GET"]}}],"collection":[{"href":"https:\/\/egyptianwisdomcenter.org\/fr\/wp-json\/wp\/v2\/product"}],"about":[{"href":"https:\/\/egyptianwisdomcenter.org\/fr\/wp-json\/wp\/v2\/types\/product"}],"replies":[{"embeddable":true,"href":"https:\/\/egyptianwisdomcenter.org\/fr\/wp-json\/wp\/v2\/comments?post=67335"}],"wp:featuredmedia":[{"embeddable":true,"href":"https:\/\/egyptianwisdomcenter.org\/fr\/wp-json\/wp\/v2\/media\/67336"}],"wp:attachment":[{"href":"https:\/\/egyptianwisdomcenter.org\/fr\/wp-json\/wp\/v2\/media?parent=67335"}],"wp:term":[{"taxonomy":"product_brand","embeddable":true,"href":"https:\/\/egyptianwisdomcenter.org\/fr\/wp-json\/wp\/v2\/product_brand?post=67335"},{"taxonomy":"product_cat","embeddable":true,"href":"https:\/\/egyptianwisdomcenter.org\/fr\/wp-json\/wp\/v2\/product_cat?post=67335"},{"taxonomy":"product_tag","embeddable":true,"href":"https:\/\/egyptianwisdomcenter.org\/fr\/wp-json\/wp\/v2\/product_tag?post=67335"}],"curies":[{"name":"wp","href":"https:\/\/api.w.org\/{rel}","templated":true}]}}