{"id":67349,"date":"2023-01-20T09:15:11","date_gmt":"2023-01-20T14:15:11","guid":{"rendered":"https:\/\/egyptianwisdomcenter.org\/?post_type=product&#038;p=67349"},"modified":"2024-06-01T16:43:40","modified_gmt":"2024-06-01T20:43:40","slug":"%d0%b5%d0%b3%d0%b8%d0%bf%d0%b5%d1%82%d1%81%d0%ba%d0%b8%d0%b5-%d0%bc%d1%83%d0%b7%d1%8b%d0%ba%d0%b0%d0%bb%d1%8c%d0%bd%d1%8b%d0%b5-%d0%b8%d0%bd%d1%81%d1%82%d1%80%d1%83%d0%bc%d0%b5%d0%bd%d1%82%d1%8b","status":"publish","type":"product","link":"https:\/\/egyptianwisdomcenter.org\/fr\/produit\/%d0%b5%d0%b3%d0%b8%d0%bf%d0%b5%d1%82%d1%81%d0%ba%d0%b8%d0%b5-%d0%bc%d1%83%d0%b7%d1%8b%d0%ba%d0%b0%d0%bb%d1%8c%d0%bd%d1%8b%d0%b5-%d0%b8%d0%bd%d1%81%d1%82%d1%80%d1%83%d0%bc%d0%b5%d0%bd%d1%82%d1%8b\/","title":{"rendered":"Instruments de musique \u00e9gyptiens"},"content":{"rendered":"<p>Ce lecteur \u00e9lectronique, qui s&#039;est produit auparavant dans le monde russe, s&#039;est tourn\u00e9 vers les instruments de musique am\u00e9ricains, sur leur diapason. \u0445 \u0438 \u0442\u0435\u0445\u043d\u0438\u043a\u0430\u0445 \u0438\u0441\u043f\u043e\u043b\u043d\u0435\u043d\u0438\u044f \u043c\u0443\u0437\u044b\u043a\u0438.<br \/>\nCe livre est compos\u00e9 de deux mots\u00a0:<\/p>\n<p>Partie 1\u00a0: \u00ab\u00a0Les instruments de travail\u00a0\u00bb vous permettent de d\u00e9couvrir les caract\u00e9ristiques des instruments \u00e9gyptiens, ainsi que les nouvelles musiques de musique. \u0445 \u043e\u0440\u043a\u0435\u0441\u0442\u0440\u043e\u0432.<\/p>\n<p>Partie 2\u00a0:\u00a0\u00ab\u00a0Les instruments de musique\u00a0\u00bb \u043f\u043e\u0432\u0435\u0441\u0442\u0432\u0443\u0435\u0442 \u043e \u0442\u0430\u043a\u0438\u0445 \u0434\u0440\u0435\u0432\u043d\u0435\u0433\u0438\u043f\u0435\u0442\u0441\u043a\u0438\u0445 \u0441\u0442\u0440\u0443\u043d\u043d\u044b\u0445 \u0438\u043d\u0441\u0442\u0440\u0443\u043c\u0435\u043d\u0442\u044b, \u043a\u0430\u043a \u0442\u0440\u0438\u0433\u043e\u043d\u043e\u043d (\u0446\u0438\u0442\u0440\u0430), lyra<\/p>","protected":false},"excerpt":{"rendered":"<p>\u043f\u043e <a href=\"https:\/\/egyptianwisdomcenter.org\/ru\/%d0%be%d0%b1%d0%be-%d0%bc%d0%bd%d0%b5\/\">Mustafa Gadalla<\/a><\/p>\n<hr \/>\n<p><strong>Reprendre<\/strong><\/p>\n<p>Ce lecteur \u00e9lectronique, qui s&#039;est produit auparavant dans le monde russe, s&#039;est tourn\u00e9 vers les instruments de musique am\u00e9ricains, sur leur diapason. \u0445 \u0438 \u0442\u0435\u0445\u043d\u0438\u043a\u0430\u0445 \u0438\u0441\u043f\u043e\u043b\u043d\u0435\u043d\u0438\u044f \u043c\u0443\u0437\u044b\u043a\u0438.<\/p>\n<hr \/>\n<p><center><br \/>\n<a class=\"button minimal\" href=\"https:\/\/books2read.com\/u\/brMqRe\" target=\"_blank\" rel=\"noopener\">Proposer des variantes de pochettes<\/a><\/center><\/p>","protected":false},"featured_media":67350,"comment_status":"open","ping_status":"closed","template":"","meta":[],"product_brand":[],"product_cat":[128,129],"product_tag":[],"class_list":{"0":"post-67349","1":"product","2":"type-product","3":"status-publish","4":"has-post-thumbnail","6":"product_cat-128","7":"product_cat-129","9":"first","10":"instock","11":"shipping-taxable","12":"product-type-simple"},"aioseo_notices":[],"_links":{"self":[{"href":"https:\/\/egyptianwisdomcenter.org\/fr\/wp-json\/wp\/v2\/product\/67349","targetHints":{"allow":["GET"]}}],"collection":[{"href":"https:\/\/egyptianwisdomcenter.org\/fr\/wp-json\/wp\/v2\/product"}],"about":[{"href":"https:\/\/egyptianwisdomcenter.org\/fr\/wp-json\/wp\/v2\/types\/product"}],"replies":[{"embeddable":true,"href":"https:\/\/egyptianwisdomcenter.org\/fr\/wp-json\/wp\/v2\/comments?post=67349"}],"wp:featuredmedia":[{"embeddable":true,"href":"https:\/\/egyptianwisdomcenter.org\/fr\/wp-json\/wp\/v2\/media\/67350"}],"wp:attachment":[{"href":"https:\/\/egyptianwisdomcenter.org\/fr\/wp-json\/wp\/v2\/media?parent=67349"}],"wp:term":[{"taxonomy":"product_brand","embeddable":true,"href":"https:\/\/egyptianwisdomcenter.org\/fr\/wp-json\/wp\/v2\/product_brand?post=67349"},{"taxonomy":"product_cat","embeddable":true,"href":"https:\/\/egyptianwisdomcenter.org\/fr\/wp-json\/wp\/v2\/product_cat?post=67349"},{"taxonomy":"product_tag","embeddable":true,"href":"https:\/\/egyptianwisdomcenter.org\/fr\/wp-json\/wp\/v2\/product_tag?post=67349"}],"curies":[{"name":"wp","href":"https:\/\/api.w.org\/{rel}","templated":true}]}}