{"id":67377,"date":"2023-01-20T09:29:20","date_gmt":"2023-01-20T14:29:20","guid":{"rendered":"https:\/\/egyptianwisdomcenter.org\/?post_type=product&#038;p=67377"},"modified":"2024-06-01T16:47:43","modified_gmt":"2024-06-01T20:47:43","slug":"%d0%bd%d0%be%d0%b2%d0%be%d0%b5-%d0%be-%d0%b5%d0%b3%d0%b8%d0%bf%d0%b5%d1%82%d1%81%d0%ba%d0%b8%d1%85-%d0%bf%d0%b8%d1%80%d0%b0%d0%bc%d0%b8%d0%b4%d0%b0%d1%85","status":"publish","type":"product","link":"https:\/\/egyptianwisdomcenter.org\/fr\/produit\/%d0%bd%d0%be%d0%b2%d0%be%d0%b5-%d0%be-%d0%b5%d0%b3%d0%b8%d0%bf%d0%b5%d1%82%d1%81%d0%ba%d0%b8%d1%85-%d0%bf%d0%b8%d1%80%d0%b0%d0%bc%d0%b8%d0%b4%d0%b0%d1%85\/","title":{"rendered":"Les nouveaux pyramides \u00e9gyptiens"},"content":{"rendered":"<p>D\u00e9tail des composants et des extracteurs de virus, de construction et de leur installation.<br \/>\nDans le livre actuel, le premier ministre de l&#039;\u00c9gypte russe a fourni des informations sur les pyramides de l&#039;\u00c9gypte, qui ont \u00e9t\u00e9 recueillies aupr\u00e8s de Platon Gizeh, Le Pyramide Dosera, \u00e0 l&#039;instar des Pyramides de Nofrou, est post\u00e9rieur au Pyramide de Gizeh. \u041a\u043d\u0438\u0433\u0430 \u0440\u0430\u0441\u0441\u043a\u0430\u0437\u044b\u0432\u0430\u0435\u0442 \u043e \u043c\u0435\u0441\u0442\u043e\u043f\u043e\u043b\u043e\u0436\u0435\u043d\u0438\u0438 \u0438 \u043d\u0443\u0442\u0440\u0435\u043d\u043d\u0435\u043c \u0438 \u0432\u043d\u0435\u0448\u043d\u0435\u043c \u0443\u0431\u0440\u0430\u043d\u0441\u0442\u0432\u0435 \u043f\u0438\u0440\u0430\u043c\u0438\u0434, \u0438 \u0445 \u0438\u0441\u0442\u043e\u0440\u0438\u0438 \u0438 \u0441\u0442\u0440\u043e\u0438\u0442\u0435\u043b\u044f\u0445, \u043e \u0442\u0435\u043e\u0440\u0438\u044f\u0445 \u043f\u043e\u0441\u0442\u0440\u043e\u0435\u043d\u0438\u044f, \u0446\u0435\u043b\u0435\u0439 \u0438 \u0444\u0443\u043d\u043a c&#039;est un pyramide; Il s&#039;agit \u00e9galement de g\u00e9om\u00e9tries nationales, utilisant des projections et de nombreux m\u00e9dicaments. Je n&#039;ai pas trouv\u00e9 d&#039;informations sur les \u00ab pyramides \u00bb et les robots des grands phares, qui ont maintenant des phares<\/p>","protected":false},"excerpt":{"rendered":"<p>\u043f\u043e <a href=\"https:\/\/egyptianwisdomcenter.org\/ru\/%d0%be%d0%b1%d0%be-%d0%bc%d0%bd%d0%b5\/\">Mustafa Gadalla<\/a><\/p>\n<hr \/>\n<p><strong>Reprendre<\/strong><\/p>\n<p>Dans le livre actuel, le premier ministre de l&#039;\u00c9gypte russe a fourni des informations sur les pyramides de l&#039;\u00c9gypte, qui ont \u00e9t\u00e9 recueillies aupr\u00e8s de Platon Gizeh, Le Pyramide Dosera, \u00e0 l&#039;instar des Pyramides de Nofrou, est post\u00e9rieur au Pyramide de Gizeh. \u041a\u043d\u0438\u0433\u0430 \u0440\u0430\u0441\u0441\u043a\u0430\u0437\u044b\u0432\u0430\u0435\u0442 \u043e \u043c\u0435\u0441\u0442\u043e\u043f\u043e\u043b\u043e\u0436\u0435\u043d\u0438\u0438 \u0438 \u043d\u0443\u0442\u0440\u0435\u043d\u043d\u0435\u043c \u0438 \u0432\u043d\u0435\u0448\u043d\u0435\u043c \u0443\u0431\u0440\u0430\u043d\u0441\u0442\u0432\u0435 \u043f\u0438\u0440\u0430\u043c\u0438\u0434, \u0438 \u0445 \u0438\u0441\u0442\u043e\u0440\u0438\u0438 \u0438 \u0441\u0442\u0440\u043e\u0438\u0442\u0435\u043b\u044f\u0445, \u043e \u0442\u0435\u043e\u0440\u0438\u044f\u0445 \u043f\u043e\u0441\u0442\u0440\u043e\u0435\u043d\u0438\u044f, \u0446\u0435\u043b\u0435\u0439 \u0438 \u0444\u0443\u043d\u043a c&#039;est un pyramide; Il s&#039;agit \u00e9galement de g\u00e9om\u00e9tries nationales, utilisant des projections et de nombreux m\u00e9dicaments. Je n&#039;ai pas trouv\u00e9 d&#039;informations sur les \u00ab pyramides \u00bb et les robots de grande taille, qui poss\u00e8dent des pyramides comme des pyramides.<\/p>\n<hr \/>\n<p><center><br \/>\n<a class=\"button minimal\" href=\"https:\/\/books2read.com\/u\/mqM0J6\" target=\"_blank\" rel=\"noopener\">Proposer des variantes de pochettes<\/a><\/center><\/p>","protected":false},"featured_media":67378,"comment_status":"open","ping_status":"closed","template":"","meta":[],"product_brand":[],"product_cat":[128,129],"product_tag":[],"class_list":{"0":"post-67377","1":"product","2":"type-product","3":"status-publish","4":"has-post-thumbnail","6":"product_cat-128","7":"product_cat-129","9":"first","10":"instock","11":"shipping-taxable","12":"product-type-simple"},"aioseo_notices":[],"_links":{"self":[{"href":"https:\/\/egyptianwisdomcenter.org\/fr\/wp-json\/wp\/v2\/product\/67377","targetHints":{"allow":["GET"]}}],"collection":[{"href":"https:\/\/egyptianwisdomcenter.org\/fr\/wp-json\/wp\/v2\/product"}],"about":[{"href":"https:\/\/egyptianwisdomcenter.org\/fr\/wp-json\/wp\/v2\/types\/product"}],"replies":[{"embeddable":true,"href":"https:\/\/egyptianwisdomcenter.org\/fr\/wp-json\/wp\/v2\/comments?post=67377"}],"wp:featuredmedia":[{"embeddable":true,"href":"https:\/\/egyptianwisdomcenter.org\/fr\/wp-json\/wp\/v2\/media\/67378"}],"wp:attachment":[{"href":"https:\/\/egyptianwisdomcenter.org\/fr\/wp-json\/wp\/v2\/media?parent=67377"}],"wp:term":[{"taxonomy":"product_brand","embeddable":true,"href":"https:\/\/egyptianwisdomcenter.org\/fr\/wp-json\/wp\/v2\/product_brand?post=67377"},{"taxonomy":"product_cat","embeddable":true,"href":"https:\/\/egyptianwisdomcenter.org\/fr\/wp-json\/wp\/v2\/product_cat?post=67377"},{"taxonomy":"product_tag","embeddable":true,"href":"https:\/\/egyptianwisdomcenter.org\/fr\/wp-json\/wp\/v2\/product_tag?post=67377"}],"curies":[{"name":"wp","href":"https:\/\/api.w.org\/{rel}","templated":true}]}}