{"id":24192,"date":"2019-03-07T14:32:44","date_gmt":"2019-03-07T19:32:44","guid":{"rendered":"https:\/\/egyptianwisdomcenter.org\/as-capacidades-abrangentes-de-harpas-egipcias-antigas\/"},"modified":"2023-01-10T15:34:15","modified_gmt":"2023-01-10T20:34:15","slug":"as-capacidades-abrangentes-de-harpas-egipcias-antigas","status":"publish","type":"page","link":"https:\/\/egyptianwisdomcenter.org\/hi\/as-capacidades-abrangentes-de-harpas-egipcias-antigas\/","title":{"rendered":"As Capacidades Abrangentes De Harpas Eg\u00edpcias Antigas"},"content":{"rendered":"<h2 style=\"text-align: center;\"><span style=\"color: #ff0000;\">As Capacidades Abrangentes De Harpas Eg\u00edpcias Antigas<\/span><\/h2>\n<p>&nbsp;<\/p>\n<p>As harpas eg\u00edpcias antigas variaram muito em forma, tamanho e o n\u00famero de suas cordas. Eles s\u00e3o representados nas pinturas antigas com 4, 6, 7, 8, 9, 10, 11, 12, 14, 17, 20, 21 e 22 cordas.<\/p>\n<p><a href=\"https:\/\/egyptianwisdomcenter.org\/br\/wp-content\/uploads\/2019\/02\/emus-ch15-photo4-96c.jpg\"><img loading=\"lazy\" decoding=\"async\" class=\"size-full wp-image-1406 aligncenter\" src=\"https:\/\/egyptianwisdomcenter.org\/br\/wp-content\/uploads\/2019\/02\/emus-ch15-photo4-96c.jpg\" alt=\"\" width=\"259\" height=\"168\" \/><\/a><\/p>\n<p><a href=\"https:\/\/egyptianwisdomcenter.org\/br\/wp-content\/uploads\/2019\/02\/emus-ch15-photo5-96c.jpg\"><img loading=\"lazy\" decoding=\"async\" class=\"size-full wp-image-1407 aligncenter\" src=\"https:\/\/egyptianwisdomcenter.org\/br\/wp-content\/uploads\/2019\/02\/emus-ch15-photo5-96c.jpg\" alt=\"\" width=\"259\" height=\"196\" \/><\/a><\/p>\n<p><a href=\"https:\/\/egyptianwisdomcenter.org\/wp-content\/uploads\/2021\/09\/emus-ch15-photo6-96c-1.jpg\"><img loading=\"lazy\" decoding=\"async\" class=\"aligncenter wp-image-57167 size-full\" src=\"https:\/\/egyptianwisdomcenter.org\/wp-content\/uploads\/2021\/09\/emus-ch15-photo6-96c-1.jpg\" alt=\"\" width=\"202\" height=\"284\" \/><\/a><\/p>\n<div>\n<p>Havia basicamente dois tipos de harpas:<\/p>\n<p style=\"padding-left: 30px;\"><strong>1. <\/strong>o pequeno port\u00e1til (ombro) harpa (arco raso). Harpas de ombro s\u00e3o encontrados em grandes n\u00fameros em museus em todo o mundo. Como todos os instrumentos do tipo, eles tinham uma configura\u00e7\u00e3o que poderia ser movida da frente para tr\u00e1s e de cima para baixo ou vice-versa. Era uma esp\u00e9cie de haste de suspens\u00e3o para as cordas, o que permitiu uma r\u00e1pida afina\u00e7\u00e3o para diferentes arremessos.<\/p>\n<p style=\"padding-left: 30px;\"><a href=\"https:\/\/emus.pressbooks.com\/wp-content\/uploads\/sites\/42623\/2015\/11\/portable-harp.png\"><img loading=\"lazy\" decoding=\"async\" class=\"aligncenter wp-image-800 size-full\" src=\"https:\/\/egyptianwisdomcenter.org\/br\/wp-content\/uploads\/2019\/02\/portable-harp-e1484696124557.png\" width=\"136\" height=\"190\" \/><\/a><\/p>\n<p style=\"padding-left: 30px;\"><strong>2. <\/strong>o maior, arqueado (arco) harpa ou harpa angular. Houve diversas varia\u00e7\u00f5es dos harpas grandes em Egipto, como em suas estruturas e tamanhos, dependendo do suporte da corda e se encontra-se na parte superior ou na parte inferior, e se o ressonador \u00e9 reto-alinhado ou dobrado. [Mostrado aqui \u00e9 uma cena do t\u00famulo de Amenemhet, Beni Hassan, 12<sup>\u00aa<\/sup> dinastia.]<\/p>\n<p style=\"padding-left: 30px;\"><a href=\"https:\/\/emus.pressbooks.com\/wp-content\/uploads\/sites\/42623\/2015\/11\/bow-harp.png\"><img loading=\"lazy\" decoding=\"async\" class=\"aligncenter wp-image-801 size-full\" src=\"https:\/\/egyptianwisdomcenter.org\/br\/wp-content\/uploads\/2019\/02\/bow-harp-e1484696139970.png\" width=\"138\" height=\"160\" \/><\/a><\/p>\n<p>N\u00e3o h\u00e1 quase nenhuma diferen\u00e7a entre o arco (arco) e harpa angular, na medida em que o seu som est\u00e1 em causa.<\/p>\n<p>A variedade numerosa das harpas eg\u00edpcias antigas revela a riqueza de suas capacidades de produ\u00e7\u00e3o de m\u00fasica. A vis\u00e3o geral a seguir \u00e9 baseada na raz\u00e3o entre somente cadeias de caracteres abertas.<\/p>\n<p>&gt; Deve-se notar que muitos mais pequenos tons musicais podem ser alcan\u00e7ados pela t\u00e9cnica de jogo de uma m\u00e3o, como mostrado anteriormente.<\/p>\n<p style=\"padding-left: 30px;\">as harpas <strong>1. <\/strong>with de 4 a 22 cordas, algumas harpas teriam sido capazes de produzir uma escala larga das notas para diversas oitavas. A rela\u00e7\u00e3o entre o mais curto e o mais longo \u00e9 1:3 a 1:4 (isto \u00e9 1 a 2 oitavas). Com a t\u00e9cnica de jogo de uma m\u00e3o [ver se\u00e7\u00e3o anterior], possibilidades ilimitadas de v\u00e1rios tons e oitavas podem ser alcan\u00e7ados.<\/p>\n<p style=\"padding-left: 30px;\"><strong>2. <\/strong>os intervalos de quarta, quinta e oitava foram os mais comuns em representa\u00e7\u00f5es eg\u00edpcias antigas. Curt Sachs [em seu livro, <em>hist\u00f3ria de instrumentos musicais<\/em>] descobriu que de 17 harpistas representados em obras de arte eg\u00edpcia com realismo suficiente e distin\u00e7\u00e3o para ser registros confi\u00e1veis, sete est\u00e3o golpeando um acorde quarto, cinco um quinto acorde, e cinco um Acorde de oitava.<\/p>\n<p style=\"padding-left: 30px;\">a rela\u00e7\u00e3o <strong>3. <\/strong>The entre o mais curto e a corda a mais longa de diversas harpas eg\u00edpcias antigas \u00e9 aproximadamente 2:3. Como este intervalo \u00e9 dividido entre cinco cordas, a escala forneceria uma escala dos tons entre a metade e os tons cheios. Em harpas com dez cordas, isso daria um intervalo m\u00e9dio de um (menor) semitona (90 centavos = 4 v\u00edrgulas).<\/p>\n<p style=\"padding-left: 30px;\"><strong>4. <\/strong>um dos dois harpas encontrados no t\u00famulo de RAMSES III tem 13 cordas, onde se a maior seq\u00fc\u00eancia representada <em>pros-lambanomenos<\/em>, ou <em>D<\/em>, as restantes 12 cordas mais do que fornecer todos os tons, semitonas, e quartos-tons, do g\u00eaneros diat\u00f4nicos, crom\u00e1ticos e enharm\u00f4nicos, dentro da b\u00fassola de uma oitava.<\/p>\n<p><a href=\"https:\/\/egyptianwisdomcenter.org\/br\/wp-content\/uploads\/2019\/02\/emus-ch15-photo13-96c.jpg\"><img loading=\"lazy\" decoding=\"async\" class=\"size-full wp-image-1416 aligncenter\" src=\"https:\/\/egyptianwisdomcenter.org\/br\/wp-content\/uploads\/2019\/02\/emus-ch15-photo13-96c.jpg\" alt=\"\" width=\"300\" height=\"172\" \/><\/a><\/p>\n<p style=\"padding-left: 30px;\">O ajuste desta harpa de 13 cordas pode fornecer os quatro tetrachords, <em>hypaton, Meson, synemmenon<\/em>, e <em>diezeugnenon<\/em>, com <em>proslambanomenos<\/em> na parte inferior:<\/p>\n<p style=\"padding-left: 30px;\"><a href=\"https:\/\/egyptianwisdomcenter.org\/br\/wp-content\/uploads\/2019\/02\/scale.png\" rel=\"attachment wp-att-385\"><img loading=\"lazy\" decoding=\"async\" class=\"aligncenter size-medium wp-image-385\" src=\"https:\/\/egyptianwisdomcenter.org\/br\/wp-content\/uploads\/2019\/02\/scale-300x51.png\" alt=\"Escala\" width=\"300\" height=\"51\" \/><\/a><\/p>\n<p style=\"padding-left: 30px;\"><strong>5. <\/strong>o mais freq\u00fcentemente representado harpas foram encontrados para ter sete cordas, e de acordo com Curt Sachs &#8216; estudo de instrumentos eg\u00edpcios, os eg\u00edpcios sintonizou suas harpas na mesma s\u00e9rie diat\u00f4nica de intervalos.<\/p>\n<p style=\"padding-left: 30px;\"><strong>6. <\/strong>uma harpa eg\u00edpcia antiga com 20 cordas [encontrado em Luxor (Thebes)], parece ter tido a escala pentat\u00f4nica rodando atrav\u00e9s de quatro oitavas. E a harpa com 21 cordas [no Museu de Paris] provavelmente tinha a mesma ordem de intervalos, com a adi\u00e7\u00e3o da palestra no topo.<\/p>\n<p>&nbsp;<\/p>\n<p style=\"padding-left: 30px;\"><strong style=\"font-size: 16px;\">[Um trecho do <span style=\"color: #ff0000;\">Instrumentos Musicais do Egito<\/span> por Moustafa Gadalla]<\/strong><\/p>\n<\/div>\n<div dir=\"auto\">\n<p><span style=\"color: #0000ff;\"><strong>https:\/\/egyptianwisdomcenter.org\/product\/instrumentos-musicais-do-egito\/<\/strong><\/span><\/p>\n<p><img decoding=\"async\" class=\"aligncenter\" src=\"https:\/\/egypt-tehuti.org\/wp-content\/uploads\/2019\/02\/musical-system-Portuguese-1-225x337.gif\" \/><\/p>\n<p style=\"text-align: center;\"><span style=\"color: #0000ff;\"><strong>https:\/\/egyptianwisdomcenter.org\/product\/instrumentos-musicais-do-egito\/<\/strong><\/span><\/p>\n<\/div>\n","protected":false},"excerpt":{"rendered":"<p>As Capacidades Abrangentes De Harpas Eg\u00edpcias Antigas &nbsp; As harpas eg\u00edpcias antigas variaram muito em forma, tamanho e o n\u00famero de suas [&hellip;]<\/p>\n","protected":false},"author":3,"featured_media":0,"parent":0,"menu_order":0,"comment_status":"closed","ping_status":"closed","template":"","meta":{"_monsterinsights_skip_tracking":false,"_monsterinsights_sitenote_active":false,"_monsterinsights_sitenote_note":"","_monsterinsights_sitenote_category":0,"footnotes":""},"class_list":["post-24192","page","type-page","status-publish","hentry"],"aioseo_notices":[],"_links":{"self":[{"href":"https:\/\/egyptianwisdomcenter.org\/hi\/wp-json\/wp\/v2\/pages\/24192","targetHints":{"allow":["GET"]}}],"collection":[{"href":"https:\/\/egyptianwisdomcenter.org\/hi\/wp-json\/wp\/v2\/pages"}],"about":[{"href":"https:\/\/egyptianwisdomcenter.org\/hi\/wp-json\/wp\/v2\/types\/page"}],"author":[{"embeddable":true,"href":"https:\/\/egyptianwisdomcenter.org\/hi\/wp-json\/wp\/v2\/users\/3"}],"replies":[{"embeddable":true,"href":"https:\/\/egyptianwisdomcenter.org\/hi\/wp-json\/wp\/v2\/comments?post=24192"}],"version-history":[{"count":0,"href":"https:\/\/egyptianwisdomcenter.org\/hi\/wp-json\/wp\/v2\/pages\/24192\/revisions"}],"wp:attachment":[{"href":"https:\/\/egyptianwisdomcenter.org\/hi\/wp-json\/wp\/v2\/media?parent=24192"}],"curies":[{"name":"wp","href":"https:\/\/api.w.org\/{rel}","templated":true}]}}