{"id":24868,"date":"2019-03-07T15:20:50","date_gmt":"2019-03-07T20:20:50","guid":{"rendered":"https:\/\/egyptianwisdomcenter.org\/os-racios-sagrados\/"},"modified":"2023-01-11T11:42:32","modified_gmt":"2023-01-11T16:42:32","slug":"os-racios-sagrados","status":"publish","type":"page","link":"https:\/\/egyptianwisdomcenter.org\/hi\/os-racios-sagrados\/","title":{"rendered":"Os R\u00e1cios Sagrados"},"content":{"rendered":"<h2 style=\"text-align: center;\"><span style=\"color: #0000ff;\"><strong>O Sagrado &#8220;R\u00e1cios&#8221;<\/strong><\/span><\/h2>\n<p>&nbsp;<\/p>\n<p>Os antigos eg\u00edpcios conheciam os <em>n\u00fameros transcendentais pi <\/em>e <em>phi<\/em>. Eles manifestaram esse conhecimento na propor\u00e7\u00e3o harm\u00f4nica de suas constru\u00e7\u00f5es e obras de arte.<\/p>\n<p><span style=\"color: #ff0000;\"><strong>1. <\/strong><strong>A Propor\u00e7\u00e3o \u00c1urea<\/strong><\/span> (que <em>numericamente<\/em> = 1,618), \u00e0 qual a academia ocidental atribuiu recentemente um s\u00edmbolo arbitr\u00e1rio \u2013 a letra do alfabeto grego \u03c6 (<em>phi<\/em>) \u2013 era conhecida e usada muito antes dos gregos. O pior \u00e9 que n\u00e3o h\u00e1 evid\u00eancia concreta de que os gregos sabiam dela!<\/p>\n<p>Integridade e honestidade exigem que um termo antigo eg\u00edpcio seja usado para essa propor\u00e7\u00e3o, ou seja, a Propor\u00e7\u00e3o Neb (\u00c1urea). Neb significa ouro, divino. Essa propor\u00e7\u00e3o tamb\u00e9m \u00e9 conhecida nos textos ocidentais como <em>\u00c1urea<\/em> e <em>Divina<\/em> \u2013 desde o s\u00e9culo XIX.<\/p>\n<p>A Propor\u00e7\u00e3o Neb (\u00c1urea) pode ser derivada matematicamente da S\u00e9rie Somat\u00f3ria, sobre as quais os antigos eg\u00edpcios manifestaram seu conhecimento h\u00e1 pelo menos 4.500 anos. \u00c0 medida que a S\u00e9rie Somat\u00f3ria progride (2, 3, 5, 8, 13, 21, 34, 55, 89, 144, &#8230;), a rela\u00e7\u00e3o entre n\u00fameros sucessivos tende para a Propor\u00e7\u00e3o Neb (\u00c1urea). As propor\u00e7\u00f5es 55:34, 89:55, 144: 89, &#8230; etc. s\u00e3o todas do mesmo \u201cvalor\u201d de 1,618. Conforme mostrado anteriormente, os templos antigos eg\u00edpcios e os santu\u00e1rios eram segmentados ao longo dos n\u00fameros progressivos da S\u00e9rie de Adi\u00e7\u00f5es \u2013 os pontos significativos ao longo do eixo do plano de constru\u00e7\u00e3o.<\/p>\n<p>A Propor\u00e7\u00e3o Neb (\u00c1urea) tamb\u00e9m pode ser derivada graficamente, de diversas maneiras, sendo todas elas comuns nas constru\u00e7\u00f5es eg\u00edpcias ao longo de sua hist\u00f3ria din\u00e1stica. [Ver detalhes das v\u00e1rias formas em\u00a0<em>The Ancient Egyptian Metaphysical Architecture <\/em>de Moustafa Gadalla.]<\/p>\n<p><span style=\"color: #ff0000;\"><strong>2. <\/strong><strong>O \u00cdndice de C\u00edrculo<\/strong><\/span> \u00e9 a representa\u00e7\u00e3o funcional do c\u00edrculo. \u00c9 a rela\u00e7\u00e3o entre a circunfer\u00eancia do c\u00edrculo e o seu di\u00e2metro. \u00c9 popularizado pela academia ocidental pela letra grega <em>pi<\/em>, e seu valor \u00e9 3,1415927.<\/p>\n<p>Os eg\u00edpcios manifestaram seu conhecimento sobre as propriedades do c\u00edrculo e outras curvas t\u00e3o cedo quanto seus registros sobreviventes. Um registro da 3\u00aa Dinastia [~2630 AEC] mostra a defini\u00e7\u00e3o da curva de um telhado, em Saqqara, por um sistema de coordenadas [mostrado aqui]. Isso mostra que o seu conhecimento do c\u00edrculo permitia que calculassem as coordenadas ao longo da curva vertical. Consequentemente, os trabalhadores de constru\u00e7\u00e3o seguiam dimens\u00f5es precisas nas curvas circulares executadas.<\/p>\n<p><img loading=\"lazy\" decoding=\"async\" class=\"size-full wp-image-617 aligncenter\" src=\"https:\/\/pressbooks.com\/app\/uploads\/sites\/56539\/2017\/11\/aecr-ch12-2-72c-1.jpg\" alt=\"\" width=\"151\" height=\"124\" \/><\/p>\n<p>Os eg\u00edpcios tamb\u00e9m constru\u00edram suas capitais com nove elementos e ocasionalmente com sete, al\u00e9m dos pol\u00edgonos de 6, 8, 11 e 13 lados, porque conheciam as propriedades do c\u00edrculo e sua rela\u00e7\u00e3o com coordenadas perpendiculares e outras figuras geom\u00e9tricas.<\/p>\n<p>Essa aplica\u00e7\u00e3o era evidente no Egito pelo menos 2.000 anos antes de Arquimedes ter andado na Terra.<\/p>\n<p><span style=\"text-decoration: underline;\">O formato t\u00edpico da porta eg\u00edpcia antiga incorporava as duas propor\u00e7\u00f5es sagradas (<em>pi<\/em> e <em>phi<\/em>)<\/span>, conforme mostrado e explicado aqui.<\/p>\n<p><img loading=\"lazy\" decoding=\"async\" class=\"size-full wp-image-619 aligncenter\" src=\"https:\/\/pressbooks.com\/app\/uploads\/sites\/56539\/2017\/11\/aecr-ch12-3-1.jpg\" alt=\"\" width=\"157\" height=\"273\" \/><\/p>\n<p style=\"padding-left: 30px;\">1. O contorno geral no plano vertical \u00e9 o raio 1:2 duplo-quadrado. [H = 2B]<\/p>\n<p style=\"padding-left: 30px;\">2. A largura de abertura \u00e9 baseada em um quadrado inscrito dentro de um semic\u00edrculo, a forma eg\u00edpcia antiga t\u00edpica de propor\u00e7\u00e3o de um ret\u00e2ngulo de raiz-cinco. Assim, a espessura do batente da porta \u00e9 0,618 da largura da abertura.<\/p>\n<p style=\"padding-left: 30px;\">3. A altura da abertura (h) = 3,1415 = pi<\/p>\n<p>&nbsp;<\/p>\n<p><span style=\"color: #ff0000;\"><strong>[Um trecho <span style=\"color: #0000ff;\">A Cultura do Antigo Egito Revelada,\u00a0Segunda Edi\u00e7\u00e3o<\/span><\/strong><\/span><span style=\"color: #ff0000;\"><strong> por Moustafa Gadalla]<\/strong><\/span><\/p>\n<footer class=\"entry-footer\"><span style=\"color: #0000ff;\"><strong>https:\/\/egyptianwisdomcenter.org\/product\/a-cultura-do-antigo-egito-revelada\/<\/strong><\/span><\/p>\n<p><img decoding=\"async\" class=\"aligncenter\" src=\"https:\/\/egypt-tehuti.org\/wp-content\/uploads\/2017\/11\/4-e1514402417574-225x338.jpg\" \/><\/p>\n<p style=\"text-align: center;\"><span style=\"color: #0000ff;\"><strong>https:\/\/egyptianwisdomcenter.org\/product\/a-cultura-do-antigo-egito-revelada\/<\/strong><\/span><\/p>\n<\/footer>\n","protected":false},"excerpt":{"rendered":"<p>O Sagrado &#8220;R\u00e1cios&#8221; &nbsp; Os antigos eg\u00edpcios conheciam os n\u00fameros transcendentais pi e phi. Eles manifestaram esse conhecimento na propor\u00e7\u00e3o harm\u00f4nica de [&hellip;]<\/p>\n","protected":false},"author":3,"featured_media":0,"parent":0,"menu_order":0,"comment_status":"closed","ping_status":"closed","template":"","meta":{"_monsterinsights_skip_tracking":false,"_monsterinsights_sitenote_active":false,"_monsterinsights_sitenote_note":"","_monsterinsights_sitenote_category":0,"footnotes":""},"class_list":["post-24868","page","type-page","status-publish","hentry"],"aioseo_notices":[],"_links":{"self":[{"href":"https:\/\/egyptianwisdomcenter.org\/hi\/wp-json\/wp\/v2\/pages\/24868","targetHints":{"allow":["GET"]}}],"collection":[{"href":"https:\/\/egyptianwisdomcenter.org\/hi\/wp-json\/wp\/v2\/pages"}],"about":[{"href":"https:\/\/egyptianwisdomcenter.org\/hi\/wp-json\/wp\/v2\/types\/page"}],"author":[{"embeddable":true,"href":"https:\/\/egyptianwisdomcenter.org\/hi\/wp-json\/wp\/v2\/users\/3"}],"replies":[{"embeddable":true,"href":"https:\/\/egyptianwisdomcenter.org\/hi\/wp-json\/wp\/v2\/comments?post=24868"}],"version-history":[{"count":0,"href":"https:\/\/egyptianwisdomcenter.org\/hi\/wp-json\/wp\/v2\/pages\/24868\/revisions"}],"wp:attachment":[{"href":"https:\/\/egyptianwisdomcenter.org\/hi\/wp-json\/wp\/v2\/media?parent=24868"}],"curies":[{"name":"wp","href":"https:\/\/api.w.org\/{rel}","templated":true}]}}