{"id":25634,"date":"2019-03-14T16:51:12","date_gmt":"2019-03-14T20:51:12","guid":{"rendered":"https:\/\/egyptianwisdomcenter.org\/a-proporcao-cosmica-da-figura-humana\/"},"modified":"2023-01-23T09:01:40","modified_gmt":"2023-01-23T14:01:40","slug":"a-proporcao-cosmica-da-figura-humana","status":"publish","type":"page","link":"https:\/\/egyptianwisdomcenter.org\/hi\/a-proporcao-cosmica-da-figura-humana\/","title":{"rendered":"A propor\u00e7\u00e3o c\u00f3smica da figura humana"},"content":{"rendered":"<h1 style=\"text-align: center;\"><strong>A propor\u00e7\u00e3o c\u00f3smica da figura humana<\/strong><\/h1>\n<p>&nbsp;<\/p>\n<p>A propor\u00e7\u00e3o \u00e9 a comensura\u00e7\u00e3o das v\u00e1rias partes constituintes com o todo. O corpo humano \u00e9 um exemplo primordial de tal propor\u00e7\u00e3o harm\u00f4nica, onde o quadro humano foi formado com tal propriedade que os v\u00e1rios membros s\u00e3o proporcionais ao todo.<\/p>\n<p>O c\u00e2none eg\u00edpcio antigo para a propor\u00e7\u00e3o harm\u00f4nica de figuras humanas diferiu apenas entre crian\u00e7as e adultos. As diferen\u00e7as foram refletivas das diferen\u00e7as f\u00edsicas reais nessas duas etapas. No nascimento, \u00e9 o umbigo que divide a altura da crian\u00e7a em duas metades. Ap\u00f3s a matura\u00e7\u00e3o (atingindo a puberdade), a jun\u00e7\u00e3o de ambas as pernas (\u00f3rg\u00e3os reprodutivos) est\u00e1 na altura m\u00e9dia da figura adulta. A posi\u00e7\u00e3o do umbigo agora divide a altura em partes desiguais que fazem as pe\u00e7as e o todo em conformidade com o NEB (Golden) propor\u00e7\u00e3o.<\/p>\n<p>Os registros mais antigos descobertos da 5\u00aa dinastia mostram que o ponto mais alto definido ao longo do eixo vertical \u00e9 a linha do cabelo da cabe\u00e7a da pessoa, quando apresentada no reino terrestre.<\/p>\n<p>As figura\u00e7\u00f5es eg\u00edpcias marcam com cuidado \u2014 com um headband, uma coroa, um Diadem, ou uma jun\u00e7\u00e3o \u2014 uma linha divis\u00f3ria para a parte superior do cr\u00e2nio do homem terrestre, assim separando a coroa do cr\u00e2nio. A altura do corpo foi medida exclusiva da coroa, como mostrado aqui neste recuperado grade eg\u00edpcia antiga.<\/p>\n<p><a href=\"https:\/\/egyptianwisdomcenter.org\/wp-content\/uploads\/2019\/02\/proportion.png\"><img loading=\"lazy\" decoding=\"async\" class=\"size-full wp-image-312 aligncenter\" src=\"https:\/\/egyptianwisdomcenter.org\/wp-content\/uploads\/2019\/02\/proportion.png\" alt=\"\" width=\"445\" height=\"333\"><\/a><\/p>\n<p>A representa\u00e7\u00e3o do neteru (deuses\/deusas) e\/ou seres humanos na vida ap\u00f3s a morte s\u00e3o mostrados em uma grade de 18-quadrado, para a altura total para o topo da cabe\u00e7a (ou seja, incluindo a coroa da cabe\u00e7a).<\/p>\n<p>A diferen\u00e7a na altura entre os dois reinos reflete a profunda compreens\u00e3o do eg\u00edpcio antigo da fisiologia e do papel dos seres humanos na terra.<\/p>\n<p>A remo\u00e7\u00e3o desta parte do c\u00e9rebro humano (a coroa da cabe\u00e7a) deixa o homem vivo, mas sem discernimento, portanto, sem julgamento pessoal. A pessoa est\u00e1 em um estado vegetativo, vivendo e agindo apenas como o executante de um impulso que ele recebe, sem escolha real. \u00c9 como uma pessoa em coma.<\/p>\n<p>O umbigo est\u00e1 localizado cerca de 11,1 quadrados de grade da parte inferior do calcanhar no sistema de grade de 18-quadrado (ou a mesma rela\u00e7\u00e3o equivalente 0,618 para sistemas de grade ou n\u00e3o-grade). Tal divis\u00e3o segue as leis da harmonia entre as duas partes elas mesmas, e as pe\u00e7as ao todo, como por as seguintes duas rela\u00e7\u00f5es:<\/p>\n<p style=\"padding-left: 30px;\">1. a rela\u00e7\u00e3o entre os dois (superior e inferior) partes da altura divina (18 quadrados de grade) s\u00e3o harm\u00f4nicas.<\/p>\n<p style=\"padding-left: 60px;\">Top: Lower is 0,618<br \/>\nMais baixo: a parte superior \u00e9 1,618<\/p>\n<p><a href=\"https:\/\/egyptianwisdomcenter.org\/wp-content\/uploads\/2019\/02\/human-figuration.png\"><img loading=\"lazy\" decoding=\"async\" class=\" wp-image-313 aligncenter\" src=\"https:\/\/egyptianwisdomcenter.org\/wp-content\/uploads\/2019\/02\/human-figuration.png\" alt=\"\" width=\"377\" height=\"493\"><\/a><\/p>\n<p style=\"padding-left: 30px;\">2. entre as duas partes a toda a unidade (altura divina)-tomando a altura cheia (\u00e0 linha fina da cabe\u00e7a do homem terrestre) como 1 \u2014 o corpo dos p\u00e9s ao umbigo, no c\u00e2none eg\u00edpcio, \u00e9 igual ao rec\u00edproco da propor\u00e7\u00e3o de NEB (dourada) (1\/N) , ou seja, 0,618. A por\u00e7\u00e3o do umbigo \u00e0 linha fina da cabe\u00e7a iguala a pot\u00eancia 2 do rec\u00edproco do NEB (ouro) propor\u00e7\u00e3o (1\/N2), ou 0,382.<\/p>\n<p style=\"text-align: left; padding-left: 60px;\">1\/N + 1\/N<sup>2<\/sup> = 1<br \/>\n0,618 + 0,382 = 1<br \/>\nonde N = o NEB (Golden) propor\u00e7\u00e3o (1,618)<\/p>\n<p style=\"padding-left: 30px;\">Devido \u00e0 rela\u00e7\u00e3o \u00edntima entre a S\u00e9rie Soma e a propor\u00e7\u00e3o Neb (Ouro), verificamos que as diferentes partes da figura tamb\u00e9m seguem a S\u00e9rie Soma [as depicted in the above original grid from KV22 of Amenhotep III].<\/p>\n<p><strong>Mais sobre a matem\u00e1tica no Egito antigo na se\u00e7\u00e3o ap\u00eandices deste livro.<\/strong><\/p>\n<p><span style=\"color: #ff0000;\"><strong>[An excerpt from The Ancient Egyptian Metaphysical Architecture by Moustafa Gadalla]<\/strong><\/span><\/p>\n<p><img decoding=\"async\" class=\"aligncenter\" src=\"https:\/\/egyptianwisdomcenter.org\/wp-content\/uploads\/2019\/02\/cover-ema-225x338-225x338.jpg\" alt=\"A arquitetura metaf\u00edsica eg\u00edpcia antiga\"><\/p>\n<p style=\"text-align: center;\"><span style=\"color: #0000ff;\"><strong>Ver conte\u00fado do livro athttps:\/\/egyptianwisdomcenter.org\/product\/ancient-egyptian-architecture\/<\/strong><\/span><\/p>\n<p>&#8212;&#8212;&#8212;&#8212;&#8212;&#8212;&#8212;&#8212;&#8212;&#8212;&#8212;&#8212;&#8212;&#8212;&#8212;&#8212;&#8212;&#8212;&#8212;&#8212;&#8212;&#8212;&#8212;&#8212;&#8212;&#8212;&#8212;&#8212;&#8212;&#8212;&#8212;&#8212;&#8212;&#8212;&#8212;&#8212;&#8212;&#8212;-<\/p>\n<p><span style=\"color: #ff0000;\"><strong>Reserve outlets de compra:<\/strong><\/span><\/p>\n<p>A-brochuras <strong>impressos<\/strong> est\u00e3o dispon\u00edveis na Amaz\u00f4nia.<\/p>\n<p>&#8212;&#8212;&#8212;&#8212;&#8212;<br \/>\nB-o formato <strong>PDF<\/strong> est\u00e1 dispon\u00edvel em&#8230;<br \/>\ni-nosso site<br \/>\nII-Google Books e Google Play<br \/>\n&#8212;&#8211;<br \/>\nC-o formato <strong>mobi<\/strong> est\u00e1 dispon\u00edvel em&#8230;<br \/>\ni-nosso site<br \/>\nII-Amaz\u00f4nia<br \/>\n&#8212;&#8211;<br \/>\nD-o formato <strong>ePub<\/strong> est\u00e1 dispon\u00edvel em&#8230;<br \/>\ni-nosso site<br \/>\nII-Google Books e Google Play<br \/>\nIII-iBooks, Kobo, B &amp; N (Nook) e Smashwords.com<\/p>\n","protected":false},"excerpt":{"rendered":"<p>A propor\u00e7\u00e3o c\u00f3smica da figura humana &nbsp; A propor\u00e7\u00e3o \u00e9 a comensura\u00e7\u00e3o das v\u00e1rias partes constituintes com o todo. O corpo humano [&hellip;]<\/p>\n","protected":false},"author":3,"featured_media":0,"parent":0,"menu_order":0,"comment_status":"closed","ping_status":"closed","template":"","meta":{"_monsterinsights_skip_tracking":false,"_monsterinsights_sitenote_active":false,"_monsterinsights_sitenote_note":"","_monsterinsights_sitenote_category":0,"footnotes":""},"class_list":["post-25634","page","type-page","status-publish","hentry"],"aioseo_notices":[],"_links":{"self":[{"href":"https:\/\/egyptianwisdomcenter.org\/hi\/wp-json\/wp\/v2\/pages\/25634","targetHints":{"allow":["GET"]}}],"collection":[{"href":"https:\/\/egyptianwisdomcenter.org\/hi\/wp-json\/wp\/v2\/pages"}],"about":[{"href":"https:\/\/egyptianwisdomcenter.org\/hi\/wp-json\/wp\/v2\/types\/page"}],"author":[{"embeddable":true,"href":"https:\/\/egyptianwisdomcenter.org\/hi\/wp-json\/wp\/v2\/users\/3"}],"replies":[{"embeddable":true,"href":"https:\/\/egyptianwisdomcenter.org\/hi\/wp-json\/wp\/v2\/comments?post=25634"}],"version-history":[{"count":0,"href":"https:\/\/egyptianwisdomcenter.org\/hi\/wp-json\/wp\/v2\/pages\/25634\/revisions"}],"wp:attachment":[{"href":"https:\/\/egyptianwisdomcenter.org\/hi\/wp-json\/wp\/v2\/media?parent=25634"}],"curies":[{"name":"wp","href":"https:\/\/api.w.org\/{rel}","templated":true}]}}