{"id":27829,"date":"2019-03-25T13:44:51","date_gmt":"2019-03-25T17:44:51","guid":{"rendered":"http:\/\/egyptianwisdomcenter.org\/anubi-il-cane\/"},"modified":"2023-01-04T16:03:24","modified_gmt":"2023-01-04T21:03:24","slug":"anubi-il-cane","status":"publish","type":"page","link":"https:\/\/egyptianwisdomcenter.org\/hi\/anubi-il-cane\/","title":{"rendered":"Anubi: Il Cane"},"content":{"rendered":"<h2 style=\"text-align: center;\"><span style=\"color: #ff0000;\"><strong>Anubis, Il Cane<\/strong><\/span><\/h2>\n<p>&nbsp;<\/p>\n<p>Anubis rappresenta il principio divino del giusto senso della direzione.<\/p>\n<p><a href=\"https:\/\/trfed2.pressbooks.com\/wp-content\/uploads\/sites\/42625\/2015\/11\/Screenshot_1-232x300.gif\"><img decoding=\"async\" class=\"wp-image-554 aligncenter\" src=\"https:\/\/trfed2.pressbooks.com\/wp-content\/uploads\/sites\/42625\/2015\/11\/Screenshot_1-232x300.gif\" alt=\"\" width=\"169\" height=\"223\" \/><\/a><\/p>\n<p>Il cane incarna l&#8217;essenza della guida spirituale. Anubis \u00e8 spesso indicato come il cane\/sciacallo, o come una figura umana con la testa di un cane\/sciacallo. Il cane\/sciacallo \u00e8 famoso per il suo istinto di homing affidabile, giorno o notte. Il cane \u00e8 molto utile nelle ricerche, ed \u00e8 l&#8217;animale di scelta per guidare i ciechi. Come tale, \u00e8 una scelta eccellente per guidare l&#8217;anima del defunto attraverso le regioni del Duat.<\/p>\n<p><a href=\"http:\/\/egyptianwisdomcenter.org\/wp-content\/uploads\/2019\/02\/ed-ch10-photo1-96c-300x217.jpg\"><img fetchpriority=\"high\" decoding=\"async\" class=\"size-medium wp-image-926 aligncenter\" src=\"http:\/\/egyptianwisdomcenter.org\/wp-content\/uploads\/2019\/02\/ed-ch10-photo1-96c-300x217.jpg\" alt=\"\" width=\"300\" height=\"217\" \/><\/a><\/p>\n<p>Questa espressione simbolica di profonda comprensione spirituale \u00e8 stata presentata in due forme principali per Anubi: animale-testa umana, s o una forma animale puro, come si vede qui.<\/p>\n<p><a href=\"http:\/\/egyptianwisdomcenter.org\/wp-content\/uploads\/2019\/02\/AE-20-011-1-230x300.gif\"><img decoding=\"async\" class=\"size-medium wp-image-550 aligncenter\" src=\"http:\/\/egyptianwisdomcenter.org\/wp-content\/uploads\/2019\/02\/AE-20-011-1-230x300.gif\" alt=\"\" width=\"230\" height=\"300\" \/><\/a><\/p>\n<p>Quando un animale totale viene presentato nell&#8217;antico Egitto, rappresenta una particolare funzione\/attributo nella sua forma pi\u00f9 pura.<\/p>\n<p><a href=\"https:\/\/egyptianwisdomcenter.org\/wp-content\/uploads\/2019\/02\/aecr-ch3-3-72c-1-copy.jpg\"><img loading=\"lazy\" decoding=\"async\" class=\"size-full wp-image-1046 aligncenter\" src=\"https:\/\/egyptianwisdomcenter.org\/wp-content\/uploads\/2019\/02\/aecr-ch3-3-72c-1-copy.jpg\" alt=\"\" width=\"166\" height=\"127\" \/><\/a><\/p>\n<p>Quando viene presentata una figura di testa di animale, trasmette quella particolare funzione\/attributo nell&#8217;essere umano.<\/p>\n<p>Vari attributi associati sono tutti legati al cane. Ci sono diverse forme di cani\/Jackal, mostrati in varie posizioni in vari contesti. L&#8217;attributo specifico verr\u00e0 determinato dal contesto.<\/p>\n<p>Faremo una panoramica delle funzioni di Anubis come:<\/p>\n<p style=\"padding-left: 30px;\">-Il Finder percorso<br \/>\n-La dieta alchemista<br \/>\n-Il cercatore di verit\u00e0<\/p>\n<p>-Nel nostro ritorno alla nostra origine divina, ognuno di noi ha bisogno di una guida\/Angelo guidatore di cui possiamo fidarci per condurci nella giusta direzione. Questo Path Finder \u00e8 Anubis che rappresenta il giusto senso della direzione \u2014 la guida divina. Il Path Finder si incarna in Anubis come un cane. Il cane \u00e8 il contrario di Dio, dal mondo della materia al mondo dello spirito. Il cane\/sciacallo \u00e8 famoso per il suo istinto di homing affidabile, giorno o notte. Come tale, \u00e8 una scelta eccellente per guidare l&#8217;anima del defunto attraverso le regioni del Duat.<\/p>\n<p>-Il ruolo metafisico di Anubis, il cane, si riflette nella sua dieta. Le feste cane\/sciacallo su carogne, trasformandolo in nutrimento benefico. In altre parole, Anubis rappresenta la capacit\u00e0 di trasformare i rifiuti in cibo utile per il corpo (e l&#8217;anima) come nel modo alchemico di trasformare il piombo in oro.<\/p>\n<p>-Il senso assoluto della lealt\u00e0 si incarna nel cane, che \u00e8 raffigurato guidando l&#8217;anima del defunto nella sala del giudizio dove egli assicura anche la precisione nel simbolico processo di pesatura del cuore. Anubis rappresenta il giusto senso di direzione in qualsiasi cosa facciamo, lealt\u00e0 assoluta, e la capacit\u00e0 di trasformare il piombo (carogne) in oro (dignit\u00e0).<\/p>\n<p>-Anubis rappresenta anche il Finder della verit\u00e0. Nell&#8217;allegoria Isis\/Osiride, \u00e8 Anubis che aiuta Isis a trovare i pezzi sparsi di Osiride, come <em>il manifesto della verit\u00e0.<\/em><\/p>\n<p>Trovare i pezzi rotti in modo da legarli insieme \u00e8 l&#8217;essenza della religione. L&#8217;origine della parola re-ligio-n \u00e8 la <em>\u0927\u0930\u094d\u092e<\/em>&#8220;latina&#8221;, che significa <em>legare insieme<\/em>.<\/p>\n<p style=\"text-align: center;\"><strong>&#8212;&#8212;&#8212;&#8212;&#8212;<\/strong><\/p>\n<h2><span style=\"color: #ff0000;\"><strong>Anubis Come La Stella Del Cane<\/strong><\/span><\/h2>\n<p>Faremo una panoramica delle funzioni di Anubis come:<\/p>\n<p style=\"padding-left: 30px;\">Un. La stella di Isis-il grande fornitore<br \/>\nB. Il punto di origine nel calendario Egizio<\/p>\n<p><strong>Un.<\/strong> Anubis come la stella del cane \u00e8 sempre mostrato guidando le Arche nei loro viaggi verso il divino. Come tale, Anubis rappresenta la guida divina.<\/p>\n<p>Sirius, la stella del cane, \u00e8 la dimora della madre universale Isis.<\/p>\n<p>Durante i periodi molto remoti della storia egizia, Isis \u00e8 stato associato con la stella Sabt (Sirius), la stella pi\u00f9 luminosa del cielo, che \u00e8 stato chiamato, come lei, il grande fornitore; e la cui ascesa annuale ha inaugurato l&#8217;inondazione del Nilo.<\/p>\n<p><strong>B.<\/strong> Il calendario ingegnoso e molto accurato dell&#8217;Egitto si basava sull&#8217;osservazione e lo studio dei movimenti di Sirius nel cielo. Questo fatto \u00e8 chiaramente riconosciuto nel dizionario di Webster, che definisce l&#8217;anno Soitico (Sabt in egiziano) come:<\/p>\n<ul>\n<li>di avere a che fare con Sirius, la star del cane.<\/li>\n<li>Designazione o di un ciclo antico egizio o periodo di tempo basato su un anno fisso.<\/li>\n<\/ul>\n<p>Gli antichi egizi sapevano che l&#8217;intero anno era leggermente pi\u00f9 di 3651\/4 giorni. La terra dura 365,25636 giorni per completare una rivoluzione intorno al sole \u2014 e quella era\/\u00e8 la lunghezza dell&#8217;anno Sotico egiziano. [Maggiori dettagli si trovano nella <em>cultura egiziana antica rivelata <\/em>da Moustafa gadalla.]<\/p>\n<p>Lasciate che gli attributi Anubis dentro di voi vi guidino nella giusta direzione.<\/p>\n<p>&nbsp;<\/p>\n<p><span style=\"color: #ff0000;\"><strong>[Un estratto dalle Egyptian Divinities: The All Who Are THE ONE, 2nd ed. (<\/strong><\/span><span style=\"color: #ff0000;\"><strong>divinit\u00e0 egizie: il tutto chi \u00e8 l&#8217;uno, 2a edizione) di Moustafa Gadalla]<\/strong><\/span><\/p>\n<p><strong><span style=\"color: #ff0000;\"><br \/>\n<a href=\"https:\/\/egyptianwisdomcenter.org\/hi\/product\/egyptian-divinities-the-all-who-are-the-one-2nd-edition\/\"><span style=\"color: #0000ff;\">https:\/\/egyptianwisdomcenter.org\/product\/egyptian-divinities-the-all-who-are-the-one-2nd-edition\/<\/span><\/a><\/span><\/strong><\/p>\n<p><img decoding=\"async\" class=\"aligncenter\" src=\"https:\/\/books2read-prod.s3.amazonaws.com\/CACHE\/images\/ubl_book_images\/book_display_image_qOuT56H\/40d95446cc17340ec7b02939eaa44c10\" \/><\/p>\n<div dir=\"auto\">\n<div dir=\"auto\">\n<p style=\"text-align: center;\"><a href=\"https:\/\/egyptianwisdomcenter.org\/hi\/product\/egyptian-divinities-the-all-who-are-the-one-2nd-edition\/\"><strong><span style=\"color: #ff0000;\"><span style=\"color: #0000ff;\">https:\/\/egyptianwisdomcenter.org\/product\/egyptian-divinities-the-all-who-are-the-one-2nd-edition\/<\/span><\/span><\/strong><\/a><\/p>\n<\/div>\n<\/div>\n<p>&nbsp;<\/p>\n<div dir=\"auto\"><\/div>","protected":false},"excerpt":{"rendered":"<p>Anubis, Il Cane &nbsp; Anubis rappresenta il principio divino del giusto senso della direzione. Il cane incarna l&#8217;essenza della guida spirituale. Anubis [&hellip;]<\/p>","protected":false},"author":3,"featured_media":0,"parent":0,"menu_order":0,"comment_status":"closed","ping_status":"closed","template":"","meta":{"footnotes":""},"class_list":["post-27829","page","type-page","status-publish","hentry"],"aioseo_notices":[],"_links":{"self":[{"href":"https:\/\/egyptianwisdomcenter.org\/hi\/wp-json\/wp\/v2\/pages\/27829","targetHints":{"allow":["GET"]}}],"collection":[{"href":"https:\/\/egyptianwisdomcenter.org\/hi\/wp-json\/wp\/v2\/pages"}],"about":[{"href":"https:\/\/egyptianwisdomcenter.org\/hi\/wp-json\/wp\/v2\/types\/page"}],"author":[{"embeddable":true,"href":"https:\/\/egyptianwisdomcenter.org\/hi\/wp-json\/wp\/v2\/users\/3"}],"replies":[{"embeddable":true,"href":"https:\/\/egyptianwisdomcenter.org\/hi\/wp-json\/wp\/v2\/comments?post=27829"}],"version-history":[{"count":0,"href":"https:\/\/egyptianwisdomcenter.org\/hi\/wp-json\/wp\/v2\/pages\/27829\/revisions"}],"wp:attachment":[{"href":"https:\/\/egyptianwisdomcenter.org\/hi\/wp-json\/wp\/v2\/media?parent=27829"}],"curies":[{"name":"wp","href":"https:\/\/api.w.org\/{rel}","templated":true}]}}